{"id":13818,"date":"2025-03-23T13:15:52","date_gmt":"2025-03-23T12:15:52","guid":{"rendered":"https:\/\/thequeenhouse.co.uk\/?post_type=product&#038;p=13818"},"modified":"2025-03-23T13:27:18","modified_gmt":"2025-03-23T12:27:18","slug":"sla-paris-modeliuojanciu-pudru-palete-2x6g-copy-2","status":"publish","type":"product","link":"https:\/\/thequeenhouse.co.uk\/lt\/produktas\/sla-paris-modeliuojanciu-pudru-palete-2x6g-copy-2\/","title":{"rendered":"SLA PARIS &#8211; GLOW UP Veido Formavimo Palet\u0117"},"content":{"rendered":"<article class=\"group\/turn w-full text-token-text-primary focus-visible:outline-2 focus-visible:outline-offset-[-4px]\" dir=\"auto\" tabindex=\"-1\" data-testid=\"conversation-turn-210\" data-scroll-anchor=\"true\">\n<div class=\"text-base my-auto mx-auto py-[18px] px-6\">\n<div class=\"mx-auto flex flex-1 text-base gap-4 md:gap-5 lg:gap-6 md:max-w-3xl lg:max-w-[40rem] xl:max-w-[48rem]\">\n<div class=\"group\/conversation-turn relative flex w-full min-w-0 flex-col agent-turn @xs\/thread:px-0 @sm\/thread:px-1.5 @md\/thread:px-4\">\n<div class=\"flex-col gap-1 md:gap-3\">\n<div class=\"flex max-w-full flex-col flex-grow\">\n<div class=\"min-h-8 text-message relative flex w-full flex-col items-end gap-2 whitespace-normal break-words text-start [.text-message+&amp;]:mt-5\" dir=\"auto\" data-message-author-role=\"assistant\" data-message-id=\"11ca1696-0941-4f72-b1e4-8eaea54a2fdc\" data-message-model-slug=\"gpt-4o\">\n<div class=\"flex w-full flex-col gap-1 empty:hidden first:pt-[3px]\">\n<div class=\"markdown prose w-full break-words dark:prose-invert light\">\n<p class=\"\" data-start=\"0\" data-end=\"85\"><strong data-start=\"0\" data-end=\"85\">SLA Paris GLOW UP Veido Formavimo Palet\u0117 \u2013 Pranc\u016bzi\u0161kas Auk\u0161tos Klas\u0117s \u0160vyt\u0117jimas<\/strong><\/p>\n<p class=\"\" data-start=\"87\" data-end=\"263\">Suteikite savo odai nepriekai\u0161ting\u0105 \u0161vyt\u0117jim\u0105 su <strong data-start=\"136\" data-end=\"180\">SLA Paris GLOW UP veido formavimo palete<\/strong>, sukurt\u0105 pagal auk\u0161\u010diausius <strong data-start=\"209\" data-end=\"262\">pranc\u016bzi\u0161kos profesionalios kosmetikos standartus<\/strong>.<\/p>\n<p class=\"\" data-start=\"265\" data-end=\"309\">\u0160ioje kruop\u0161\u010diai sudarytoje palet\u0117je rasite:<\/p>\n<p class=\"\" data-start=\"311\" data-end=\"565\">\u2728 <strong data-start=\"313\" data-end=\"329\">2 skaistalus<\/strong> \u2013 \u0161velniai ro\u017ein\u012f ir \u0161ilt\u0105 persikin\u012f atspalv\u012f, suteikian\u010dius nat\u016bralaus gyvumo ir jaunatvi\u0161ko skaistumo.<br data-start=\"434\" data-end=\"437\" \/>\u2728 <strong data-start=\"439\" data-end=\"459\">2 highlighterius<\/strong> \u2013 sidabrin\u012f ir ro\u017einio aukso atspalv\u012f, kurie tobulai atspindi \u0161vies\u0105 ir subtiliai pary\u0161kina j\u016bs\u0173 bruo\u017eus.<\/p>\n<p class=\"\" data-start=\"567\" data-end=\"738\">Visi atspalviai <strong data-start=\"583\" data-end=\"622\">puikiai tinka \u012fvairiems odos tonams<\/strong>, o j\u0173 \u0161ilkin\u0117, lengvai sklaidoma tekst\u016bra leid\u017eia lengvai sukurti tiek kasdien\u012f, tiek vakar\u0117liui tinkam\u0105 \u012fvaizd\u012f.<\/p>\n<p class=\"\" data-start=\"740\" data-end=\"908\">\ud83d\udca1 <strong data-start=\"743\" data-end=\"770\">Daugiafunkcin\u0117 formul\u0117:<\/strong> \u0160i\u0105 GLOW UP palet\u0119 galima naudoti ir kaip <strong data-start=\"813\" data-end=\"836\">aki\u0173 \u0161e\u0161\u0117li\u0173 palet\u0119<\/strong>, tod\u0117l tai universalus ir b\u016btinas produktas j\u016bs\u0173 kosmetikos krep\u0161elyje.<\/p>\n<p class=\"\" data-start=\"910\" data-end=\"1069\">Ar kont\u016bruotum\u0117te, skaistintum\u0117te ar \u0161viesintum\u0117te \u2013 su <strong data-start=\"966\" data-end=\"987\">SLA Paris GLOW UP<\/strong> lengvai sukursite <strong data-start=\"1006\" data-end=\"1043\">spindin\u010di\u0105, gaivi\u0105 ir i\u0161rai\u0161king\u0105<\/strong> i\u0161vaizd\u0105 kiekvien\u0105 dien\u0105.<\/p>\n<\/div>\n<\/div>\n<\/div>\n<\/div>\n<\/div>\n<\/div>\n<\/div>\n<\/div>\n<\/article>\n","protected":false},"excerpt":{"rendered":"<p class=\"\" data-start=\"0\" data-end=\"85\"><strong data-start=\"0\" data-end=\"85\">SLA Paris GLOW UP Veido Formavimo Palet\u0117 \u2013 Pranc\u016bzi\u0161kas Auk\u0161tos Klas\u0117s \u0160vyt\u0117jimas<\/strong><\/p>\n<p class=\"\" data-start=\"87\" data-end=\"263\">Suteikite savo odai nepriekai\u0161ting\u0105 \u0161vyt\u0117jim\u0105 su <strong data-start=\"136\" data-end=\"180\">SLA Paris GLOW UP veido formavimo palete<\/strong>, sukurt\u0105 pagal auk\u0161\u010diausius <strong data-start=\"209\" data-end=\"262\">pranc\u016bzi\u0161kos profesionalios kosmetikos standartus<\/strong>.<\/p>\n<p class=\"\" data-start=\"265\" data-end=\"309\">\u0160ioje kruop\u0161\u010diai sudarytoje palet\u0117je rasite:<\/p>\n<p class=\"\" data-start=\"311\" data-end=\"565\">\u2728 <strong data-start=\"313\" data-end=\"329\">2 skaistalus<\/strong> \u2013 \u0161velniai ro\u017ein\u012f ir \u0161ilt\u0105 persikin\u012f atspalv\u012f, suteikian\u010dius nat\u016bralaus gyvumo ir jaunatvi\u0161ko skaistumo.<br data-start=\"434\" data-end=\"437\" \/>\u2728 <strong data-start=\"439\" data-end=\"459\">2 highlighterius<\/strong> \u2013 sidabrin\u012f ir ro\u017einio aukso atspalv\u012f, kurie tobulai atspindi \u0161vies\u0105 ir subtiliai pary\u0161kina j\u016bs\u0173 bruo\u017eus.<\/p>\n<p class=\"\" data-start=\"567\" data-end=\"738\">Visi atspalviai <strong data-start=\"583\" data-end=\"622\">puikiai tinka \u012fvairiems odos tonams<\/strong>, o j\u0173 \u0161ilkin\u0117, lengvai sklaidoma tekst\u016bra leid\u017eia lengvai sukurti tiek kasdien\u012f, tiek vakar\u0117liui tinkam\u0105 \u012fvaizd\u012f.<\/p>\n<p class=\"\" data-start=\"740\" data-end=\"908\">\ud83d\udca1 <strong data-start=\"743\" data-end=\"770\">Daugiafunkcin\u0117 formul\u0117:<\/strong> \u0160i\u0105 GLOW UP palet\u0119 galima naudoti ir kaip <strong data-start=\"813\" data-end=\"836\">aki\u0173 \u0161e\u0161\u0117li\u0173 palet\u0119<\/strong>, tod\u0117l tai universalus ir b\u016btinas produktas j\u016bs\u0173 kosmetikos krep\u0161elyje.<\/p>\n<p class=\"\" data-start=\"910\" data-end=\"1069\">Ar kont\u016bruotum\u0117te, skaistintum\u0117te ar \u0161viesintum\u0117te \u2013 su <strong data-start=\"966\" data-end=\"987\">SLA Paris GLOW UP<\/strong> lengvai sukursite <strong data-start=\"1006\" data-end=\"1043\">spindin\u010di\u0105, gaivi\u0105 ir i\u0161rai\u0161king\u0105<\/strong> i\u0161vaizd\u0105 kiekvien\u0105 dien\u0105.<\/p>\n<p>&nbsp;<\/p>\n","protected":false},"featured_media":13820,"comment_status":"open","ping_status":"closed","template":"","meta":[],"product_brand":[],"product_cat":[312,43],"product_tag":[],"class_list":{"0":"post-13818","1":"product","2":"type-product","3":"status-publish","4":"has-post-thumbnail","6":"product_cat-dekoratyvine-kosmetika","7":"product_cat-grozis","9":"first","10":"instock","11":"taxable","12":"shipping-taxable","13":"purchasable","14":"product-type-simple"},"_links":{"self":[{"href":"https:\/\/thequeenhouse.co.uk\/lt\/wp-json\/wp\/v2\/product\/13818","targetHints":{"allow":["GET"]}}],"collection":[{"href":"https:\/\/thequeenhouse.co.uk\/lt\/wp-json\/wp\/v2\/product"}],"about":[{"href":"https:\/\/thequeenhouse.co.uk\/lt\/wp-json\/wp\/v2\/types\/product"}],"replies":[{"embeddable":true,"href":"https:\/\/thequeenhouse.co.uk\/lt\/wp-json\/wp\/v2\/comments?post=13818"}],"wp:featuredmedia":[{"embeddable":true,"href":"https:\/\/thequeenhouse.co.uk\/lt\/wp-json\/wp\/v2\/media\/13820"}],"wp:attachment":[{"href":"https:\/\/thequeenhouse.co.uk\/lt\/wp-json\/wp\/v2\/media?parent=13818"}],"wp:term":[{"taxonomy":"product_brand","embeddable":true,"href":"https:\/\/thequeenhouse.co.uk\/lt\/wp-json\/wp\/v2\/product_brand?post=13818"},{"taxonomy":"product_cat","embeddable":true,"href":"https:\/\/thequeenhouse.co.uk\/lt\/wp-json\/wp\/v2\/product_cat?post=13818"},{"taxonomy":"product_tag","embeddable":true,"href":"https:\/\/thequeenhouse.co.uk\/lt\/wp-json\/wp\/v2\/product_tag?post=13818"}],"curies":[{"name":"wp","href":"https:\/\/api.w.org\/{rel}","templated":true}]}}