{"id":13827,"date":"2025-03-23T13:34:36","date_gmt":"2025-03-23T12:34:36","guid":{"rendered":"https:\/\/thequeenhouse.co.uk\/?post_type=product&#038;p=13827"},"modified":"2025-09-05T17:21:59","modified_gmt":"2025-09-05T16:21:59","slug":"sla-paris-glow-up-veido-formavimo-palete-copy","status":"publish","type":"product","link":"https:\/\/thequeenhouse.co.uk\/lt\/produktas\/sla-paris-glow-up-veido-formavimo-palete-copy\/","title":{"rendered":"SLA Paris &#8211; Makia\u017eo Baz\u0117 30ml"},"content":{"rendered":"<article class=\"group\/turn w-full text-token-text-primary focus-visible:outline-2 focus-visible:outline-offset-[-4px]\" dir=\"auto\" tabindex=\"-1\" data-testid=\"conversation-turn-210\" data-scroll-anchor=\"true\">\n<div class=\"text-base my-auto mx-auto py-[18px] px-6\">\n<div class=\"mx-auto flex flex-1 text-base gap-4 md:gap-5 lg:gap-6 md:max-w-3xl lg:max-w-[40rem] xl:max-w-[48rem]\">\n<div class=\"group\/conversation-turn relative flex w-full min-w-0 flex-col agent-turn @xs\/thread:px-0 @sm\/thread:px-1.5 @md\/thread:px-4\">\n<div class=\"flex-col gap-1 md:gap-3\">\n<div class=\"flex max-w-full flex-col flex-grow\">\n<div class=\"min-h-8 text-message relative flex w-full flex-col items-end gap-2 whitespace-normal break-words text-start [.text-message+&amp;]:mt-5\" dir=\"auto\" data-message-author-role=\"assistant\" data-message-id=\"11ca1696-0941-4f72-b1e4-8eaea54a2fdc\" data-message-model-slug=\"gpt-4o\">\n<div class=\"flex w-full flex-col gap-1 empty:hidden first:pt-[3px]\">\n<div class=\"markdown prose w-full break-words dark:prose-invert light\">\n<p class=\"\" data-start=\"0\" data-end=\"63\"><strong data-start=\"0\" data-end=\"61\">SLA Paris &#8211; Stabilizuojantis makia\u017eo pagrindas su gelio konsistencija<\/strong><\/p>\n<p class=\"\" data-start=\"65\" data-end=\"247\">\u0160is <strong data-start=\"69\" data-end=\"115\">stabilizuojantis gelinis makia\u017eo pagrindas<\/strong> sukurtas siekiant suteikti odai <strong data-start=\"148\" data-end=\"165\">tobul\u0105 lygum\u0105<\/strong>, <strong data-start=\"167\" data-end=\"197\">pagerinti makia\u017eo sukibim\u0105<\/strong> su oda ir u\u017etikrinti <strong data-start=\"219\" data-end=\"244\">ilgalaik\u012f i\u0161silaikym\u0105<\/strong>.<\/p>\n<p class=\"\" data-start=\"249\" data-end=\"439\">Jo <strong data-start=\"252\" data-end=\"286\">lengva, \u0161ilkin\u0117 gelio tekst\u016bra<\/strong> efektyviai <strong data-start=\"298\" data-end=\"338\">u\u017epildo poras ir smulkias rauk\u0161leles<\/strong>, sulygina odos pavir\u0161i\u0173, <strong data-start=\"364\" data-end=\"386\">suteikia mati\u0161kumo<\/strong> ir nat\u016bralios \u0161vytin\u010dios odos efekt\u0105 be blizgesio.<\/p>\n<h3 class=\"\" data-start=\"441\" data-end=\"471\">\u2728 Pagrindiniai privalumai:<\/h3>\n<ul data-start=\"472\" data-end=\"752\">\n<li class=\"\" data-start=\"472\" data-end=\"528\">\n<p class=\"\" data-start=\"474\" data-end=\"528\">U\u017epildo <strong data-start=\"482\" data-end=\"500\">odos nelygumus<\/strong> ir suma\u017eina por\u0173 matomum\u0105<\/p>\n<\/li>\n<li class=\"\" data-start=\"529\" data-end=\"588\">\n<p class=\"\" data-start=\"531\" data-end=\"588\"><strong data-start=\"531\" data-end=\"562\">Paslepia mimikos rauk\u0161leles<\/strong>, sulygina odos tekst\u016br\u0105<\/p>\n<\/li>\n<li class=\"\" data-start=\"589\" data-end=\"653\">\n<p class=\"\" data-start=\"591\" data-end=\"653\">Suteikia <strong data-start=\"600\" data-end=\"625\">mink\u0161t\u0105 matin\u012f efekt\u0105<\/strong>, kuris i\u0161lieka vis\u0105 dien\u0105<\/p>\n<\/li>\n<li class=\"\" data-start=\"654\" data-end=\"688\">\n<p class=\"\" data-start=\"656\" data-end=\"688\"><strong data-start=\"656\" data-end=\"686\">Ilgina makia\u017eo i\u0161silaikym\u0105<\/strong><\/p>\n<\/li>\n<li class=\"\" data-start=\"689\" data-end=\"752\">\n<p class=\"\" data-start=\"691\" data-end=\"752\">Tinka <strong data-start=\"697\" data-end=\"720\">visiems odos tipams<\/strong>, ypa\u010d mi\u0161riai ir riebiai odai<\/p>\n<\/li>\n<\/ul>\n<h3 class=\"\" data-start=\"754\" data-end=\"774\">\ud83e\uddf4 Naudojimas:<\/h3>\n<p class=\"\" data-start=\"775\" data-end=\"970\">Tepkite <strong data-start=\"783\" data-end=\"809\">prie\u0161 makia\u017eo pagrind\u0105<\/strong>. Galima naudoti tiek <strong data-start=\"831\" data-end=\"847\">visam veidui<\/strong>, tiek <strong data-start=\"854\" data-end=\"874\">atskiroms zonoms<\/strong> \u2013 aplink akis, l\u016bpas ar <strong data-start=\"899\" data-end=\"911\">T zonoje<\/strong>, jei norite suma\u017einti blizges\u012f ir pagerinti odos i\u0161vaizd\u0105.<\/p>\n<p class=\"\" data-start=\"972\" data-end=\"1126\"><strong data-start=\"972\" data-end=\"994\">Silikonin\u0117 formul\u0117<\/strong> suteikia <strong data-start=\"1004\" data-end=\"1024\">\u0161ilkin\u012f \u0161velnum\u0105<\/strong> ir <strong data-start=\"1028\" data-end=\"1053\">aksomin\u012f prisilietim\u0105<\/strong>, tod\u0117l makia\u017eas tolygiai pasiskirsto ir ilgiau i\u0161lieka nepriekai\u0161tingas.<\/p>\n<\/div>\n<\/div>\n<\/div>\n<\/div>\n<\/div>\n<\/div>\n<\/div>\n<\/div>\n<\/article>\n","protected":false},"excerpt":{"rendered":"<p class=\"\" data-start=\"0\" data-end=\"63\"><strong data-start=\"0\" data-end=\"61\">SLA Paris &#8211; Stabilizuojantis makia\u017eo pagrindas su gelio konsistencija<\/strong><\/p>\n<p class=\"\" data-start=\"65\" data-end=\"247\">\u0160is <strong data-start=\"69\" data-end=\"115\">stabilizuojantis gelinis makia\u017eo pagrindas<\/strong> sukurtas siekiant suteikti odai <strong data-start=\"148\" data-end=\"165\">tobul\u0105 lygum\u0105<\/strong>, <strong data-start=\"167\" data-end=\"197\">pagerinti makia\u017eo sukibim\u0105<\/strong> su oda ir u\u017etikrinti <strong data-start=\"219\" data-end=\"244\">ilgalaik\u012f i\u0161silaikym\u0105<\/strong>.<\/p>\n<p class=\"\" data-start=\"249\" data-end=\"439\">Jo <strong data-start=\"252\" data-end=\"286\">lengva, \u0161ilkin\u0117 gelio tekst\u016bra<\/strong> efektyviai <strong data-start=\"298\" data-end=\"338\">u\u017epildo poras ir smulkias rauk\u0161leles<\/strong>, sulygina odos pavir\u0161i\u0173, <strong data-start=\"364\" data-end=\"386\">suteikia mati\u0161kumo<\/strong> ir nat\u016bralios \u0161vytin\u010dios odos efekt\u0105 be blizgesio.<\/p>\n<h3 class=\"\" data-start=\"441\" data-end=\"471\">\u2728 Pagrindiniai privalumai:<\/h3>\n<ul data-start=\"472\" data-end=\"752\">\n<li class=\"\" data-start=\"472\" data-end=\"528\">\n<p class=\"\" data-start=\"474\" data-end=\"528\">U\u017epildo <strong data-start=\"482\" data-end=\"500\">odos nelygumus<\/strong> ir suma\u017eina por\u0173 matomum\u0105<\/p>\n<\/li>\n<li class=\"\" data-start=\"529\" data-end=\"588\">\n<p class=\"\" data-start=\"531\" data-end=\"588\"><strong data-start=\"531\" data-end=\"562\">Paslepia mimikos rauk\u0161leles<\/strong>, sulygina odos tekst\u016br\u0105<\/p>\n<\/li>\n<li class=\"\" data-start=\"589\" data-end=\"653\">\n<p class=\"\" data-start=\"591\" data-end=\"653\">Suteikia <strong data-start=\"600\" data-end=\"625\">mink\u0161t\u0105 matin\u012f efekt\u0105<\/strong>, kuris i\u0161lieka vis\u0105 dien\u0105<\/p>\n<\/li>\n<li class=\"\" data-start=\"654\" data-end=\"688\">\n<p class=\"\" data-start=\"656\" data-end=\"688\"><strong data-start=\"656\" data-end=\"686\">Ilgina makia\u017eo i\u0161silaikym\u0105<\/strong><\/p>\n<\/li>\n<li class=\"\" data-start=\"689\" data-end=\"752\">\n<p class=\"\" data-start=\"691\" data-end=\"752\">Tinka <strong data-start=\"697\" data-end=\"720\">visiems odos tipams<\/strong>, ypa\u010d mi\u0161riai ir riebiai odai<\/p>\n<\/li>\n<\/ul>\n<h3 class=\"\" data-start=\"754\" data-end=\"774\">\ud83e\uddf4 Naudojimas:<\/h3>\n<p class=\"\" data-start=\"775\" data-end=\"970\">Tepkite <strong data-start=\"783\" data-end=\"809\">prie\u0161 makia\u017eo pagrind\u0105<\/strong>. Galima naudoti tiek <strong data-start=\"831\" data-end=\"847\">visam veidui<\/strong>, tiek <strong data-start=\"854\" data-end=\"874\">atskiroms zonoms<\/strong> \u2013 aplink akis, l\u016bpas ar <strong data-start=\"899\" data-end=\"911\">T zonoje<\/strong>, jei norite suma\u017einti blizges\u012f ir pagerinti odos i\u0161vaizd\u0105.<\/p>\n<p class=\"\" data-start=\"972\" data-end=\"1126\"><strong data-start=\"972\" data-end=\"994\">Silikonin\u0117 formul\u0117<\/strong> suteikia <strong data-start=\"1004\" data-end=\"1024\">\u0161ilkin\u012f \u0161velnum\u0105<\/strong> ir <strong data-start=\"1028\" data-end=\"1053\">aksomin\u012f prisilietim\u0105<\/strong>, tod\u0117l makia\u017eas tolygiai pasiskirsto ir ilgiau i\u0161lieka nepriekai\u0161tingas.<\/p>\n","protected":false},"featured_media":13831,"comment_status":"open","ping_status":"closed","template":"","meta":[],"product_brand":[],"product_cat":[312,43],"product_tag":[],"class_list":{"0":"post-13827","1":"product","2":"type-product","3":"status-publish","4":"has-post-thumbnail","6":"product_cat-dekoratyvine-kosmetika","7":"product_cat-grozis","9":"first","10":"outofstock","11":"taxable","12":"shipping-taxable","13":"purchasable","14":"product-type-simple"},"_links":{"self":[{"href":"https:\/\/thequeenhouse.co.uk\/lt\/wp-json\/wp\/v2\/product\/13827","targetHints":{"allow":["GET"]}}],"collection":[{"href":"https:\/\/thequeenhouse.co.uk\/lt\/wp-json\/wp\/v2\/product"}],"about":[{"href":"https:\/\/thequeenhouse.co.uk\/lt\/wp-json\/wp\/v2\/types\/product"}],"replies":[{"embeddable":true,"href":"https:\/\/thequeenhouse.co.uk\/lt\/wp-json\/wp\/v2\/comments?post=13827"}],"wp:featuredmedia":[{"embeddable":true,"href":"https:\/\/thequeenhouse.co.uk\/lt\/wp-json\/wp\/v2\/media\/13831"}],"wp:attachment":[{"href":"https:\/\/thequeenhouse.co.uk\/lt\/wp-json\/wp\/v2\/media?parent=13827"}],"wp:term":[{"taxonomy":"product_brand","embeddable":true,"href":"https:\/\/thequeenhouse.co.uk\/lt\/wp-json\/wp\/v2\/product_brand?post=13827"},{"taxonomy":"product_cat","embeddable":true,"href":"https:\/\/thequeenhouse.co.uk\/lt\/wp-json\/wp\/v2\/product_cat?post=13827"},{"taxonomy":"product_tag","embeddable":true,"href":"https:\/\/thequeenhouse.co.uk\/lt\/wp-json\/wp\/v2\/product_tag?post=13827"}],"curies":[{"name":"wp","href":"https:\/\/api.w.org\/{rel}","templated":true}]}}