{"id":13833,"date":"2025-03-23T14:04:33","date_gmt":"2025-03-23T13:04:33","guid":{"rendered":"https:\/\/thequeenhouse.co.uk\/?post_type=product&#038;p=13833"},"modified":"2025-03-23T14:11:45","modified_gmt":"2025-03-23T13:11:45","slug":"simitri-minkstiklis-su-probiotikais-smoky-cherry-1000ml-copy-2","status":"publish","type":"product","link":"https:\/\/thequeenhouse.co.uk\/lt\/produktas\/simitri-minkstiklis-su-probiotikais-smoky-cherry-1000ml-copy-2\/","title":{"rendered":"ROOMOI Nam\u0173 Kvap\u0173 Difuzoriaus + papildymo rinkinys &#8211; VIN NOBLE, 500 ml = 1000 ml"},"content":{"rendered":"<p><strong>ROOMOI nam\u0173 kvap\u0173 difuzorius ir papildymas Vin Noble leis Jums atrasti \u017eydint\u012f vynuogyn\u0105 su \u0161iltais ir sultingais kvapais.<\/strong> Vynuogi\u0173 ir \u017eem\u0117s kvapai tarsi apgaubs Jus atpalaiduojan\u010diu ir gurmani\u0161ku apkabinimu. Po J\u016bs\u0173 namus pasklis prabangiausi kvapai, kuriuos nor\u0117sis u\u017euosti nuolatos.<\/p>\n<p><strong>ROOMOI Vin Noble:<\/strong><\/p>\n<p>Vir\u0161utin\u0117s natos \u2013 apelsinas, na\u0161lait\u0117, magnolija<br \/>\nVidurin\u0117s natos \u2013 slyva, bra\u0161k\u0117, uogos<br \/>\nBazin\u0117s natos \u2013 sausa mediena, ber\u017eas<\/p>\n<p>&nbsp;<\/p>\n<p><strong>Talpa: 500 ml. + 500 ml<\/strong><\/p>\n<p><em><strong>Nam\u0173 kvapas i\u0161pilstytas \u012f juodo d\u016bminio stiklo, prabangias talpas<\/strong><\/em>, kurios tiks bet kuriame interjere ir papuo\u0161 j\u016bs\u0173 namus ne tik kvapu, bet ir savo i\u0161vaizda. Nam\u0173 kvapo papildymas skirtas perpilti kvap\u0105 \u012f ROOMOI difuzori\u0173. Papildymo tara pagaminta i\u0161 saugios aplinkai med\u017eiagos. Kartu su nam\u0173 kvapu, dovan\u0173 gausite ir ROOMOI ekologi\u0161kas nam\u0173 kvap\u0173 lazdeles.<\/p>\n<p><strong>ROOMOI nam\u0173 kvapai<\/strong> \u2013 difuzoriai sukurti siekiant skleisti \u0161iltus ir maloniai nuteikian\u010dius aromatus J\u016bs\u0173 pasirinktose vietose.<\/p>\n<p>\u0160io nam\u0173 kvapo dizainas sukurtas taip, kad tai tapt\u0173 J\u016bs\u0173 nam\u0173 dizaino detale: tai minimalistinio dizaino juodo d\u016bminio stiklo buteliukas su juodomis lazdel\u0117mis lengvai pritaikomas prie kiekvieno interjero. Buteliuko dizainas sukurtas taip, kad kvapas skleist\u0173si po truput\u012f ir i\u0161likt\u0173 ilgai. Nam\u0173 kvapai supakuoti \u012f prabangias d\u0117\u017eutes, tad puikiai tiks ne tik sau, bet ir kaip dovana J\u016bs\u0173 mylimam \u017emogui!<\/p>\n<p><strong>Visi ROOMOI nam\u0173 kvapai \u2013 difuzoriai pagaminti Italijoje.<\/strong><\/p>\n","protected":false},"excerpt":{"rendered":"<div class=\"ewa-rteLine\">\n<div class=\"flex-1 overflow-hidden @container\/thread\">\n<div class=\"h-full\">\n<div class=\"react-scroll-to-bottom--css-cqnaz-79elbk h-full\">\n<div class=\"react-scroll-to-bottom--css-cqnaz-1n7m0yu\">\n<div class=\"flex flex-col text-sm md:pb-9\">\n<article class=\"w-full scroll-mb-[var(--thread-trailing-height,150px)] text-token-text-primary focus-visible:outline-2 focus-visible:outline-offset-[-4px]\" dir=\"auto\" data-testid=\"conversation-turn-153\" data-scroll-anchor=\"true\">\n<div class=\"m-auto text-base py-[18px] px-3 md:px-4 w-full md:px-5 lg:px-4 xl:px-5\">\n<div class=\"mx-auto flex flex-1 gap-4 text-base md:gap-5 lg:gap-6 md:max-w-3xl lg:max-w-[40rem] xl:max-w-[48rem]\">\n<div class=\"group\/conversation-turn relative flex w-full min-w-0 flex-col agent-turn\">\n<div class=\"flex-col gap-1 md:gap-3\">\n<div class=\"flex max-w-full flex-col flex-grow\">\n<div class=\"min-h-8 text-message flex w-full flex-col items-end gap-2 whitespace-normal break-words text-start [.text-message+&amp;]:mt-5\" dir=\"auto\" data-message-author-role=\"assistant\" data-message-id=\"76f4b7a4-55a9-404c-9681-40cb7cf93789\" data-message-model-slug=\"gpt-4o\">\n<div class=\"flex w-full flex-col gap-1 empty:hidden first:pt-[3px]\">\n<div class=\"markdown prose w-full break-words dark:prose-invert light\">\n<div class=\"ewa-rteLine\">\n<p><strong>ROOMOI nam\u0173 kvap\u0173 difuzorius ir papildymas Vin Noble leis Jums atrasti \u017eydint\u012f vynuogyn\u0105 su \u0161iltais ir sultingais kvapais.<\/strong> Vynuogi\u0173 ir \u017eem\u0117s kvapai tarsi apgaubs Jus atpalaiduojan\u010diu ir gurmani\u0161ku apkabinimu. Po J\u016bs\u0173 namus pasklis prabangiausi kvapai, kuriuos nor\u0117sis u\u017euosti nuolatos.<\/p>\n<p><strong>ROOMOI Vin Noble:<\/strong><\/p>\n<p>Vir\u0161utin\u0117s natos \u2013 apelsinas, na\u0161lait\u0117, magnolija<br \/>\nVidurin\u0117s natos \u2013 slyva, bra\u0161k\u0117, uogos<br \/>\nBazin\u0117s natos \u2013 sausa mediena, ber\u017eas<\/p>\n<p>&nbsp;<\/p>\n<p><strong>Talpa: 500 ml. + 500 ml<\/strong><\/p>\n<p><em><strong>Nam\u0173 kvapas i\u0161pilstytas \u012f juodo d\u016bminio stiklo, prabangias talpas<\/strong><\/em>, kurios tiks bet kuriame interjere ir papuo\u0161 j\u016bs\u0173 namus ne tik kvapu, bet ir savo i\u0161vaizda. Nam\u0173 kvapo papildymas skirtas perpilti kvap\u0105 \u012f ROOMOI difuzori\u0173. Papildymo tara pagaminta i\u0161 saugios aplinkai med\u017eiagos. Kartu su nam\u0173 kvapu, dovan\u0173 gausite ir ROOMOI ekologi\u0161kas nam\u0173 kvap\u0173 lazdeles.<\/p>\n<p><strong>ROOMOI nam\u0173 kvapai<\/strong> \u2013 difuzoriai sukurti siekiant skleisti \u0161iltus ir maloniai nuteikian\u010dius aromatus J\u016bs\u0173 pasirinktose vietose.<\/p>\n<p>\u0160io nam\u0173 kvapo dizainas sukurtas taip, kad tai tapt\u0173 J\u016bs\u0173 nam\u0173 dizaino detale: tai minimalistinio dizaino juodo d\u016bminio stiklo buteliukas su juodomis lazdel\u0117mis lengvai pritaikomas prie kiekvieno interjero. Buteliuko dizainas sukurtas taip, kad kvapas skleist\u0173si po truput\u012f ir i\u0161likt\u0173 ilgai. Nam\u0173 kvapai supakuoti \u012f prabangias d\u0117\u017eutes, tad puikiai tiks ne tik sau, bet ir kaip dovana J\u016bs\u0173 mylimam \u017emogui!<\/p>\n<p><strong>Visi ROOMOI nam\u0173 kvapai \u2013 difuzoriai pagaminti Italijoje.<\/strong><\/p>\n<\/div>\n<\/div>\n<\/div>\n<\/div>\n<\/div>\n<\/div>\n<\/div>\n<\/div>\n<\/div>\n<\/article>\n<\/div>\n<\/div>\n<\/div>\n<\/div>\n<\/div>\n<\/div>\n","protected":false},"featured_media":13835,"comment_status":"open","ping_status":"closed","template":"","meta":[],"product_brand":[],"product_cat":[44],"product_tag":[],"class_list":{"0":"post-13833","1":"product","2":"type-product","3":"status-publish","4":"has-post-thumbnail","6":"product_cat-namams","8":"first","9":"outofstock","10":"taxable","11":"shipping-taxable","12":"purchasable","13":"product-type-simple"},"_links":{"self":[{"href":"https:\/\/thequeenhouse.co.uk\/lt\/wp-json\/wp\/v2\/product\/13833","targetHints":{"allow":["GET"]}}],"collection":[{"href":"https:\/\/thequeenhouse.co.uk\/lt\/wp-json\/wp\/v2\/product"}],"about":[{"href":"https:\/\/thequeenhouse.co.uk\/lt\/wp-json\/wp\/v2\/types\/product"}],"replies":[{"embeddable":true,"href":"https:\/\/thequeenhouse.co.uk\/lt\/wp-json\/wp\/v2\/comments?post=13833"}],"wp:featuredmedia":[{"embeddable":true,"href":"https:\/\/thequeenhouse.co.uk\/lt\/wp-json\/wp\/v2\/media\/13835"}],"wp:attachment":[{"href":"https:\/\/thequeenhouse.co.uk\/lt\/wp-json\/wp\/v2\/media?parent=13833"}],"wp:term":[{"taxonomy":"product_brand","embeddable":true,"href":"https:\/\/thequeenhouse.co.uk\/lt\/wp-json\/wp\/v2\/product_brand?post=13833"},{"taxonomy":"product_cat","embeddable":true,"href":"https:\/\/thequeenhouse.co.uk\/lt\/wp-json\/wp\/v2\/product_cat?post=13833"},{"taxonomy":"product_tag","embeddable":true,"href":"https:\/\/thequeenhouse.co.uk\/lt\/wp-json\/wp\/v2\/product_tag?post=13833"}],"curies":[{"name":"wp","href":"https:\/\/api.w.org\/{rel}","templated":true}]}}