{"id":13837,"date":"2025-03-23T14:14:24","date_gmt":"2025-03-23T13:14:25","guid":{"rendered":"https:\/\/thequeenhouse.co.uk\/?post_type=product&#038;p=13837"},"modified":"2025-03-23T14:30:10","modified_gmt":"2025-03-23T13:30:10","slug":"syn-ake-egf-premium-veido-kauke-tiesiai-is-japonijos-copy","status":"publish","type":"product","link":"https:\/\/thequeenhouse.co.uk\/lt\/produktas\/syn-ake-egf-premium-veido-kauke-tiesiai-is-japonijos-copy\/","title":{"rendered":"NUMEE &#8211; Profesionalus Serumas Pigmentini\u0173 D\u0117mi\u0173 korekcijai su traneksamo r\u016bg\u0161timi 30ml"},"content":{"rendered":"<article class=\"group\/turn w-full text-token-text-primary focus-visible:outline-2 focus-visible:outline-offset-[-4px]\" dir=\"auto\" tabindex=\"-1\" data-testid=\"conversation-turn-206\" data-scroll-anchor=\"true\">\n<div class=\"text-base my-auto mx-auto py-[18px] px-6\">\n<div class=\"mx-auto flex flex-1 text-base gap-4 md:gap-5 lg:gap-6 md:max-w-3xl lg:max-w-[40rem] xl:max-w-[48rem]\">\n<div class=\"group\/conversation-turn relative flex w-full min-w-0 flex-col agent-turn @xs\/thread:px-0 @sm\/thread:px-1.5 @md\/thread:px-4\">\n<div class=\"flex-col gap-1 md:gap-3\">\n<div class=\"flex max-w-full flex-col flex-grow\">\n<div class=\"min-h-8 text-message relative flex w-full flex-col items-end gap-2 whitespace-normal break-words text-start [.text-message+&amp;]:mt-5\" dir=\"auto\" data-message-author-role=\"assistant\" data-message-id=\"72a3a842-b2bf-4ef5-866e-d52969b88ecf\" data-message-model-slug=\"gpt-4o\">\n<div class=\"flex w-full flex-col gap-1 empty:hidden first:pt-[3px]\">\n<div class=\"markdown prose w-full break-words dark:prose-invert light\">\n<div class=\"flex flex-1 grow basis-auto flex-col overflow-hidden\">\n<div class=\"relative h-full\">\n<div class=\"flex h-full flex-col overflow-y-auto [scrollbar-gutter:stable]\">\n<div class=\"mt-1.5 flex flex-col text-sm @thread-xl\/thread:pt-header-height md:pb-9\">\n<article class=\"group\/turn w-full text-token-text-primary focus-visible:outline-2 focus-visible:outline-offset-[-4px]\" dir=\"auto\" tabindex=\"-1\" data-testid=\"conversation-turn-230\" data-scroll-anchor=\"true\">\n<div class=\"text-base my-auto mx-auto py-[18px] px-6\">\n<div class=\"mx-auto flex flex-1 text-base gap-4 md:gap-5 lg:gap-6 md:max-w-3xl lg:max-w-[40rem] xl:max-w-[48rem]\">\n<div class=\"group\/conversation-turn relative flex w-full min-w-0 flex-col agent-turn @xs\/thread:px-0 @sm\/thread:px-1.5 @md\/thread:px-4\">\n<div class=\"flex-col gap-1 md:gap-3\">\n<div class=\"flex max-w-full flex-col flex-grow\">\n<div class=\"min-h-8 text-message relative flex w-full flex-col items-end gap-2 whitespace-normal break-words text-start [.text-message+&amp;]:mt-5\" dir=\"auto\" data-message-author-role=\"assistant\" data-message-id=\"101e1a4f-dad4-4af1-a5f0-d0e73cdd14a9\" data-message-model-slug=\"gpt-4o\">\n<div class=\"flex w-full flex-col gap-1 empty:hidden first:pt-[3px]\">\n<div class=\"markdown prose w-full break-words dark:prose-invert light\">\n<h3 class=\"\" data-start=\"994\" data-end=\"1025\">\u2705 Profesional\u016bs privalumai:<\/h3>\n<ul data-start=\"1026\" data-end=\"1314\">\n<li class=\"\" data-start=\"1026\" data-end=\"1081\">\n<p class=\"\" data-start=\"1028\" data-end=\"1081\">Pastebimai <strong data-start=\"1039\" data-end=\"1065\">skaistina ir vienodina<\/strong> odos atspalv\u012f<\/p>\n<\/li>\n<li class=\"\" data-start=\"1082\" data-end=\"1128\">\n<p class=\"\" data-start=\"1084\" data-end=\"1128\"><strong data-start=\"1084\" data-end=\"1126\">Suma\u017eina pigmentini\u0173 d\u0117mi\u0173 intensyvum\u0105<\/strong><\/p>\n<\/li>\n<li class=\"\" data-start=\"1129\" data-end=\"1175\">\n<p class=\"\" data-start=\"1131\" data-end=\"1175\">Stiprina <strong data-start=\"1140\" data-end=\"1156\">odos barjer\u0105<\/strong>, ma\u017eina jautrum\u0105<\/p>\n<\/li>\n<li class=\"\" data-start=\"1176\" data-end=\"1244\">\n<p class=\"\" data-start=\"1178\" data-end=\"1244\">Pagerina <strong data-start=\"1187\" data-end=\"1217\">makia\u017eo paruo\u0161imo pagrind\u0105<\/strong> \u2013 glotnesn\u0117, lygesn\u0117 oda<\/p>\n<\/li>\n<li class=\"\" data-start=\"1245\" data-end=\"1314\">\n<p class=\"\" data-start=\"1247\" data-end=\"1314\">Tinka naudoti <strong data-start=\"1261\" data-end=\"1314\">kabinete ir rekomenduoti klientui nam\u0173 prie\u017ei\u016brai<\/strong><\/p>\n<\/li>\n<\/ul>\n<h3 data-start=\"1321\" data-end=\"1339\"><\/h3>\n<h3 class=\"\" data-start=\"1321\" data-end=\"1339\">\ud83d\udca1 Naudojimas:<\/h3>\n<ul data-start=\"1340\" data-end=\"1587\">\n<li class=\"\" data-start=\"1340\" data-end=\"1417\">\n<p class=\"\" data-start=\"1342\" data-end=\"1417\">Naudoti <strong data-start=\"1350\" data-end=\"1360\">vakare<\/strong>, ant <strong data-start=\"1366\" data-end=\"1390\">\u0161varios, sausos odos<\/strong>, prie\u0161 dr\u0117kinam\u0105j\u012f krem\u0105<\/p>\n<\/li>\n<li class=\"\" data-start=\"1418\" data-end=\"1508\">\n<p class=\"\" data-start=\"1420\" data-end=\"1508\">Prad\u0117ti nuo <strong data-start=\"1432\" data-end=\"1455\">2 kart\u0173 per savait\u0119<\/strong>, palaipsniui da\u017eninti naudojim\u0105, jei oda toleruoja<\/p>\n<\/li>\n<li class=\"\" data-start=\"1509\" data-end=\"1550\">\n<p class=\"\" data-start=\"1511\" data-end=\"1550\">Dienos metu b\u016btina naudoti <strong data-start=\"1538\" data-end=\"1548\">SPF 50<\/strong><\/p>\n<\/li>\n<li class=\"\" data-start=\"1551\" data-end=\"1587\">\n<p class=\"\" data-start=\"1553\" data-end=\"1587\">Netepkite <strong data-start=\"1563\" data-end=\"1587\">aki\u0173 srities ir vok\u0173<\/strong><\/p>\n<\/li>\n<\/ul>\n<h3 data-start=\"1594\" data-end=\"1625\"><\/h3>\n<h3 class=\"\" data-start=\"1594\" data-end=\"1625\">\u26a0\ufe0f Profesional\u016bs \u012fsp\u0117jimai:<\/h3>\n<ul data-start=\"1626\" data-end=\"1833\">\n<li class=\"\" data-start=\"1626\" data-end=\"1674\">\n<p class=\"\" data-start=\"1628\" data-end=\"1674\">Netinka <strong data-start=\"1636\" data-end=\"1672\">n\u0117\u0161\u010dioms ir \u017eindan\u010dioms moterims<\/strong><\/p>\n<\/li>\n<li class=\"\" data-start=\"1675\" data-end=\"1724\">\n<p class=\"\" data-start=\"1677\" data-end=\"1724\">Nerekomenduojama esant <strong data-start=\"1700\" data-end=\"1722\">itin jautriai odai<\/strong><\/p>\n<\/li>\n<li class=\"\" data-start=\"1725\" data-end=\"1833\">\n<p class=\"\" data-start=\"1727\" data-end=\"1833\">Jei klientas naudoja retinol\u012f pirm\u0105 kart\u0105 \u2013 prad\u0117ti nuo <strong data-start=\"1783\" data-end=\"1810\">vieno karto per savait\u0119<\/strong>, stebint odos reakcij\u0105<\/p>\n<\/li>\n<\/ul>\n<p data-start=\"1840\" data-end=\"2030\">\n<p class=\"\" data-start=\"1840\" data-end=\"2030\"><strong data-start=\"1840\" data-end=\"1911\">NUMEE Epic Crew serumas \u2013 tai rezultatyvi, mokslu pagr\u012fsta priemon\u0117<\/strong>, kuri\u0105 renkasi gro\u017eio specialistai, ie\u0161kantys <strong data-start=\"1958\" data-end=\"2029\">patikimo ir klini\u0161kai efektyvaus sprendimo pigmentacijos korekcijai<\/strong>.<\/p>\n<p class=\"\" data-start=\"2032\" data-end=\"2165\">\n<\/div>\n<\/div>\n<\/div>\n<\/div>\n<div class=\"mb-2 flex gap-3 -ml-2\">\n<div class=\"flex items-center justify-start rounded-xl p-1\">\n<div class=\"flex items-center\"><button class=\"rounded-lg text-token-text-secondary hover:bg-token-main-surface-secondary\" aria-label=\"Read aloud\" data-testid=\"voice-play-turn-action-button\">\u00a0<\/button><\/div>\n<\/div>\n<\/div>\n<\/div>\n<\/div>\n<\/div>\n<\/div>\n<\/article>\n<\/div>\n<\/div>\n<\/div>\n<\/div>\n<\/div>\n<\/div>\n<\/div>\n<\/div>\n<\/div>\n<\/div>\n<\/div>\n<\/div>\n<\/article>\n","protected":false},"excerpt":{"rendered":"<div class=\"flex max-w-full flex-col flex-grow\">\n<div class=\"min-h-8 text-message relative flex w-full flex-col items-end gap-2 whitespace-normal break-words text-start [.text-message+&amp;]:mt-5\" dir=\"auto\" data-message-author-role=\"assistant\" data-message-id=\"72a3a842-b2bf-4ef5-866e-d52969b88ecf\" data-message-model-slug=\"gpt-4o\">\n<div class=\"flex w-full flex-col gap-1 empty:hidden first:pt-[3px]\">\n<div class=\"markdown prose w-full break-words dark:prose-invert light\">\n<p class=\"\" data-start=\"0\" data-end=\"160\"><strong data-start=\"0\" data-end=\"67\">NUMEE EPIC CREW EVENLY ADVANCED DARK SPOT CORRECTOR SERUM 30 ml<\/strong><br data-start=\"67\" data-end=\"70\" \/><strong data-start=\"70\" data-end=\"160\">Profesionalus serumas pigmentini\u0173 d\u0117mi\u0173 korekcijai su traneksamo r\u016bg\u0161timi ir retinoliu<\/strong><\/p>\n<p class=\"\" data-start=\"162\" data-end=\"553\"><strong data-start=\"162\" data-end=\"197\">NUMEE Epic Crew Evenly Advanced<\/strong> \u2013 tai <strong data-start=\"204\" data-end=\"237\">profesionalios klas\u0117s serumas<\/strong>, sukurtas kovoti su <strong data-start=\"258\" data-end=\"279\">hiperpigmentacija<\/strong>, <strong data-start=\"281\" data-end=\"309\">netolygiu odos atspalviu<\/strong>, <strong data-start=\"311\" data-end=\"338\">foto-sen\u0117jimo po\u017eymiais<\/strong> bei <strong data-start=\"343\" data-end=\"368\">odai b\u016bdingu blankumu<\/strong>. I\u0161skirtin\u0117 formul\u0117 su <strong data-start=\"392\" data-end=\"419\">2 % traneksamo r\u016bg\u0161ties<\/strong>, <strong data-start=\"421\" data-end=\"446\">0,2 % gryno retinoliu<\/strong> ir <strong data-start=\"450\" data-end=\"478\">2 % raminan\u010diu kompleksu<\/strong> u\u017etikrina <strong data-start=\"489\" data-end=\"512\">auk\u0161t\u0105 veiksmingum\u0105<\/strong>, kartu suma\u017einant odos sudirgimo rizik\u0105.<\/p>\n<h3 class=\"\" data-start=\"555\" data-end=\"596\">\ud83d\udd2c Pagrindin\u0117s veikliosios med\u017eiagos:<\/h3>\n<ul data-start=\"597\" data-end=\"987\">\n<li class=\"\" data-start=\"597\" data-end=\"735\">\n<p class=\"\" data-start=\"599\" data-end=\"735\"><strong data-start=\"599\" data-end=\"627\">Traneksamo r\u016bg\u0161tis (2\u202f%)<\/strong> \u2013 veiksmingai slopina melanino gamyb\u0105, padeda ma\u017einti pigmentines d\u0117mes, melazm\u0105 ir po u\u017edegimines d\u0117mes.<\/p>\n<\/li>\n<li class=\"\" data-start=\"736\" data-end=\"864\">\n<p class=\"\" data-start=\"738\" data-end=\"864\"><strong data-start=\"738\" data-end=\"759\">Retinolis (0,2\u202f%)<\/strong> \u2013 skatina l\u0105steli\u0173 atsinaujinim\u0105, gerina odos tekst\u016br\u0105, elastingum\u0105, veikia rauk\u0161les ir skaistina od\u0105.<\/p>\n<\/li>\n<li class=\"\" data-start=\"865\" data-end=\"987\">\n<p class=\"\" data-start=\"867\" data-end=\"987\"><strong data-start=\"867\" data-end=\"893\">Soothing Complex (2\u202f%)<\/strong> \u2013 raminam\u0173j\u0173 ingredient\u0173 mi\u0161inys, padedantis i\u0161laikyti komfort\u0105 net jautresn\u0117ms odos b\u016bkl\u0117ms.<\/p>\n<\/li>\n<\/ul>\n<h3 data-start=\"994\" data-end=\"1025\"><\/h3>\n<\/div>\n<\/div>\n<\/div>\n<\/div>\n","protected":false},"featured_media":13839,"comment_status":"open","ping_status":"closed","template":"","meta":[],"product_brand":[],"product_cat":[43,212],"product_tag":[],"class_list":{"0":"post-13837","1":"product","2":"type-product","3":"status-publish","4":"has-post-thumbnail","6":"product_cat-grozis","7":"product_cat-veido-prieziuros-priemones","9":"first","10":"instock","11":"taxable","12":"shipping-taxable","13":"purchasable","14":"product-type-simple"},"_links":{"self":[{"href":"https:\/\/thequeenhouse.co.uk\/lt\/wp-json\/wp\/v2\/product\/13837","targetHints":{"allow":["GET"]}}],"collection":[{"href":"https:\/\/thequeenhouse.co.uk\/lt\/wp-json\/wp\/v2\/product"}],"about":[{"href":"https:\/\/thequeenhouse.co.uk\/lt\/wp-json\/wp\/v2\/types\/product"}],"replies":[{"embeddable":true,"href":"https:\/\/thequeenhouse.co.uk\/lt\/wp-json\/wp\/v2\/comments?post=13837"}],"wp:featuredmedia":[{"embeddable":true,"href":"https:\/\/thequeenhouse.co.uk\/lt\/wp-json\/wp\/v2\/media\/13839"}],"wp:attachment":[{"href":"https:\/\/thequeenhouse.co.uk\/lt\/wp-json\/wp\/v2\/media?parent=13837"}],"wp:term":[{"taxonomy":"product_brand","embeddable":true,"href":"https:\/\/thequeenhouse.co.uk\/lt\/wp-json\/wp\/v2\/product_brand?post=13837"},{"taxonomy":"product_cat","embeddable":true,"href":"https:\/\/thequeenhouse.co.uk\/lt\/wp-json\/wp\/v2\/product_cat?post=13837"},{"taxonomy":"product_tag","embeddable":true,"href":"https:\/\/thequeenhouse.co.uk\/lt\/wp-json\/wp\/v2\/product_tag?post=13837"}],"curies":[{"name":"wp","href":"https:\/\/api.w.org\/{rel}","templated":true}]}}