{"id":13845,"date":"2025-03-23T14:34:33","date_gmt":"2025-03-23T13:34:33","guid":{"rendered":"https:\/\/thequeenhouse.co.uk\/?post_type=product&#038;p=13845"},"modified":"2025-03-23T14:43:35","modified_gmt":"2025-03-23T13:43:35","slug":"numee-profesionalus-serumas-pigmentiniu-demiu-korekcijai-su-traneksamo-rugstimi-30ml-copy","status":"publish","type":"product","link":"https:\/\/thequeenhouse.co.uk\/lt\/produktas\/numee-profesionalus-serumas-pigmentiniu-demiu-korekcijai-su-traneksamo-rugstimi-30ml-copy\/","title":{"rendered":"NUMEE &#8211; Atgaivinantis Veido Prausiklis &#8211; GLOW UP START FRESH ULTRA MILD, 150ml"},"content":{"rendered":"<article class=\"group\/turn w-full text-token-text-primary focus-visible:outline-2 focus-visible:outline-offset-[-4px]\" dir=\"auto\" tabindex=\"-1\" data-testid=\"conversation-turn-206\" data-scroll-anchor=\"true\">\n<div class=\"text-base my-auto mx-auto py-[18px] px-6\">\n<div class=\"mx-auto flex flex-1 text-base gap-4 md:gap-5 lg:gap-6 md:max-w-3xl lg:max-w-[40rem] xl:max-w-[48rem]\">\n<div class=\"group\/conversation-turn relative flex w-full min-w-0 flex-col agent-turn @xs\/thread:px-0 @sm\/thread:px-1.5 @md\/thread:px-4\">\n<div class=\"flex-col gap-1 md:gap-3\">\n<div class=\"flex max-w-full flex-col flex-grow\">\n<div class=\"min-h-8 text-message relative flex w-full flex-col items-end gap-2 whitespace-normal break-words text-start [.text-message+&amp;]:mt-5\" dir=\"auto\" data-message-author-role=\"assistant\" data-message-id=\"72a3a842-b2bf-4ef5-866e-d52969b88ecf\" data-message-model-slug=\"gpt-4o\">\n<div class=\"flex w-full flex-col gap-1 empty:hidden first:pt-[3px]\">\n<div class=\"markdown prose w-full break-words dark:prose-invert light\">\n<div class=\"flex flex-1 grow basis-auto flex-col overflow-hidden\">\n<div class=\"relative h-full\">\n<div class=\"flex h-full flex-col overflow-y-auto [scrollbar-gutter:stable]\">\n<div class=\"mt-1.5 flex flex-col text-sm @thread-xl\/thread:pt-header-height md:pb-9\">\n<article class=\"group\/turn w-full text-token-text-primary focus-visible:outline-2 focus-visible:outline-offset-[-4px]\" dir=\"auto\" tabindex=\"-1\" data-testid=\"conversation-turn-230\" data-scroll-anchor=\"true\">\n<div class=\"text-base my-auto mx-auto py-[18px] px-6\">\n<div class=\"mx-auto flex flex-1 text-base gap-4 md:gap-5 lg:gap-6 md:max-w-3xl lg:max-w-[40rem] xl:max-w-[48rem]\">\n<div class=\"group\/conversation-turn relative flex w-full min-w-0 flex-col agent-turn @xs\/thread:px-0 @sm\/thread:px-1.5 @md\/thread:px-4\">\n<div class=\"flex-col gap-1 md:gap-3\">\n<div class=\"flex max-w-full flex-col flex-grow\">\n<div class=\"min-h-8 text-message relative flex w-full flex-col items-end gap-2 whitespace-normal break-words text-start [.text-message+&amp;]:mt-5\" dir=\"auto\" data-message-author-role=\"assistant\" data-message-id=\"101e1a4f-dad4-4af1-a5f0-d0e73cdd14a9\" data-message-model-slug=\"gpt-4o\">\n<div class=\"flex w-full flex-col gap-1 empty:hidden first:pt-[3px]\">\n<div class=\"markdown prose w-full break-words dark:prose-invert light\">\n<div class=\"flex flex-1 grow basis-auto flex-col overflow-hidden\">\n<div class=\"relative h-full\">\n<div class=\"flex h-full flex-col overflow-y-auto [scrollbar-gutter:stable]\">\n<div class=\"mt-1.5 flex flex-col text-sm @thread-xl\/thread:pt-header-height md:pb-9\">\n<article class=\"group\/turn w-full text-token-text-primary focus-visible:outline-2 focus-visible:outline-offset-[-4px]\" dir=\"auto\" tabindex=\"-1\" data-testid=\"conversation-turn-236\" data-scroll-anchor=\"true\">\n<div class=\"text-base my-auto mx-auto py-[18px] px-6\">\n<div class=\"mx-auto flex flex-1 text-base gap-4 md:gap-5 lg:gap-6 md:max-w-3xl lg:max-w-[40rem] xl:max-w-[48rem]\">\n<div class=\"group\/conversation-turn relative flex w-full min-w-0 flex-col agent-turn @xs\/thread:px-0 @sm\/thread:px-1.5 @md\/thread:px-4\">\n<div class=\"flex-col gap-1 md:gap-3\">\n<div class=\"flex max-w-full flex-col flex-grow\">\n<div class=\"min-h-8 text-message relative flex w-full flex-col items-end gap-2 whitespace-normal break-words text-start [.text-message+&amp;]:mt-5\" dir=\"auto\" data-message-author-role=\"assistant\" data-message-id=\"0f41bdb1-acd6-4604-946b-909b41c40236\" data-message-model-slug=\"gpt-4o\">\n<div class=\"flex w-full flex-col gap-1 empty:hidden first:pt-[3px]\">\n<div class=\"markdown prose w-full break-words dark:prose-invert light\">\n<h3 class=\"\" data-start=\"1384\" data-end=\"1417\">\u2714\ufe0f Privalumai profesionalams:<\/h3>\n<ul data-start=\"1419\" data-end=\"1705\">\n<li class=\"\" data-start=\"1419\" data-end=\"1484\">\n<p class=\"\" data-start=\"1421\" data-end=\"1484\">Paruo\u0161ia od\u0105 <strong data-start=\"1434\" data-end=\"1484\">efektyvesniam aktyvi\u0173j\u0173 med\u017eiag\u0173 \u012fsiskverbimui<\/strong><\/p>\n<\/li>\n<li class=\"\" data-start=\"1485\" data-end=\"1527\">\n<p class=\"\" data-start=\"1487\" data-end=\"1527\">Palaiko <strong data-start=\"1495\" data-end=\"1527\">odos mikrobiotos pusiausvyr\u0105<\/strong><\/p>\n<\/li>\n<li class=\"\" data-start=\"1528\" data-end=\"1577\">\n<p class=\"\" data-start=\"1530\" data-end=\"1577\">Tinka naudoti <strong data-start=\"1544\" data-end=\"1577\">po proced\u016br\u0173 ar jautriai odai<\/strong><\/p>\n<\/li>\n<li class=\"\" data-start=\"1578\" data-end=\"1643\">\n<p class=\"\" data-start=\"1580\" data-end=\"1643\">Oda tampa <strong data-start=\"1590\" data-end=\"1623\">\u0161vari, sudr\u0117kinta ir \u0161vytinti<\/strong>, be tempimo poj\u016b\u010dio<\/p>\n<\/li>\n<li class=\"\" data-start=\"1644\" data-end=\"1705\">\n<p class=\"\" data-start=\"1646\" data-end=\"1705\"><strong data-start=\"1646\" data-end=\"1684\">93 % ingredient\u0173 nat\u016bralios kilm\u0117s<\/strong> | <strong data-start=\"1687\" data-end=\"1705\">Tinka veganams<\/strong><\/p>\n<\/li>\n<\/ul>\n<h3 data-start=\"1712\" data-end=\"1759\"><\/h3>\n<h3 class=\"\" data-start=\"1712\" data-end=\"1759\">\ud83e\uddf4 Naudojimo rekomendacijos profesionalams:<\/h3>\n<ol data-start=\"1761\" data-end=\"1983\">\n<li class=\"\" data-start=\"1761\" data-end=\"1824\">\n<p class=\"\" data-start=\"1764\" data-end=\"1824\">I\u0161spauskite <strong data-start=\"1776\" data-end=\"1795\">1\u20132 paspaudimus<\/strong> priemon\u0117s ant dr\u0117gnos odos<\/p>\n<\/li>\n<li class=\"\" data-start=\"1825\" data-end=\"1879\">\n<p class=\"\" data-start=\"1828\" data-end=\"1879\">Masa\u017euokite veid\u0105 ir kakl\u0105 sukamaisiais judesiais<\/p>\n<\/li>\n<li class=\"\" data-start=\"1880\" data-end=\"1933\">\n<p class=\"\" data-start=\"1883\" data-end=\"1933\">Nuplaukite \u0161iltu vandeniu, \u0161velniai nusausinkite<\/p>\n<\/li>\n<li class=\"\" data-start=\"1934\" data-end=\"1983\">\n<p class=\"\" data-start=\"1937\" data-end=\"1983\">Toliau naudokite tonik\u0105 ar aktyvi\u0105j\u0105 prie\u017ei\u016br\u0105<\/p>\n<\/li>\n<\/ol>\n<p class=\"\" data-start=\"1985\" data-end=\"2126\">Naudoti <strong data-start=\"1993\" data-end=\"2011\">ryte ir vakare<\/strong>. Tinka <strong data-start=\"2019\" data-end=\"2047\">naudoti prie\u0161 proced\u016bras<\/strong>, <strong data-start=\"2049\" data-end=\"2065\">po proced\u016br\u0173<\/strong>, ar kasdien\u0117je profesionalioje <strong data-start=\"2097\" data-end=\"2125\">nam\u0173 prie\u017ei\u016bros rutinoje<\/strong>.<\/p>\n<p data-start=\"2133\" data-end=\"2303\">\n<p class=\"\" data-start=\"2133\" data-end=\"2303\">Sukurta Ispanijoje, remiantis daugiau nei 20 met\u0173 klinikine patirtimi. <strong data-start=\"2204\" data-end=\"2213\">NUMEE<\/strong> kosmetika i\u0161siskiria <strong data-start=\"2235\" data-end=\"2300\">saugumu, veiksmingumu ir atsakingu po\u017ei\u016briu \u012f od\u0105 bei aplink\u0105<\/strong>.<\/p>\n<p data-start=\"2310\" data-end=\"2424\">\n<p class=\"\" data-start=\"2310\" data-end=\"2424\"><strong data-start=\"2310\" data-end=\"2367\">NUMEE Glow Up Start Fresh Ultra Mild veido prausiklis<\/strong><br data-start=\"2367\" data-end=\"2370\" \/><strong data-start=\"2370\" data-end=\"2424\" data-is-last-node=\"\">\u2013 kai profesionali prie\u017ei\u016bra prasideda nuo \u0161varos.<\/strong><\/p>\n<\/div>\n<\/div>\n<\/div>\n<\/div>\n<div class=\"mb-2 flex gap-3 -ml-2\">\n<div class=\"flex items-center justify-start rounded-xl p-1\">\n<div class=\"flex items-center\"><button class=\"rounded-lg text-token-text-secondary hover:bg-token-main-surface-secondary\" aria-label=\"Read aloud\" data-testid=\"voice-play-turn-action-button\">\u00a0<\/button><\/div>\n<\/div>\n<\/div>\n<\/div>\n<\/div>\n<\/div>\n<\/div>\n<\/article>\n<\/div>\n<\/div>\n<\/div>\n<\/div>\n<\/div>\n<\/div>\n<\/div>\n<\/div>\n<\/div>\n<\/div>\n<\/div>\n<\/div>\n<\/article>\n<\/div>\n<\/div>\n<\/div>\n<\/div>\n<\/div>\n<\/div>\n<\/div>\n<\/div>\n<\/div>\n<\/div>\n<\/div>\n<\/div>\n<\/article>\n","protected":false},"excerpt":{"rendered":"<div class=\"flex max-w-full flex-col flex-grow\">\n<div class=\"min-h-8 text-message relative flex w-full flex-col items-end gap-2 whitespace-normal break-words text-start [.text-message+&amp;]:mt-5\" dir=\"auto\" data-message-author-role=\"assistant\" data-message-id=\"72a3a842-b2bf-4ef5-866e-d52969b88ecf\" data-message-model-slug=\"gpt-4o\">\n<div class=\"flex w-full flex-col gap-1 empty:hidden first:pt-[3px]\">\n<div class=\"markdown prose w-full break-words dark:prose-invert light\">\n<p class=\"\" data-start=\"0\" data-end=\"200\"><strong data-start=\"0\" data-end=\"74\">NUMEE GLOW UP START FRESH ULTRA MILD VEIDO PRAUSIKLIS \u2013 150 ml<\/strong><\/p>\n<p class=\"\" data-start=\"0\" data-end=\"200\"><br data-start=\"74\" data-end=\"77\" \/><strong data-start=\"77\" data-end=\"200\">Profesionalus veido prausiklis | Draugi\u0161ki mikrobiotai | Be SLES | Dermatologi\u0161kai patikrintas | Pagamintas Ispanijoje<\/strong><\/p>\n<p class=\"\" data-start=\"202\" data-end=\"530\"><strong data-start=\"202\" data-end=\"242\">NUMEE Glow Up Start Fresh Ultra Mild<\/strong> \u2013 tai <strong data-start=\"249\" data-end=\"290\">profesionalaus lygio veido prausiklis<\/strong>, sukurtas dermatolog\u0173 bendradarbiaujant su laboratorijomis Ispanijoje. \u0160velni, <strong data-start=\"370\" data-end=\"412\">be kvapi\u0173j\u0173 med\u017eiag\u0173 ir sulfat\u0173 (SLES)<\/strong> formul\u0117 u\u017etikrina efektyv\u0173, ta\u010diau <strong data-start=\"448\" data-end=\"475\">odai itin \u0161veln\u0173 valym\u0105<\/strong>, nepa\u017eeid\u017eiant nat\u016bralaus odos barjero ir mikrobiotos.<\/p>\n<p class=\"\" data-start=\"532\" data-end=\"720\">Idealiai tinka naudoti <strong data-start=\"555\" data-end=\"599\">klinikin\u0117je, estetin\u0117je ar SPA aplinkoje<\/strong> kaip pirmasis \u017eingsnis profesionaliose odos prie\u017ei\u016bros proced\u016brose arba kaip <strong data-start=\"677\" data-end=\"719\">nam\u0173 prie\u017ei\u016bros priemon\u0117 jautriai odai<\/strong>.<\/p>\n<h3 data-start=\"727\" data-end=\"768\"><\/h3>\n<h3 class=\"\" data-start=\"727\" data-end=\"768\">\ud83d\udd2c Pagrindin\u0117s veikliosios med\u017eiagos:<\/h3>\n<ul data-start=\"770\" data-end=\"1377\">\n<li class=\"\" data-start=\"770\" data-end=\"1000\">\n<p class=\"\" data-start=\"772\" data-end=\"1000\"><strong data-start=\"772\" data-end=\"822\">Plantapon\u00ae SF (35 %) + Lamesoft\u00ae PO 65 (2,5 %)<\/strong><br data-start=\"822\" data-end=\"825\" \/><strong data-start=\"827\" data-end=\"883\">Ypa\u010d \u0161velnus pavir\u0161inio aktyvumo med\u017eiag\u0173 kompleksas<\/strong>, i\u0161gautas i\u0161 <strong data-start=\"897\" data-end=\"923\">kokoso ir cukranendri\u0173<\/strong>. Efektyviai pa\u0161alina ne\u0161varumus, <strong data-start=\"957\" data-end=\"999\">nepa\u017eeisdamas odos lipidinio sluoksnio<\/strong>.<\/p>\n<\/li>\n<li class=\"\" data-start=\"1002\" data-end=\"1205\">\n<p class=\"\" data-start=\"1004\" data-end=\"1205\"><strong data-start=\"1004\" data-end=\"1040\">\u03b1-Gliukano oligosacharidas (1 %)<\/strong> \u2013 Prebiotinis kompleksas<br data-start=\"1065\" data-end=\"1068\" \/>Padeda i\u0161laikyti ir palaikyti <strong data-start=\"1100\" data-end=\"1129\">nat\u016brali\u0105 odos mikroflor\u0105<\/strong>, stiprina apsaugin\u012f barjer\u0105, <strong data-start=\"1159\" data-end=\"1204\">gerina odos atsparum\u0105 aplinkos veiksniams<\/strong>.<\/p>\n<\/li>\n<li class=\"\" data-start=\"1207\" data-end=\"1377\">\n<p class=\"\" data-start=\"1209\" data-end=\"1377\"><strong data-start=\"1209\" data-end=\"1247\">Daugiamineralinis kompleksas (1 %)<\/strong> \u2013 cinkas, varis, magnis<br data-start=\"1271\" data-end=\"1274\" \/>Skatina <strong data-start=\"1284\" data-end=\"1310\">l\u0105steli\u0173 atsinaujinim\u0105<\/strong>, pagerina <strong data-start=\"1321\" data-end=\"1349\">odos tonus\u0105 ir skaistum\u0105<\/strong>, palaiko sveik\u0105 odos b\u016bkl\u0119.<\/p>\n<\/li>\n<\/ul>\n<\/div>\n<\/div>\n<\/div>\n<\/div>\n","protected":false},"featured_media":13847,"comment_status":"open","ping_status":"closed","template":"","meta":[],"product_brand":[],"product_cat":[43,212],"product_tag":[],"class_list":{"0":"post-13845","1":"product","2":"type-product","3":"status-publish","4":"has-post-thumbnail","6":"product_cat-grozis","7":"product_cat-veido-prieziuros-priemones","9":"first","10":"instock","11":"taxable","12":"shipping-taxable","13":"purchasable","14":"product-type-simple"},"_links":{"self":[{"href":"https:\/\/thequeenhouse.co.uk\/lt\/wp-json\/wp\/v2\/product\/13845","targetHints":{"allow":["GET"]}}],"collection":[{"href":"https:\/\/thequeenhouse.co.uk\/lt\/wp-json\/wp\/v2\/product"}],"about":[{"href":"https:\/\/thequeenhouse.co.uk\/lt\/wp-json\/wp\/v2\/types\/product"}],"replies":[{"embeddable":true,"href":"https:\/\/thequeenhouse.co.uk\/lt\/wp-json\/wp\/v2\/comments?post=13845"}],"wp:featuredmedia":[{"embeddable":true,"href":"https:\/\/thequeenhouse.co.uk\/lt\/wp-json\/wp\/v2\/media\/13847"}],"wp:attachment":[{"href":"https:\/\/thequeenhouse.co.uk\/lt\/wp-json\/wp\/v2\/media?parent=13845"}],"wp:term":[{"taxonomy":"product_brand","embeddable":true,"href":"https:\/\/thequeenhouse.co.uk\/lt\/wp-json\/wp\/v2\/product_brand?post=13845"},{"taxonomy":"product_cat","embeddable":true,"href":"https:\/\/thequeenhouse.co.uk\/lt\/wp-json\/wp\/v2\/product_cat?post=13845"},{"taxonomy":"product_tag","embeddable":true,"href":"https:\/\/thequeenhouse.co.uk\/lt\/wp-json\/wp\/v2\/product_tag?post=13845"}],"curies":[{"name":"wp","href":"https:\/\/api.w.org\/{rel}","templated":true}]}}