{"id":13849,"date":"2025-03-23T14:47:49","date_gmt":"2025-03-23T13:47:49","guid":{"rendered":"https:\/\/thequeenhouse.co.uk\/?post_type=product&#038;p=13849"},"modified":"2025-03-23T15:00:35","modified_gmt":"2025-03-23T14:00:35","slug":"numee-atgaivinantis-veido-prausiklis-glow-up-start-fresh-ultra-mild-150ml-copy","status":"publish","type":"product","link":"https:\/\/thequeenhouse.co.uk\/lt\/produktas\/numee-atgaivinantis-veido-prausiklis-glow-up-start-fresh-ultra-mild-150ml-copy\/","title":{"rendered":"MIA MAKEUP &#8211; Micelinis Vanduo 3-IN-1- Ypa\u010d Jautriai ir Sausai Oda"},"content":{"rendered":"<p class=\"\" data-start=\"0\" data-end=\"211\"><strong data-start=\"0\" data-end=\"38\">MIA MAKEUP MICELINIS VANDUO 3-IN-1<\/strong><br data-start=\"38\" data-end=\"41\" \/><strong data-start=\"41\" data-end=\"153\">Profesionalus micelinis valomasis sprendimas | Gilus makia\u017eo pa\u0161alinimas + Dr\u0117kinimas + Raminamoji prie\u017ei\u016bra<\/strong><br data-start=\"153\" data-end=\"156\" \/><strong data-start=\"156\" data-end=\"211\">Tinka vis\u0173 tip\u0173 odai \u2013 ypa\u010d jautriai ir sausai odai<\/strong><\/p>\n<p class=\"\" data-start=\"213\" data-end=\"641\">Pagerinkite savo odos prie\u017ei\u016bros rutin\u0105 ar klient\u0173 aptarnavimo protokolus su <strong data-start=\"290\" data-end=\"330\">MIA MAKEUP Miceliniu vandeniu 3-in-1<\/strong> \u2013 tai <strong data-start=\"337\" data-end=\"392\">auk\u0161to veiksmingumo micelinis valiklis be skalavimo<\/strong>, sukurtas u\u017etikrinti <strong data-start=\"414\" data-end=\"454\">SPA lygio rezultatus kiekvien\u0105 kart\u0105<\/strong>. \u0160i pa\u017eangi formul\u0117 <strong data-start=\"475\" data-end=\"517\">pa\u0161alina net vandeniui atspar\u0173 makia\u017e\u0105<\/strong>, <strong data-start=\"519\" data-end=\"538\">giliai valo od\u0105<\/strong> ir <strong data-start=\"542\" data-end=\"613\">prisotina j\u0105 dr\u0117kinan\u010diais bei raminan\u010diais augaliniais ekstraktais<\/strong> \u2013 viskas viename \u017eingsnyje.<\/p>\n<p class=\"\" data-start=\"643\" data-end=\"831\">Puikiai tinka kasdieniam naudojimui profesionalioje aplinkoje arba kaip <strong data-start=\"715\" data-end=\"758\">pirmasis \u017eingsnis prie\u0161 odos proced\u016bras<\/strong>. Oda lieka \u0161vari, gaivi ir subalansuota \u2013 be tempimo ar lipnumo poj\u016b\u010dio.<\/p>\n<p data-start=\"643\" data-end=\"831\">\n<h3 class=\"\" data-start=\"838\" data-end=\"891\">\ud83c\udf38 Pagrindin\u0117s veikliosios med\u017eiagos ir j\u0173 nauda:<\/h3>\n<p class=\"\" data-start=\"893\" data-end=\"1022\"><strong data-start=\"893\" data-end=\"927\">Rosa Centifolia (Ro\u017ei\u0173 vanduo)<\/strong><br data-start=\"927\" data-end=\"930\" \/>\u0160velniai tonizuoja, mink\u0161tina od\u0105 ir ma\u017eina paraudim\u0105, suteikia prabang\u0173 poj\u016bt\u012f valymo metu.<\/p>\n<p class=\"\" data-start=\"1024\" data-end=\"1182\"><strong data-start=\"1024\" data-end=\"1051\">Hamamelis (Witch Hazel)<\/strong><br data-start=\"1051\" data-end=\"1054\" \/>Nat\u016braliai sutraukiantis ir prie\u0161u\u017edegiminis ingredientas, padedantis valyti poras ir raminti sudirgusi\u0105 ar \u012f akn\u0119 linkusi\u0105 od\u0105.<\/p>\n<p class=\"\" data-start=\"1184\" data-end=\"1342\"><strong data-start=\"1184\" data-end=\"1205\">Hialurono r\u016bg\u0161tis<\/strong><br data-start=\"1205\" data-end=\"1208\" \/>Dr\u0117gm\u0119 sulaikantis komponentas, kuris <strong data-start=\"1246\" data-end=\"1283\">padeda i\u0161laikyti odos elastingum\u0105<\/strong>, saugo nuo i\u0161saus\u0117jimo, da\u017enai sukeliamo \u012fprast\u0173 valikli\u0173.<\/p>\n<p data-start=\"1184\" data-end=\"1342\">\n<h3 class=\"\" data-start=\"1349\" data-end=\"1382\">\ud83d\udcbc Privalumai profesionalams:<\/h3>\n<p class=\"\" data-start=\"1384\" data-end=\"1737\">\u2705 <strong data-start=\"1386\" data-end=\"1410\">3-j\u0173 veiksm\u0173 formul\u0117<\/strong> \u2013 pa\u0161alina makia\u017e\u0105, giliai valo ir dr\u0117kina<br data-start=\"1453\" data-end=\"1456\" \/>\u2705 Klini\u0161kai saugus naudoti aplink akis ir l\u016bpas<br data-start=\"1503\" data-end=\"1506\" \/>\u2705 Palieka od\u0105 \u0161velni\u0105, lygi\u0105 ir paruo\u0161t\u0105 tolimesnei prie\u017ei\u016brai ar makia\u017eui<br data-start=\"1580\" data-end=\"1583\" \/>\u2705 <strong data-start=\"1585\" data-end=\"1601\">Be alkoholio<\/strong>, <strong data-start=\"1603\" data-end=\"1619\">be kvapikli\u0173<\/strong>, dermatologi\u0161kai patikrintas<br data-start=\"1648\" data-end=\"1651\" \/>\u2705 Saugus kasdieniam klient\u0173 naudojimui ar rekomendacijai kaip nam\u0173 prie\u017ei\u016bros priemon\u0117<\/p>\n<p data-start=\"1384\" data-end=\"1737\">\n<h3 class=\"\" data-start=\"1744\" data-end=\"1772\">\ud83e\uddf4 Naudojimo protokolas:<\/h3>\n<ol data-start=\"1774\" data-end=\"2039\">\n<li class=\"\" data-start=\"1774\" data-end=\"1839\">\n<p class=\"\" data-start=\"1777\" data-end=\"1839\">Sudr\u0117kinkite vatos diskel\u012f <strong data-start=\"1804\" data-end=\"1837\">MIA MAKEUP miceliniu vandeniu<\/strong><\/p>\n<\/li>\n<li class=\"\" data-start=\"1840\" data-end=\"1940\">\n<p class=\"\" data-start=\"1843\" data-end=\"1940\">\u0160velniai nuvalykite veid\u0105, akis ir l\u016bpas, kol visi makia\u017eo liku\u010diai ir ne\u0161varumai bus pa\u0161alinti<\/p>\n<\/li>\n<li class=\"\" data-start=\"1941\" data-end=\"2039\">\n<p class=\"\" data-start=\"1944\" data-end=\"2039\"><strong data-start=\"1944\" data-end=\"1965\">Nereikia skalauti<\/strong> \u2013 idealiai tinka greitam, bet efektyviam odos paruo\u0161imui prie\u0161 proced\u016bras<\/p>\n<\/li>\n<\/ol>\n<p>&nbsp;<\/p>\n<p class=\"\" data-start=\"2046\" data-end=\"2205\"><strong data-start=\"2046\" data-end=\"2084\">MIA MAKEUP Micelinis vanduo 3-in-1<\/strong> sujungia dermatologi\u0161kai saugi\u0105 formul\u0119, augalini\u0173 komponent\u0173 komfort\u0105 ir <strong data-start=\"2159\" data-end=\"2204\">profesionalios odos prie\u017ei\u016bros efektyvum\u0105<\/strong>.<\/p>\n<p class=\"\" data-start=\"2207\" data-end=\"2297\">\ud83d\udda4 <strong data-start=\"2210\" data-end=\"2233\">Pagaminta Italijoje<\/strong><br data-start=\"2233\" data-end=\"2236\" \/><strong data-start=\"2236\" data-end=\"2297\" data-is-last-node=\"\">\u0160vari oda. Rami oda. Tobulas paruo\u0161imas. \u2013 Su MIA MAKEUP.<\/strong><\/p>\n","protected":false},"excerpt":{"rendered":"<p class=\"\" data-start=\"0\" data-end=\"211\"><strong data-start=\"0\" data-end=\"38\">MIA MAKEUP MICELINIS VANDUO 3-IN-1<\/strong><br data-start=\"38\" data-end=\"41\" \/><strong data-start=\"41\" data-end=\"153\">Profesionalus micelinis valomasis sprendimas | Gilus makia\u017eo pa\u0161alinimas + Dr\u0117kinimas + Raminamoji prie\u017ei\u016bra<\/strong><br data-start=\"153\" data-end=\"156\" \/><strong data-start=\"156\" data-end=\"211\">Tinka vis\u0173 tip\u0173 odai \u2013 ypa\u010d jautriai ir sausai odai<\/strong><\/p>\n<p class=\"\" data-start=\"213\" data-end=\"641\">Pagerinkite savo odos prie\u017ei\u016bros rutin\u0105 ar klient\u0173 aptarnavimo protokolus su <strong data-start=\"290\" data-end=\"330\">MIA MAKEUP Miceliniu vandeniu 3-in-1<\/strong> \u2013 tai <strong data-start=\"337\" data-end=\"392\">auk\u0161to veiksmingumo micelinis valiklis be skalavimo<\/strong>, sukurtas u\u017etikrinti <strong data-start=\"414\" data-end=\"454\">SPA lygio rezultatus kiekvien\u0105 kart\u0105<\/strong>. \u0160i pa\u017eangi formul\u0117 <strong data-start=\"475\" data-end=\"517\">pa\u0161alina net vandeniui atspar\u0173 makia\u017e\u0105<\/strong>, <strong data-start=\"519\" data-end=\"538\">giliai valo od\u0105<\/strong> ir <strong data-start=\"542\" data-end=\"613\">prisotina j\u0105 dr\u0117kinan\u010diais bei raminan\u010diais augaliniais ekstraktais<\/strong> \u2013 viskas viename \u017eingsnyje.<\/p>\n<p class=\"\" data-start=\"643\" data-end=\"831\">Puikiai tinka kasdieniam naudojimui profesionalioje aplinkoje arba kaip <strong data-start=\"715\" data-end=\"758\">pirmasis \u017eingsnis prie\u0161 odos proced\u016bras<\/strong>. Oda lieka \u0161vari, gaivi ir subalansuota \u2013 be tempimo ar lipnumo poj\u016b\u010dio.<\/p>\n<p data-start=\"643\" data-end=\"831\">\n<h3 class=\"\" data-start=\"838\" data-end=\"891\">\ud83c\udf38 Pagrindin\u0117s veikliosios med\u017eiagos ir j\u0173 nauda:<\/h3>\n<p class=\"\" data-start=\"893\" data-end=\"1022\"><strong data-start=\"893\" data-end=\"927\">Rosa Centifolia (Ro\u017ei\u0173 vanduo)<\/strong><br data-start=\"927\" data-end=\"930\" \/>\u0160velniai tonizuoja, mink\u0161tina od\u0105 ir ma\u017eina paraudim\u0105, suteikia prabang\u0173 poj\u016bt\u012f valymo metu.<\/p>\n<p class=\"\" data-start=\"1024\" data-end=\"1182\"><strong data-start=\"1024\" data-end=\"1051\">Hamamelis (Witch Hazel)<\/strong><br data-start=\"1051\" data-end=\"1054\" \/>Nat\u016braliai sutraukiantis ir prie\u0161u\u017edegiminis ingredientas, padedantis valyti poras ir raminti sudirgusi\u0105 ar \u012f akn\u0119 linkusi\u0105 od\u0105.<\/p>\n<p class=\"\" data-start=\"1184\" data-end=\"1342\"><strong data-start=\"1184\" data-end=\"1205\">Hialurono r\u016bg\u0161tis<\/strong><br data-start=\"1205\" data-end=\"1208\" \/>Dr\u0117gm\u0119 sulaikantis komponentas, kuris <strong data-start=\"1246\" data-end=\"1283\">padeda i\u0161laikyti odos elastingum\u0105<\/strong>, saugo nuo i\u0161saus\u0117jimo, da\u017enai sukeliamo \u012fprast\u0173 valikli\u0173.<\/p>\n<p data-start=\"1184\" data-end=\"1342\">\n<h3 class=\"\" data-start=\"1349\" data-end=\"1382\">\ud83d\udcbc Privalumai profesionalams:<\/h3>\n<p class=\"\" data-start=\"1384\" data-end=\"1737\">\u2705 <strong data-start=\"1386\" data-end=\"1410\">3-j\u0173 veiksm\u0173 formul\u0117<\/strong> \u2013 pa\u0161alina makia\u017e\u0105, giliai valo ir dr\u0117kina<br data-start=\"1453\" data-end=\"1456\" \/>\u2705 Klini\u0161kai saugus naudoti aplink akis ir l\u016bpas<br data-start=\"1503\" data-end=\"1506\" \/>\u2705 Palieka od\u0105 \u0161velni\u0105, lygi\u0105 ir paruo\u0161t\u0105 tolimesnei prie\u017ei\u016brai ar makia\u017eui<br data-start=\"1580\" data-end=\"1583\" \/>\u2705 <strong data-start=\"1585\" data-end=\"1601\">Be alkoholio<\/strong>, <strong data-start=\"1603\" data-end=\"1619\">be kvapikli\u0173<\/strong>, dermatologi\u0161kai patikrintas<br data-start=\"1648\" data-end=\"1651\" \/>\u2705 Saugus kasdieniam klient\u0173 naudojimui ar rekomendacijai kaip nam\u0173 prie\u017ei\u016bros priemon\u0117<\/p>\n<p data-start=\"1384\" data-end=\"1737\">\n<h3 class=\"\" data-start=\"1744\" data-end=\"1772\">\ud83e\uddf4 Naudojimo protokolas:<\/h3>\n<ol data-start=\"1774\" data-end=\"2039\">\n<li class=\"\" data-start=\"1774\" data-end=\"1839\">\n<p class=\"\" data-start=\"1777\" data-end=\"1839\">Sudr\u0117kinkite vatos diskel\u012f <strong data-start=\"1804\" data-end=\"1837\">MIA MAKEUP miceliniu vandeniu<\/strong><\/p>\n<\/li>\n<li class=\"\" data-start=\"1840\" data-end=\"1940\">\n<p class=\"\" data-start=\"1843\" data-end=\"1940\">\u0160velniai nuvalykite veid\u0105, akis ir l\u016bpas, kol visi makia\u017eo liku\u010diai ir ne\u0161varumai bus pa\u0161alinti<\/p>\n<\/li>\n<li class=\"\" data-start=\"1941\" data-end=\"2039\">\n<p class=\"\" data-start=\"1944\" data-end=\"2039\"><strong data-start=\"1944\" data-end=\"1965\">Nereikia skalauti<\/strong> \u2013 idealiai tinka greitam, bet efektyviam odos paruo\u0161imui prie\u0161 proced\u016bras<\/p>\n<\/li>\n<\/ol>\n<p>&nbsp;<\/p>\n<p class=\"\" data-start=\"2046\" data-end=\"2205\"><strong data-start=\"2046\" data-end=\"2084\">MIA MAKEUP Micelinis vanduo 3-in-1<\/strong> sujungia dermatologi\u0161kai saugi\u0105 formul\u0119, augalini\u0173 komponent\u0173 komfort\u0105 ir <strong data-start=\"2159\" data-end=\"2204\">profesionalios odos prie\u017ei\u016bros efektyvum\u0105<\/strong>.<\/p>\n<p class=\"\" data-start=\"2207\" data-end=\"2297\">\ud83d\udda4 <strong data-start=\"2210\" data-end=\"2233\">Pagaminta Italijoje<\/strong><br data-start=\"2233\" data-end=\"2236\" \/><strong data-start=\"2236\" data-end=\"2297\" data-is-last-node=\"\">\u0160vari oda. Rami oda. Tobulas paruo\u0161imas. \u2013 Su MIA MAKEUP.<\/strong><\/p>\n","protected":false},"featured_media":13851,"comment_status":"open","ping_status":"closed","template":"","meta":[],"product_brand":[],"product_cat":[43,212],"product_tag":[],"class_list":{"0":"post-13849","1":"product","2":"type-product","3":"status-publish","4":"has-post-thumbnail","6":"product_cat-grozis","7":"product_cat-veido-prieziuros-priemones","9":"first","10":"instock","11":"taxable","12":"shipping-taxable","13":"purchasable","14":"product-type-simple"},"_links":{"self":[{"href":"https:\/\/thequeenhouse.co.uk\/lt\/wp-json\/wp\/v2\/product\/13849","targetHints":{"allow":["GET"]}}],"collection":[{"href":"https:\/\/thequeenhouse.co.uk\/lt\/wp-json\/wp\/v2\/product"}],"about":[{"href":"https:\/\/thequeenhouse.co.uk\/lt\/wp-json\/wp\/v2\/types\/product"}],"replies":[{"embeddable":true,"href":"https:\/\/thequeenhouse.co.uk\/lt\/wp-json\/wp\/v2\/comments?post=13849"}],"wp:featuredmedia":[{"embeddable":true,"href":"https:\/\/thequeenhouse.co.uk\/lt\/wp-json\/wp\/v2\/media\/13851"}],"wp:attachment":[{"href":"https:\/\/thequeenhouse.co.uk\/lt\/wp-json\/wp\/v2\/media?parent=13849"}],"wp:term":[{"taxonomy":"product_brand","embeddable":true,"href":"https:\/\/thequeenhouse.co.uk\/lt\/wp-json\/wp\/v2\/product_brand?post=13849"},{"taxonomy":"product_cat","embeddable":true,"href":"https:\/\/thequeenhouse.co.uk\/lt\/wp-json\/wp\/v2\/product_cat?post=13849"},{"taxonomy":"product_tag","embeddable":true,"href":"https:\/\/thequeenhouse.co.uk\/lt\/wp-json\/wp\/v2\/product_tag?post=13849"}],"curies":[{"name":"wp","href":"https:\/\/api.w.org\/{rel}","templated":true}]}}