{"id":13855,"date":"2025-03-23T15:03:20","date_gmt":"2025-03-23T14:03:20","guid":{"rendered":"https:\/\/thequeenhouse.co.uk\/?post_type=product&#038;p=13855"},"modified":"2025-03-23T15:16:23","modified_gmt":"2025-03-23T14:16:23","slug":"mia-makeup-micelinis-vanduo-3-in-1-ypac-jautriai-ir-sausai-oda-copy","status":"publish","type":"product","link":"https:\/\/thequeenhouse.co.uk\/lt\/produktas\/mia-makeup-micelinis-vanduo-3-in-1-ypac-jautriai-ir-sausai-oda-copy\/","title":{"rendered":"LAISEVEN &#8211; Skystas Rank\u0173 Muilas Gervuogi\u0173 Kvapo 400ml"},"content":{"rendered":"<p class=\"\" data-start=\"0\" data-end=\"183\"><strong data-start=\"0\" data-end=\"65\">Laiseven \u2013 Kreminis rank\u0173 muilas su maloniu gervuogi\u0173 aromatu<\/strong><br data-start=\"65\" data-end=\"68\" \/>Sukurtas su augaliniu glicerinu, kuris dr\u0117kina ir \u0161velniai pri\u017ei\u016bri rank\u0173 od\u0105, palikdamas j\u0105 mink\u0161t\u0105 ir sudr\u0117kint\u0105.<\/p>\n<p class=\"\" data-start=\"185\" data-end=\"477\">\u012ene\u0161kite nat\u016bralios prie\u017ei\u016bros ir aromatingo malonumo \u012f savo kasdien\u0119 rank\u0173 plovimo rutin\u0105 su <strong data-start=\"279\" data-end=\"311\">LAISEVEN Blackberry &amp; Beauty<\/strong> skystu rank\u0173 muilu. Praturtintas <strong data-start=\"345\" data-end=\"375\">augalin\u0117s kilm\u0117s glicerinu<\/strong>, \u0161is \u0161velnus muilas <strong data-start=\"396\" data-end=\"430\">valo, dr\u0117kina ir mink\u0161tina od\u0105<\/strong>, tuo pa\u010diu palikdamas subtil\u0173 gervuogi\u0173 kvap\u0105.<\/p>\n<p data-start=\"185\" data-end=\"477\">\n<h3 class=\"\" data-start=\"484\" data-end=\"515\">\ud83c\udf3f Pagrindiniai privalumai:<\/h3>\n<ul data-start=\"517\" data-end=\"892\">\n<li class=\"\" data-start=\"517\" data-end=\"611\">\n<p class=\"\" data-start=\"519\" data-end=\"611\">Praturtintas dr\u0117kinan\u010diu glicerinu, padedan\u010diu i\u0161laikyti odos mink\u0161tum\u0105 ir dr\u0117gm\u0117s balans\u0105<\/p>\n<\/li>\n<li class=\"\" data-start=\"612\" data-end=\"683\">\n<p class=\"\" data-start=\"614\" data-end=\"683\">Efektyviai pa\u0161alina ne\u0161varumus, i\u0161lieka \u0161velnus visiems odos tipams<\/p>\n<\/li>\n<li class=\"\" data-start=\"684\" data-end=\"739\">\n<p class=\"\" data-start=\"686\" data-end=\"739\">Rankos lieka \u0161varios, gaivios ir subtiliai kvapnios<\/p>\n<\/li>\n<li class=\"\" data-start=\"740\" data-end=\"828\">\n<p class=\"\" data-start=\"742\" data-end=\"828\">Tinka kasdieniam naudojimui \u2013 tiek namuose, tiek gro\u017eio salonuose ar vie\u0161ose vietose<\/p>\n<\/li>\n<li class=\"\" data-start=\"829\" data-end=\"892\">\n<p class=\"\" data-start=\"831\" data-end=\"892\">Pagamintas i\u0161 nat\u016brali\u0173 ingredient\u0173 \u2013 saugus odai ir aplinkai<\/p>\n<\/li>\n<\/ul>\n<p>&nbsp;<\/p>\n<h3 class=\"\" data-start=\"899\" data-end=\"934\">\u2705 Kod\u0117l verta rinktis LAISEVEN:<\/h3>\n<ul data-start=\"936\" data-end=\"1174\">\n<li class=\"\" data-start=\"936\" data-end=\"974\">\n<p class=\"\" data-start=\"938\" data-end=\"974\">100 % <strong data-start=\"944\" data-end=\"972\">veganams tinkama formul\u0117<\/strong><\/p>\n<\/li>\n<li class=\"\" data-start=\"975\" data-end=\"1023\">\n<p class=\"\" data-start=\"977\" data-end=\"1023\"><strong data-start=\"977\" data-end=\"999\">Ekologi\u0161ka pakuot\u0117<\/strong> \u2013 perdirbama ir tvari<\/p>\n<\/li>\n<li class=\"\" data-start=\"1024\" data-end=\"1092\">\n<p class=\"\" data-start=\"1026\" data-end=\"1092\">Kuriamas su pagarba <strong data-start=\"1046\" data-end=\"1090\">etikai, inovacijoms ir aplinkos apsaugai<\/strong><\/p>\n<\/li>\n<li class=\"\" data-start=\"1093\" data-end=\"1174\">\n<p class=\"\" data-start=\"1095\" data-end=\"1174\"><strong data-start=\"1095\" data-end=\"1113\">ECOEMBES narys<\/strong> \u2013 remia ekologi\u0161k\u0105 dizain\u0105 ir pakuo\u010di\u0173 perdirbim\u0105 Ispanijoje<\/p>\n<\/li>\n<\/ul>\n<p>&nbsp;<\/p>\n<p><strong data-start=\"1181\" data-end=\"1246\">LAISEVEN \u2013 Nat\u016brali prie\u017ei\u016bra, gerbianti J\u016bs\u0173 od\u0105 ir planet\u0105.<\/strong><br data-start=\"1246\" data-end=\"1249\" \/>Atraskite paprast\u0173, jutimini\u0173 akimirk\u0173 gro\u017e\u012f \u2013 vienas rank\u0173 plovimas gali tapti malonia patirtimi.<\/p>\n<ul class=\"producto-icns\">\n<li><span class=\"icn\"><img decoding=\"async\" class=\"producto-icn lazyload\" data-src=\"https:\/\/laiseven.com\/app\/uploads\/2020\/11\/natural.svg\" alt=\"\" width=\"33\" height=\"33\" src=\"data:image\/svg+xml;base64,PHN2ZyB3aWR0aD0iMSIgaGVpZ2h0PSIxIiB4bWxucz0iaHR0cDovL3d3dy53My5vcmcvMjAwMC9zdmciPjwvc3ZnPg==\" style=\"--smush-placeholder-width: 33px; --smush-placeholder-aspect-ratio: 33\/33;\"> \u00a0<\/span><span class=\"desc\">Natural<\/span><\/li>\n<li><span class=\"icn\"><img decoding=\"async\" class=\"producto-icn lazyload\" data-src=\"https:\/\/laiseven.com\/app\/uploads\/2020\/11\/vegan.svg\" alt=\"\" width=\"33\" height=\"33\" src=\"data:image\/svg+xml;base64,PHN2ZyB3aWR0aD0iMSIgaGVpZ2h0PSIxIiB4bWxucz0iaHR0cDovL3d3dy53My5vcmcvMjAwMC9zdmciPjwvc3ZnPg==\" style=\"--smush-placeholder-width: 33px; --smush-placeholder-aspect-ratio: 33\/33;\"> \u00a0<\/span><span class=\"desc\">Vegan<\/span><\/li>\n<li><span class=\"icn\"><img decoding=\"async\" class=\"producto-icn lazyload\" data-src=\"https:\/\/laiseven.com\/app\/uploads\/2021\/08\/cruelty-free.svg\" alt=\"\" width=\"33\" height=\"33\" src=\"data:image\/svg+xml;base64,PHN2ZyB3aWR0aD0iMSIgaGVpZ2h0PSIxIiB4bWxucz0iaHR0cDovL3d3dy53My5vcmcvMjAwMC9zdmciPjwvc3ZnPg==\" style=\"--smush-placeholder-width: 33px; --smush-placeholder-aspect-ratio: 33\/33;\"> \u00a0<\/span><span class=\"desc\">Cruelty free<\/span><\/li>\n<li><span class=\"icn\"><img decoding=\"async\" class=\"producto-icn lazyload\" data-src=\"https:\/\/laiseven.com\/app\/uploads\/2020\/11\/innovation.svg\" alt=\"\" width=\"33\" height=\"33\" src=\"data:image\/svg+xml;base64,PHN2ZyB3aWR0aD0iMSIgaGVpZ2h0PSIxIiB4bWxucz0iaHR0cDovL3d3dy53My5vcmcvMjAwMC9zdmciPjwvc3ZnPg==\" style=\"--smush-placeholder-width: 33px; --smush-placeholder-aspect-ratio: 33\/33;\"> \u00a0<\/span><span class=\"desc\">Innovation<\/span><\/li>\n<li><span class=\"icn\"><img decoding=\"async\" class=\"producto-icn lazyload\" data-src=\"https:\/\/laiseven.com\/app\/uploads\/2020\/11\/sostenible-icn-1.svg\" alt=\"\" width=\"33\" height=\"33\" src=\"data:image\/svg+xml;base64,PHN2ZyB3aWR0aD0iMSIgaGVpZ2h0PSIxIiB4bWxucz0iaHR0cDovL3d3dy53My5vcmcvMjAwMC9zdmciPjwvc3ZnPg==\" style=\"--smush-placeholder-width: 33px; --smush-placeholder-aspect-ratio: 33\/33;\"> \u00a0<\/span><span class=\"desc\">Recyclable<\/span><\/li>\n<li><span class=\"icn\"><img decoding=\"async\" class=\"producto-icn lazyload\" data-src=\"https:\/\/laiseven.com\/app\/uploads\/2020\/11\/healthy.svg\" alt=\"\" width=\"33\" height=\"33\" src=\"data:image\/svg+xml;base64,PHN2ZyB3aWR0aD0iMSIgaGVpZ2h0PSIxIiB4bWxucz0iaHR0cDovL3d3dy53My5vcmcvMjAwMC9zdmciPjwvc3ZnPg==\" style=\"--smush-placeholder-width: 33px; --smush-placeholder-aspect-ratio: 33\/33;\"> \u00a0<\/span><span class=\"desc\">Health<\/span><\/li>\n<li><span class=\"icn\"><img decoding=\"async\" class=\"producto-icn lazyload\" data-src=\"https:\/\/laiseven.com\/app\/uploads\/2022\/03\/etica.svg\" alt=\"\" width=\"33\" height=\"33\" src=\"data:image\/svg+xml;base64,PHN2ZyB3aWR0aD0iMSIgaGVpZ2h0PSIxIiB4bWxucz0iaHR0cDovL3d3dy53My5vcmcvMjAwMC9zdmciPjwvc3ZnPg==\" style=\"--smush-placeholder-width: 33px; --smush-placeholder-aspect-ratio: 33\/33;\"> \u00a0<\/span><span class=\"desc\">Ethics and sustainability<\/span><\/li>\n<li><span class=\"icn\"><img decoding=\"async\" class=\"producto-icn lazyload\" data-src=\"https:\/\/laiseven.com\/app\/uploads\/2022\/03\/made-in-spain.svg\" alt=\"\" width=\"33\" height=\"33\" src=\"data:image\/svg+xml;base64,PHN2ZyB3aWR0aD0iMSIgaGVpZ2h0PSIxIiB4bWxucz0iaHR0cDovL3d3dy53My5vcmcvMjAwMC9zdmciPjwvc3ZnPg==\" style=\"--smush-placeholder-width: 33px; --smush-placeholder-aspect-ratio: 33\/33;\"> \u00a0<\/span><span class=\"desc\">Made in Spain<\/span><\/li>\n<\/ul>\n","protected":false},"excerpt":{"rendered":"<p class=\"\" data-start=\"0\" data-end=\"183\"><strong data-start=\"0\" data-end=\"65\">Laiseven \u2013 Kreminis rank\u0173 muilas su maloniu gervuogi\u0173 aromatu<\/strong><br data-start=\"65\" data-end=\"68\" \/>Sukurtas su augaliniu glicerinu, kuris dr\u0117kina ir \u0161velniai pri\u017ei\u016bri rank\u0173 od\u0105, palikdamas j\u0105 mink\u0161t\u0105 ir sudr\u0117kint\u0105.<\/p>\n<p class=\"\" data-start=\"185\" data-end=\"477\">\u012ene\u0161kite nat\u016bralios prie\u017ei\u016bros ir aromatingo malonumo \u012f savo kasdien\u0119 rank\u0173 plovimo rutin\u0105 su <strong data-start=\"279\" data-end=\"311\">LAISEVEN Blackberry &amp; Beauty<\/strong> skystu rank\u0173 muilu. Praturtintas <strong data-start=\"345\" data-end=\"375\">augalin\u0117s kilm\u0117s glicerinu<\/strong>, \u0161is \u0161velnus muilas <strong data-start=\"396\" data-end=\"430\">valo, dr\u0117kina ir mink\u0161tina od\u0105<\/strong>, tuo pa\u010diu palikdamas subtil\u0173 gervuogi\u0173 kvap\u0105.<\/p>\n<p data-start=\"185\" data-end=\"477\">\n<h3 class=\"\" data-start=\"484\" data-end=\"515\">\ud83c\udf3f Pagrindiniai privalumai:<\/h3>\n<ul data-start=\"517\" data-end=\"892\">\n<li class=\"\" data-start=\"517\" data-end=\"611\">\n<p class=\"\" data-start=\"519\" data-end=\"611\">Praturtintas dr\u0117kinan\u010diu glicerinu, padedan\u010diu i\u0161laikyti odos mink\u0161tum\u0105 ir dr\u0117gm\u0117s balans\u0105<\/p>\n<\/li>\n<li class=\"\" data-start=\"612\" data-end=\"683\">\n<p class=\"\" data-start=\"614\" data-end=\"683\">Efektyviai pa\u0161alina ne\u0161varumus, i\u0161lieka \u0161velnus visiems odos tipams<\/p>\n<\/li>\n<li class=\"\" data-start=\"684\" data-end=\"739\">\n<p class=\"\" data-start=\"686\" data-end=\"739\">Rankos lieka \u0161varios, gaivios ir subtiliai kvapnios<\/p>\n<\/li>\n<li class=\"\" data-start=\"740\" data-end=\"828\">\n<p class=\"\" data-start=\"742\" data-end=\"828\">Tinka kasdieniam naudojimui \u2013 tiek namuose, tiek gro\u017eio salonuose ar vie\u0161ose vietose<\/p>\n<\/li>\n<li class=\"\" data-start=\"829\" data-end=\"892\">\n<p class=\"\" data-start=\"831\" data-end=\"892\">Pagamintas i\u0161 nat\u016brali\u0173 ingredient\u0173 \u2013 saugus odai ir aplinkai<\/p>\n<\/li>\n<\/ul>\n<p>&nbsp;<\/p>\n<h3 class=\"\" data-start=\"899\" data-end=\"934\">\u2705 Kod\u0117l verta rinktis LAISEVEN:<\/h3>\n<ul data-start=\"936\" data-end=\"1174\">\n<li class=\"\" data-start=\"936\" data-end=\"974\">\n<p class=\"\" data-start=\"938\" data-end=\"974\">100 % <strong data-start=\"944\" data-end=\"972\">veganams tinkama formul\u0117<\/strong><\/p>\n<\/li>\n<li class=\"\" data-start=\"975\" data-end=\"1023\">\n<p class=\"\" data-start=\"977\" data-end=\"1023\"><strong data-start=\"977\" data-end=\"999\">Ekologi\u0161ka pakuot\u0117<\/strong> \u2013 perdirbama ir tvari<\/p>\n<\/li>\n<li class=\"\" data-start=\"1024\" data-end=\"1092\">\n<p class=\"\" data-start=\"1026\" data-end=\"1092\">Kuriamas su pagarba <strong data-start=\"1046\" data-end=\"1090\">etikai, inovacijoms ir aplinkos apsaugai<\/strong><\/p>\n<\/li>\n<li class=\"\" data-start=\"1093\" data-end=\"1174\">\n<p class=\"\" data-start=\"1095\" data-end=\"1174\"><strong data-start=\"1095\" data-end=\"1113\">ECOEMBES narys<\/strong> \u2013 remia ekologi\u0161k\u0105 dizain\u0105 ir pakuo\u010di\u0173 perdirbim\u0105 Ispanijoje<\/p>\n<\/li>\n<\/ul>\n<p>&nbsp;<\/p>\n<p><strong data-start=\"1181\" data-end=\"1246\">LAISEVEN \u2013 Nat\u016brali prie\u017ei\u016bra, gerbianti J\u016bs\u0173 od\u0105 ir planet\u0105.<\/strong><br data-start=\"1246\" data-end=\"1249\" \/>Atraskite paprast\u0173, jutimini\u0173 akimirk\u0173 gro\u017e\u012f \u2013 vienas rank\u0173 plovimas gali tapti malonia patirtimi.<\/p>\n<ul class=\"producto-icns\">\n<li><span class=\"icn\"><img decoding=\"async\" class=\"producto-icn lazyload\" data-src=\"https:\/\/laiseven.com\/app\/uploads\/2020\/11\/natural.svg\" alt=\"\" width=\"33\" height=\"33\" src=\"data:image\/svg+xml;base64,PHN2ZyB3aWR0aD0iMSIgaGVpZ2h0PSIxIiB4bWxucz0iaHR0cDovL3d3dy53My5vcmcvMjAwMC9zdmciPjwvc3ZnPg==\" style=\"--smush-placeholder-width: 33px; --smush-placeholder-aspect-ratio: 33\/33;\" \/> \u00a0<\/span><span class=\"desc\">Natural<\/span><\/li>\n<li><span class=\"icn\"><img decoding=\"async\" class=\"producto-icn lazyload\" data-src=\"https:\/\/laiseven.com\/app\/uploads\/2020\/11\/vegan.svg\" alt=\"\" width=\"33\" height=\"33\" src=\"data:image\/svg+xml;base64,PHN2ZyB3aWR0aD0iMSIgaGVpZ2h0PSIxIiB4bWxucz0iaHR0cDovL3d3dy53My5vcmcvMjAwMC9zdmciPjwvc3ZnPg==\" style=\"--smush-placeholder-width: 33px; --smush-placeholder-aspect-ratio: 33\/33;\" \/> \u00a0<\/span><span class=\"desc\">Vegan<\/span><\/li>\n<li><span class=\"icn\"><img decoding=\"async\" class=\"producto-icn lazyload\" data-src=\"https:\/\/laiseven.com\/app\/uploads\/2021\/08\/cruelty-free.svg\" alt=\"\" width=\"33\" height=\"33\" src=\"data:image\/svg+xml;base64,PHN2ZyB3aWR0aD0iMSIgaGVpZ2h0PSIxIiB4bWxucz0iaHR0cDovL3d3dy53My5vcmcvMjAwMC9zdmciPjwvc3ZnPg==\" style=\"--smush-placeholder-width: 33px; --smush-placeholder-aspect-ratio: 33\/33;\" \/> \u00a0<\/span><span class=\"desc\">Cruelty free<\/span><\/li>\n<li><span class=\"icn\"><img decoding=\"async\" class=\"producto-icn lazyload\" data-src=\"https:\/\/laiseven.com\/app\/uploads\/2020\/11\/innovation.svg\" alt=\"\" width=\"33\" height=\"33\" src=\"data:image\/svg+xml;base64,PHN2ZyB3aWR0aD0iMSIgaGVpZ2h0PSIxIiB4bWxucz0iaHR0cDovL3d3dy53My5vcmcvMjAwMC9zdmciPjwvc3ZnPg==\" style=\"--smush-placeholder-width: 33px; --smush-placeholder-aspect-ratio: 33\/33;\" \/> \u00a0<\/span><span class=\"desc\">Innovation<\/span><\/li>\n<li><span class=\"icn\"><img decoding=\"async\" class=\"producto-icn lazyload\" data-src=\"https:\/\/laiseven.com\/app\/uploads\/2020\/11\/sostenible-icn-1.svg\" alt=\"\" width=\"33\" height=\"33\" src=\"data:image\/svg+xml;base64,PHN2ZyB3aWR0aD0iMSIgaGVpZ2h0PSIxIiB4bWxucz0iaHR0cDovL3d3dy53My5vcmcvMjAwMC9zdmciPjwvc3ZnPg==\" style=\"--smush-placeholder-width: 33px; --smush-placeholder-aspect-ratio: 33\/33;\" \/> \u00a0<\/span><span class=\"desc\">Recyclable<\/span><\/li>\n<li><span class=\"icn\"><img decoding=\"async\" class=\"producto-icn lazyload\" data-src=\"https:\/\/laiseven.com\/app\/uploads\/2020\/11\/healthy.svg\" alt=\"\" width=\"33\" height=\"33\" src=\"data:image\/svg+xml;base64,PHN2ZyB3aWR0aD0iMSIgaGVpZ2h0PSIxIiB4bWxucz0iaHR0cDovL3d3dy53My5vcmcvMjAwMC9zdmciPjwvc3ZnPg==\" style=\"--smush-placeholder-width: 33px; --smush-placeholder-aspect-ratio: 33\/33;\" \/> \u00a0<\/span><span class=\"desc\">Health<\/span><\/li>\n<li><span class=\"icn\"><img decoding=\"async\" class=\"producto-icn lazyload\" data-src=\"https:\/\/laiseven.com\/app\/uploads\/2022\/03\/etica.svg\" alt=\"\" width=\"33\" height=\"33\" src=\"data:image\/svg+xml;base64,PHN2ZyB3aWR0aD0iMSIgaGVpZ2h0PSIxIiB4bWxucz0iaHR0cDovL3d3dy53My5vcmcvMjAwMC9zdmciPjwvc3ZnPg==\" style=\"--smush-placeholder-width: 33px; --smush-placeholder-aspect-ratio: 33\/33;\" \/> \u00a0<\/span><span class=\"desc\">Ethics and sustainability<\/span><\/li>\n<li><span class=\"icn\"><img decoding=\"async\" class=\"producto-icn lazyload\" data-src=\"https:\/\/laiseven.com\/app\/uploads\/2022\/03\/made-in-spain.svg\" alt=\"\" width=\"33\" height=\"33\" src=\"data:image\/svg+xml;base64,PHN2ZyB3aWR0aD0iMSIgaGVpZ2h0PSIxIiB4bWxucz0iaHR0cDovL3d3dy53My5vcmcvMjAwMC9zdmciPjwvc3ZnPg==\" style=\"--smush-placeholder-width: 33px; --smush-placeholder-aspect-ratio: 33\/33;\" \/> \u00a0<\/span><span class=\"desc\">Made in Spain<\/span><\/li>\n<\/ul>\n","protected":false},"featured_media":13859,"comment_status":"open","ping_status":"closed","template":"","meta":[],"product_brand":[],"product_cat":[43,212],"product_tag":[],"class_list":{"0":"post-13855","1":"product","2":"type-product","3":"status-publish","4":"has-post-thumbnail","6":"product_cat-grozis","7":"product_cat-veido-prieziuros-priemones","9":"first","10":"instock","11":"taxable","12":"shipping-taxable","13":"purchasable","14":"product-type-simple"},"_links":{"self":[{"href":"https:\/\/thequeenhouse.co.uk\/lt\/wp-json\/wp\/v2\/product\/13855","targetHints":{"allow":["GET"]}}],"collection":[{"href":"https:\/\/thequeenhouse.co.uk\/lt\/wp-json\/wp\/v2\/product"}],"about":[{"href":"https:\/\/thequeenhouse.co.uk\/lt\/wp-json\/wp\/v2\/types\/product"}],"replies":[{"embeddable":true,"href":"https:\/\/thequeenhouse.co.uk\/lt\/wp-json\/wp\/v2\/comments?post=13855"}],"wp:featuredmedia":[{"embeddable":true,"href":"https:\/\/thequeenhouse.co.uk\/lt\/wp-json\/wp\/v2\/media\/13859"}],"wp:attachment":[{"href":"https:\/\/thequeenhouse.co.uk\/lt\/wp-json\/wp\/v2\/media?parent=13855"}],"wp:term":[{"taxonomy":"product_brand","embeddable":true,"href":"https:\/\/thequeenhouse.co.uk\/lt\/wp-json\/wp\/v2\/product_brand?post=13855"},{"taxonomy":"product_cat","embeddable":true,"href":"https:\/\/thequeenhouse.co.uk\/lt\/wp-json\/wp\/v2\/product_cat?post=13855"},{"taxonomy":"product_tag","embeddable":true,"href":"https:\/\/thequeenhouse.co.uk\/lt\/wp-json\/wp\/v2\/product_tag?post=13855"}],"curies":[{"name":"wp","href":"https:\/\/api.w.org\/{rel}","templated":true}]}}