{"id":13954,"date":"2025-03-31T18:07:13","date_gmt":"2025-03-31T17:07:13","guid":{"rendered":"https:\/\/thequeenhouse.co.uk\/?post_type=product&#038;p=13954"},"modified":"2025-03-31T18:14:43","modified_gmt":"2025-03-31T17:14:43","slug":"numee-sleek-perfecting-facial-wash-50-ml","status":"publish","type":"product","link":"https:\/\/thequeenhouse.co.uk\/lt\/produktas\/numee-sleek-perfecting-facial-wash-50-ml\/","title":{"rendered":"Numee &#8211; SLEEK PERFECTING FACIAL WASH, 50 ml"},"content":{"rendered":"<p><strong>VEIDO PRAUSIKLIS:<\/strong><\/p>\n<p>Veido prausiklis yra praturtintas salicilo r\u016bg\u0161timi, kurio d\u0117ka oda tampa lygi ir spindinti. \u0160is veiksmingas produktas ne tik pa\u0161alina makia\u017e\u0105, bet ir kontroliuoja riebal\u0173 pertekli\u0173, suma\u017eina i\u0161sipl\u0117tusias poras, ink\u0161tirus, po spuog\u0173 paliktus randelius, sulygina odos atspalv\u012f. \u0160is ma\u017eas stebuklas, praturtintas galinga salicilo r\u016bg\u0161timi, suteikia jums puik\u0173 poveik\u012f. Tai lygi, \u0161vytinti oda keliaujant. \u0160is veido prausiklis atkem\u0161a poras, padeda i\u0161varyti ne\u0161varumus, tod\u0117l oda bus gaivi ir spindinti.<\/p>\n<p><strong>2% SALICILO R\u016aG\u0160TIS + 1%\u00a0 HAMAMELI\u0172 HIDROLATAS<\/strong><\/p>\n<p><strong>Salicilo r\u016bg\u0161tis:<\/strong>\u00a0\u0160i galinga priemon\u0117 \u012fsiskverbia giliai \u012f poras, pa\u0161alindama ne\u0161varumus ir riebal\u0173 pertekli\u0173. Nu\u0161vei\u010dia od\u0105 ir pa\u0161alina negyvas l\u0105steles.<br \/>\n<strong>Glicerinas:<\/strong>\u00a0\u0160is ingredientas padidina vandens kiek\u012f odoje ir i\u0161laiko j\u012f, mink\u0161ta, lygi ir dr\u0117kina. Padeda i\u0161laikyti optimali\u0105 odos b\u016bkl\u0119.<br \/>\n<strong>Hamameli\u0173 hidrolatas:<\/strong>\u00a0Jo savyb\u0117s kontroliuoja riebal\u0173 pertekli\u0173 ir suma\u017eina por\u0173 atsiradim\u0105. Pasisveikinkite su gaiviu matiniu odos pavir\u0161iumi!<\/p>\n<p><strong>PAGAMINTA ISPANIJOJE<\/strong><\/p>\n","protected":false},"excerpt":{"rendered":"<p><strong>VEIDO PRAUSIKLIS:<\/strong><\/p>\n<p>Veido prausiklis yra praturtintas salicilo r\u016bg\u0161timi, kurio d\u0117ka oda tampa lygi ir spindinti. \u0160is veiksmingas produktas ne tik pa\u0161alina makia\u017e\u0105, bet ir kontroliuoja riebal\u0173 pertekli\u0173, suma\u017eina i\u0161sipl\u0117tusias poras, ink\u0161tirus, po spuog\u0173 paliktus randelius, sulygina odos atspalv\u012f. \u0160is ma\u017eas stebuklas, praturtintas galinga salicilo r\u016bg\u0161timi, suteikia jums puik\u0173 poveik\u012f. Tai lygi, \u0161vytinti oda keliaujant. \u0160is veido prausiklis atkem\u0161a poras, padeda i\u0161varyti ne\u0161varumus, tod\u0117l oda bus gaivi ir spindinti.<\/p>\n<p><strong>2% SALICILO R\u016aG\u0160TIS + 1%\u00a0 HAMAMELI\u0172 HIDROLATAS<\/strong><\/p>\n<p><strong>Salicilo r\u016bg\u0161tis:<\/strong>\u00a0\u0160i galinga priemon\u0117 \u012fsiskverbia giliai \u012f poras, pa\u0161alindama ne\u0161varumus ir riebal\u0173 pertekli\u0173. Nu\u0161vei\u010dia od\u0105 ir pa\u0161alina negyvas l\u0105steles.<br \/>\n<strong>Glicerinas:<\/strong>\u00a0\u0160is ingredientas padidina vandens kiek\u012f odoje ir i\u0161laiko j\u012f, mink\u0161ta, lygi ir dr\u0117kina. Padeda i\u0161laikyti optimali\u0105 odos b\u016bkl\u0119.<br \/>\n<strong>Hamameli\u0173 hidrolatas:<\/strong>\u00a0Jo savyb\u0117s kontroliuoja riebal\u0173 pertekli\u0173 ir suma\u017eina por\u0173 atsiradim\u0105. Pasisveikinkite su gaiviu matiniu odos pavir\u0161iumi!<\/p>\n<p><strong>PAGAMINTA ISPANIJOJE<\/strong><\/p>\n","protected":false},"featured_media":13951,"comment_status":"open","ping_status":"closed","template":"","meta":[],"product_brand":[],"product_cat":[43,212],"product_tag":[],"class_list":{"0":"post-13954","1":"product","2":"type-product","3":"status-publish","4":"has-post-thumbnail","6":"product_cat-grozis","7":"product_cat-veido-prieziuros-priemones","9":"first","10":"instock","11":"taxable","12":"shipping-taxable","13":"purchasable","14":"product-type-simple"},"_links":{"self":[{"href":"https:\/\/thequeenhouse.co.uk\/lt\/wp-json\/wp\/v2\/product\/13954","targetHints":{"allow":["GET"]}}],"collection":[{"href":"https:\/\/thequeenhouse.co.uk\/lt\/wp-json\/wp\/v2\/product"}],"about":[{"href":"https:\/\/thequeenhouse.co.uk\/lt\/wp-json\/wp\/v2\/types\/product"}],"replies":[{"embeddable":true,"href":"https:\/\/thequeenhouse.co.uk\/lt\/wp-json\/wp\/v2\/comments?post=13954"}],"wp:featuredmedia":[{"embeddable":true,"href":"https:\/\/thequeenhouse.co.uk\/lt\/wp-json\/wp\/v2\/media\/13951"}],"wp:attachment":[{"href":"https:\/\/thequeenhouse.co.uk\/lt\/wp-json\/wp\/v2\/media?parent=13954"}],"wp:term":[{"taxonomy":"product_brand","embeddable":true,"href":"https:\/\/thequeenhouse.co.uk\/lt\/wp-json\/wp\/v2\/product_brand?post=13954"},{"taxonomy":"product_cat","embeddable":true,"href":"https:\/\/thequeenhouse.co.uk\/lt\/wp-json\/wp\/v2\/product_cat?post=13954"},{"taxonomy":"product_tag","embeddable":true,"href":"https:\/\/thequeenhouse.co.uk\/lt\/wp-json\/wp\/v2\/product_tag?post=13954"}],"curies":[{"name":"wp","href":"https:\/\/api.w.org\/{rel}","templated":true}]}}