{"id":13964,"date":"2025-04-01T08:12:14","date_gmt":"2025-04-01T07:12:14","guid":{"rendered":"https:\/\/thequeenhouse.co.uk\/?post_type=product&#038;p=13964"},"modified":"2025-04-01T08:18:45","modified_gmt":"2025-04-01T07:18:45","slug":"putojancios-veido-kaukes-hialurono-rugstis-ir-kolagenas-8-vnt-pakuote","status":"publish","type":"product","link":"https:\/\/thequeenhouse.co.uk\/lt\/produktas\/putojancios-veido-kaukes-hialurono-rugstis-ir-kolagenas-8-vnt-pakuote\/","title":{"rendered":"Putojan\u010dios Veido Kauk\u0117s \u2013 Hialurono R\u016bg\u0161tis ir Kolagenas (8 vnt.Pakuot\u0117)"},"content":{"rendered":"<p><strong>Putojan\u010dios Veido Kauk\u0117s \u2013 Hialurono R\u016bg\u0161tis ir Kolagenas<\/strong><\/p>\n<p>&nbsp;<\/p>\n<p><strong>Atraskite nauj\u0105 odos prie\u017ei\u016bros lyg\u012f su putojan\u010dia veido kauke, praturtinta hialurono r\u016bg\u0161timi ir kolagenu, kad giliai i\u0161valyt\u0173, sudr\u0117kint\u0173 ir atgaivint\u0173 j\u016bs\u0173 od\u0105.<\/strong> Kauk\u0117 aktyvuojasi kontaktuodama su oru, sukurdama \u0161velni\u0105 mikroput\u0105, kuri pa\u0161alina ne\u0161varumus, valo poras ir suteikia odai gaivumo bei spindesio.<\/p>\n<p>&nbsp;<\/p>\n<p>Pakuot\u0117je yra 8 vienkartin\u0117s kauk\u0117s, tod\u0117l tai puikus pasirinkimas reguliariai odos prie\u017ei\u016brai ar dalijimuisi su artimaisiais.<\/p>\n<p><strong>Pagrindiniai privalumai:<\/strong><\/p>\n<ul>\n<li>Gilus por\u0173 valymas<\/li>\n<li>Intensyvus dr\u0117kinimas su hialurono r\u016bg\u0161timi<\/li>\n<li>Stangrinamasis kolageno poveikis<\/li>\n<li>Padeda atkurti od\u0105 po saul\u0117s poveikio<\/li>\n<li>Ma\u017eina smulkias rauk\u0161leles<\/li>\n<li>Gaivi, \u0161velni ir \u0161vytinti oda po naudojimo<\/li>\n<\/ul>\n<p>&nbsp;<\/p>\n<p><strong>Leiskite savo odai suspind\u0117ti \u2013 pasir\u016bpinkite ja su putojan\u010dia veido kauke.<\/strong><\/p>\n<p>Dienos ir nakties prie\u017ei\u016brai | Kiekis: 25 ml (0,88 fl. oz) kiekvienai kaukei | 8 vnt. pakuot\u0117je<\/p>\n","protected":false},"excerpt":{"rendered":"<p><strong>Putojan\u010dios Veido Kauk\u0117s \u2013 Hialurono R\u016bg\u0161tis ir Kolagenas<\/strong><\/p>\n<p>&nbsp;<\/p>\n<p><strong>Atraskite nauj\u0105 odos prie\u017ei\u016bros lyg\u012f su putojan\u010dia veido kauke, praturtinta hialurono r\u016bg\u0161timi ir kolagenu, kad giliai i\u0161valyt\u0173, sudr\u0117kint\u0173 ir atgaivint\u0173 j\u016bs\u0173 od\u0105.<\/strong> Kauk\u0117 aktyvuojasi kontaktuodama su oru, sukurdama \u0161velni\u0105 mikroput\u0105, kuri pa\u0161alina ne\u0161varumus, valo poras ir suteikia odai gaivumo bei spindesio.<\/p>\n<p>&nbsp;<\/p>\n<p>Pakuot\u0117je yra 8 vienkartin\u0117s kauk\u0117s, tod\u0117l tai puikus pasirinkimas reguliariai odos prie\u017ei\u016brai ar dalijimuisi su artimaisiais.<\/p>\n<p><strong>Pagrindiniai privalumai:<\/strong><\/p>\n<ul>\n<li>Gilus por\u0173 valymas<\/li>\n<li>Intensyvus dr\u0117kinimas su hialurono r\u016bg\u0161timi<\/li>\n<li>Stangrinamasis kolageno poveikis<\/li>\n<li>Padeda atkurti od\u0105 po saul\u0117s poveikio<\/li>\n<li>Ma\u017eina smulkias rauk\u0161leles<\/li>\n<li>Gaivi, \u0161velni ir \u0161vytinti oda po naudojimo<\/li>\n<\/ul>\n<p>&nbsp;<\/p>\n<p><strong>Leiskite savo odai suspind\u0117ti \u2013 pasir\u016bpinkite ja su putojan\u010dia veido kauke.<\/strong><\/p>\n<p>Dienos ir nakties prie\u017ei\u016brai | Kiekis: 25 ml (0,88 fl. oz) kiekvienai kaukei | 8 vnt. pakuot\u0117je<\/p>\n","protected":false},"featured_media":13961,"comment_status":"open","ping_status":"closed","template":"","meta":[],"product_brand":[],"product_cat":[43,212],"product_tag":[],"class_list":{"0":"post-13964","1":"product","2":"type-product","3":"status-publish","4":"has-post-thumbnail","6":"product_cat-grozis","7":"product_cat-veido-prieziuros-priemones","9":"first","10":"instock","11":"taxable","12":"shipping-taxable","13":"purchasable","14":"product-type-simple"},"_links":{"self":[{"href":"https:\/\/thequeenhouse.co.uk\/lt\/wp-json\/wp\/v2\/product\/13964","targetHints":{"allow":["GET"]}}],"collection":[{"href":"https:\/\/thequeenhouse.co.uk\/lt\/wp-json\/wp\/v2\/product"}],"about":[{"href":"https:\/\/thequeenhouse.co.uk\/lt\/wp-json\/wp\/v2\/types\/product"}],"replies":[{"embeddable":true,"href":"https:\/\/thequeenhouse.co.uk\/lt\/wp-json\/wp\/v2\/comments?post=13964"}],"wp:featuredmedia":[{"embeddable":true,"href":"https:\/\/thequeenhouse.co.uk\/lt\/wp-json\/wp\/v2\/media\/13961"}],"wp:attachment":[{"href":"https:\/\/thequeenhouse.co.uk\/lt\/wp-json\/wp\/v2\/media?parent=13964"}],"wp:term":[{"taxonomy":"product_brand","embeddable":true,"href":"https:\/\/thequeenhouse.co.uk\/lt\/wp-json\/wp\/v2\/product_brand?post=13964"},{"taxonomy":"product_cat","embeddable":true,"href":"https:\/\/thequeenhouse.co.uk\/lt\/wp-json\/wp\/v2\/product_cat?post=13964"},{"taxonomy":"product_tag","embeddable":true,"href":"https:\/\/thequeenhouse.co.uk\/lt\/wp-json\/wp\/v2\/product_tag?post=13964"}],"curies":[{"name":"wp","href":"https:\/\/api.w.org\/{rel}","templated":true}]}}