{"id":14014,"date":"2025-04-11T17:01:59","date_gmt":"2025-04-11T16:01:59","guid":{"rendered":"https:\/\/thequeenhouse.co.uk\/?post_type=product&#038;p=14014"},"modified":"2025-04-11T17:10:12","modified_gmt":"2025-04-11T16:10:12","slug":"age-r-booster-pro-juodas","status":"publish","type":"product","link":"https:\/\/thequeenhouse.co.uk\/lt\/produktas\/age-r-booster-pro-juodas\/","title":{"rendered":"Age R Booster Pro &#8211; Juodas (I\u0160ANKSTINIS U\u017dSAKYMAS)"},"content":{"rendered":"<p><strong>*** I\u0160ANKSTINIS U\u017dSAKYMAS &#8211; U\u017dSAKYM\u0172 VYKDYMAS IR SIUNTIMAS NUO BALAND\u017dIO 18 D. ***<\/strong><\/p>\n<p>&nbsp;<\/p>\n<p><strong>6-in-1 auk\u0161t\u0173j\u0173 technologij\u0173 prietaisas: AGE-R Booster Pro<\/strong><\/p>\n<p><strong>Medicube \u2013 pirmasis visapusi\u0161kos odos prie\u017ei\u016bros prietaisas, apimantis 6 funkcijas, kurios pad\u0117s pasiekti trok\u0161tamus odos prie\u017ei\u016bros tikslus.<\/strong>\u0160is prietaisas sujungia naujausias odos prie\u017ei\u016bros technologijas: elektroporacij\u0105, mikro sroves, EMS (elektrin\u0119 raumen\u0173 stimuliacij\u0105), elektrostimuliacij\u0105, LED \u0161viesas ir ultragarso vibracijas, tod\u0117l jis tinkamas vis\u0173 tip\u0173 odai.<\/p>\n<p>&nbsp;<\/p>\n<p><strong>6 funkcij\u0173 prietaisas<\/strong><\/p>\n<p><strong>Medicube \u2013 pirmasis visapusi\u0161kos odos prie\u017ei\u016bros prietaisas, apimantis 6 funkcijas, kurios pad\u0117s pasiekti trok\u0161tamus odos prie\u017ei\u016bros tikslus.<\/strong>\u0160is prietaisas sujungia naujausias odos prie\u017ei\u016bros technologijas: elektroporacij\u0105, mikro sroves, EMS (elektrin\u0119 raumen\u0173 stimuliacij\u0105), elektrostimuliacij\u0105, LED \u0161viesas ir ultragarso vibracijas, tod\u0117l jis tinkamas vis\u0173 tip\u0173 odai.<br \/>\n<strong>AGE-R Booster Pro<\/strong>\u00a0yra auk\u0161t\u0173j\u0173 technologij\u0173 gro\u017eio prietaisas, suteikiantis profesionalaus lygio odos prie\u017ei\u016br\u0105 namuose.<br \/>\nPrietaisas pagerina odos prie\u017ei\u016bros produkt\u0173 \u012fsisavinim\u0105, stiprina odos elastingum\u0105, suteikia sveiko spindesio, suma\u017eina poras bei padeda formuoti veido kont\u016brus.<br \/>\nPrietaisas turi keturis lengvai naudojamus re\u017eimus, u\u017etikrinan\u010dius paprastum\u0105 ir veiksmingum\u0105.<\/p>\n<p>&nbsp;<\/p>\n<p><strong>Ypatingas:<\/strong><\/p>\n<p>&nbsp;<\/p>\n<ol>\n<li><strong>6 funkcij\u0173 prietaisas<\/strong><br \/>\nGra\u017eios odos tikslai yra daug lengviau pasiekiami naudojant novatori\u0161kas technologijas.<\/li>\n<li><strong>Nereikia laid\u017eiojo gelio<\/strong><br \/>\nNaudokite j\u012f kartu su savo odos prie\u017ei\u016bros produktais!<\/li>\n<li><strong>Odos kontakto jutiklis \u2013 asmeni\u0161kai pritaikyta ir saugi prie\u017ei\u016bra<\/strong><br \/>\n\u012erengtas odos kontakto jutiklis, kuris skleid\u017eia LED \u0161vies\u0105 tik tada, kai prietaisas lie\u010dia od\u0105.<\/li>\n<li><strong>Individualizuota prie\u017ei\u016bra su AGE-R program\u0117le<\/strong><br \/>\nNaudokite savo prietais\u0105 efektyviau su AGE-R program\u0117le.<\/li>\n<\/ol>\n<div>\n<div class=\"summary__title\">\n<h2><\/h2>\n<h2 class=\"h4 accordion__title inline-richtext\">KLINIKINIAI TYRIMAI<\/h2>\n<\/div>\n<\/div>\n<div id=\"ProductAccordion-collapsible_tab_wNyaYe-template--24087945904469__main\" class=\"accordion__content rte\">\n<p><strong>Booster re\u017eimas<\/strong><br \/>\nOdos pralaidumas: pager\u0117jo 785%<br \/>\nOdos spindesys: pager\u0117jo 11,4% po 2 savai\u010di\u0173 naudojimo.<br \/>\nSpalvos pakitimai: pager\u0117jo 1,98% po 4 savai\u010di\u0173 naudojimo.<br \/>\nOdos atspalvis: pager\u0117jo 1,8% po 4 savai\u010di\u0173 naudojimo.<br \/>\nDr\u0117gm\u0117: pager\u0117jo 1,73% po 2 savai\u010di\u0173 naudojimo.<\/p>\n<p><strong>MC re\u017eimas<\/strong><br \/>\nKaktos t\u016bris: pager\u0117jo 35,9% po 2 savai\u010di\u0173 naudojimo.<br \/>\n\u0160ypsenos linijos: pager\u0117jo 24,2% po 2 savai\u010di\u0173 naudojimo.<br \/>\nLinijos tarp antaki\u0173\/pyk\u0161\u010dio rauk\u0161l\u0117s (11s): pager\u0117jo 16,1% po 2 savai\u010di\u0173 naudojimo.<br \/>\nRauk\u0161l\u0117s prie akii\u0173\/varnos kojel\u0117s: pager\u0117jo 12,6% po 2 savai\u010di\u0173 naudojimo.<br \/>\nKaklo linijos: pager\u0117jo 11,8% po 2 savai\u010di\u0173 naudojimo.<br \/>\nOdos tankis: pager\u0117jo 5,46% po 2 savai\u010di\u0173 naudojimo.<\/p>\n<p><strong>Derma Shot re\u017eimas<\/strong><br \/>\nPaakiai: suma\u017e\u0117jo 15,3% po 2 savai\u010di\u0173 naudojimo.<br \/>\nSukrit\u0119 skruostai: sustangr\u0117jo 5,31% po 2 savai\u010di\u0173 naudojimo.<br \/>\n\u0160ypsenos linijos: suma\u017e\u0117jo 4,49% po 2 savai\u010di\u0173 naudojimo.<br \/>\n\u017dandikaulio linijos elastingumas: pager\u0117jo 4,89% po 2 savai\u010di\u0173 naudojimo.<br \/>\nPagurklis: suma\u017e\u0117jo 1,21 cc po 2 savai\u010di\u0173 naudojimo.<\/p>\n<p><strong>Air Shot re\u017eimas<\/strong><br \/>\nOdos pralaidumas: padid\u0117jo 791%.<br \/>\nPor\u0173 dydis: suma\u017e\u0117jo 34,5% po 2 savai\u010di\u0173 naudojimo.<br \/>\nNegyva oda: suma\u017e\u0117jo 27,4% po 2 savai\u010di\u0173 naudojimo.<br \/>\nSkruost\u0173 por\u0173 matomumas: suma\u017e\u0117jo 21,9% po 1 savait\u0117s naudojimo.<br \/>\nNosies por\u0173 matomumas: suma\u017e\u0117jo 14,1% po 1 savait\u0117s naudojimo.<br \/>\nPor\u0173 plotis: suma\u017e\u0117jo 16,1% po 1 savait\u0117s naudojimo.<br \/>\nPor\u0173 vertikalus ilgis: suma\u017e\u0117jo 9,04% po 1 savait\u0117s naudojimo.<br \/>\n\u0160iurk\u0161ti oda: suma\u017e\u0117jo 6,68% po 2 savai\u010di\u0173 naudojimo.<\/p>\n<p>*Rezultatai gali skirtis priklausomai nuo asmens.<br \/>\n*I\u0161trauka i\u0161 klinikini\u0173 tyrim\u0173 ataskaitos apie Booster Pro (4 re\u017eim\u0173) naudojim\u0105 kartu su odos prie\u017ei\u016bros produktais.<\/p>\n<\/div>\n","protected":false},"excerpt":{"rendered":"<p><strong>6-in-1 auk\u0161t\u0173j\u0173 technologij\u0173 prietaisas: AGE-R Booster Pro<\/strong><\/p>\n<p><strong>Medicube \u2013 pirmasis visapusi\u0161kos odos prie\u017ei\u016bros prietaisas, apimantis 6 funkcijas, kurios pad\u0117s pasiekti trok\u0161tamus odos prie\u017ei\u016bros tikslus.<\/strong>\u0160is prietaisas sujungia naujausias odos prie\u017ei\u016bros technologijas: elektroporacij\u0105, mikro sroves, EMS (elektrin\u0119 raumen\u0173 stimuliacij\u0105), elektrostimuliacij\u0105, LED \u0161viesas ir ultragarso vibracijas, tod\u0117l jis tinkamas vis\u0173 tip\u0173 odai.<\/p>\n<p>&nbsp;<\/p>\n<p><strong>6 funkcij\u0173 prietaisas<\/strong><\/p>\n<p><strong>Medicube \u2013 pirmasis visapusi\u0161kos odos prie\u017ei\u016bros prietaisas, apimantis 6 funkcijas, kurios pad\u0117s pasiekti trok\u0161tamus odos prie\u017ei\u016bros tikslus.<\/strong>\u0160is prietaisas sujungia naujausias odos prie\u017ei\u016bros technologijas: elektroporacij\u0105, mikro sroves, EMS (elektrin\u0119 raumen\u0173 stimuliacij\u0105), elektrostimuliacij\u0105, LED \u0161viesas ir ultragarso vibracijas, tod\u0117l jis tinkamas vis\u0173 tip\u0173 odai.<br \/>\n<strong>AGE-R Booster Pro<\/strong>\u00a0yra auk\u0161t\u0173j\u0173 technologij\u0173 gro\u017eio prietaisas, suteikiantis profesionalaus lygio odos prie\u017ei\u016br\u0105 namuose.<br \/>\nPrietaisas pagerina odos prie\u017ei\u016bros produkt\u0173 \u012fsisavinim\u0105, stiprina odos elastingum\u0105, suteikia sveiko spindesio, suma\u017eina poras bei padeda formuoti veido kont\u016brus.<br \/>\nPrietaisas turi keturis lengvai naudojamus re\u017eimus, u\u017etikrinan\u010dius paprastum\u0105 ir veiksmingum\u0105.<\/p>\n<p>&nbsp;<\/p>\n<p><strong>Ypatingas:<\/strong><\/p>\n<p>&nbsp;<\/p>\n<ol>\n<li><strong>6 funkcij\u0173 prietaisas<\/strong><br \/>\nGra\u017eios odos tikslai yra daug lengviau pasiekiami naudojant novatori\u0161kas technologijas.<\/li>\n<li><strong>Nereikia laid\u017eiojo gelio<\/strong><br \/>\nNaudokite j\u012f kartu su savo odos prie\u017ei\u016bros produktais!<\/li>\n<li><strong>Odos kontakto jutiklis \u2013 asmeni\u0161kai pritaikyta ir saugi prie\u017ei\u016bra<\/strong><br \/>\n\u012erengtas odos kontakto jutiklis, kuris skleid\u017eia LED \u0161vies\u0105 tik tada, kai prietaisas lie\u010dia od\u0105.<\/li>\n<li><strong>Individualizuota prie\u017ei\u016bra su AGE-R program\u0117le<\/strong><br \/>\nNaudokite savo prietais\u0105 efektyviau su AGE-R program\u0117le.<\/li>\n<\/ol>\n<div>\n<div class=\"summary__title\">\n<h2><\/h2>\n<h2 class=\"h4 accordion__title inline-richtext\">KLINIKINIAI TYRIMAI<\/h2>\n<\/div>\n<\/div>\n<div id=\"ProductAccordion-collapsible_tab_wNyaYe-template--24087945904469__main\" class=\"accordion__content rte\">\n<p><strong>Booster re\u017eimas<\/strong><br \/>\nOdos pralaidumas: pager\u0117jo 785%<br \/>\nOdos spindesys: pager\u0117jo 11,4% po 2 savai\u010di\u0173 naudojimo.<br \/>\nSpalvos pakitimai: pager\u0117jo 1,98% po 4 savai\u010di\u0173 naudojimo.<br \/>\nOdos atspalvis: pager\u0117jo 1,8% po 4 savai\u010di\u0173 naudojimo.<br \/>\nDr\u0117gm\u0117: pager\u0117jo 1,73% po 2 savai\u010di\u0173 naudojimo.<\/p>\n<p><strong>MC re\u017eimas<\/strong><br \/>\nKaktos t\u016bris: pager\u0117jo 35,9% po 2 savai\u010di\u0173 naudojimo.<br \/>\n\u0160ypsenos linijos: pager\u0117jo 24,2% po 2 savai\u010di\u0173 naudojimo.<br \/>\nLinijos tarp antaki\u0173\/pyk\u0161\u010dio rauk\u0161l\u0117s (11s): pager\u0117jo 16,1% po 2 savai\u010di\u0173 naudojimo.<br \/>\nRauk\u0161l\u0117s prie akii\u0173\/varnos kojel\u0117s: pager\u0117jo 12,6% po 2 savai\u010di\u0173 naudojimo.<br \/>\nKaklo linijos: pager\u0117jo 11,8% po 2 savai\u010di\u0173 naudojimo.<br \/>\nOdos tankis: pager\u0117jo 5,46% po 2 savai\u010di\u0173 naudojimo.<\/p>\n<p><strong>Derma Shot re\u017eimas<\/strong><br \/>\nPaakiai: suma\u017e\u0117jo 15,3% po 2 savai\u010di\u0173 naudojimo.<br \/>\nSukrit\u0119 skruostai: sustangr\u0117jo 5,31% po 2 savai\u010di\u0173 naudojimo.<br \/>\n\u0160ypsenos linijos: suma\u017e\u0117jo 4,49% po 2 savai\u010di\u0173 naudojimo.<br \/>\n\u017dandikaulio linijos elastingumas: pager\u0117jo 4,89% po 2 savai\u010di\u0173 naudojimo.<br \/>\nPagurklis: suma\u017e\u0117jo 1,21 cc po 2 savai\u010di\u0173 naudojimo.<\/p>\n<p><strong>Air Shot re\u017eimas<\/strong><br \/>\nOdos pralaidumas: padid\u0117jo 791%.<br \/>\nPor\u0173 dydis: suma\u017e\u0117jo 34,5% po 2 savai\u010di\u0173 naudojimo.<br \/>\nNegyva oda: suma\u017e\u0117jo 27,4% po 2 savai\u010di\u0173 naudojimo.<br \/>\nSkruost\u0173 por\u0173 matomumas: suma\u017e\u0117jo 21,9% po 1 savait\u0117s naudojimo.<br \/>\nNosies por\u0173 matomumas: suma\u017e\u0117jo 14,1% po 1 savait\u0117s naudojimo.<br \/>\nPor\u0173 plotis: suma\u017e\u0117jo 16,1% po 1 savait\u0117s naudojimo.<br \/>\nPor\u0173 vertikalus ilgis: suma\u017e\u0117jo 9,04% po 1 savait\u0117s naudojimo.<br \/>\n\u0160iurk\u0161ti oda: suma\u017e\u0117jo 6,68% po 2 savai\u010di\u0173 naudojimo.<\/p>\n<p>*Rezultatai gali skirtis priklausomai nuo asmens.<br \/>\n*I\u0161trauka i\u0161 klinikini\u0173 tyrim\u0173 ataskaitos apie Booster Pro (4 re\u017eim\u0173) naudojim\u0105 kartu s<\/p>\n<\/div>\n","protected":false},"featured_media":14013,"comment_status":"open","ping_status":"closed","template":"","meta":[],"product_brand":[],"product_cat":[43,212],"product_tag":[],"class_list":{"0":"post-14014","1":"product","2":"type-product","3":"status-publish","4":"has-post-thumbnail","6":"product_cat-grozis","7":"product_cat-veido-prieziuros-priemones","9":"first","10":"outofstock","11":"taxable","12":"shipping-taxable","13":"purchasable","14":"product-type-simple"},"_links":{"self":[{"href":"https:\/\/thequeenhouse.co.uk\/lt\/wp-json\/wp\/v2\/product\/14014","targetHints":{"allow":["GET"]}}],"collection":[{"href":"https:\/\/thequeenhouse.co.uk\/lt\/wp-json\/wp\/v2\/product"}],"about":[{"href":"https:\/\/thequeenhouse.co.uk\/lt\/wp-json\/wp\/v2\/types\/product"}],"replies":[{"embeddable":true,"href":"https:\/\/thequeenhouse.co.uk\/lt\/wp-json\/wp\/v2\/comments?post=14014"}],"wp:featuredmedia":[{"embeddable":true,"href":"https:\/\/thequeenhouse.co.uk\/lt\/wp-json\/wp\/v2\/media\/14013"}],"wp:attachment":[{"href":"https:\/\/thequeenhouse.co.uk\/lt\/wp-json\/wp\/v2\/media?parent=14014"}],"wp:term":[{"taxonomy":"product_brand","embeddable":true,"href":"https:\/\/thequeenhouse.co.uk\/lt\/wp-json\/wp\/v2\/product_brand?post=14014"},{"taxonomy":"product_cat","embeddable":true,"href":"https:\/\/thequeenhouse.co.uk\/lt\/wp-json\/wp\/v2\/product_cat?post=14014"},{"taxonomy":"product_tag","embeddable":true,"href":"https:\/\/thequeenhouse.co.uk\/lt\/wp-json\/wp\/v2\/product_tag?post=14014"}],"curies":[{"name":"wp","href":"https:\/\/api.w.org\/{rel}","templated":true}]}}