{"id":14047,"date":"2025-05-02T19:37:20","date_gmt":"2025-05-02T18:37:20","guid":{"rendered":"https:\/\/thequeenhouse.co.uk\/?post_type=product&#038;p=14047"},"modified":"2025-05-02T19:43:40","modified_gmt":"2025-05-02T18:43:40","slug":"nici-majeste-parfumuotas-universalus-pavirsiu-valiklis-papildymas-1000-ml","status":"publish","type":"product","link":"https:\/\/thequeenhouse.co.uk\/lt\/produktas\/nici-majeste-parfumuotas-universalus-pavirsiu-valiklis-papildymas-1000-ml\/","title":{"rendered":"NICI Majeste &#8211; Parfumuotas Universalus Pavir\u0161i\u0173 Valiklis PAPILDYMAS 1000 ml"},"content":{"rendered":"<h3 class=\"\" data-start=\"987\" data-end=\"1027\">\u2705 <strong data-start=\"993\" data-end=\"1027\">Kod\u0117l verta rinktis \u201eMajeste\u201c?<\/strong><\/h3>\n<ul data-start=\"1028\" data-end=\"1324\">\n<li class=\"\" data-start=\"1028\" data-end=\"1077\">\n<p class=\"\" data-start=\"1030\" data-end=\"1077\">Pa\u0161alina <strong data-start=\"1039\" data-end=\"1075\">purv\u0105, dulkes, riebalus ir d\u0117mes<\/strong><\/p>\n<\/li>\n<li class=\"\" data-start=\"1078\" data-end=\"1154\">\n<p class=\"\" data-start=\"1080\" data-end=\"1154\">Tinka <strong data-start=\"1086\" data-end=\"1111\">kasdieniam naudojimui<\/strong> ant daugumos vandeniui atspari\u0173 pavir\u0161i\u0173<\/p>\n<\/li>\n<li class=\"\" data-start=\"1155\" data-end=\"1219\">\n<p class=\"\" data-start=\"1157\" data-end=\"1219\"><strong data-start=\"1157\" data-end=\"1183\">Neerzina kvapo poj\u016b\u010dio<\/strong>, o suteikia <strong data-start=\"1196\" data-end=\"1217\">subtili\u0105 prabang\u0105<\/strong><\/p>\n<\/li>\n<li class=\"\" data-start=\"1220\" data-end=\"1287\">\n<p class=\"\" data-start=\"1222\" data-end=\"1287\">Puikiai tinka net <strong data-start=\"1240\" data-end=\"1285\">esteti\u0161kai svarbiems interjero pavir\u0161iams<\/strong><\/p>\n<\/li>\n<li class=\"\" data-start=\"1288\" data-end=\"1324\">\n<p class=\"\" data-start=\"1290\" data-end=\"1324\"><strong data-start=\"1290\" data-end=\"1324\">Sukurta ir pagaminta Lietuvoje<\/strong><\/p>\n<\/li>\n<\/ul>\n<h3 data-start=\"1331\" data-end=\"1349\"><\/h3>\n<h3 class=\"\" data-start=\"1331\" data-end=\"1349\">\ud83d\udca7 Naudojimas:<\/h3>\n<ol data-start=\"1350\" data-end=\"1591\">\n<li class=\"\" data-start=\"1350\" data-end=\"1385\">\n<p class=\"\" data-start=\"1353\" data-end=\"1385\">Prie\u0161 naudojim\u0105 <strong data-start=\"1369\" data-end=\"1382\">suplakite<\/strong>.<\/p>\n<\/li>\n<li class=\"\" data-start=\"1386\" data-end=\"1451\">\n<p class=\"\" data-start=\"1389\" data-end=\"1451\">U\u017epurk\u0161kite ant pavir\u0161iaus, nuvalykite \u0161luoste ar kempin\u0117le.<\/p>\n<\/li>\n<li class=\"\" data-start=\"1452\" data-end=\"1514\">\n<p class=\"\" data-start=\"1455\" data-end=\"1514\">Jei pavir\u0161ius labai ne\u0161varus \u2013 palikite kelioms minut\u0117ms.<\/p>\n<\/li>\n<li class=\"\" data-start=\"1515\" data-end=\"1591\">\n<p class=\"\" data-start=\"1518\" data-end=\"1591\">Neleiskite produktui i\u0161d\u017ei\u016bti valymo metu \u2013 esant poreikiui, pakartokite.<\/p>\n<\/li>\n<\/ol>\n<p class=\"\" data-start=\"1598\" data-end=\"1755\"><strong data-start=\"1598\" data-end=\"1682\">NICI \u201eMajeste\u201c \u2013 kai \u0161vara tampa malonumu, o kvapas \u2013 J\u016bs\u0173 nam\u0173 stiliaus dalimi.<\/strong><br data-start=\"1682\" data-end=\"1685\" \/>Rinkit\u0117s i\u0161skirtin\u0119 kokyb\u0119 ir elegancij\u0105 kiekviename valymo \u017eingsnyje.<\/p>\n","protected":false},"excerpt":{"rendered":"<h3 class=\"\" data-start=\"75\" data-end=\"141\"><strong data-start=\"79\" data-end=\"139\">NICI parfumuotas universalus pavir\u0161i\u0173 valiklis \u201eMajeste\u201c<\/strong><\/h3>\n<p class=\"\" data-start=\"142\" data-end=\"219\"><strong data-start=\"142\" data-end=\"219\">Prabanga J\u016bs\u0173 \u0161varai | Su ilgai i\u0161liekan\u010diu aromatu | Pagaminta Lietuvoje<\/strong><\/p>\n<p class=\"\" data-start=\"221\" data-end=\"429\">Atraskite nauj\u0105 kasdienio valymo lyg\u012f su <strong data-start=\"262\" data-end=\"312\">NICI \u201eMajeste\u201c \u2013 universaliu pavir\u0161i\u0173 valikliu<\/strong>, kuris ne tik efektyviai pa\u0161alina ne\u0161varumus, bet ir pripildo J\u016bs\u0173 namus <strong data-start=\"386\" data-end=\"428\">i\u0161skirtiniu, ilgai i\u0161liekan\u010diu aromatu<\/strong>.<\/p>\n<p class=\"\" data-start=\"431\" data-end=\"635\">Sukurtas \u012fvairiems pavir\u0161iams \u2013 nuo virtuv\u0117s stalvir\u0161i\u0173, vonios plyteli\u0173 iki odini\u0173 bald\u0173 \u2013 \u0161is valiklis <strong data-start=\"536\" data-end=\"556\">nepalieka dry\u017ei\u0173<\/strong>, <strong data-start=\"558\" data-end=\"582\">nepa\u017eeid\u017eia pavir\u0161i\u0173<\/strong> ir u\u017etikrina tobul\u0105 \u0161var\u0105 <strong data-start=\"609\" data-end=\"634\">be papildom\u0173 pastang\u0173<\/strong>.<\/p>\n<h3 data-start=\"642\" data-end=\"677\"><\/h3>\n<h3 class=\"\" data-start=\"642\" data-end=\"677\">\ud83c\udf38 <strong data-start=\"649\" data-end=\"676\">\u201eMajeste\u201c aromato natos<\/strong>:<\/h3>\n<ul data-start=\"678\" data-end=\"870\">\n<li class=\"\" data-start=\"678\" data-end=\"747\">\n<p class=\"\" data-start=\"680\" data-end=\"747\"><strong data-start=\"680\" data-end=\"695\">Vir\u0161utin\u0117s:<\/strong> persikas, kokosas, mandarinas, obuolys, abrikosas<\/p>\n<\/li>\n<li class=\"\" data-start=\"748\" data-end=\"808\">\n<p class=\"\" data-start=\"750\" data-end=\"808\"><strong data-start=\"750\" data-end=\"764\">Vidurin\u0117s:<\/strong> jazminas, ro\u017e\u0117, nerolis, juodieji pipirai<\/p>\n<\/li>\n<li class=\"\" data-start=\"809\" data-end=\"870\">\n<p class=\"\" data-start=\"811\" data-end=\"870\"><strong data-start=\"811\" data-end=\"823\">Bazin\u0117s:<\/strong> gintaras, vanil\u0117, muskusas, pa\u010diulis, santalas<\/p>\n<\/li>\n<\/ul>\n<p class=\"\" data-start=\"872\" data-end=\"980\">Tai ne tik valiklis \u2013 tai <strong data-start=\"898\" data-end=\"926\">prabangus kvapo ritualas<\/strong>, kuris i\u0161lieka ilgiau nei \u012fprasti buitiniai aromatai.<\/p>\n","protected":false},"featured_media":14045,"comment_status":"open","ping_status":"closed","template":"","meta":[],"product_brand":[],"product_cat":[44],"product_tag":[],"class_list":{"0":"post-14047","1":"product","2":"type-product","3":"status-publish","4":"has-post-thumbnail","6":"product_cat-namams","8":"first","9":"instock","10":"taxable","11":"shipping-taxable","12":"purchasable","13":"product-type-simple"},"_links":{"self":[{"href":"https:\/\/thequeenhouse.co.uk\/lt\/wp-json\/wp\/v2\/product\/14047","targetHints":{"allow":["GET"]}}],"collection":[{"href":"https:\/\/thequeenhouse.co.uk\/lt\/wp-json\/wp\/v2\/product"}],"about":[{"href":"https:\/\/thequeenhouse.co.uk\/lt\/wp-json\/wp\/v2\/types\/product"}],"replies":[{"embeddable":true,"href":"https:\/\/thequeenhouse.co.uk\/lt\/wp-json\/wp\/v2\/comments?post=14047"}],"wp:featuredmedia":[{"embeddable":true,"href":"https:\/\/thequeenhouse.co.uk\/lt\/wp-json\/wp\/v2\/media\/14045"}],"wp:attachment":[{"href":"https:\/\/thequeenhouse.co.uk\/lt\/wp-json\/wp\/v2\/media?parent=14047"}],"wp:term":[{"taxonomy":"product_brand","embeddable":true,"href":"https:\/\/thequeenhouse.co.uk\/lt\/wp-json\/wp\/v2\/product_brand?post=14047"},{"taxonomy":"product_cat","embeddable":true,"href":"https:\/\/thequeenhouse.co.uk\/lt\/wp-json\/wp\/v2\/product_cat?post=14047"},{"taxonomy":"product_tag","embeddable":true,"href":"https:\/\/thequeenhouse.co.uk\/lt\/wp-json\/wp\/v2\/product_tag?post=14047"}],"curies":[{"name":"wp","href":"https:\/\/api.w.org\/{rel}","templated":true}]}}