{"id":14051,"date":"2025-05-02T19:46:01","date_gmt":"2025-05-02T18:46:01","guid":{"rendered":"https:\/\/thequeenhouse.co.uk\/yunsey-braskiu-ir-grietineles-kvapo-sampunas-1000-ml\/"},"modified":"2025-05-02T20:46:45","modified_gmt":"2025-05-02T19:46:45","slug":"yunsey-braskiu-ir-grietineles-kvapo-sampunas-1000-ml","status":"publish","type":"product","link":"https:\/\/thequeenhouse.co.uk\/lt\/produktas\/yunsey-braskiu-ir-grietineles-kvapo-sampunas-1000-ml\/","title":{"rendered":"YUNSEY &#8211; Bra\u0161ki\u0173 ir Grietin\u0117l\u0117s Kvapo \u0160amp\u016bnas Vaikams 1000 ml"},"content":{"rendered":"<h3 class=\"\" data-start=\"988\" data-end=\"1011\">\ud83d\udca7 Pagrindiniai ingredientai:<\/h3>\n<ul data-start=\"1012\" data-end=\"1341\">\n<li class=\"\" data-start=\"1012\" data-end=\"1178\">\n<p class=\"\" data-start=\"1014\" data-end=\"1178\"><strong data-start=\"1014\" data-end=\"1026\">Glicerinas<\/strong> &#8211; giliai dr\u0117kinanti med\u017eiaga, kuri suri\u0161a ir sulaiko dr\u0117gm\u0119 plaukuose, apsaugo nuo i\u0161saus\u0117jimo ir palaiko dr\u0117gm\u0119, kad plaukai b\u016bt\u0173 mink\u0161ti ir lengvai valdomi.<\/p>\n<\/li>\n<li class=\"\" data-start=\"1179\" data-end=\"1341\">\n<p class=\"\" data-start=\"1181\" data-end=\"1341\"><strong data-start=\"1181\" data-end=\"1196\">Citrinos r\u016bg\u0161tis<\/strong> &#8211; nat\u016braliai gaunama i\u0161 citrusini\u0173 vaisi\u0173, padeda subalansuoti pH, padidina blizges\u012f ir \u0161velniai maskuoja nemalonius kvapus, pasi\u017eymi lengvu, gaivinan\u010diu poveikiu.<\/p>\n<\/li>\n<\/ul>\n<h3 data-start=\"1348\" data-end=\"1366\"><\/h3>\n<h3 class=\"\" data-start=\"1348\" data-end=\"1366\">\ud83e\uddf4 Kaip naudoti:<\/h3>\n<p class=\"\" data-start=\"1367\" data-end=\"1509\">Nedidel\u012f kiek\u012f tepkite ant dr\u0117gn\u0173 plauk\u0173 ir galvos odos. \u0160velniai \u012fmasa\u017euokite, kad susidaryt\u0173 putos, ir kruop\u0161\u010diai nuplaukite. Jei reikia, pakartokite. Puikiai tinka <strong data-start=\"1495\" data-end=\"1508\">kasdieniam naudojimui<\/strong>.<\/p>\n<h3 data-start=\"1516\" data-end=\"1567\"><\/h3>\n<h3 class=\"\" data-start=\"1516\" data-end=\"1567\">\u2728 Profesionali kokyb\u0117 &#8211; salono rezultatai namuose:<\/h3>\n<p class=\"\" data-start=\"1568\" data-end=\"1806\">Sukurta <strong data-start=\"1581\" data-end=\"1605\">&#8222;YUNSEY Professionals&#8221;<\/strong>&#8211; patikimo ispan\u0173 prek\u0117s \u017eenklo, kurian\u010dio auk\u0161tos kokyb\u0117s produktus salonams visame pasaulyje. \u0160is \u0161amp\u016bnas yra <strong data-start=\"1714\" data-end=\"1742\">visapusi\u0161kos prie\u017ei\u016bros linijos,<\/strong> skirtos i\u0161laikyti plaukus <strong data-start=\"1765\" data-end=\"1805\">sveikus, pamaitintus ir gyvybingus<\/strong>, dalis.<\/p>\n<p class=\"\" data-start=\"1808\" data-end=\"1953\">Naudokite j\u012f kartu su YUNSEY kondicionieriais, kauk\u0117mis ir pur\u0161kiamaisiais pur\u0161kikliais, kad u\u017etikrintum\u0117te <strong data-start=\"1868\" data-end=\"1898\">visapusi\u0161k\u0105 plauk\u0173 prie\u017ei\u016br\u0105<\/strong> ir kiekviena sruoga atrodyt\u0173 ir jaust\u0173si kuo geriau.<\/p>\n<p class=\"\" data-start=\"1960\" data-end=\"2112\"><strong data-start=\"1960\" data-end=\"2051\">YUNSEY &#8211; nes j\u016bs\u0173 vaiko plaukai nusipelno \u0161velnios prie\u017ei\u016bros ir d\u017eiugaus aromato kiekvien\u0105 dien\u0105.<\/strong><br data-start=\"2051\" data-end=\"2054\" \/><strong data-start=\"2054\" data-end=\"2112\" data-is-last-node=\"\">Pajuskite mink\u0161tum\u0105. M\u0117gaukit\u0117s kvapu. Pasitik\u0117kite kokybe. <\/strong><\/p>\n","protected":false},"excerpt":{"rendered":"<h3 class=\"\" data-start=\"117\" data-end=\"168\"><strong data-start=\"121\" data-end=\"166\">YUNSEY bra\u0161ki\u0173 ir grietin\u0117l\u0117s kvapo \u0161amp\u016bnas<\/strong><\/h3>\n<p class=\"\" data-start=\"169\" data-end=\"243\"><strong data-start=\"169\" data-end=\"243\">\u0160velni kasdien\u0117 plauk\u0173 prie\u017ei\u016bra vaikams | Nuo 3 met\u0173 | Pagaminta Ispanijoje<\/strong><\/p>\n<p class=\"\" data-start=\"245\" data-end=\"661\">&#8222;<strong data-start=\"245\" data-end=\"282\">YUNSEY Strawberry &amp; Cream Shampoo&#8221;<\/strong> yra nuostabaus kvapo plauk\u0173 prie\u017ei\u016bros priemon\u0117, sukurta specialiai <strong data-start=\"357\" data-end=\"383\">3 met\u0173 ir vyresniems vaikams<\/strong>. <strong data-start=\"392\" data-end=\"406\">Neutralaus pH<\/strong> ir itin \u0161velnios formul\u0117s \u0161amp\u016bnas giliai i\u0161valo galvos od\u0105 ir plaukus, i\u0161laikydamas mink\u0161tum\u0105, blizges\u012f ir dr\u0117gm\u0117s pusiausvyr\u0105. Saldus bra\u0161ki\u0173 ir grietin\u0117l\u0117s aromatas kiekvien\u0105 plovim\u0105 paver\u010dia poj\u016b\u010diais, tod\u0117l plaukai vis\u0105 dien\u0105 kvepia gaiviai ir vaisi\u0161kai.<\/p>\n<h3 data-start=\"668\" data-end=\"688\"><\/h3>\n<h3 class=\"\" data-start=\"668\" data-end=\"688\">\ud83c\udf3f Pagrindiniai privalumai:<\/h3>\n<ul data-start=\"689\" data-end=\"981\">\n<li class=\"\" data-start=\"689\" data-end=\"741\">\n<p class=\"\" data-start=\"691\" data-end=\"741\"><strong data-start=\"691\" data-end=\"711\">\u0160velni valomoji<\/strong> formul\u0117 idealiai tinka kasdieniam naudojimui<\/p>\n<\/li>\n<li class=\"\" data-start=\"742\" data-end=\"807\">\n<p class=\"\" data-start=\"744\" data-end=\"807\"><strong data-start=\"744\" data-end=\"758\">Neutralus pH<\/strong> &#8211; saugus jautriai odai ir vaik\u0173 galvos odai<\/p>\n<\/li>\n<li class=\"\" data-start=\"808\" data-end=\"869\">\n<p class=\"\" data-start=\"810\" data-end=\"869\">Plaukai tampa <strong data-start=\"821\" data-end=\"867\">\u0161veln\u016bs, glotn\u016bs ir lengvai tvarkomi<\/strong><\/p>\n<\/li>\n<li class=\"\" data-start=\"870\" data-end=\"931\">\n<p class=\"\" data-start=\"872\" data-end=\"931\">Palieka <strong data-start=\"881\" data-end=\"929\">ilgai i\u0161liekant\u012f gaiv\u0173 bra\u0161ki\u0173 ir grietin\u0117l\u0117s kvap\u0105<\/strong><\/p>\n<\/li>\n<li class=\"\" data-start=\"932\" data-end=\"981\">\n<p class=\"\" data-start=\"934\" data-end=\"981\">Tinka kasdienei prie\u017ei\u016brai nuo <strong data-start=\"966\" data-end=\"981\">3 met\u0173 am\u017eiaus<\/strong><\/p>\n<\/li>\n<\/ul>\n<h3 data-start=\"988\" data-end=\"1011\"><\/h3>\n","protected":false},"featured_media":14050,"comment_status":"open","ping_status":"closed","template":"","meta":[],"product_brand":[],"product_cat":[43,222],"product_tag":[],"class_list":{"0":"post-14051","1":"product","2":"type-product","3":"status-publish","4":"has-post-thumbnail","6":"product_cat-grozis","7":"product_cat-plauku-prieziuros-priemones","9":"first","10":"instock","11":"taxable","12":"shipping-taxable","13":"purchasable","14":"product-type-simple"},"_links":{"self":[{"href":"https:\/\/thequeenhouse.co.uk\/lt\/wp-json\/wp\/v2\/product\/14051","targetHints":{"allow":["GET"]}}],"collection":[{"href":"https:\/\/thequeenhouse.co.uk\/lt\/wp-json\/wp\/v2\/product"}],"about":[{"href":"https:\/\/thequeenhouse.co.uk\/lt\/wp-json\/wp\/v2\/types\/product"}],"replies":[{"embeddable":true,"href":"https:\/\/thequeenhouse.co.uk\/lt\/wp-json\/wp\/v2\/comments?post=14051"}],"wp:featuredmedia":[{"embeddable":true,"href":"https:\/\/thequeenhouse.co.uk\/lt\/wp-json\/wp\/v2\/media\/14050"}],"wp:attachment":[{"href":"https:\/\/thequeenhouse.co.uk\/lt\/wp-json\/wp\/v2\/media?parent=14051"}],"wp:term":[{"taxonomy":"product_brand","embeddable":true,"href":"https:\/\/thequeenhouse.co.uk\/lt\/wp-json\/wp\/v2\/product_brand?post=14051"},{"taxonomy":"product_cat","embeddable":true,"href":"https:\/\/thequeenhouse.co.uk\/lt\/wp-json\/wp\/v2\/product_cat?post=14051"},{"taxonomy":"product_tag","embeddable":true,"href":"https:\/\/thequeenhouse.co.uk\/lt\/wp-json\/wp\/v2\/product_tag?post=14051"}],"curies":[{"name":"wp","href":"https:\/\/api.w.org\/{rel}","templated":true}]}}