{"id":14055,"date":"2025-05-02T19:58:53","date_gmt":"2025-05-02T18:58:53","guid":{"rendered":"https:\/\/thequeenhouse.co.uk\/yunsey-watermelon-sampunas-vaikams-1000-ml\/"},"modified":"2025-05-02T20:45:16","modified_gmt":"2025-05-02T19:45:16","slug":"yunsey-watermelon-sampunas-vaikams-1000-ml","status":"publish","type":"product","link":"https:\/\/thequeenhouse.co.uk\/lt\/produktas\/yunsey-watermelon-sampunas-vaikams-1000-ml\/","title":{"rendered":"YUNSEY &#8211; Arb\u016bz\u0173 \u0160amp\u016bnas Vaikams 1000 ml"},"content":{"rendered":"<article class=\"text-token-text-primary w-full\" dir=\"auto\" data-testid=\"conversation-turn-276\" data-scroll-anchor=\"false\">\n<div class=\"text-base my-auto mx-auto py-5 [--thread-content-margin:--spacing(4)] @[37rem]:[--thread-content-margin:--spacing(6)] @[72rem]:[--thread-content-margin:--spacing(16)] px-(--thread-content-margin)\">\n<div class=\"[--thread-content-max-width:32rem] @[34rem]:[--thread-content-max-width:40rem] @[64rem]:[--thread-content-max-width:48rem] mx-auto flex max-w-(--thread-content-max-width) flex-1 text-base gap-4 md:gap-5 lg:gap-6 group\/turn-messages focus-visible:outline-hidden\" tabindex=\"-1\">\n<div class=\"group\/conversation-turn relative flex w-full min-w-0 flex-col agent-turn\">\n<div class=\"relative flex-col gap-1 md:gap-3\">\n<div class=\"flex max-w-full flex-col grow\">\n<div class=\"min-h-8 text-message relative flex w-full flex-col items-end gap-2 text-start break-words whitespace-normal [.text-message+&amp;]:mt-5\" dir=\"auto\" data-message-author-role=\"assistant\" data-message-id=\"c642209c-fa33-4d5d-9d55-cab975a72a99\" data-message-model-slug=\"gpt-4o\">\n<div class=\"flex w-full flex-col gap-1 empty:hidden first:pt-[3px]\">\n<div class=\"markdown prose dark:prose-invert w-full break-words light\">\n<h3 class=\"\" data-start=\"825\" data-end=\"842\">\u2705 Privalumai:<\/h3>\n<ul data-start=\"843\" data-end=\"1027\">\n<li class=\"\" data-start=\"843\" data-end=\"873\">\n<p class=\"\" data-start=\"845\" data-end=\"873\">Skirtas vaikams nuo 3 met\u0173<\/p>\n<\/li>\n<li class=\"\" data-start=\"874\" data-end=\"920\">\n<p class=\"\" data-start=\"876\" data-end=\"920\">Malonaus, ilgai i\u0161liekan\u010dio arb\u016bz\u0173 aromato<\/p>\n<\/li>\n<li class=\"\" data-start=\"921\" data-end=\"959\">\n<p class=\"\" data-start=\"923\" data-end=\"959\">Neutralus pH \u2013 tinka jautriai odai<\/p>\n<\/li>\n<li class=\"\" data-start=\"960\" data-end=\"1003\">\n<p class=\"\" data-start=\"962\" data-end=\"1003\">Mink\u0161tina, \u0161velnina, suteikia blizgesio<\/p>\n<\/li>\n<li class=\"\" data-start=\"1004\" data-end=\"1027\">\n<p class=\"\" data-start=\"1006\" data-end=\"1027\">Tinka naudoti kasdien<\/p>\n<\/li>\n<\/ul>\n<h3 data-start=\"1034\" data-end=\"1052\"><\/h3>\n<h3 class=\"\" data-start=\"1034\" data-end=\"1052\">\ud83e\uddf4 Naudojimas:<\/h3>\n<p class=\"\" data-start=\"1053\" data-end=\"1156\">U\u017etepkite nedidel\u012f kiek\u012f ant sudr\u0117kint\u0173 plauk\u0173, \u012fmasa\u017euokite ir nuskalaukite. Jei reikia \u2013 pakartokite.<\/p>\n<p data-start=\"1163\" data-end=\"1376\">\n<p class=\"\" data-start=\"1163\" data-end=\"1376\"><strong data-start=\"1163\" data-end=\"1187\">YUNSEY Professionals<\/strong> \u2013 Ispanijos profesional\u0173 sukurtos plauk\u0173 prie\u017ei\u016bros priemon\u0117s, kurios u\u017etikrina <strong data-start=\"1268\" data-end=\"1316\">gro\u017eio salono kokyb\u0119 kiekvien\u0105 dien\u0105 namuose<\/strong>.<br data-start=\"1317\" data-end=\"1320\" \/><strong data-start=\"1320\" data-end=\"1376\" data-is-last-node=\"\">\u0160velnumas, aromatas ir spindintys plaukai \u2013 kasdien.<\/strong><\/p>\n<\/div>\n<\/div>\n<\/div>\n<\/div>\n<div class=\"flex absolute start-0 end-0 flex justify-start\">\n<div class=\"touch:-me-2 touch:-ms-3.5 -ms-2.5 -me-1 flex items-center p-1 select-none -mt-1 focus-within:transition-none hover:transition-none duration-500 group-hover\/turn-messages:delay-300 pointer-events-none [mask-image:linear-gradient(to_right,black_33%,transparent_66%)] [mask-position:100%_0%] [mask-size:300%_100%] motion-safe:transition-[mask-position] group-hover\/turn-messages:pointer-events-auto group-hover\/turn-messages:[mask-position:0_0] group-focus-within\/turn-messages:pointer-events-auto group-focus-within\/turn-messages:[mask-position:0_0] has-data-[state=open]:pointer-events-auto has-data-[state=open]:[mask-position:0_0]\"><\/div>\n<\/div>\n<\/div>\n<div class=\"absolute\">\n<div class=\"flex items-center justify-center\"><\/div>\n<\/div>\n<\/div>\n<\/div>\n<\/div>\n<\/article>\n","protected":false},"excerpt":{"rendered":"<p class=\"\" data-start=\"220\" data-end=\"471\"><strong data-start=\"220\" data-end=\"252\">YUNSEY arb\u016bz\u0173 kvapo \u0161amp\u016bnas<\/strong> \u2013 \u0161velni ir kvapni kasdien\u0117 plauk\u0173 prie\u017ei\u016bros priemon\u0117 vaikams nuo <strong data-start=\"320\" data-end=\"330\">3 met\u0173<\/strong>. \u0160amp\u016bnas su <strong data-start=\"344\" data-end=\"360\">neutraliu pH<\/strong> \u0161velniai valo plaukus ir galvos od\u0105, palikdamas plaukus <strong data-start=\"417\" data-end=\"470\">mink\u0161tus, lengvus ir gaiviai kvepian\u010dius arb\u016bzais<\/strong>.<\/p>\n<p class=\"\" data-start=\"473\" data-end=\"576\">Jo <strong data-start=\"476\" data-end=\"494\">\u0161velni formul\u0117<\/strong> tinka net jautriai odai, tod\u0117l \u0161amp\u016bnas idealiai tinka <strong data-start=\"550\" data-end=\"575\">kasdieniam naudojimui<\/strong>.<\/p>\n<h3 data-start=\"583\" data-end=\"616\"><\/h3>\n<h3 class=\"\" data-start=\"583\" data-end=\"616\">\ud83c\udf3f Pagrindiniai ingredientai:<\/h3>\n<ul data-start=\"617\" data-end=\"818\">\n<li class=\"\" data-start=\"617\" data-end=\"723\">\n<p class=\"\" data-start=\"619\" data-end=\"723\"><strong data-start=\"619\" data-end=\"633\">Glicerinas<\/strong> \u2013 intensyviai dr\u0117kina, saugo nuo i\u0161saus\u0117jimo ir padeda i\u0161laikyti nat\u016brali\u0105 plauk\u0173 dr\u0117gm\u0119.<\/p>\n<\/li>\n<li class=\"\" data-start=\"724\" data-end=\"818\">\n<p class=\"\" data-start=\"726\" data-end=\"818\"><strong data-start=\"726\" data-end=\"746\">Citrinos r\u016bg\u0161tis<\/strong> \u2013 nat\u016bralus pH reguliatorius, \u0161viesina plaukus ir neutralizuoja kvapus.<\/p>\n<\/li>\n<\/ul>\n","protected":false},"featured_media":14054,"comment_status":"open","ping_status":"closed","template":"","meta":[],"product_brand":[],"product_cat":[43,222],"product_tag":[],"class_list":{"0":"post-14055","1":"product","2":"type-product","3":"status-publish","4":"has-post-thumbnail","6":"product_cat-grozis","7":"product_cat-plauku-prieziuros-priemones","9":"first","10":"instock","11":"taxable","12":"shipping-taxable","13":"purchasable","14":"product-type-simple"},"_links":{"self":[{"href":"https:\/\/thequeenhouse.co.uk\/lt\/wp-json\/wp\/v2\/product\/14055","targetHints":{"allow":["GET"]}}],"collection":[{"href":"https:\/\/thequeenhouse.co.uk\/lt\/wp-json\/wp\/v2\/product"}],"about":[{"href":"https:\/\/thequeenhouse.co.uk\/lt\/wp-json\/wp\/v2\/types\/product"}],"replies":[{"embeddable":true,"href":"https:\/\/thequeenhouse.co.uk\/lt\/wp-json\/wp\/v2\/comments?post=14055"}],"wp:featuredmedia":[{"embeddable":true,"href":"https:\/\/thequeenhouse.co.uk\/lt\/wp-json\/wp\/v2\/media\/14054"}],"wp:attachment":[{"href":"https:\/\/thequeenhouse.co.uk\/lt\/wp-json\/wp\/v2\/media?parent=14055"}],"wp:term":[{"taxonomy":"product_brand","embeddable":true,"href":"https:\/\/thequeenhouse.co.uk\/lt\/wp-json\/wp\/v2\/product_brand?post=14055"},{"taxonomy":"product_cat","embeddable":true,"href":"https:\/\/thequeenhouse.co.uk\/lt\/wp-json\/wp\/v2\/product_cat?post=14055"},{"taxonomy":"product_tag","embeddable":true,"href":"https:\/\/thequeenhouse.co.uk\/lt\/wp-json\/wp\/v2\/product_tag?post=14055"}],"curies":[{"name":"wp","href":"https:\/\/api.w.org\/{rel}","templated":true}]}}