{"id":14103,"date":"2025-05-21T18:12:48","date_gmt":"2025-05-21T17:12:48","guid":{"rendered":"https:\/\/thequeenhouse.co.uk\/?post_type=product&#038;p=14103"},"modified":"2026-01-02T11:57:09","modified_gmt":"2026-01-02T10:57:09","slug":"nici-majeste-parfumuotas-universalus-pavirsiu-valiklis-papildymas-1000-ml-copy","status":"publish","type":"product","link":"https:\/\/thequeenhouse.co.uk\/lt\/produktas\/nici-majeste-parfumuotas-universalus-pavirsiu-valiklis-papildymas-1000-ml-copy\/","title":{"rendered":"NUNU &#8211; Kvap\u0173 \u0160alinimo Priemon\u0117 190 ml"},"content":{"rendered":"<p>NUNU &#8211; Kvap\u0173 \u0161alinimo priemon\u0117 (190 ml)<\/p>\n<p><strong>Revoliucinis sprendimas kasdienei r\u016bb\u0173, avalyn\u0117s ir audini\u0173 prie\u017ei\u016brai.<\/strong><\/p>\n<p>Efektyviai pa\u0161alina nemalonius kvapus ir suteikia ilgai i\u0161liekan\u010di\u0105 gaiv\u0105. Tinka naudoti tiek ant drabu\u017ei\u0173, tiek ant bat\u0173 ar nam\u0173 tekstil\u0117s.<br \/>\nIdealus pasirinkimas tiems, kurie vertina \u0161var\u0105, \u0161vie\u017eum\u0105 ir nori ilgiau i\u0161laikyti drabu\u017eius gaivius be da\u017eno skalbimo.<\/p>\n<p>&nbsp;<\/p>\n<p><strong>Pagaminta Lietuvoje.<\/strong><\/p>\n","protected":false},"excerpt":{"rendered":"<p>NUNU &#8211; Kvap\u0173 \u0161alinimo priemon\u0117 (190 ml)<\/p>\n<p><strong>Revoliucinis sprendimas kasdienei r\u016bb\u0173, avalyn\u0117s ir audini\u0173 prie\u017ei\u016brai.<\/strong><\/p>\n<p>Efektyviai pa\u0161alina nemalonius kvapus ir suteikia ilgai i\u0161liekan\u010di\u0105 gaiv\u0105. Tinka naudoti tiek ant drabu\u017ei\u0173, tiek ant bat\u0173 ar nam\u0173 tekstil\u0117s.<br \/>\nIdealus pasirinkimas tiems, kurie vertina \u0161var\u0105, \u0161vie\u017eum\u0105 ir nori ilgiau i\u0161laikyti drabu\u017eius gaivius be da\u017eno skalbimo.<\/p>\n<p>&nbsp;<\/p>\n<p><strong>Pagaminta Lietuvoje.<\/strong><\/p>\n","protected":false},"featured_media":14107,"comment_status":"open","ping_status":"closed","template":"","meta":[],"product_brand":[],"product_cat":[44],"product_tag":[],"class_list":{"0":"post-14103","1":"product","2":"type-product","3":"status-publish","4":"has-post-thumbnail","6":"product_cat-namams","8":"first","9":"instock","10":"taxable","11":"shipping-taxable","12":"purchasable","13":"product-type-simple"},"_links":{"self":[{"href":"https:\/\/thequeenhouse.co.uk\/lt\/wp-json\/wp\/v2\/product\/14103","targetHints":{"allow":["GET"]}}],"collection":[{"href":"https:\/\/thequeenhouse.co.uk\/lt\/wp-json\/wp\/v2\/product"}],"about":[{"href":"https:\/\/thequeenhouse.co.uk\/lt\/wp-json\/wp\/v2\/types\/product"}],"replies":[{"embeddable":true,"href":"https:\/\/thequeenhouse.co.uk\/lt\/wp-json\/wp\/v2\/comments?post=14103"}],"wp:featuredmedia":[{"embeddable":true,"href":"https:\/\/thequeenhouse.co.uk\/lt\/wp-json\/wp\/v2\/media\/14107"}],"wp:attachment":[{"href":"https:\/\/thequeenhouse.co.uk\/lt\/wp-json\/wp\/v2\/media?parent=14103"}],"wp:term":[{"taxonomy":"product_brand","embeddable":true,"href":"https:\/\/thequeenhouse.co.uk\/lt\/wp-json\/wp\/v2\/product_brand?post=14103"},{"taxonomy":"product_cat","embeddable":true,"href":"https:\/\/thequeenhouse.co.uk\/lt\/wp-json\/wp\/v2\/product_cat?post=14103"},{"taxonomy":"product_tag","embeddable":true,"href":"https:\/\/thequeenhouse.co.uk\/lt\/wp-json\/wp\/v2\/product_tag?post=14103"}],"curies":[{"name":"wp","href":"https:\/\/api.w.org\/{rel}","templated":true}]}}