{"id":14122,"date":"2025-05-21T19:04:45","date_gmt":"2025-05-21T18:04:45","guid":{"rendered":"https:\/\/thequeenhouse.co.uk\/?post_type=product&#038;p=14122"},"modified":"2025-05-29T08:12:18","modified_gmt":"2025-05-29T07:12:18","slug":"nunu-vonios-kambario-valiklis-500ml-isankstinis-uzsakymas-copy","status":"publish","type":"product","link":"https:\/\/thequeenhouse.co.uk\/lt\/produktas\/nunu-vonios-kambario-valiklis-500ml-isankstinis-uzsakymas-copy\/","title":{"rendered":"NUNU &#8211; Spindintis K\u016bno Kremas\u00a0250ml"},"content":{"rendered":"<p><strong>NUNU &#8211; Spindintis K\u016bno Kremas 250ml<\/strong><\/p>\n<p class=\"v1MsoNormal\">NUNU k\u016bno kremas suteiks Tavo odai \u0161vyt\u0117jimo ir spindesio, o nat\u016bral\u016bs kokoso bei migdol\u0173 aliejai neleis odai prarasti dr\u0117gm\u0117s. Sud\u0117tyje esantis taukmed\u017eio sviestas padeda apsaugoti od\u0105 nuo i\u0161orini\u0173 aplinkos veiksni\u0173. Kremas lengvai pasiskirsto ant k\u016bno nepalikdamas riebumo poj\u016b\u010dio. Naudodama krem\u0105 pajusi, kad oda tapo \u0161velnesn\u0117 ir elastingesn\u0117. Sklindantis prabangus aromatas nepaliks abejing\u0173.<\/p>\n<p class=\"v1MsoNormal\">Naudojimas:<\/p>\n<p class=\"v1MsoNormal\">reikiam\u0105 kremo kiek\u012f tepkite masa\u017euojan\u010diais judesiais ant \u0161varios k\u016bno odos.<\/p>\n<p class=\"v1MsoNormal\">Talpa: 250 ml.<\/p>\n<p class=\"v1MsoNormal\">Sud\u0117tis:<\/p>\n<p class=\"v1MsoNormal\">Aqua*, Prunus Amygdalus Dulcis (Sweet Almond) Oil*, Butyrospermum Parkii (Shea) Butter*, Glycerin*, Cocos Nucifera (Coconut) Oil*, Olus Oil*, Sodium Hyaluronate*, Panthenol, Aloe Barbadensis (Aloe Vera) Extract*, Tocopheryl Acetate, Sodium Polyacrylate, Tocopherol, Sodium Benzoate, Potassium Sorbate, Parfum, Ethylhexylglycerin, Phenoxyethanol, CI 77861*, CI 77491*, CI 77891*, Synthetic Fluorphlogopite<\/p>\n<p class=\"v1MsoNormal\">* nat\u016bralios kilm\u0117s ingredientai<\/p>\n<p><strong>Pagaminta Lietuvoje.<\/strong><\/p>\n","protected":false},"excerpt":{"rendered":"<p><strong>NUNU &#8211; Spindintis K\u016bno Kremas 250ml<\/strong><\/p>\n<p class=\"v1MsoNormal\">NUNU k\u016bno kremas suteiks Tavo odai \u0161vyt\u0117jimo ir spindesio, o nat\u016bral\u016bs kokoso bei migdol\u0173 aliejai neleis odai prarasti dr\u0117gm\u0117s. Sud\u0117tyje esantis taukmed\u017eio sviestas padeda apsaugoti od\u0105 nuo i\u0161orini\u0173 aplinkos veiksni\u0173. Kremas lengvai pasiskirsto ant k\u016bno nepalikdamas riebumo poj\u016b\u010dio. Naudodama krem\u0105 pajusi, kad oda tapo \u0161velnesn\u0117 ir elastingesn\u0117. Sklindantis prabangus aromatas nepaliks abejing\u0173.<\/p>\n<p class=\"v1MsoNormal\">Naudojimas:<\/p>\n<p class=\"v1MsoNormal\">reikiam\u0105 kremo kiek\u012f tepkite masa\u017euojan\u010diais judesiais ant \u0161varios k\u016bno odos.<\/p>\n<p class=\"v1MsoNormal\">Talpa: 250 ml.<\/p>\n<p class=\"v1MsoNormal\">Sud\u0117tis:<\/p>\n<p class=\"v1MsoNormal\">Aqua*, Prunus Amygdalus Dulcis (Sweet Almond) Oil*, Butyrospermum Parkii (Shea) Butter*, Glycerin*, Cocos Nucifera (Coconut) Oil*, Olus Oil*, Sodium Hyaluronate*, Panthenol, Aloe Barbadensis (Aloe Vera) Extract*, Tocopheryl Acetate, Sodium Polyacrylate, Tocopherol, Sodium Benzoate, Potassium Sorbate, Parfum, Ethylhexylglycerin, Phenoxyethanol, CI 77861*, CI 77491*, CI 77891*, Synthetic Fluorphlogopite<\/p>\n<p class=\"v1MsoNormal\">* nat\u016bralios kilm\u0117s ingredientai<\/p>\n<p><strong>Pagaminta Lietuvoje.<\/strong><\/p>\n","protected":false},"featured_media":14136,"comment_status":"open","ping_status":"closed","template":"","meta":[],"product_brand":[],"product_cat":[43,211],"product_tag":[],"class_list":{"0":"post-14122","1":"product","2":"type-product","3":"status-publish","4":"has-post-thumbnail","6":"product_cat-grozis","7":"product_cat-kuno-prieziuros-priemones","9":"first","10":"instock","11":"taxable","12":"shipping-taxable","13":"purchasable","14":"product-type-simple"},"_links":{"self":[{"href":"https:\/\/thequeenhouse.co.uk\/lt\/wp-json\/wp\/v2\/product\/14122","targetHints":{"allow":["GET"]}}],"collection":[{"href":"https:\/\/thequeenhouse.co.uk\/lt\/wp-json\/wp\/v2\/product"}],"about":[{"href":"https:\/\/thequeenhouse.co.uk\/lt\/wp-json\/wp\/v2\/types\/product"}],"replies":[{"embeddable":true,"href":"https:\/\/thequeenhouse.co.uk\/lt\/wp-json\/wp\/v2\/comments?post=14122"}],"wp:featuredmedia":[{"embeddable":true,"href":"https:\/\/thequeenhouse.co.uk\/lt\/wp-json\/wp\/v2\/media\/14136"}],"wp:attachment":[{"href":"https:\/\/thequeenhouse.co.uk\/lt\/wp-json\/wp\/v2\/media?parent=14122"}],"wp:term":[{"taxonomy":"product_brand","embeddable":true,"href":"https:\/\/thequeenhouse.co.uk\/lt\/wp-json\/wp\/v2\/product_brand?post=14122"},{"taxonomy":"product_cat","embeddable":true,"href":"https:\/\/thequeenhouse.co.uk\/lt\/wp-json\/wp\/v2\/product_cat?post=14122"},{"taxonomy":"product_tag","embeddable":true,"href":"https:\/\/thequeenhouse.co.uk\/lt\/wp-json\/wp\/v2\/product_tag?post=14122"}],"curies":[{"name":"wp","href":"https:\/\/api.w.org\/{rel}","templated":true}]}}