{"id":14138,"date":"2025-05-21T19:26:20","date_gmt":"2025-05-21T18:26:20","guid":{"rendered":"https:\/\/thequeenhouse.co.uk\/?post_type=product&#038;p=14138"},"modified":"2025-05-29T08:11:23","modified_gmt":"2025-05-29T07:11:23","slug":"nunu-spindintis-kuno-kremas-250ml-isankstinis-uzsakymas-copy","status":"publish","type":"product","link":"https:\/\/thequeenhouse.co.uk\/lt\/produktas\/nunu-spindintis-kuno-kremas-250ml-isankstinis-uzsakymas-copy\/","title":{"rendered":"NUNU &#8211; Plauk\u0173 Kauk\u0117\u00a0200ml"},"content":{"rendered":"<p><strong>NUNU &#8211; Plauk\u0173 Kauk\u0117<\/strong> <strong>200ml<\/strong><\/p>\n<p>Labas! D\u017eiaugiuosi, kad Tavo rankose &#8211; maitinanti \u201cNunu\u201d plauk\u0173 kauk\u0117. Nor\u0117jau sukurti toki\u0105 priemon\u0119, kurios nesinor\u0117t\u0173 pakeisti. Sujungiau tarpusavyje tobulai deran\u010dius komponentus, kuriuos, tikiu, Tavo plaukai dievins.<\/p>\n<p>Kokoso aliej\u0173, hidrolizuot\u0105 keratin\u0105, pantenol\u012f, glicerin\u0105, kuri\u0173 efektyvumas \u012frodytas tyrimais. Sveiki, \u017evilgantys, itin lengvai \u0161ukuojami ir kerintys savo \u0161ilkiniu \u0161velnumu plaukai? Misija \u012fmanoma. Tepkite kauk\u0119 ant i\u0161plaut\u0173, \u0161velniai nusausint\u0173 plauk\u0173. Palaikykite 5-10 minu\u010di\u0173. Nuskalaukite vandeniu ir plaukai patys nor\u0117s pakartoti.<\/p>\n<p>&nbsp;<\/p>\n<p>Sud\u0117tis:<\/p>\n<p>Aqua*, Cetearyl Alcohol*, Glycerin*, Behentrimonium Chloride*, Glyceryl Stearate SE*, Cocos Nucifera Oil*, Hydrolyzed Keratin*, Panthenol, Guar Hydroxypropyltrimonium Chloride*, Lactic Acid, Isopropyl Alcohol, Benzyl Alcohol, Amodimethicone, Parfum, Trideceth-12, Dehydroacetic Acid, Phenoxyethanol, Cetrimonium Chloride.<\/p>\n<p>* nat\u016bralios kilm\u0117s ingredientai<\/p>\n<p>&nbsp;<\/p>\n<p>Talpa:<\/p>\n<p>200ml<\/p>\n<p><strong>Pagaminta Lietuvoje.<\/strong><\/p>\n","protected":false},"excerpt":{"rendered":"<p><strong>NUNU &#8211; Plauk\u0173 Kauk\u0117<\/strong> <strong>200ml<\/strong><\/p>\n<p>Labas! D\u017eiaugiuosi, kad Tavo rankose &#8211; maitinanti \u201cNunu\u201d plauk\u0173 kauk\u0117. Nor\u0117jau sukurti toki\u0105 priemon\u0119, kurios nesinor\u0117t\u0173 pakeisti. Sujungiau tarpusavyje tobulai deran\u010dius komponentus, kuriuos, tikiu, Tavo plaukai dievins.<\/p>\n<p>Kokoso aliej\u0173, hidrolizuot\u0105 keratin\u0105, pantenol\u012f, glicerin\u0105, kuri\u0173 efektyvumas \u012frodytas tyrimais. Sveiki, \u017evilgantys, itin lengvai \u0161ukuojami ir kerintys savo \u0161ilkiniu \u0161velnumu plaukai? Misija \u012fmanoma. Tepkite kauk\u0119 ant i\u0161plaut\u0173, \u0161velniai nusausint\u0173 plauk\u0173. Palaikykite 5-10 minu\u010di\u0173. Nuskalaukite vandeniu ir plaukai patys nor\u0117s pakartoti.<\/p>\n<p>&nbsp;<\/p>\n<p>Sud\u0117tis:<\/p>\n<p>Aqua*, Cetearyl Alcohol*, Glycerin*, Behentrimonium Chloride*, Glyceryl Stearate SE*, Cocos Nucifera Oil*, Hydrolyzed Keratin*, Panthenol, Guar Hydroxypropyltrimonium Chloride*, Lactic Acid, Isopropyl Alcohol, Benzyl Alcohol, Amodimethicone, Parfum, Trideceth-12, Dehydroacetic Acid, Phenoxyethanol, Cetrimonium Chloride.<\/p>\n<p>* nat\u016bralios kilm\u0117s ingredientai<\/p>\n<p>&nbsp;<\/p>\n<p>Talpa:<\/p>\n<p>200ml<\/p>\n<p><strong>Pagaminta Lietuvoje.<\/strong><\/p>\n","protected":false},"featured_media":14144,"comment_status":"open","ping_status":"closed","template":"","meta":[],"product_brand":[],"product_cat":[43,222],"product_tag":[],"class_list":{"0":"post-14138","1":"product","2":"type-product","3":"status-publish","4":"has-post-thumbnail","6":"product_cat-grozis","7":"product_cat-plauku-prieziuros-priemones","9":"first","10":"instock","11":"taxable","12":"shipping-taxable","13":"purchasable","14":"product-type-simple"},"_links":{"self":[{"href":"https:\/\/thequeenhouse.co.uk\/lt\/wp-json\/wp\/v2\/product\/14138","targetHints":{"allow":["GET"]}}],"collection":[{"href":"https:\/\/thequeenhouse.co.uk\/lt\/wp-json\/wp\/v2\/product"}],"about":[{"href":"https:\/\/thequeenhouse.co.uk\/lt\/wp-json\/wp\/v2\/types\/product"}],"replies":[{"embeddable":true,"href":"https:\/\/thequeenhouse.co.uk\/lt\/wp-json\/wp\/v2\/comments?post=14138"}],"wp:featuredmedia":[{"embeddable":true,"href":"https:\/\/thequeenhouse.co.uk\/lt\/wp-json\/wp\/v2\/media\/14144"}],"wp:attachment":[{"href":"https:\/\/thequeenhouse.co.uk\/lt\/wp-json\/wp\/v2\/media?parent=14138"}],"wp:term":[{"taxonomy":"product_brand","embeddable":true,"href":"https:\/\/thequeenhouse.co.uk\/lt\/wp-json\/wp\/v2\/product_brand?post=14138"},{"taxonomy":"product_cat","embeddable":true,"href":"https:\/\/thequeenhouse.co.uk\/lt\/wp-json\/wp\/v2\/product_cat?post=14138"},{"taxonomy":"product_tag","embeddable":true,"href":"https:\/\/thequeenhouse.co.uk\/lt\/wp-json\/wp\/v2\/product_tag?post=14138"}],"curies":[{"name":"wp","href":"https:\/\/api.w.org\/{rel}","templated":true}]}}