{"id":14150,"date":"2025-05-23T08:29:37","date_gmt":"2025-05-23T07:29:38","guid":{"rendered":"https:\/\/thequeenhouse.co.uk\/?post_type=product&#038;p=14150"},"modified":"2025-05-23T08:42:15","modified_gmt":"2025-05-23T07:42:15","slug":"watermelon-kiwi-summer-game-300ml-copy-2","status":"publish","type":"product","link":"https:\/\/thequeenhouse.co.uk\/lt\/produktas\/watermelon-kiwi-summer-game-300ml-copy-2\/","title":{"rendered":"Posh Lychee &#8211; Inspired by Summer 300ml"},"content":{"rendered":"<h2 data-start=\"82\" data-end=\"147\"><strong data-start=\"85\" data-end=\"145\">Atgaivinkite savo erdv\u0119 su Prabangiu Ly\u010dio nam\u0173 kvepal\u0173 pur\u0161kikliu \u2013 \u012ekv\u0117pta vasaros<\/strong><\/h2>\n<p data-start=\"148\" data-end=\"219\"><strong data-start=\"148\" data-end=\"219\">Nam\u0173 kvap\u0173 pur\u0161kiklis | Cukruotas li\u010dis | Gvajava | Baltasis cukrus<\/strong><\/p>\n<p data-start=\"221\" data-end=\"656\">Atraskite tropinio rafinuotumo kvap\u0105 su <strong data-start=\"261\" data-end=\"276\">Posh Lychee<\/strong> nam\u0173 kvap\u0173 pur\u0161kikliu i\u0161 <strong data-start=\"302\" data-end=\"317\">The Q House<\/strong>. Pagamintas Anglijoje, \u0161is i\u0161skirtinis aromatas sujungia sald\u017eiai sulting\u0105 li\u010dio kvap\u0105 su prinokusia gvajava ir subtilia baltojo cukraus nata. Kiekvienas papur\u0161kimas pripildo erdv\u0119 saul\u0117tos vasaros poj\u016b\u010diais ir elegancija. D\u0117l i\u0161skirtin\u0117s, ilgai i\u0161liekan\u010dios parfumuotos formul\u0117s, kvapas j\u016bs\u0173 namuose i\u0161liks ilgiau nei \u012fprast\u0173 pur\u0161kikli\u0173.<\/p>\n<p data-start=\"221\" data-end=\"656\">\n<p data-start=\"221\" data-end=\"656\">Pasinerkite \u012f vasaros \u012fkv\u0117pt\u0105 gaiv\u0105 su <strong data-start=\"155\" data-end=\"170\">Posh Lychee<\/strong> \u2013 nam\u0173 kvap\u0173 pur\u0161kikliu, kuris u\u017epildo J\u016bs\u0173 namus sald\u017eiu ir egzoti\u0161ku li\u010di\u0173, guavos ir baltojo cukraus aromatu. Sukurtas Anglijoje, \u0161is kvapas tarsi kvapni vasaros atostog\u0173 akimirka \u2013 vaisi\u0161kai gaivus, subtiliai saldus ir maloniai dvelkiantis \u0161iluma.<\/p>\n<p data-start=\"221\" data-end=\"656\">\n<h2 data-start=\"663\" data-end=\"723\"><strong data-start=\"666\" data-end=\"723\">Posh Lychee \u2013 Tropinis saldumas ir subtilumas viename<\/strong><\/h2>\n<p data-start=\"725\" data-end=\"989\">Kur egzoti\u0161kas vaisi\u0173 saldumas susitinka su prabanga. Tegul li\u010diai ir gvajavos vaisiai pa\u017eadina poj\u016b\u010dius, o baltasis cukrus suteikia jauk\u0173, \u0161ilt\u0105 \u0161leif\u0105. \u0160is kvapas \u2013 tai i\u0161skirtinio skonio \u017eenklas, skirtas tiems, kurie m\u0117gsta lengv\u0105 prabang\u0105 ir i\u0161liekant\u012f \u012fsp\u016bd\u012f.<\/p>\n<h3 data-start=\"996\" data-end=\"1020\"><\/h3>\n<h3 data-start=\"996\" data-end=\"1020\"><strong data-start=\"1000\" data-end=\"1020\">Kvap\u0173 simfonija:<\/strong><\/h3>\n<ul data-start=\"1021\" data-end=\"1284\">\n<li data-start=\"1021\" data-end=\"1105\">\n<p data-start=\"1023\" data-end=\"1105\"><strong data-start=\"1023\" data-end=\"1042\">Cukruotas li\u010dis<\/strong>: Sultingas ir gaivus, atne\u0161antis vaisin\u0119 \u0161vies\u0105 ir energij\u0105.<\/p>\n<\/li>\n<li data-start=\"1106\" data-end=\"1204\">\n<p data-start=\"1108\" data-end=\"1204\"><strong data-start=\"1108\" data-end=\"1119\">Gvajava<\/strong>: Sodrus tropinis akcentas, praturtinantis kvap\u0105 sald\u017eiu bei kiek r\u016bg\u0161toku niuansu.<\/p>\n<\/li>\n<li data-start=\"1205\" data-end=\"1284\">\n<p data-start=\"1207\" data-end=\"1284\"><strong data-start=\"1207\" data-end=\"1226\">Baltasis cukrus<\/strong>: \u0160velnus pagrindas, apgaubiantis kvap\u0105 saldumu ir \u0161iluma.<\/p>\n<\/li>\n<\/ul>\n<h3 data-start=\"1291\" data-end=\"1337\"><\/h3>\n<h3 data-start=\"1291\" data-end=\"1337\"><strong data-start=\"1295\" data-end=\"1337\">Sukurta i\u0161 auk\u0161tos kokyb\u0117s ingredient\u0173<\/strong><\/h3>\n<p data-start=\"1338\" data-end=\"1546\">Posh Lychee sud\u0117tyje \u2013 li\u010dio ir gvajavos ekstraktai, tropini\u0173 vaisi\u0173 aliejai ir nat\u016brali alkoholio baz\u0117. Kvapas ne tik malonus, bet ir i\u0161lieka itin ilgai \u2013 kiekvienas pur\u0161kimas pavers j\u016bs\u0173 namus jaukumo oaze.<\/p>\n<h3 data-start=\"1553\" data-end=\"1572\"><\/h3>\n<h3 data-start=\"1553\" data-end=\"1572\"><strong data-start=\"1557\" data-end=\"1572\">Naudojimas:<\/strong><\/h3>\n<p data-start=\"1573\" data-end=\"1796\">Gerai suplakite prie\u0161 naudojim\u0105. Purk\u0161kite norimoje vietoje \u2013 kambaryje, ant u\u017euolaid\u0173 ar kit\u0173 audiniams tinkam\u0173 pavir\u0161i\u0173. Idealiai tinka tiek kasdieniam naudojimui, tiek ypatingoms progoms, kai norisi vasari\u0161kos nuotaikos.<\/p>\n<h3 data-start=\"1803\" data-end=\"1831\"><\/h3>\n<h3 data-start=\"1803\" data-end=\"1831\"><strong data-start=\"1807\" data-end=\"1831\">Atsargumo priemon\u0117s:<\/strong><\/h3>\n<p data-start=\"1832\" data-end=\"2005\">Nepurk\u0161kite ant jautri\u0173 audini\u0173, tiesiogiai ant odos ar \u012f akis. Laikyti vaikams ir gyv\u016bnams nepasiekiamoje vietoje. Patekus \u012f akis ar ant odos \u2013 gausiai nuplaukite vandeniu.<\/p>\n<p data-start=\"2012\" data-end=\"2063\">\n<p data-start=\"2012\" data-end=\"2063\">\ud83e\uddf4 <strong data-start=\"2015\" data-end=\"2024\">T\u016bris<\/strong>: 300 ml<br data-start=\"2032\" data-end=\"2035\" \/>\ud83c\uddec\ud83c\udde7 <strong data-start=\"2040\" data-end=\"2063\">Pagaminta Anglijoje<\/strong><\/p>\n<p data-start=\"2065\" data-end=\"2123\"><strong data-start=\"2065\" data-end=\"2123\">Posh Lychee \u2013 vasaros prabanga kiekviename papur\u0161kime.<\/strong><\/p>\n","protected":false},"excerpt":{"rendered":"<h2 data-start=\"82\" data-end=\"147\"><strong data-start=\"85\" data-end=\"145\">Atgaivinkite savo erdv\u0119 su Prabangiu Ly\u010dio nam\u0173 kvepal\u0173 pur\u0161kikliu \u2013 \u012ekv\u0117pta vasaros<\/strong><\/h2>\n<p data-start=\"148\" data-end=\"219\"><strong data-start=\"148\" data-end=\"219\">Nam\u0173 kvap\u0173 pur\u0161kiklis | Cukruotas li\u010dis | Gvajava | Baltasis cukrus<\/strong><\/p>\n<p data-start=\"221\" data-end=\"656\">Atraskite tropinio rafinuotumo kvap\u0105 su <strong data-start=\"261\" data-end=\"276\">Posh Lychee<\/strong> nam\u0173 kvap\u0173 pur\u0161kikliu i\u0161 <strong data-start=\"302\" data-end=\"317\">The Q House<\/strong>. Pagamintas Anglijoje, \u0161is i\u0161skirtinis aromatas sujungia sald\u017eiai sulting\u0105 li\u010dio kvap\u0105 su prinokusia gvajava ir subtilia baltojo cukraus nata. Kiekvienas papur\u0161kimas pripildo erdv\u0119 saul\u0117tos vasaros poj\u016b\u010diais ir elegancija. D\u0117l i\u0161skirtin\u0117s, ilgai i\u0161liekan\u010dios parfumuotos formul\u0117s, kvapas j\u016bs\u0173 namuose i\u0161liks ilgiau nei \u012fprast\u0173 pur\u0161kikli\u0173.<\/p>\n<p data-start=\"221\" data-end=\"656\">\n<p data-start=\"221\" data-end=\"656\">Pasinerkite \u012f vasaros \u012fkv\u0117pt\u0105 gaiv\u0105 su <strong data-start=\"155\" data-end=\"170\">Posh Lychee<\/strong> \u2013 nam\u0173 kvap\u0173 pur\u0161kikliu, kuris u\u017epildo J\u016bs\u0173 namus sald\u017eiu ir egzoti\u0161ku li\u010di\u0173, guavos ir baltojo cukraus aromatu. Sukurtas Anglijoje, \u0161is kvapas tarsi kvapni vasaros atostog\u0173 akimirka \u2013 vaisi\u0161kai gaivus, subtiliai saldus ir maloniai dvelkiantis \u0161iluma.<\/p>\n<p data-start=\"221\" data-end=\"656\">\n<h2 data-start=\"663\" data-end=\"723\"><strong data-start=\"666\" data-end=\"723\">Posh Lychee \u2013 Tropinis saldumas ir subtilumas viename<\/strong><\/h2>\n<p data-start=\"725\" data-end=\"989\">Kur egzoti\u0161kas vaisi\u0173 saldumas susitinka su prabanga. Tegul li\u010diai ir gvajavos vaisiai pa\u017eadina poj\u016b\u010dius, o baltasis cukrus suteikia jauk\u0173, \u0161ilt\u0105 \u0161leif\u0105. \u0160is kvapas \u2013 tai i\u0161skirtinio skonio \u017eenklas, skirtas tiems, kurie m\u0117gsta lengv\u0105 prabang\u0105 ir i\u0161liekant\u012f \u012fsp\u016bd\u012f.<\/p>\n<h3 data-start=\"996\" data-end=\"1020\"><\/h3>\n<h3 data-start=\"996\" data-end=\"1020\"><strong data-start=\"1000\" data-end=\"1020\">Kvap\u0173 simfonija:<\/strong><\/h3>\n<ul data-start=\"1021\" data-end=\"1284\">\n<li data-start=\"1021\" data-end=\"1105\">\n<p data-start=\"1023\" data-end=\"1105\"><strong data-start=\"1023\" data-end=\"1042\">Cukruotas li\u010dis<\/strong>: Sultingas ir gaivus, atne\u0161antis vaisin\u0119 \u0161vies\u0105 ir energij\u0105.<\/p>\n<\/li>\n<li data-start=\"1106\" data-end=\"1204\">\n<p data-start=\"1108\" data-end=\"1204\"><strong data-start=\"1108\" data-end=\"1119\">Gvajava<\/strong>: Sodrus tropinis akcentas, praturtinantis kvap\u0105 sald\u017eiu bei kiek r\u016bg\u0161toku niuansu.<\/p>\n<\/li>\n<li data-start=\"1205\" data-end=\"1284\">\n<p data-start=\"1207\" data-end=\"1284\"><strong data-start=\"1207\" data-end=\"1226\">Baltasis cukrus<\/strong>: \u0160velnus pagrindas, apgaubiantis kvap\u0105 saldumu ir \u0161iluma.<\/p>\n<\/li>\n<\/ul>\n","protected":false},"featured_media":14154,"comment_status":"open","ping_status":"closed","template":"","meta":[],"product_brand":[],"product_cat":[44,224],"product_tag":[],"class_list":{"0":"post-14150","1":"product","2":"type-product","3":"status-publish","4":"has-post-thumbnail","6":"product_cat-namams","7":"product_cat-namu-kvepalai","9":"first","10":"instock","11":"taxable","12":"shipping-taxable","13":"purchasable","14":"product-type-simple"},"_links":{"self":[{"href":"https:\/\/thequeenhouse.co.uk\/lt\/wp-json\/wp\/v2\/product\/14150","targetHints":{"allow":["GET"]}}],"collection":[{"href":"https:\/\/thequeenhouse.co.uk\/lt\/wp-json\/wp\/v2\/product"}],"about":[{"href":"https:\/\/thequeenhouse.co.uk\/lt\/wp-json\/wp\/v2\/types\/product"}],"replies":[{"embeddable":true,"href":"https:\/\/thequeenhouse.co.uk\/lt\/wp-json\/wp\/v2\/comments?post=14150"}],"wp:featuredmedia":[{"embeddable":true,"href":"https:\/\/thequeenhouse.co.uk\/lt\/wp-json\/wp\/v2\/media\/14154"}],"wp:attachment":[{"href":"https:\/\/thequeenhouse.co.uk\/lt\/wp-json\/wp\/v2\/media?parent=14150"}],"wp:term":[{"taxonomy":"product_brand","embeddable":true,"href":"https:\/\/thequeenhouse.co.uk\/lt\/wp-json\/wp\/v2\/product_brand?post=14150"},{"taxonomy":"product_cat","embeddable":true,"href":"https:\/\/thequeenhouse.co.uk\/lt\/wp-json\/wp\/v2\/product_cat?post=14150"},{"taxonomy":"product_tag","embeddable":true,"href":"https:\/\/thequeenhouse.co.uk\/lt\/wp-json\/wp\/v2\/product_tag?post=14150"}],"curies":[{"name":"wp","href":"https:\/\/api.w.org\/{rel}","templated":true}]}}