{"id":14161,"date":"2025-05-27T20:04:08","date_gmt":"2025-05-27T19:04:08","guid":{"rendered":"https:\/\/thequeenhouse.co.uk\/?post_type=product&#038;p=14161"},"modified":"2025-05-27T20:29:56","modified_gmt":"2025-05-27T19:29:56","slug":"nunu-plauku-kauke-200ml-isankstinis-uzsakymas-copy","status":"publish","type":"product","link":"https:\/\/thequeenhouse.co.uk\/lt\/produktas\/nunu-plauku-kauke-200ml-isankstinis-uzsakymas-copy\/","title":{"rendered":"BIODANCE Kolageno Gelio Toniko Padeliai \u2013 60 vnt."},"content":{"rendered":"<h3 data-start=\"822\" data-end=\"867\">\ud83d\udca7 <strong data-start=\"829\" data-end=\"867\">Pagrindin\u0117s veikliosios med\u017eiagos:<\/strong><\/h3>\n<ul data-start=\"869\" data-end=\"1331\">\n<li data-start=\"869\" data-end=\"967\">\n<p data-start=\"871\" data-end=\"967\"><strong data-start=\"871\" data-end=\"916\">J\u016brinis Kolagenas (ultra ma\u017eos molekulin\u0117s mas\u0117s)<\/strong> \u2013 gerina odos stangrum\u0105, ma\u017eina smulkias rauk\u0161les.<\/p>\n<\/li>\n<li data-start=\"968\" data-end=\"1046\">\n<p data-start=\"970\" data-end=\"1046\"><strong data-start=\"970\" data-end=\"997\">Oligo hialurono r\u016bg\u0161tis<\/strong> \u2013 intensyviai dr\u0117kina, saugo nuo dehidratacijos.<\/p>\n<\/li>\n<li data-start=\"1047\" data-end=\"1142\">\n<p data-start=\"1049\" data-end=\"1142\"><strong data-start=\"1049\" data-end=\"1082\">Galactomyces fermento filtras<\/strong> \u2013 skaistina od\u0105, \u0161velnina pigmentines d\u0117mes ir nelyg\u0173 ton\u0105.<\/p>\n<\/li>\n<li data-start=\"1143\" data-end=\"1206\">\n<p data-start=\"1145\" data-end=\"1206\"><strong data-start=\"1145\" data-end=\"1157\">Peptidai<\/strong> \u2013 stiprina odos strukt\u016br\u0105, skatina regeneracij\u0105.<\/p>\n<\/li>\n<li data-start=\"1207\" data-end=\"1279\">\n<p data-start=\"1209\" data-end=\"1279\"><strong data-start=\"1209\" data-end=\"1223\">Alantoinas<\/strong> \u2013 efektyviai <strong data-start=\"1237\" data-end=\"1255\">ma\u017eina raudon\u012f<\/strong>, ramina sudirgusi\u0105 od\u0105.<\/p>\n<\/li>\n<li data-start=\"1280\" data-end=\"1328\">\n<p data-start=\"1282\" data-end=\"1328\"><strong data-start=\"1282\" data-end=\"1295\">Elastinas<\/strong> \u2013 <strong data-start=\"1298\" data-end=\"1327\">stiprina odos elastingum\u0105<\/strong>.<\/p>\n<\/li>\n<\/ul>\n<h3 data-start=\"1499\" data-end=\"1533\"><\/h3>\n<h3 data-start=\"1499\" data-end=\"1533\">\u2728 <strong data-start=\"1505\" data-end=\"1533\">Pagrindiniai privalumai:<\/strong><\/h3>\n<ul data-start=\"1535\" data-end=\"1727\">\n<li data-start=\"1535\" data-end=\"1567\">\n<p data-start=\"1537\" data-end=\"1567\">Ma\u017eina smulkias <strong data-start=\"1553\" data-end=\"1567\">rauk\u0161leles<\/strong><\/p>\n<\/li>\n<li data-start=\"1568\" data-end=\"1600\">\n<p data-start=\"1570\" data-end=\"1600\"><strong data-start=\"1570\" data-end=\"1583\">Stangrina<\/strong> ir atgaivina od\u0105<\/p>\n<\/li>\n<li data-start=\"1601\" data-end=\"1646\">\n<p data-start=\"1603\" data-end=\"1646\"><strong data-start=\"1603\" data-end=\"1622\">Sutraukia poras<\/strong> ir gerina odos tekst\u016br\u0105<\/p>\n<\/li>\n<li data-start=\"1647\" data-end=\"1693\">\n<p data-start=\"1649\" data-end=\"1693\"><strong data-start=\"1649\" data-end=\"1659\">Ramino<\/strong> sudirgimus bei <strong data-start=\"1675\" data-end=\"1693\">ma\u017eina raudon\u012f<\/strong><\/p>\n<\/li>\n<li data-start=\"1694\" data-end=\"1727\">\n<p data-start=\"1696\" data-end=\"1727\">Skaistina ir tolygina odos ton\u0105<\/p>\n<\/li>\n<\/ul>\n<h3 data-start=\"1256\" data-end=\"1273\"><\/h3>\n<h3 data-start=\"1256\" data-end=\"1273\">\ud83c\udf3f <strong data-start=\"1263\" data-end=\"1273\">Tinka:<\/strong><\/h3>\n<ul data-start=\"1275\" data-end=\"1423\">\n<li data-start=\"1275\" data-end=\"1327\">\n<p data-start=\"1277\" data-end=\"1327\"><strong data-start=\"1277\" data-end=\"1295\">Vis\u0173 tip\u0173 odai<\/strong> \u2013 \u012fskaitant jautri\u0105 ir brand\u017ei\u0105<\/p>\n<\/li>\n<li data-start=\"1328\" data-end=\"1423\">\n<p data-start=\"1330\" data-end=\"1423\">Odai su <strong data-start=\"1338\" data-end=\"1365\">i\u0161sipl\u0117tusiomis poromis<\/strong>, <strong data-start=\"1367\" data-end=\"1388\">hiperpigmentacija<\/strong>, <strong data-start=\"1390\" data-end=\"1402\">raudoniu<\/strong> ar <strong data-start=\"1406\" data-end=\"1423\">dehidratacija<\/strong><\/p>\n<\/li>\n<\/ul>\n<h3 data-start=\"1425\" data-end=\"1447\">\ud83e\uddf4 <strong data-start=\"1432\" data-end=\"1447\">Naudojimas:<\/strong><\/h3>\n<p data-start=\"1448\" data-end=\"1571\">Naudokite po veido valymo \u2013 \u0161velniai nuvalykite veid\u0105, kakl\u0105 ir dekolt\u0117 srit\u012f toniko padeliu. Tinka naudoti ryte ir vakare.<\/p>\n<h3 data-start=\"1573\" data-end=\"1594\">\ud83d\udce6 <strong data-start=\"1580\" data-end=\"1594\">Pakuot\u0117je:<\/strong><\/h3>\n<p data-start=\"1595\" data-end=\"1694\">60 i\u0161 anksto sudr\u0117kint\u0173 padeli\u0173 \u2013 puikiai tinka kasdieniam naudojimui ir greitam odos atgaivinimui.<\/p>\n","protected":false},"excerpt":{"rendered":"<h3 data-start=\"191\" data-end=\"262\"><strong data-start=\"195\" data-end=\"262\">Intensyvi prie\u017ei\u016bra \u2013 skaistesnei, lygesnei ir stangresnei odai<\/strong><\/h3>\n<p><strong data-start=\"389\" data-end=\"425\">Biodance Collagen Gel Toner Pads<\/strong> \u2013 tai i\u0161manios formul\u0117s toniko padeliai, sukurti kasdieniam naudojimui, kurie vienu metu <strong data-start=\"515\" data-end=\"526\">dr\u0117kina<\/strong>, <strong data-start=\"528\" data-end=\"552\">kovoja su rauk\u0161l\u0117mis<\/strong>, <strong data-start=\"554\" data-end=\"570\">ma\u017eina poras<\/strong>, <strong data-start=\"572\" data-end=\"599\">stiprina odos stangrum\u0105<\/strong> ir <strong data-start=\"603\" data-end=\"621\">ramina raudon\u012f<\/strong>.<\/p>\n<p data-start=\"264\" data-end=\"640\">Atraskite auk\u0161tos kokyb\u0117s odos prie\u017ei\u016br\u0105 su <strong data-start=\"308\" data-end=\"344\">Biodance Collagen Gel Toner Pads<\/strong> \u2013 tai inovatyv\u016bs toniko padeliai, sukurti odos atgaivinimui, dr\u0117kinimui ir atjauninimui. \u0160i pa\u017eangi formul\u0117, praturtinta <strong data-start=\"466\" data-end=\"508\">ultra \u017eemos molekulin\u0117s mas\u0117s j\u016briniu kolagenu<\/strong>, <strong data-start=\"510\" data-end=\"538\">oligo hialurono r\u016bg\u0161timi<\/strong> ir <strong data-start=\"542\" data-end=\"576\">Galactomyces fermento filtratu<\/strong>, veikia giliai \u2013 atkuria odos elastingum\u0105, skaistum\u0105 ir tonus\u0105.<\/p>\n<h3 data-start=\"642\" data-end=\"699\">\ud83d\udca7 <strong data-start=\"649\" data-end=\"699\">Pagrindin\u0117s veikliosios med\u017eiagos ir j\u0173 nauda:<\/strong><\/h3>\n<ul data-start=\"701\" data-end=\"1254\">\n<li data-start=\"701\" data-end=\"818\">\n<p data-start=\"703\" data-end=\"818\"><strong data-start=\"703\" data-end=\"746\">Ultra \u017eemos molekulin\u0117s mas\u0117s j<\/strong><strong data-start=\"195\" data-end=\"262\">\u016b<\/strong><strong data-start=\"703\" data-end=\"746\">rinis kolagenas<\/strong> \u2013 giliai \u012fsigeria, suteikia stangrumo ir padeda atkurti odos strukt\u016bros<\/p>\n<\/li>\n<li data-start=\"819\" data-end=\"936\">\n<p data-start=\"821\" data-end=\"936\"><strong data-start=\"821\" data-end=\"848\">Oligo hialurono r\u016bg\u0161tis<\/strong> \u2013 u\u017etikrina ilgalaik\u012f dr\u0117kinim\u0105, sulaikydama dr\u0117gm\u0119 net giliausiuose odos sluoksniuose.<\/p>\n<\/li>\n<li data-start=\"937\" data-end=\"1041\">\n<p data-start=\"939\" data-end=\"1041\"><strong data-start=\"939\" data-end=\"972\">Galactomyces fermento filtras<\/strong> \u2013 skaistina, lygina odos atspalv\u012f ir stiprina nat\u016bral\u0173 odos barjer\u0105.<\/p>\n<\/li>\n<li data-start=\"1042\" data-end=\"1132\">\n<p data-start=\"1044\" data-end=\"1132\"><strong data-start=\"1044\" data-end=\"1056\">Peptidai<\/strong> \u2013 ma\u017eina smulkias rauk\u0161les, skatina kolageno sintez\u0119 ir didina elastingum\u0105.<\/p>\n<\/li>\n<li data-start=\"1133\" data-end=\"1188\">\n<p data-start=\"1135\" data-end=\"1188\"><strong data-start=\"1135\" data-end=\"1149\">Alantoinas<\/strong> \u2013 ramina sudirgusi\u0105 ir paraudusi\u0105 od\u0105.<\/p>\n<\/li>\n<li data-start=\"1189\" data-end=\"1254\">\n<p data-start=\"1191\" data-end=\"1254\"><strong data-start=\"1191\" data-end=\"1204\">Elastinas<\/strong> \u2013 pagerina odos elastingum\u0105, stangrum\u0105 ir tonus\u0105.<\/p>\n<\/li>\n<\/ul>\n<p><strong>PAGAMINTA KOREJOJE<\/strong><\/p>\n","protected":false},"featured_media":14169,"comment_status":"open","ping_status":"closed","template":"","meta":[],"product_brand":[],"product_cat":[43,212],"product_tag":[],"class_list":{"0":"post-14161","1":"product","2":"type-product","3":"status-publish","4":"has-post-thumbnail","6":"product_cat-grozis","7":"product_cat-veido-prieziuros-priemones","9":"first","10":"instock","11":"taxable","12":"shipping-taxable","13":"purchasable","14":"product-type-simple"},"_links":{"self":[{"href":"https:\/\/thequeenhouse.co.uk\/lt\/wp-json\/wp\/v2\/product\/14161","targetHints":{"allow":["GET"]}}],"collection":[{"href":"https:\/\/thequeenhouse.co.uk\/lt\/wp-json\/wp\/v2\/product"}],"about":[{"href":"https:\/\/thequeenhouse.co.uk\/lt\/wp-json\/wp\/v2\/types\/product"}],"replies":[{"embeddable":true,"href":"https:\/\/thequeenhouse.co.uk\/lt\/wp-json\/wp\/v2\/comments?post=14161"}],"wp:featuredmedia":[{"embeddable":true,"href":"https:\/\/thequeenhouse.co.uk\/lt\/wp-json\/wp\/v2\/media\/14169"}],"wp:attachment":[{"href":"https:\/\/thequeenhouse.co.uk\/lt\/wp-json\/wp\/v2\/media?parent=14161"}],"wp:term":[{"taxonomy":"product_brand","embeddable":true,"href":"https:\/\/thequeenhouse.co.uk\/lt\/wp-json\/wp\/v2\/product_brand?post=14161"},{"taxonomy":"product_cat","embeddable":true,"href":"https:\/\/thequeenhouse.co.uk\/lt\/wp-json\/wp\/v2\/product_cat?post=14161"},{"taxonomy":"product_tag","embeddable":true,"href":"https:\/\/thequeenhouse.co.uk\/lt\/wp-json\/wp\/v2\/product_tag?post=14161"}],"curies":[{"name":"wp","href":"https:\/\/api.w.org\/{rel}","templated":true}]}}