{"id":14171,"date":"2025-05-27T20:10:03","date_gmt":"2025-05-27T19:10:03","guid":{"rendered":"https:\/\/thequeenhouse.co.uk\/?post_type=product&#038;p=14171"},"modified":"2025-05-27T20:33:33","modified_gmt":"2025-05-27T19:33:33","slug":"nunu-plauku-kauke-200ml-isankstinis-uzsakymas-copy-copy","status":"publish","type":"product","link":"https:\/\/thequeenhouse.co.uk\/lt\/produktas\/nunu-plauku-kauke-200ml-isankstinis-uzsakymas-copy-copy\/","title":{"rendered":"BIODANCE &#8211; Geliniai Toniko Padeliai su 10 Sluoksni\u0173 Hialurono R\u016bg\u0161ties Kompleksu \u2013 60 vnt."},"content":{"rendered":"<p data-start=\"1214\" data-end=\"1350\">\n<h3 data-start=\"1357\" data-end=\"1374\">\ud83c\udf3f <strong data-start=\"1364\" data-end=\"1374\">Tinka:<\/strong><\/h3>\n<ul data-start=\"1376\" data-end=\"1530\">\n<li data-start=\"1376\" data-end=\"1424\">\n<p data-start=\"1378\" data-end=\"1424\"><strong data-start=\"1378\" data-end=\"1390\">Jautriai<\/strong>, <strong data-start=\"1392\" data-end=\"1402\">sausai<\/strong>, <strong data-start=\"1404\" data-end=\"1419\">sudirgusiai<\/strong> odai<\/p>\n<\/li>\n<li data-start=\"1425\" data-end=\"1530\">\n<p data-start=\"1427\" data-end=\"1530\">Odai, praradusiai <strong data-start=\"1445\" data-end=\"1460\">elastingum\u0105<\/strong>, turin\u010diai <strong data-start=\"1472\" data-end=\"1486\">rauk\u0161leli\u0173<\/strong>, <strong data-start=\"1488\" data-end=\"1500\">raudonio<\/strong> ar <strong data-start=\"1504\" data-end=\"1530\">dehidratacijos po\u017eymi\u0173<\/strong><\/p>\n<\/li>\n<\/ul>\n<h3 data-start=\"1537\" data-end=\"1571\"><\/h3>\n<h3 data-start=\"1537\" data-end=\"1571\">\u2728 <strong data-start=\"1543\" data-end=\"1571\">Pagrindiniai privalumai:<\/strong><\/h3>\n<ul data-start=\"1573\" data-end=\"1826\">\n<li data-start=\"1573\" data-end=\"1622\">\n<p data-start=\"1575\" data-end=\"1622\"><strong data-start=\"1575\" data-end=\"1598\">Intensyviai dr\u0117kina<\/strong> ir atkuria odos balans\u0105<\/p>\n<\/li>\n<li data-start=\"1623\" data-end=\"1659\">\n<p data-start=\"1625\" data-end=\"1659\"><strong data-start=\"1625\" data-end=\"1635\">Ramina<\/strong> paraudimus bei jautrum\u0105<\/p>\n<\/li>\n<li data-start=\"1660\" data-end=\"1726\">\n<p data-start=\"1662\" data-end=\"1726\"><strong data-start=\"1662\" data-end=\"1687\">Stiprina odos barjer\u0105<\/strong> ir saugo nuo \u017ealing\u0173 aplinkos veiksni\u0173<\/p>\n<\/li>\n<li data-start=\"1727\" data-end=\"1775\">\n<p data-start=\"1729\" data-end=\"1775\">Suteikia <strong data-start=\"1738\" data-end=\"1757\">komforto jausm\u0105<\/strong> visos dienos metu<\/p>\n<\/li>\n<li data-start=\"1776\" data-end=\"1826\">\n<p data-start=\"1778\" data-end=\"1826\">Tinka naudoti <strong data-start=\"1792\" data-end=\"1803\">kasdien<\/strong>, net jautriausiai odai<\/p>\n<\/li>\n<\/ul>\n<h3 data-start=\"1833\" data-end=\"1855\"><\/h3>\n<h3 data-start=\"1833\" data-end=\"1855\">\ud83e\uddf4 <strong data-start=\"1840\" data-end=\"1855\">Naudojimas:<\/strong><\/h3>\n<p data-start=\"1857\" data-end=\"1982\">Po veido prausimo \u0161velniai perbraukite padeliu per veid\u0105 ar problemines zonas. Nenuskalauti. Naudokite ryte ir (arba) vakare.<\/p>\n","protected":false},"excerpt":{"rendered":"<h3 data-start=\"238\" data-end=\"327\"><strong data-start=\"242\" data-end=\"327\">Intensyvus dr\u0117kinimas, raminimas ir odos barjero stiprinimas \u2013 viename \u017eingsnyje.<\/strong><\/h3>\n<p data-start=\"329\" data-end=\"634\">Suteikite savo odai ilgalaik\u0117s dr\u0117gm\u0117s ir apsaugos su <strong data-start=\"383\" data-end=\"410\">Biodance Gel Toner Pads<\/strong> \u2013 inovatyviais geliniais padeliais, sukurtais sausai, jautriai ar sudirgusiai odai. \u0160ie padeliai puikiai tinka kasdieniam naudojimui ir veikia kaip intensyviai dr\u0117kinantis bei raminantis tonikas be joki\u0173 papildom\u0173 \u017eingsni\u0173.<\/p>\n<h3 data-start=\"641\" data-end=\"674\"><\/h3>\n<h3 data-start=\"641\" data-end=\"674\">\ud83d\udca7 <strong data-start=\"648\" data-end=\"674\">Veikliosios med\u017eiagos:<\/strong><\/h3>\n<ul data-start=\"676\" data-end=\"1350\">\n<li data-start=\"676\" data-end=\"897\">\n<p data-start=\"678\" data-end=\"897\"><strong data-start=\"678\" data-end=\"724\">10 sluoksni\u0173 hialurono r\u016bg\u0161ties kompleksas<\/strong> \u2013 \u012fvairi\u0173 molekulini\u0173 dyd\u017ei\u0173 hialuronas u\u017etikrina gilumin\u012f, ilgalaik\u012f dr\u0117kinim\u0105 tiek pavir\u0161iniuose, tiek gilesniuose odos sluoksniuose. Oda tampa elastingesn\u0117 ir \u0161velnesn\u0117.<\/p>\n<\/li>\n<li data-start=\"901\" data-end=\"1020\">\n<p data-start=\"903\" data-end=\"1020\"><strong data-start=\"903\" data-end=\"926\">Keramid\u0173 kompleksas<\/strong> \u2013 stiprina odos apsaugin\u012f barjer\u0105, padeda i\u0161laikyti dr\u0117gm\u0119 ir apsaugo nuo aplinkos dirgikli\u0173.<\/p>\n<\/li>\n<li data-start=\"1022\" data-end=\"1125\">\n<p data-start=\"1024\" data-end=\"1125\"><strong data-start=\"1024\" data-end=\"1059\">D-Panthenolis (Provitaminas B5)<\/strong> \u2013 ramina sudirgimus, ma\u017eina paraudimus, padeda odai regeneruotis.<\/p>\n<\/li>\n<li data-start=\"1127\" data-end=\"1210\">\n<p data-start=\"1129\" data-end=\"1210\"><strong data-start=\"1129\" data-end=\"1143\">Alantoinas<\/strong> \u2013 mal\u0161ina jautrum\u0105, efektyviai ma\u017eina odos paraudim\u0105 ir sudirgim\u0105.<\/p>\n<\/li>\n<li data-start=\"1212\" data-end=\"1350\">\n<p data-start=\"1214\" data-end=\"1350\"><strong data-start=\"1214\" data-end=\"1239\">Gardenijos ekstraktas<\/strong> \u2013 pasi\u017eymi antioksidacin\u0117mis savyb\u0117mis, saugo od\u0105 nuo \u017ealingo laisv\u0173j\u0173 radikal\u0173 poveikio ir ankstyvo sen\u0117jimo.<\/p>\n<\/li>\n<\/ul>\n","protected":false},"featured_media":14179,"comment_status":"open","ping_status":"closed","template":"","meta":[],"product_brand":[],"product_cat":[43,212],"product_tag":[],"class_list":{"0":"post-14171","1":"product","2":"type-product","3":"status-publish","4":"has-post-thumbnail","6":"product_cat-grozis","7":"product_cat-veido-prieziuros-priemones","9":"first","10":"instock","11":"taxable","12":"shipping-taxable","13":"purchasable","14":"product-type-simple"},"_links":{"self":[{"href":"https:\/\/thequeenhouse.co.uk\/lt\/wp-json\/wp\/v2\/product\/14171","targetHints":{"allow":["GET"]}}],"collection":[{"href":"https:\/\/thequeenhouse.co.uk\/lt\/wp-json\/wp\/v2\/product"}],"about":[{"href":"https:\/\/thequeenhouse.co.uk\/lt\/wp-json\/wp\/v2\/types\/product"}],"replies":[{"embeddable":true,"href":"https:\/\/thequeenhouse.co.uk\/lt\/wp-json\/wp\/v2\/comments?post=14171"}],"wp:featuredmedia":[{"embeddable":true,"href":"https:\/\/thequeenhouse.co.uk\/lt\/wp-json\/wp\/v2\/media\/14179"}],"wp:attachment":[{"href":"https:\/\/thequeenhouse.co.uk\/lt\/wp-json\/wp\/v2\/media?parent=14171"}],"wp:term":[{"taxonomy":"product_brand","embeddable":true,"href":"https:\/\/thequeenhouse.co.uk\/lt\/wp-json\/wp\/v2\/product_brand?post=14171"},{"taxonomy":"product_cat","embeddable":true,"href":"https:\/\/thequeenhouse.co.uk\/lt\/wp-json\/wp\/v2\/product_cat?post=14171"},{"taxonomy":"product_tag","embeddable":true,"href":"https:\/\/thequeenhouse.co.uk\/lt\/wp-json\/wp\/v2\/product_tag?post=14171"}],"curies":[{"name":"wp","href":"https:\/\/api.w.org\/{rel}","templated":true}]}}