{"id":14203,"date":"2025-06-03T22:01:41","date_gmt":"2025-06-03T21:01:41","guid":{"rendered":"https:\/\/thequeenhouse.co.uk\/?post_type=product&#038;p=14203"},"modified":"2025-06-03T22:31:49","modified_gmt":"2025-06-03T21:31:49","slug":"biodance-geliniai-toniko-padeliai-su-10-sluoksniu-hialurono-rugsties-kompleksu-60-vnt-copy","status":"publish","type":"product","link":"https:\/\/thequeenhouse.co.uk\/lt\/produktas\/biodance-geliniai-toniko-padeliai-su-10-sluoksniu-hialurono-rugsties-kompleksu-60-vnt-copy\/","title":{"rendered":"Veido Serumas &#8211; Reedle Shoot 100 &#8211; 50ml"},"content":{"rendered":"<h2 data-start=\"214\" data-end=\"331\"><strong data-start=\"217\" data-end=\"331\">VT Cosmetics Reedle Shot 100 \u2013 pa\u017eangus odos stiprinimo ir regeneracijos serumas su mikroadat\u0117li\u0173 technologija<\/strong><\/h2>\n<p data-start=\"333\" data-end=\"530\">Atraskite naujos kartos odos prie\u017ei\u016bros sprendim\u0105 su <strong data-start=\"386\" data-end=\"418\">VT Cosmetics Reedle Shot 100<\/strong> \u2013 inovatyviu veido boosteriu, skirtu giliam dr\u0117kinimui, odos regeneracijos skatinimui ir stangrumo atk\u016brimui.<\/p>\n<p data-start=\"532\" data-end=\"722\">Produktas sukurtas pasitelkiant pa\u017eangi\u0105 <strong data-start=\"573\" data-end=\"603\">mikroadat\u0117li\u0173 technologij\u0105<\/strong>, kuri u\u017etikrina efektyvesn\u012f veikli\u0173j\u0173 med\u017eiag\u0173 \u012fsiskverbim\u0105 \u012f od\u0105, \u017eenkliai pagerindama bendr\u0105 odos b\u016bkl\u0119 ir i\u0161vaizd\u0105.<\/p>\n<h3 data-start=\"729\" data-end=\"761\"><\/h3>\n<h3 data-start=\"729\" data-end=\"761\"><strong data-start=\"733\" data-end=\"761\">Pagrindiniai privalumai:<\/strong><\/h3>\n<ul data-start=\"763\" data-end=\"1322\">\n<li data-start=\"763\" data-end=\"833\">\n<p data-start=\"765\" data-end=\"833\"><strong data-start=\"765\" data-end=\"794\">Skatina odos regeneracij\u0105<\/strong>, spartina pa\u017eeistos odos atsinaujinim\u0105<\/p>\n<\/li>\n<li data-start=\"834\" data-end=\"901\">\n<p data-start=\"836\" data-end=\"901\"><strong data-start=\"836\" data-end=\"861\">Stiprina odos barjer\u0105<\/strong>, gerina jos atsparum\u0105 i\u0161or\u0117s veiksniams<\/p>\n<\/li>\n<li data-start=\"902\" data-end=\"973\">\n<p data-start=\"904\" data-end=\"973\"><strong data-start=\"904\" data-end=\"922\">Giliai dr\u0117kina<\/strong>, u\u017etikrina ilgalaik\u012f odos mink\u0161tum\u0105 ir elastingum\u0105<\/p>\n<\/li>\n<li data-start=\"974\" data-end=\"1049\">\n<p data-start=\"976\" data-end=\"1049\"><strong data-start=\"976\" data-end=\"1001\">Gerina odos stangrum\u0105<\/strong>, vizualiai ma\u017eina rauk\u0161les bei smulkias linijas<\/p>\n<\/li>\n<li data-start=\"1050\" data-end=\"1115\">\n<p data-start=\"1052\" data-end=\"1115\"><strong data-start=\"1052\" data-end=\"1082\">Ma\u017eina i\u0161sipl\u0117tusias poras<\/strong> ir padeda suvienodinti odos ton\u0105<\/p>\n<\/li>\n<li data-start=\"1116\" data-end=\"1178\">\n<p data-start=\"1118\" data-end=\"1178\"><strong data-start=\"1118\" data-end=\"1141\">Kovoja su paraudimu<\/strong> ir ramina jautri\u0105 bei sudirgusi\u0105 od\u0105<\/p>\n<\/li>\n<li data-start=\"1179\" data-end=\"1233\">\n<p data-start=\"1181\" data-end=\"1233\"><strong data-start=\"1181\" data-end=\"1215\">Apsaugo nuo oksidacinio streso<\/strong> ir aplinkos \u017ealos<\/p>\n<\/li>\n<li data-start=\"1234\" data-end=\"1322\">\n<p data-start=\"1236\" data-end=\"1322\">Lengvos, greitai \u012fsigerian\u010dios tekst\u016bros \u2013 <strong data-start=\"1279\" data-end=\"1303\">tinka vis\u0173 tip\u0173 odai<\/strong>, \u012fskaitant jautri\u0105<\/p>\n<\/li>\n<\/ul>\n<h3 data-start=\"1329\" data-end=\"1359\"><\/h3>\n<h3 data-start=\"1329\" data-end=\"1359\"><strong data-start=\"1333\" data-end=\"1359\">Veikliosios med\u017eiagos:<\/strong><\/h3>\n<p data-start=\"1361\" data-end=\"1480\"><strong data-start=\"1361\" data-end=\"1413\">\ud83d\udd39 Nendri\u0173 \u016bgli\u0173 ekstraktas (Reed Shoot Extract)<\/strong><br data-start=\"1413\" data-end=\"1416\" \/>\u2013 Skatina kolageno sintez\u0119, gerina odos stangrum\u0105 ir elastingum\u0105<\/p>\n<p data-start=\"1482\" data-end=\"1617\"><strong data-start=\"1482\" data-end=\"1535\">\ud83d\udd39 Hialurono r\u016bg\u0161tis (daugiasluoksnis kompleksas)<\/strong><br data-start=\"1535\" data-end=\"1538\" \/>\u2013 U\u017etikrina gil\u0173 ir ilgalaik\u012f odos dr\u0117kinim\u0105, suteikia odai putlumo ir glotnumo<\/p>\n<p data-start=\"1619\" data-end=\"1750\"><strong data-start=\"1619\" data-end=\"1662\">\ud83d\udd39 Vitamin\u0173 ir antioksidant\u0173 kompleksas<\/strong><br data-start=\"1662\" data-end=\"1665\" \/>\u2013 Apsaugo nuo laisv\u0173j\u0173 radikal\u0173 \u017ealos, padeda kovoti su ankstyvais sen\u0117jimo po\u017eymiais<\/p>\n<p data-start=\"1752\" data-end=\"1871\"><strong data-start=\"1752\" data-end=\"1799\">\ud83d\udd39 Centella Asiatica ekstraktas (Gotu Kola)<\/strong><br data-start=\"1799\" data-end=\"1802\" \/>\u2013 Ramina sudirgusi\u0105 od\u0105, ma\u017eina paraudimus, skatina odos regeneracij\u0105<\/p>\n<p data-start=\"1873\" data-end=\"1979\"><strong data-start=\"1873\" data-end=\"1925\">\ud83d\udd39 Makadamij\u0173 s\u0117kl\u0173 aliejus (Macadamia Seed Oil)<\/strong><br data-start=\"1925\" data-end=\"1928\" \/>\u2013 Maitina od\u0105, mink\u0161tina ir suteikia \u0161ilkin\u012f poj\u016bt\u012f<\/p>\n<h3 data-start=\"1986\" data-end=\"2019\"><\/h3>\n<h3 data-start=\"1986\" data-end=\"2019\"><strong data-start=\"1990\" data-end=\"2019\">Naudojimo rekomendacijos:<\/strong><\/h3>\n<p data-start=\"2021\" data-end=\"2085\">\ud83d\udccc <strong data-start=\"2024\" data-end=\"2039\">Naudojimas:<\/strong> ryte ir vakare, ant \u0161variai nuvalytos odos.<\/p>\n<ul data-start=\"2087\" data-end=\"2302\">\n<li data-start=\"2087\" data-end=\"2160\">\n<p data-start=\"2089\" data-end=\"2160\">Tolygiai paskirstykite reikiam\u0105 kiek\u012f produkto ant veido ir kaklo odos.<\/p>\n<\/li>\n<li data-start=\"2161\" data-end=\"2227\">\n<p data-start=\"2163\" data-end=\"2227\">\u0160velniai \u012fmasa\u017euokite sukamaisiais judesiais pagal odos linijas.<\/p>\n<\/li>\n<li data-start=\"2228\" data-end=\"2302\">\n<p data-start=\"2230\" data-end=\"2302\">Nor\u0117dami sustiprinti rezultat\u0105 \u2013 papildomai naudokite esencij\u0105 ir krem\u0105.<\/p>\n<\/li>\n<\/ul>\n<p data-start=\"2304\" data-end=\"2446\">\u26a0\ufe0f <strong data-start=\"2307\" data-end=\"2319\">D\u0117mesio:<\/strong> Po u\u017etepimo gali pasireik\u0161ti laikinas dilg\u010diojimo jausmas (iki 5 min.) \u2013 tai normalu d\u0117l mikroadat\u0117li\u0173 technologijos poveikio.<\/p>\n<p data-start=\"2448\" data-end=\"2569\">\ud83d\udeab <strong data-start=\"2451\" data-end=\"2462\">Svarbu:<\/strong> <strong data-start=\"2463\" data-end=\"2496\">nenaudoti kartu su vitamino C<\/strong> ar <strong data-start=\"2500\" data-end=\"2513\">retinolio<\/strong> pagrindu sukurtais produktais to paties naudojimo metu.<\/p>\n<h3 data-start=\"2576\" data-end=\"2593\"><\/h3>\n<h3 data-start=\"2576\" data-end=\"2593\"><strong data-start=\"2580\" data-end=\"2593\">Laikymas:<\/strong><\/h3>\n<ul data-start=\"2595\" data-end=\"2714\">\n<li data-start=\"2595\" data-end=\"2665\">\n<p data-start=\"2597\" data-end=\"2665\">Atidarius pakuot\u0119, laikyti v\u0117sioje, tamsioje vietoje arba \u0161aldytuve.<\/p>\n<\/li>\n<li data-start=\"2666\" data-end=\"2714\">\n<p data-start=\"2668\" data-end=\"2714\">Vengti laikymo viet\u0173 su kintan\u010dia temperat\u016bra.<\/p>\n<\/li>\n<\/ul>\n<h3 data-start=\"2721\" data-end=\"2748\"><\/h3>\n<h3 data-start=\"2721\" data-end=\"2748\"><strong data-start=\"2725\" data-end=\"2748\">Kam rekomenduojama:<\/strong><\/h3>\n<ul data-start=\"2750\" data-end=\"2974\">\n<li data-start=\"2750\" data-end=\"2974\">\n<p data-start=\"2752\" data-end=\"2974\">Vis\u0173 tip\u0173 odai, ypa\u010d:<br data-start=\"2773\" data-end=\"2776\" \/>\u2705 jautriai, paraudusiai odai<br data-start=\"2806\" data-end=\"2809\" \/>\u2705 sausai ir dehidratuotai odai<br data-start=\"2841\" data-end=\"2844\" \/>\u2705 brand\u017eiai odai su stangrumo praradimo po\u017eymiais<br data-start=\"2895\" data-end=\"2898\" \/>\u2705 odai su padidintomis poromis<br data-start=\"2930\" data-end=\"2933\" \/>\u2705 papilk\u0117jusiai, pavargusiai veido odai<\/p>\n<\/li>\n<\/ul>\n<p data-start=\"2981\" data-end=\"3151\"><strong data-start=\"2981\" data-end=\"3013\">VT Cosmetics Reedle Shot 100<\/strong> \u2013 tai profesionalus odos prie\u017ei\u016bros sprendimas, skirtas tiems, kurie siekia efektyviai atkurti odos jaunatvi\u0161kum\u0105, stangrum\u0105 ir spindes\u012f.<\/p>\n<p data-start=\"3153\" data-end=\"3225\">Investuokite \u012f odos sveikat\u0105 ir gro\u017e\u012f \u2013 su <strong data-start=\"3196\" data-end=\"3212\">VT Cosmetics<\/strong> tai \u012fmanoma!<\/p>\n","protected":false},"excerpt":{"rendered":"<h2 data-start=\"214\" data-end=\"331\"><strong data-start=\"217\" data-end=\"331\">VT Cosmetics Reedle Shot 100 \u2013 pa\u017eangus odos stiprinimo ir regeneracijos serumas su mikroadat\u0117li\u0173 technologija<\/strong><\/h2>\n<p data-start=\"333\" data-end=\"530\">Atraskite naujos kartos odos prie\u017ei\u016bros sprendim\u0105 su <strong data-start=\"386\" data-end=\"418\">VT Cosmetics Reedle Shot 100<\/strong> \u2013 inovatyviu veido boosteriu, skirtu giliam dr\u0117kinimui, odos regeneracijos skatinimui ir stangrumo atk\u016brimui.<\/p>\n<p data-start=\"532\" data-end=\"722\">Produktas sukurtas pasitelkiant pa\u017eangi\u0105 <strong data-start=\"573\" data-end=\"603\">mikroadat\u0117li\u0173 technologij\u0105<\/strong>, kuri u\u017etikrina efektyvesn\u012f veikli\u0173j\u0173 med\u017eiag\u0173 \u012fsiskverbim\u0105 \u012f od\u0105, \u017eenkliai pagerindama bendr\u0105 odos b\u016bkl\u0119 ir i\u0161vaizd\u0105.<\/p>\n<h3 data-start=\"729\" data-end=\"761\"><\/h3>\n<h3 data-start=\"729\" data-end=\"761\"><strong data-start=\"733\" data-end=\"761\">Pagrindiniai privalumai:<\/strong><\/h3>\n<ul data-start=\"763\" data-end=\"1322\">\n<li data-start=\"763\" data-end=\"833\">\n<p data-start=\"765\" data-end=\"833\"><strong data-start=\"765\" data-end=\"794\">Skatina odos regeneracij\u0105<\/strong>, spartina pa\u017eeistos odos atsinaujinim\u0105<\/p>\n<\/li>\n<li data-start=\"834\" data-end=\"901\">\n<p data-start=\"836\" data-end=\"901\"><strong data-start=\"836\" data-end=\"861\">Stiprina odos barjer\u0105<\/strong>, gerina jos atsparum\u0105 i\u0161or\u0117s veiksniams<\/p>\n<\/li>\n<li data-start=\"902\" data-end=\"973\">\n<p data-start=\"904\" data-end=\"973\"><strong data-start=\"904\" data-end=\"922\">Giliai dr\u0117kina<\/strong>, u\u017etikrina ilgalaik\u012f odos mink\u0161tum\u0105 ir elastingum\u0105<\/p>\n<\/li>\n<li data-start=\"974\" data-end=\"1049\">\n<p data-start=\"976\" data-end=\"1049\"><strong data-start=\"976\" data-end=\"1001\">Gerina odos stangrum\u0105<\/strong>, vizualiai ma\u017eina rauk\u0161les bei smulkias linijas<\/p>\n<\/li>\n<li data-start=\"1050\" data-end=\"1115\">\n<p data-start=\"1052\" data-end=\"1115\"><strong data-start=\"1052\" data-end=\"1082\">Ma\u017eina i\u0161sipl\u0117tusias poras<\/strong> ir padeda suvienodinti odos ton\u0105<\/p>\n<\/li>\n<li data-start=\"1116\" data-end=\"1178\">\n<p data-start=\"1118\" data-end=\"1178\"><strong data-start=\"1118\" data-end=\"1141\">Kovoja su paraudimu<\/strong> ir ramina jautri\u0105 bei sudirgusi\u0105 od\u0105<\/p>\n<\/li>\n<li data-start=\"1179\" data-end=\"1233\">\n<p data-start=\"1181\" data-end=\"1233\"><strong data-start=\"1181\" data-end=\"1215\">Apsaugo nuo oksidacinio streso<\/strong> ir aplinkos \u017ealos<\/p>\n<\/li>\n<li data-start=\"1234\" data-end=\"1322\">\n<p data-start=\"1236\" data-end=\"1322\">Lengvos, greitai \u012fsigerian\u010dios tekst\u016bros \u2013 <strong data-start=\"1279\" data-end=\"1303\">tinka vis\u0173 tip\u0173 odai<\/strong>, \u012fskaitant jautri\u0105<\/p>\n<\/li>\n<\/ul>\n<h3 data-start=\"1329\" data-end=\"1359\"><\/h3>\n<h3 data-start=\"1329\" data-end=\"1359\"><strong data-start=\"1333\" data-end=\"1359\">Veikliosios med\u017eiagos:<\/strong><\/h3>\n<p data-start=\"1361\" data-end=\"1480\"><strong data-start=\"1361\" data-end=\"1413\">\ud83d\udd39 Nendri\u0173 \u016bgli\u0173 ekstraktas (Reed Shoot Extract)<\/strong><br data-start=\"1413\" data-end=\"1416\" \/>\u2013 Skatina kolageno sintez\u0119, gerina odos stangrum\u0105 ir elastingum\u0105<\/p>\n<p data-start=\"1482\" data-end=\"1617\"><strong data-start=\"1482\" data-end=\"1535\">\ud83d\udd39 Hialurono r\u016bg\u0161tis (daugiasluoksnis kompleksas)<\/strong><br data-start=\"1535\" data-end=\"1538\" \/>\u2013 U\u017etikrina gil\u0173 ir ilgalaik\u012f odos dr\u0117kinim\u0105, suteikia odai putlumo ir glotnumo<\/p>\n<p data-start=\"1619\" data-end=\"1750\"><strong data-start=\"1619\" data-end=\"1662\">\ud83d\udd39 Vitamin\u0173 ir antioksidant\u0173 kompleksas<\/strong><br data-start=\"1662\" data-end=\"1665\" \/>\u2013 Apsaugo nuo laisv\u0173j\u0173 radikal\u0173 \u017ealos, padeda kovoti su ankstyvais sen\u0117jimo po\u017eymiais<\/p>\n<p data-start=\"1752\" data-end=\"1871\"><strong data-start=\"1752\" data-end=\"1799\">\ud83d\udd39 Centella Asiatica ekstraktas (Gotu Kola)<\/strong><br data-start=\"1799\" data-end=\"1802\" \/>\u2013 Ramina sudirgusi\u0105 od\u0105, ma\u017eina paraudimus, skatina odos regeneracij\u0105<\/p>\n<p data-start=\"1873\" data-end=\"1979\"><strong data-start=\"1873\" data-end=\"1925\">\ud83d\udd39 Makadamij\u0173 s\u0117kl\u0173 aliejus (Macadamia Seed Oil)<\/strong><br data-start=\"1925\" data-end=\"1928\" \/>\u2013 Maitina od\u0105, mink\u0161tina ir suteikia \u0161ilkin\u012f poj\u016bt\u012f<\/p>\n<h3 data-start=\"1986\" data-end=\"2019\"><\/h3>\n<h3 data-start=\"1986\" data-end=\"2019\"><strong data-start=\"1990\" data-end=\"2019\">Naudojimo rekomendacijos:<\/strong><\/h3>\n<p data-start=\"2021\" data-end=\"2085\">\ud83d\udccc <strong data-start=\"2024\" data-end=\"2039\">Naudojimas:<\/strong> ryte ir vakare, ant \u0161variai nuvalytos odos.<\/p>\n<ul data-start=\"2087\" data-end=\"2302\">\n<li data-start=\"2087\" data-end=\"2160\">\n<p data-start=\"2089\" data-end=\"2160\">Tolygiai paskirstykite reikiam\u0105 kiek\u012f produkto ant veido ir kaklo odos.<\/p>\n<\/li>\n<li data-start=\"2161\" data-end=\"2227\">\n<p data-start=\"2163\" data-end=\"2227\">\u0160velniai \u012fmasa\u017euokite sukamaisiais judesiais pagal odos linijas.<\/p>\n<\/li>\n<li data-start=\"2228\" data-end=\"2302\">\n<p data-start=\"2230\" data-end=\"2302\">Nor\u0117dami sustiprinti rezultat\u0105 \u2013 papildomai naudokite esencij\u0105 ir krem\u0105.<\/p>\n<\/li>\n<\/ul>\n<p data-start=\"2304\" data-end=\"2446\">\u26a0\ufe0f <strong data-start=\"2307\" data-end=\"2319\">D\u0117mesio:<\/strong> Po u\u017etepimo gali pasireik\u0161ti laikinas dilg\u010diojimo jausmas (iki 5 min.) \u2013 tai normalu d\u0117l mikroadat\u0117li\u0173 technologijos poveikio.<\/p>\n<p data-start=\"2448\" data-end=\"2569\">\ud83d\udeab <strong data-start=\"2451\" data-end=\"2462\">Svarbu:<\/strong> <strong data-start=\"2463\" data-end=\"2496\">nenaudoti kartu su vitamino C<\/strong> ar <strong data-start=\"2500\" data-end=\"2513\">retinolio<\/strong> pagrindu sukurtais produktais to paties naudojimo metu.<\/p>\n<h3 data-start=\"2576\" data-end=\"2593\"><\/h3>\n<h3 data-start=\"2576\" data-end=\"2593\"><strong data-start=\"2580\" data-end=\"2593\">Laikymas:<\/strong><\/h3>\n<ul data-start=\"2595\" data-end=\"2714\">\n<li data-start=\"2595\" data-end=\"2665\">\n<p data-start=\"2597\" data-end=\"2665\">Atidarius pakuot\u0119, laikyti v\u0117sioje, tamsioje vietoje arba \u0161aldytuve.<\/p>\n<\/li>\n<li data-start=\"2666\" data-end=\"2714\">\n<p data-start=\"2668\" data-end=\"2714\">Vengti laikymo viet\u0173 su kintan\u010dia temperat\u016bra.<\/p>\n<\/li>\n<\/ul>\n<h3 data-start=\"2721\" data-end=\"2748\"><\/h3>\n<h3 data-start=\"2721\" data-end=\"2748\"><strong data-start=\"2725\" data-end=\"2748\">Kam rekomenduojama:<\/strong><\/h3>\n<ul data-start=\"2750\" data-end=\"2974\">\n<li data-start=\"2750\" data-end=\"2974\">\n<p data-start=\"2752\" data-end=\"2974\">Vis\u0173 tip\u0173 odai, ypa\u010d:<br data-start=\"2773\" data-end=\"2776\" \/>\u2705 jautriai, paraudusiai odai<br data-start=\"2806\" data-end=\"2809\" \/>\u2705 sausai ir dehidratuotai odai<br data-start=\"2841\" data-end=\"2844\" \/>\u2705 brand\u017eiai odai su stangrumo praradimo po\u017eymiais<br data-start=\"2895\" data-end=\"2898\" \/>\u2705 odai su padidintomis poromis<br data-start=\"2930\" data-end=\"2933\" \/>\u2705 papilk\u0117jusiai, pavargusiai veido odai<\/p>\n<\/li>\n<\/ul>\n<p data-start=\"2981\" data-end=\"3151\"><strong data-start=\"2981\" data-end=\"3013\">VT Cosmetics Reedle Shot 100<\/strong> \u2013 tai profesionalus odos prie\u017ei\u016bros sprendimas, skirtas tiems, kurie siekia efektyviai atkurti odos jaunatvi\u0161kum\u0105, stangrum\u0105 ir spindes\u012f.<\/p>\n<p data-start=\"3153\" data-end=\"3225\">Investuokite \u012f odos sveikat\u0105 ir gro\u017e\u012f \u2013 su <strong data-start=\"3196\" data-end=\"3212\">VT Cosmetics<\/strong> tai \u012fmanoma!<\/p>\n","protected":false},"featured_media":14205,"comment_status":"open","ping_status":"closed","template":"","meta":[],"product_brand":[],"product_cat":[43,212],"product_tag":[],"class_list":{"0":"post-14203","1":"product","2":"type-product","3":"status-publish","4":"has-post-thumbnail","6":"product_cat-grozis","7":"product_cat-veido-prieziuros-priemones","9":"first","10":"instock","11":"taxable","12":"shipping-taxable","13":"purchasable","14":"product-type-simple"},"_links":{"self":[{"href":"https:\/\/thequeenhouse.co.uk\/lt\/wp-json\/wp\/v2\/product\/14203","targetHints":{"allow":["GET"]}}],"collection":[{"href":"https:\/\/thequeenhouse.co.uk\/lt\/wp-json\/wp\/v2\/product"}],"about":[{"href":"https:\/\/thequeenhouse.co.uk\/lt\/wp-json\/wp\/v2\/types\/product"}],"replies":[{"embeddable":true,"href":"https:\/\/thequeenhouse.co.uk\/lt\/wp-json\/wp\/v2\/comments?post=14203"}],"wp:featuredmedia":[{"embeddable":true,"href":"https:\/\/thequeenhouse.co.uk\/lt\/wp-json\/wp\/v2\/media\/14205"}],"wp:attachment":[{"href":"https:\/\/thequeenhouse.co.uk\/lt\/wp-json\/wp\/v2\/media?parent=14203"}],"wp:term":[{"taxonomy":"product_brand","embeddable":true,"href":"https:\/\/thequeenhouse.co.uk\/lt\/wp-json\/wp\/v2\/product_brand?post=14203"},{"taxonomy":"product_cat","embeddable":true,"href":"https:\/\/thequeenhouse.co.uk\/lt\/wp-json\/wp\/v2\/product_cat?post=14203"},{"taxonomy":"product_tag","embeddable":true,"href":"https:\/\/thequeenhouse.co.uk\/lt\/wp-json\/wp\/v2\/product_tag?post=14203"}],"curies":[{"name":"wp","href":"https:\/\/api.w.org\/{rel}","templated":true}]}}