{"id":14215,"date":"2025-06-03T22:14:21","date_gmt":"2025-06-03T21:14:21","guid":{"rendered":"https:\/\/thequeenhouse.co.uk\/?post_type=product&#038;p=14215"},"modified":"2025-06-03T22:31:13","modified_gmt":"2025-06-03T21:31:13","slug":"veido-serumas-reedle-shoot-100-copy","status":"publish","type":"product","link":"https:\/\/thequeenhouse.co.uk\/lt\/produktas\/veido-serumas-reedle-shoot-100-copy\/","title":{"rendered":"Veido Serumas &#8211; Reedle Shoot 300 &#8211; 50ml"},"content":{"rendered":"<h3 data-start=\"115\" data-end=\"153\"><strong data-start=\"119\" data-end=\"151\">VT Cosmetics Reedle Shot 300<\/strong><\/h3>\n<p data-start=\"154\" data-end=\"273\"><strong data-start=\"154\" data-end=\"273\">Pa\u017eangus odos atsinaujinimo serumas | Gilus veikli\u0173j\u0173 med\u017eiag\u0173 \u012fsiskverbimas \u2022 Por\u0173 ma\u017einimas \u2022 Raminantis poveikis<\/strong><\/p>\n<p data-start=\"275\" data-end=\"521\">Atraskite profesionalios prie\u017ei\u016bros lygio rezultatus su <strong data-start=\"331\" data-end=\"363\">VT Cosmetics Reedle Shot 300<\/strong> \u2013 tai pa\u017eangus serumas, sukurtas spr\u0119sti pagrindines odos problemas: <strong data-start=\"433\" data-end=\"518\">paraudim\u0105, jautrum\u0105, nelygi\u0105 tekst\u016br\u0105, smulkias rauk\u0161leles ir i\u0161sipl\u0117tusias poras<\/strong>.<\/p>\n<p data-start=\"523\" data-end=\"691\">Unikali <strong data-start=\"531\" data-end=\"572\">Cica Reedle\u2122 mikro-adat\u0173 technologija<\/strong> ir koncentruota <strong data-start=\"589\" data-end=\"637\">raminanti, dr\u0117kinanti bei atkurianti sud\u0117tis<\/strong> padeda pasiekti greitus ir ilgalaikius odos poky\u010dius.<\/p>\n<h3 data-start=\"698\" data-end=\"731\"><\/h3>\n<h3 data-start=\"698\" data-end=\"731\"><strong data-start=\"702\" data-end=\"729\">Pagrindiniai privalumai<\/strong><\/h3>\n<p data-start=\"732\" data-end=\"1142\">\u2705 <strong data-start=\"734\" data-end=\"776\">Gilina veikli\u0173j\u0173 med\u017eiag\u0173 \u012fsiskverbim\u0105<\/strong> (237 500 Cica Reedle\u2122 mineralini\u0173 adat\u0117li\u0173)<br data-start=\"820\" data-end=\"823\" \/>\u2705 <strong data-start=\"825\" data-end=\"850\">Stiprina odos barjer\u0105<\/strong> ir skatina regeneracij\u0105<br data-start=\"874\" data-end=\"877\" \/>\u2705 <strong data-start=\"879\" data-end=\"895\">Ma\u017eina poras<\/strong> ir glotnina odos tekst\u016br\u0105<br data-start=\"921\" data-end=\"924\" \/>\u2705 <strong data-start=\"926\" data-end=\"960\">Ramina paraudim\u0105 ir sudirgimus<\/strong> (tinka jautriai odai)<br data-start=\"982\" data-end=\"985\" \/>\u2705 <strong data-start=\"987\" data-end=\"998\">Dr\u0117kina<\/strong> ir atstato elastingum\u0105<br data-start=\"1021\" data-end=\"1024\" \/>\u2705 <strong data-start=\"1026\" data-end=\"1050\">\u0160velniai eksfoliuoja<\/strong> negyvas l\u0105steles be dirginimo<br data-start=\"1080\" data-end=\"1083\" \/>\u2705 Klini\u0161kai patikrinta \u2013 <strong data-start=\"1108\" data-end=\"1142\">hipoalerginis, nekomedogeninis<\/strong><\/p>\n<h3 data-start=\"1149\" data-end=\"1178\"><\/h3>\n<h3 data-start=\"1149\" data-end=\"1178\"><strong data-start=\"1153\" data-end=\"1178\">Veikliosios med\u017eiagos<\/strong><\/h3>\n<div class=\"_tableContainer_16hzy_1\">\n<div class=\"_tableWrapper_16hzy_14 group flex w-fit flex-col-reverse\" tabindex=\"-1\">\n<table class=\"w-fit min-w-(--thread-content-width)\" data-start=\"1180\" data-end=\"1804\">\n<thead data-start=\"1180\" data-end=\"1228\">\n<tr data-start=\"1180\" data-end=\"1228\">\n<th data-start=\"1180\" data-end=\"1216\" data-col-size=\"sm\">Veiklioji med\u017eiaga<\/th>\n<th data-start=\"1216\" data-end=\"1228\" data-col-size=\"md\">Poveikis<\/th>\n<\/tr>\n<\/thead>\n<tbody data-start=\"1316\" data-end=\"1804\">\n<tr data-start=\"1316\" data-end=\"1413\">\n<td data-start=\"1316\" data-end=\"1358\" data-col-size=\"sm\"><strong data-start=\"1318\" data-end=\"1357\">Cica (Centella Asiatica) ekstraktas<\/strong><\/td>\n<td data-start=\"1358\" data-end=\"1413\" data-col-size=\"md\">Ramina paraudimus, ma\u017eina u\u017edegimus, skatina gijim\u0105<\/td>\n<\/tr>\n<tr data-start=\"1414\" data-end=\"1517\">\n<td data-start=\"1414\" data-end=\"1450\" data-col-size=\"sm\"><strong data-start=\"1416\" data-end=\"1433\">Madecassoside<\/strong><\/td>\n<td data-start=\"1450\" data-end=\"1517\" data-col-size=\"md\">Stiprina odos barjer\u0105, skatina regeneracij\u0105, suteikia energijos<\/td>\n<\/tr>\n<tr data-start=\"1518\" data-end=\"1617\">\n<td data-start=\"1518\" data-end=\"1555\" data-col-size=\"sm\"><strong data-start=\"1520\" data-end=\"1543\">Propolio ekstraktas<\/strong><\/td>\n<td data-start=\"1555\" data-end=\"1617\" data-col-size=\"md\">Antibakterinis, antioksidacinis, saugo nuo aplinkos streso<\/td>\n<\/tr>\n<tr data-start=\"1618\" data-end=\"1712\">\n<td data-start=\"1618\" data-end=\"1655\" data-col-size=\"sm\"><strong data-start=\"1620\" data-end=\"1641\">Hialurono r\u016bg\u0161tis<\/strong><\/td>\n<td data-start=\"1655\" data-end=\"1712\" data-col-size=\"md\">Intensyviai dr\u0117kina, putlina od\u0105, glotnina rauk\u0161leles<\/td>\n<\/tr>\n<tr data-start=\"1713\" data-end=\"1804\">\n<td data-start=\"1713\" data-end=\"1750\" data-col-size=\"sm\"><strong data-start=\"1715\" data-end=\"1744\">Makadamijos s\u0117kl\u0173 aliejus<\/strong><\/td>\n<td data-start=\"1750\" data-end=\"1804\" data-col-size=\"md\">Maitina, mink\u0161tina od\u0105, saugo nuo dr\u0117gm\u0117s netekimo<\/td>\n<\/tr>\n<\/tbody>\n<\/table>\n<div class=\"sticky end-(--thread-content-margin) h-0 self-end select-none\">\n<div class=\"absolute end-0 flex items-end\"><\/div>\n<\/div>\n<\/div>\n<\/div>\n<h3 data-start=\"1811\" data-end=\"1846\"><strong data-start=\"1815\" data-end=\"1846\">Technologija \u2013 Cica Reedle\u2122<\/strong><\/h3>\n<p data-start=\"1848\" data-end=\"2121\"><strong data-start=\"1848\" data-end=\"1864\">Cica Reedle\u2122<\/strong> \u2013 tai <strong data-start=\"1871\" data-end=\"1909\">237 500 mikro mineralini\u0173 adat\u0117li\u0173<\/strong> technologija, leid\u017eianti aktyviosioms med\u017eiagoms pasiekti gilius odos sluoksnius.<br data-start=\"1991\" data-end=\"1994\" \/>Rezultatai:<br data-start=\"2005\" data-end=\"2008\" \/>\ud83d\udd39 <strong data-start=\"2011\" data-end=\"2031\">Sutrauktos poros<\/strong><br data-start=\"2031\" data-end=\"2034\" \/>\ud83d\udd39 <strong data-start=\"2037\" data-end=\"2070\">Glotnesn\u0117, \u0161velnesn\u0117 tekst\u016bra<\/strong><br data-start=\"2070\" data-end=\"2073\" \/>\ud83d\udd39 <strong data-start=\"2076\" data-end=\"2121\">Pager\u0117jusi stangrumo ir elastingumo b\u016bkl\u0117<\/strong><\/p>\n<h3 data-start=\"2128\" data-end=\"2146\"><\/h3>\n<h3 data-start=\"2128\" data-end=\"2146\"><strong data-start=\"2132\" data-end=\"2146\">Naudojimas<\/strong><\/h3>\n<p data-start=\"2148\" data-end=\"2479\"><strong data-start=\"2148\" data-end=\"2166\">Vakaro rutina:<\/strong><br data-start=\"2166\" data-end=\"2169\" \/>1\ufe0f\u20e3 Po veido prausimo vakare u\u017etepkite <strong data-start=\"2208\" data-end=\"2227\">1\u20132 paspaudimus<\/strong> ant pir\u0161t\u0173 galiuk\u0173.<br data-start=\"2247\" data-end=\"2250\" \/>2\ufe0f\u20e3 \u0160velniai \u012fmasa\u017euokite \u012f veid\u0105, akcentuodami problemines vietas.<br data-start=\"2317\" data-end=\"2320\" \/>3\ufe0f\u20e3 Galimas lengvas dilg\u010diojimo poj\u016btis \u2013 tai normalu, rodo, kad veikliosios med\u017eiagos veikia.<br data-start=\"2414\" data-end=\"2417\" \/>4\ufe0f\u20e3 Naudokite <strong data-start=\"2431\" data-end=\"2447\">kas 3 dienas<\/strong>, kad oda gal\u0117t\u0173 prisitaikyti.<\/p>\n<p data-start=\"2481\" data-end=\"2688\">\u26a0\ufe0f <strong data-start=\"2484\" data-end=\"2495\">Svarbu:<\/strong><br data-start=\"2495\" data-end=\"2498\" \/>\u2022 Netepkite kartu su Vitaminu C, retinoliu ar kitais Reedle Shot stiprumais t\u0105 pa\u010di\u0105 dien\u0105.<br data-start=\"2589\" data-end=\"2592\" \/>\u2022 B\u016btinai naudokite <strong data-start=\"2612\" data-end=\"2636\">auk\u0161tos apsaugos SPF<\/strong> kit\u0105 dien\u0105, kad apsaugotum\u0117te od\u0105 nuo UV spinduli\u0173.<\/p>\n<h3 data-start=\"2695\" data-end=\"2742\"><\/h3>\n<h3 data-start=\"2695\" data-end=\"2742\"><strong data-start=\"2699\" data-end=\"2742\">Kam tinka VT Cosmetics Reedle Shot 300?<\/strong><\/h3>\n<p data-start=\"2744\" data-end=\"2977\">\u2714\ufe0f Norintiems <strong data-start=\"2758\" data-end=\"2782\">kovoti su rauk\u0161l\u0117mis<\/strong> ir pagerinti odos stangrum\u0105<br data-start=\"2810\" data-end=\"2813\" \/>\u2714\ufe0f Turintiems <strong data-start=\"2827\" data-end=\"2850\">i\u0161sipl\u0117tusias poras<\/strong> ar nelygi\u0105 tekst\u016br\u0105<br data-start=\"2870\" data-end=\"2873\" \/>\u2714\ufe0f Jautriai ar \u012f akn\u0119 linkusiai odai<br data-start=\"2909\" data-end=\"2912\" \/>\u2714\ufe0f Ie\u0161kantiems <strong data-start=\"2927\" data-end=\"2975\">spindin\u010dios, sveikos ir atsinaujinusios odos<\/strong><\/p>\n<p data-start=\"2984\" data-end=\"3202\">\n<p data-start=\"2984\" data-end=\"3202\"><strong data-start=\"2984\" data-end=\"3010\">Klini\u0161kai patvirtintas<\/strong>, saugus ir veiksmingas \u2013 <strong data-start=\"3036\" data-end=\"3068\">VT Cosmetics Reedle Shot 300<\/strong> \u2013 tai j\u016bs\u0173 naujas odos atk\u016brimo ir stiprinimo s\u0105jungininkas.<br data-start=\"3129\" data-end=\"3132\" \/>Leiskite odai spind\u0117ti ir pasijusti gyvybingai po kiekvieno naudojimo.<\/p>\n","protected":false},"excerpt":{"rendered":"<h3 data-start=\"115\" data-end=\"153\"><strong data-start=\"119\" data-end=\"151\">VT Cosmetics Reedle Shot 300<\/strong><\/h3>\n<p data-start=\"154\" data-end=\"273\"><strong data-start=\"154\" data-end=\"273\">Pa\u017eangus odos atsinaujinimo serumas | Gilus veikli\u0173j\u0173 med\u017eiag\u0173 \u012fsiskverbimas \u2022 Por\u0173 ma\u017einimas \u2022 Raminantis poveikis<\/strong><\/p>\n<p data-start=\"275\" data-end=\"521\">Atraskite profesionalios prie\u017ei\u016bros lygio rezultatus su <strong data-start=\"331\" data-end=\"363\">VT Cosmetics Reedle Shot 300<\/strong> \u2013 tai pa\u017eangus serumas, sukurtas spr\u0119sti pagrindines odos problemas: <strong data-start=\"433\" data-end=\"518\">paraudim\u0105, jautrum\u0105, nelygi\u0105 tekst\u016br\u0105, smulkias rauk\u0161leles ir i\u0161sipl\u0117tusias poras<\/strong>.<\/p>\n<p data-start=\"523\" data-end=\"691\">Unikali <strong data-start=\"531\" data-end=\"572\">Cica Reedle\u2122 mikro-adat\u0173 technologija<\/strong> ir koncentruota <strong data-start=\"589\" data-end=\"637\">raminanti, dr\u0117kinanti bei atkurianti sud\u0117tis<\/strong> padeda pasiekti greitus ir ilgalaikius odos poky\u010dius.<\/p>\n<h3 data-start=\"698\" data-end=\"731\"><\/h3>\n<h3 data-start=\"698\" data-end=\"731\"><strong data-start=\"702\" data-end=\"729\">Pagrindiniai privalumai<\/strong><\/h3>\n<p data-start=\"732\" data-end=\"1142\">\u2705 <strong data-start=\"734\" data-end=\"776\">Gilina veikli\u0173j\u0173 med\u017eiag\u0173 \u012fsiskverbim\u0105<\/strong> (237 500 Cica Reedle\u2122 mineralini\u0173 adat\u0117li\u0173)<br data-start=\"820\" data-end=\"823\" \/>\u2705 <strong data-start=\"825\" data-end=\"850\">Stiprina odos barjer\u0105<\/strong> ir skatina regeneracij\u0105<br data-start=\"874\" data-end=\"877\" \/>\u2705 <strong data-start=\"879\" data-end=\"895\">Ma\u017eina poras<\/strong> ir glotnina odos tekst\u016br\u0105<br data-start=\"921\" data-end=\"924\" \/>\u2705 <strong data-start=\"926\" data-end=\"960\">Ramina paraudim\u0105 ir sudirgimus<\/strong> (tinka jautriai odai)<br data-start=\"982\" data-end=\"985\" \/>\u2705 <strong data-start=\"987\" data-end=\"998\">Dr\u0117kina<\/strong> ir atstato elastingum\u0105<br data-start=\"1021\" data-end=\"1024\" \/>\u2705 <strong data-start=\"1026\" data-end=\"1050\">\u0160velniai eksfoliuoja<\/strong> negyvas l\u0105steles be dirginimo<br data-start=\"1080\" data-end=\"1083\" \/>\u2705 Klini\u0161kai patikrinta \u2013 <strong data-start=\"1108\" data-end=\"1142\">hipoalerginis, nekomedogeninis<\/strong><\/p>\n<h3 data-start=\"1149\" data-end=\"1178\"><\/h3>\n<h3 data-start=\"1149\" data-end=\"1178\"><strong data-start=\"1153\" data-end=\"1178\">Veikliosios med\u017eiagos<\/strong><\/h3>\n<div class=\"_tableContainer_16hzy_1\">\n<div class=\"_tableWrapper_16hzy_14 group flex w-fit flex-col-reverse\" tabindex=\"-1\">\n<table class=\"w-fit min-w-(--thread-content-width)\" data-start=\"1180\" data-end=\"1804\">\n<thead data-start=\"1180\" data-end=\"1228\">\n<tr data-start=\"1180\" data-end=\"1228\">\n<th data-start=\"1180\" data-end=\"1216\" data-col-size=\"sm\">Veiklioji med\u017eiaga<\/th>\n<th data-start=\"1216\" data-end=\"1228\" data-col-size=\"md\">Poveikis<\/th>\n<\/tr>\n<\/thead>\n<tbody data-start=\"1316\" data-end=\"1804\">\n<tr data-start=\"1316\" data-end=\"1413\">\n<td data-start=\"1316\" data-end=\"1358\" data-col-size=\"sm\"><strong data-start=\"1318\" data-end=\"1357\">Cica (Centella Asiatica) ekstraktas<\/strong><\/td>\n<td data-start=\"1358\" data-end=\"1413\" data-col-size=\"md\">Ramina paraudimus, ma\u017eina u\u017edegimus, skatina gijim\u0105<\/td>\n<\/tr>\n<tr data-start=\"1414\" data-end=\"1517\">\n<td data-start=\"1414\" data-end=\"1450\" data-col-size=\"sm\"><strong data-start=\"1416\" data-end=\"1433\">Madecassoside<\/strong><\/td>\n<td data-start=\"1450\" data-end=\"1517\" data-col-size=\"md\">Stiprina odos barjer\u0105, skatina regeneracij\u0105, suteikia energijos<\/td>\n<\/tr>\n<tr data-start=\"1518\" data-end=\"1617\">\n<td data-start=\"1518\" data-end=\"1555\" data-col-size=\"sm\"><strong data-start=\"1520\" data-end=\"1543\">Propolio ekstraktas<\/strong><\/td>\n<td data-start=\"1555\" data-end=\"1617\" data-col-size=\"md\">Antibakterinis, antioksidacinis, saugo nuo aplinkos streso<\/td>\n<\/tr>\n<tr data-start=\"1618\" data-end=\"1712\">\n<td data-start=\"1618\" data-end=\"1655\" data-col-size=\"sm\"><strong data-start=\"1620\" data-end=\"1641\">Hialurono r\u016bg\u0161tis<\/strong><\/td>\n<td data-start=\"1655\" data-end=\"1712\" data-col-size=\"md\">Intensyviai dr\u0117kina, putlina od\u0105, glotnina rauk\u0161leles<\/td>\n<\/tr>\n<tr data-start=\"1713\" data-end=\"1804\">\n<td data-start=\"1713\" data-end=\"1750\" data-col-size=\"sm\"><strong data-start=\"1715\" data-end=\"1744\">Makadamijos s\u0117kl\u0173 aliejus<\/strong><\/td>\n<td data-start=\"1750\" data-end=\"1804\" data-col-size=\"md\">Maitina, mink\u0161tina od\u0105, saugo nuo dr\u0117gm\u0117s netekimo<\/td>\n<\/tr>\n<\/tbody>\n<\/table>\n<div class=\"sticky end-(--thread-content-margin) h-0 self-end select-none\">\n<div class=\"absolute end-0 flex items-end\"><\/div>\n<\/div>\n<\/div>\n<\/div>\n<h3 data-start=\"1811\" data-end=\"1846\"><strong data-start=\"1815\" data-end=\"1846\">Technologija \u2013 Cica Reedle\u2122<\/strong><\/h3>\n<p data-start=\"1848\" data-end=\"2121\"><strong data-start=\"1848\" data-end=\"1864\">Cica Reedle\u2122<\/strong> \u2013 tai <strong data-start=\"1871\" data-end=\"1909\">237 500 mikro mineralini\u0173 adat\u0117li\u0173<\/strong> technologija, leid\u017eianti aktyviosioms med\u017eiagoms pasiekti gilius odos sluoksnius.<br data-start=\"1991\" data-end=\"1994\" \/>Rezultatai:<br data-start=\"2005\" data-end=\"2008\" \/>\ud83d\udd39 <strong data-start=\"2011\" data-end=\"2031\">Sutrauktos poros<\/strong><br data-start=\"2031\" data-end=\"2034\" \/>\ud83d\udd39 <strong data-start=\"2037\" data-end=\"2070\">Glotnesn\u0117, \u0161velnesn\u0117 tekst\u016bra<\/strong><br data-start=\"2070\" data-end=\"2073\" \/>\ud83d\udd39 <strong data-start=\"2076\" data-end=\"2121\">Pager\u0117jusi stangrumo ir elastingumo b\u016bkl\u0117<\/strong><\/p>\n<h3 data-start=\"2128\" data-end=\"2146\"><\/h3>\n<h3 data-start=\"2128\" data-end=\"2146\"><strong data-start=\"2132\" data-end=\"2146\">Naudojimas<\/strong><\/h3>\n<p data-start=\"2148\" data-end=\"2479\"><strong data-start=\"2148\" data-end=\"2166\">Vakaro rutina:<\/strong><br data-start=\"2166\" data-end=\"2169\" \/>1\ufe0f\u20e3 Po veido prausimo vakare u\u017etepkite <strong data-start=\"2208\" data-end=\"2227\">1\u20132 paspaudimus<\/strong> ant pir\u0161t\u0173 galiuk\u0173.<br data-start=\"2247\" data-end=\"2250\" \/>2\ufe0f\u20e3 \u0160velniai \u012fmasa\u017euokite \u012f veid\u0105, akcentuodami problemines vietas.<br data-start=\"2317\" data-end=\"2320\" \/>3\ufe0f\u20e3 Galimas lengvas dilg\u010diojimo poj\u016btis \u2013 tai normalu, rodo, kad veikliosios med\u017eiagos veikia.<br data-start=\"2414\" data-end=\"2417\" \/>4\ufe0f\u20e3 Naudokite <strong data-start=\"2431\" data-end=\"2447\">kas 3 dienas<\/strong>, kad oda gal\u0117t\u0173 prisitaikyti.<\/p>\n<p data-start=\"2481\" data-end=\"2688\">\u26a0\ufe0f <strong data-start=\"2484\" data-end=\"2495\">Svarbu:<\/strong><br data-start=\"2495\" data-end=\"2498\" \/>\u2022 Netepkite kartu su Vitaminu C, retinoliu ar kitais Reedle Shot stiprumais t\u0105 pa\u010di\u0105 dien\u0105.<br data-start=\"2589\" data-end=\"2592\" \/>\u2022 B\u016btinai naudokite <strong data-start=\"2612\" data-end=\"2636\">auk\u0161tos apsaugos SPF<\/strong> kit\u0105 dien\u0105, kad apsaugotum\u0117te od\u0105 nuo UV spinduli\u0173.<\/p>\n<h3 data-start=\"2695\" data-end=\"2742\"><\/h3>\n<h3 data-start=\"2695\" data-end=\"2742\"><strong data-start=\"2699\" data-end=\"2742\">Kam tinka VT Cosmetics Reedle Shot 300?<\/strong><\/h3>\n<p data-start=\"2744\" data-end=\"2977\">\u2714\ufe0f Norintiems <strong data-start=\"2758\" data-end=\"2782\">kovoti su rauk\u0161l\u0117mis<\/strong> ir pagerinti odos stangrum\u0105<br data-start=\"2810\" data-end=\"2813\" \/>\u2714\ufe0f Turintiems <strong data-start=\"2827\" data-end=\"2850\">i\u0161sipl\u0117tusias poras<\/strong> ar nelygi\u0105 tekst\u016br\u0105<br data-start=\"2870\" data-end=\"2873\" \/>\u2714\ufe0f Jautriai ar \u012f akn\u0119 linkusiai odai<br data-start=\"2909\" data-end=\"2912\" \/>\u2714\ufe0f Ie\u0161kantiems <strong data-start=\"2927\" data-end=\"2975\">spindin\u010dios, sveikos ir atsinaujinusios odos<\/strong><\/p>\n<p data-start=\"2984\" data-end=\"3202\">\n<p data-start=\"2984\" data-end=\"3202\"><strong data-start=\"2984\" data-end=\"3010\">Klini\u0161kai patvirtintas<\/strong>, saugus ir veiksmingas \u2013 <strong data-start=\"3036\" data-end=\"3068\">VT Cosmetics Reedle Shot 300<\/strong> \u2013 tai j\u016bs\u0173 naujas odos atk\u016brimo ir stiprinimo s\u0105jungininkas.<br data-start=\"3129\" data-end=\"3132\" \/>Leiskite odai spind\u0117ti ir pasijusti gyvybingai po kiekvieno naudojimo.<\/p>\n","protected":false},"featured_media":14207,"comment_status":"open","ping_status":"closed","template":"","meta":[],"product_brand":[],"product_cat":[43,212],"product_tag":[],"class_list":{"0":"post-14215","1":"product","2":"type-product","3":"status-publish","4":"has-post-thumbnail","6":"product_cat-grozis","7":"product_cat-veido-prieziuros-priemones","9":"first","10":"outofstock","11":"taxable","12":"shipping-taxable","13":"purchasable","14":"product-type-simple"},"_links":{"self":[{"href":"https:\/\/thequeenhouse.co.uk\/lt\/wp-json\/wp\/v2\/product\/14215","targetHints":{"allow":["GET"]}}],"collection":[{"href":"https:\/\/thequeenhouse.co.uk\/lt\/wp-json\/wp\/v2\/product"}],"about":[{"href":"https:\/\/thequeenhouse.co.uk\/lt\/wp-json\/wp\/v2\/types\/product"}],"replies":[{"embeddable":true,"href":"https:\/\/thequeenhouse.co.uk\/lt\/wp-json\/wp\/v2\/comments?post=14215"}],"wp:featuredmedia":[{"embeddable":true,"href":"https:\/\/thequeenhouse.co.uk\/lt\/wp-json\/wp\/v2\/media\/14207"}],"wp:attachment":[{"href":"https:\/\/thequeenhouse.co.uk\/lt\/wp-json\/wp\/v2\/media?parent=14215"}],"wp:term":[{"taxonomy":"product_brand","embeddable":true,"href":"https:\/\/thequeenhouse.co.uk\/lt\/wp-json\/wp\/v2\/product_brand?post=14215"},{"taxonomy":"product_cat","embeddable":true,"href":"https:\/\/thequeenhouse.co.uk\/lt\/wp-json\/wp\/v2\/product_cat?post=14215"},{"taxonomy":"product_tag","embeddable":true,"href":"https:\/\/thequeenhouse.co.uk\/lt\/wp-json\/wp\/v2\/product_tag?post=14215"}],"curies":[{"name":"wp","href":"https:\/\/api.w.org\/{rel}","templated":true}]}}