{"id":14229,"date":"2025-06-06T17:38:28","date_gmt":"2025-06-06T16:38:28","guid":{"rendered":"https:\/\/thequeenhouse.co.uk\/?post_type=product&#038;p=14229"},"modified":"2025-06-19T19:06:43","modified_gmt":"2025-06-19T18:06:43","slug":"veido-serumas-reedle-shoot-300-50ml-copy","status":"publish","type":"product","link":"https:\/\/thequeenhouse.co.uk\/lt\/produktas\/veido-serumas-reedle-shoot-300-50ml-copy\/","title":{"rendered":"VT Mild Reedle Shot 100 2-Step Mask"},"content":{"rendered":"<h3 data-start=\"103\" data-end=\"205\">\ud83c\udf3f <strong data-start=\"110\" data-end=\"205\">Atnaujink savo odos prie\u017ei\u016bros rutin\u0105 su VT COSMETICS Mild Reedle Shot 100 2 \u017eingsni\u0173 kauke<\/strong><\/h3>\n<p data-start=\"207\" data-end=\"356\">\u0160i inovatyvi kauk\u0117 sujungia <strong data-start=\"235\" data-end=\"261\">VT CICA REEDLE\u2122 ampul\u0119<\/strong> su intensyviai dr\u0117kinan\u010dia lak\u0161tine kauke, kad oda tapt\u0173 <strong data-start=\"319\" data-end=\"355\">\u0161velni, sudr\u0117kinta ir atgaivinta<\/strong>.<\/p>\n<p data-start=\"358\" data-end=\"483\">Sukurta <strong data-start=\"366\" data-end=\"384\">vis\u0173 tip\u0173 odai<\/strong>, \u0161i priemon\u0117 <strong data-start=\"398\" data-end=\"439\">gerina veikli\u0173j\u0173 med\u017eiag\u0173 \u012fsisavinim\u0105<\/strong> ir skatina <strong data-start=\"451\" data-end=\"472\">spindin\u010di\u0105, lygi\u0105<\/strong> veido od\u0105.<\/p>\n<ul data-start=\"485\" data-end=\"625\">\n<li data-start=\"485\" data-end=\"550\">\n<p data-start=\"487\" data-end=\"550\"><strong data-start=\"487\" data-end=\"508\">Pirmasis \u017eingsnis<\/strong> \u2013 \u0161velniai eksfolijuoja ir paruo\u0161ia od\u0105<\/p>\n<\/li>\n<li data-start=\"551\" data-end=\"625\">\n<p data-start=\"553\" data-end=\"625\"><strong data-start=\"553\" data-end=\"574\">Antrasis \u017eingsnis<\/strong> \u2013 intensyviai dr\u0117kina ir suteikia \u0161ilkin\u012f \u0161velnum\u0105<\/p>\n<\/li>\n<\/ul>\n<h3 data-start=\"632\" data-end=\"664\"><\/h3>\n<h3 data-start=\"632\" data-end=\"664\">\u2728 <strong data-start=\"638\" data-end=\"664\">Naudojimo instrukcija:<\/strong><\/h3>\n<ol data-start=\"666\" data-end=\"1263\">\n<li data-start=\"666\" data-end=\"713\">\n<p data-start=\"669\" data-end=\"713\">Nuplaukite veid\u0105 ir \u0161velniai nusausinkite.<\/p>\n<\/li>\n<li data-start=\"714\" data-end=\"810\">\n<p data-start=\"717\" data-end=\"810\">U\u017etepkite <strong data-start=\"727\" data-end=\"754\">tinkam\u0105 kiek\u012f esencijos<\/strong> (ampul\u0117s) ant veido ir <strong data-start=\"778\" data-end=\"793\">\u012ftap\u0161nokite<\/strong>, kad \u012fsigert\u0173.<\/p>\n<\/li>\n<li data-start=\"811\" data-end=\"938\">\n<p data-start=\"814\" data-end=\"938\">Nor\u0117dami papildomo poveikio, dar kart\u0105 patepkite sritis su <strong data-start=\"873\" data-end=\"914\">strazdanomis ar pigmentin\u0117mis d\u0117m\u0117mis<\/strong> ir leiskite \u012fsigerti.<\/p>\n<\/li>\n<li data-start=\"939\" data-end=\"1023\">\n<p data-start=\"942\" data-end=\"1023\">U\u017etepkite lak\u0161tin\u0119 kauk\u0119 <strong data-start=\"967\" data-end=\"991\">pagal veido kont\u016brus<\/strong> ir priglauskite j\u0105 prie odos.<\/p>\n<\/li>\n<li data-start=\"1024\" data-end=\"1079\">\n<p data-start=\"1027\" data-end=\"1079\">Laikykite <strong data-start=\"1037\" data-end=\"1054\">10\u201315 minu\u010di\u0173<\/strong>, tada nuimkite lak\u0161t\u0105.<\/p>\n<\/li>\n<li data-start=\"1080\" data-end=\"1144\">\n<p data-start=\"1083\" data-end=\"1144\">\u0160velniai \u012ftap\u0161nokite likusi\u0105 esencij\u0105, kad geriau \u012fsigert\u0173.<\/p>\n<\/li>\n<li data-start=\"1145\" data-end=\"1263\">\n<p data-start=\"1148\" data-end=\"1263\">Galiausiai u\u017etepkite <strong data-start=\"1169\" data-end=\"1178\">kremo<\/strong> \u2013 ypa\u010d ant saus\u0173 viet\u0173 \u2013 ir <strong data-start=\"1207\" data-end=\"1223\">\u012fmasa\u017euokite<\/strong>, kad \u012fsigert\u0173. Jei reikia, pakartokite.<\/p>\n<\/li>\n<\/ol>\n<p data-start=\"1270\" data-end=\"1356\">\n<h3 data-start=\"1149\" data-end=\"1178\"><\/h3>\n<div class=\"_tableContainer_16hzy_1\"><\/div>\n<p data-start=\"2984\" data-end=\"3202\">\n","protected":false},"excerpt":{"rendered":"<h3 data-start=\"115\" data-end=\"153\"><strong data-start=\"119\" data-end=\"151\">VT Cosmetics Reedle Shot Masks 100\u00a0<\/strong><\/h3>\n<p data-start=\"1270\" data-end=\"1356\">\n<p data-start=\"1270\" data-end=\"1356\"><em><strong>Rezultatas: atgaivinta, sudr\u0117kinta, lygi ir \u0161vytinti oda \u2013 jau po vieno naudojimo.<\/strong><\/em><\/p>\n<p data-start=\"1270\" data-end=\"1356\">\n<h3 data-start=\"93\" data-end=\"162\">\ud83c\udf3f <strong data-start=\"100\" data-end=\"160\">VT COSMETICS Mild Reedle Shot 100 2-\u017eingsni\u0173 veido kauk\u0117<\/strong><\/h3>\n<p data-start=\"163\" data-end=\"254\"><strong data-start=\"163\" data-end=\"254\">Su CICA REEDLE\u2122 technologija \u2013 \u0161velni eksfoliacija ir gilus dr\u0117kinimas spindin\u010diai odai<\/strong><\/p>\n<p data-start=\"256\" data-end=\"428\">Atsinaujinkite savo odos prie\u017ei\u016bros rutin\u0105 su inovatyvia <strong data-start=\"313\" data-end=\"346\">VT COSMETICS 2 \u017eingsni\u0173 kauke<\/strong>, kuri derina <strong data-start=\"360\" data-end=\"383\">CICA REEDLE\u2122 ampul\u0119<\/strong> su intensyviai dr\u0117kinan\u010dia lak\u0161tine kauke.<\/p>\n<h3 data-start=\"435\" data-end=\"470\"><\/h3>\n<h3 data-start=\"435\" data-end=\"470\">\ud83d\udca1 <strong data-start=\"442\" data-end=\"470\">Pagrindiniai privalumai:<\/strong><\/h3>\n<ul data-start=\"471\" data-end=\"750\">\n<li data-start=\"471\" data-end=\"543\">\n<p data-start=\"473\" data-end=\"543\"><strong data-start=\"473\" data-end=\"502\">CICA REEDLE\u2122 technologija<\/strong> skatina veikli\u0173j\u0173 med\u017eiag\u0173 \u012fsisavinim\u0105<\/p>\n<\/li>\n<li data-start=\"544\" data-end=\"604\">\n<p data-start=\"546\" data-end=\"604\">\u0160velniai <strong data-start=\"555\" data-end=\"571\">eksfolijuoja<\/strong> od\u0105 ir <strong data-start=\"579\" data-end=\"602\">gerina jos tekst\u016br\u0105<\/strong><\/p>\n<\/li>\n<li data-start=\"605\" data-end=\"661\">\n<p data-start=\"607\" data-end=\"661\">Intensyviai <strong data-start=\"619\" data-end=\"630\">dr\u0117kina<\/strong>, <strong data-start=\"632\" data-end=\"642\">ramina<\/strong> ir <strong data-start=\"646\" data-end=\"659\">atgaivina<\/strong><\/p>\n<\/li>\n<li data-start=\"662\" data-end=\"704\">\n<p data-start=\"664\" data-end=\"704\">Tinka <strong data-start=\"670\" data-end=\"688\">vis\u0173 tip\u0173 odai<\/strong>, net jautriai<\/p>\n<\/li>\n<li data-start=\"705\" data-end=\"750\">\n<p data-start=\"707\" data-end=\"750\">Suteikia odai <strong data-start=\"721\" data-end=\"734\">spindesio<\/strong> ir <strong data-start=\"738\" data-end=\"750\">glotnumo<\/strong><\/p>\n<\/li>\n<\/ul>\n<h3 data-start=\"757\" data-end=\"804\"><\/h3>\n<h3 data-start=\"757\" data-end=\"804\">\u2728 <strong data-start=\"763\" data-end=\"804\">Kaip naudoti (naudojimo instrukcija):<\/strong><\/h3>\n<p data-start=\"806\" data-end=\"841\"><strong data-start=\"806\" data-end=\"839\">1 \u017eingsnis: Esencija (ampul\u0117)<\/strong><\/p>\n<ol data-start=\"842\" data-end=\"1084\">\n<li data-start=\"842\" data-end=\"884\">\n<p data-start=\"845\" data-end=\"884\">Nuplaukite veid\u0105 ir nusausinkite od\u0105.<\/p>\n<\/li>\n<li data-start=\"885\" data-end=\"981\">\n<p data-start=\"888\" data-end=\"981\">U\u017etepkite <strong data-start=\"898\" data-end=\"926\">nedidel\u012f kiek\u012f esencijos<\/strong> ant veido ir <strong data-start=\"940\" data-end=\"964\">\u0161velniai \u012ftap\u0161nokite<\/strong>, kad \u012fsigert\u0173.<\/p>\n<\/li>\n<li data-start=\"982\" data-end=\"1084\">\n<p data-start=\"985\" data-end=\"1084\">Jei turite strazdan\u0173 ar pigmentini\u0173 d\u0117mi\u0173 \u2013 u\u017etepkite papildomai ant t\u0173 viet\u0173 ir palikite \u012fsigerti.<\/p>\n<\/li>\n<\/ol>\n<p data-start=\"1086\" data-end=\"1118\"><strong data-start=\"1086\" data-end=\"1116\">2 \u017eingsnis: Lak\u0161tin\u0117 kauk\u0117<\/strong><\/p>\n<ol data-start=\"1119\" data-end=\"1305\">\n<li data-start=\"1119\" data-end=\"1189\">\n<p data-start=\"1122\" data-end=\"1189\">U\u017etepkite kauk\u0119 <strong data-start=\"1138\" data-end=\"1162\">pagal veido kont\u016brus<\/strong>, prigludusiai prie odos.<\/p>\n<\/li>\n<li data-start=\"1190\" data-end=\"1242\">\n<p data-start=\"1193\" data-end=\"1242\">Palaikykite <strong data-start=\"1205\" data-end=\"1222\">10\u201315 minu\u010di\u0173<\/strong>, tuomet nuimkite.<\/p>\n<\/li>\n<li data-start=\"1243\" data-end=\"1305\">\n<p data-start=\"1246\" data-end=\"1305\">\u0160velniai \u012ftap\u0161nokite likusi\u0105 esencij\u0105, kad pilnai \u012fsigert\u0173.<\/p>\n<\/li>\n<\/ol>\n<p data-start=\"1307\" data-end=\"1333\"><strong data-start=\"1307\" data-end=\"1331\">Papildomas \u017eingsnis:<\/strong><\/p>\n<ul data-start=\"1334\" data-end=\"1466\">\n<li data-start=\"1334\" data-end=\"1408\">\n<p data-start=\"1336\" data-end=\"1408\">U\u017etepkite <strong data-start=\"1346\" data-end=\"1367\">dr\u0117kinamojo kremo<\/strong>, ypa\u010d ant saus\u0173 viet\u0173, ir \u012ftap\u0161nokite.<\/p>\n<\/li>\n<li data-start=\"1409\" data-end=\"1466\">\n<p data-start=\"1411\" data-end=\"1466\">Galite tepti papildomai ten, kur oda jau\u010diasi sausesn\u0117.<\/p>\n<\/li>\n<\/ul>\n<h3 data-start=\"1473\" data-end=\"1497\"><\/h3>\n<h3 data-start=\"1473\" data-end=\"1497\">\ud83c\udf31 <strong data-start=\"1480\" data-end=\"1495\">Rezultatas:<\/strong><\/h3>\n<p data-start=\"1498\" data-end=\"1601\">Oda tampa <strong data-start=\"1508\" data-end=\"1545\">\u0161velni, sudr\u0117kinta, atsinaujinusi<\/strong> ir <strong data-start=\"1549\" data-end=\"1573\">vizualiai skaistesn\u0117<\/strong> jau po pirmojo naudojimo.<\/p>\n<p data-start=\"1603\" data-end=\"1735\">Puikus pasirinkimas siekiantiems <strong data-start=\"1636\" data-end=\"1680\">gilesnio veikli\u0173j\u0173 med\u017eiag\u0173 \u012fsiskverbimo<\/strong>, <strong data-start=\"1682\" data-end=\"1694\">raminimo<\/strong> ir <strong data-start=\"1698\" data-end=\"1723\">spindin\u010dios i\u0161vaizdos<\/strong> vienu metu.<\/p>\n","protected":false},"featured_media":14236,"comment_status":"open","ping_status":"closed","template":"","meta":[],"product_brand":[],"product_cat":[43,212],"product_tag":[],"class_list":{"0":"post-14229","1":"product","2":"type-product","3":"status-publish","4":"has-post-thumbnail","6":"product_cat-grozis","7":"product_cat-veido-prieziuros-priemones","9":"first","10":"instock","11":"taxable","12":"shipping-taxable","13":"purchasable","14":"product-type-simple"},"_links":{"self":[{"href":"https:\/\/thequeenhouse.co.uk\/lt\/wp-json\/wp\/v2\/product\/14229","targetHints":{"allow":["GET"]}}],"collection":[{"href":"https:\/\/thequeenhouse.co.uk\/lt\/wp-json\/wp\/v2\/product"}],"about":[{"href":"https:\/\/thequeenhouse.co.uk\/lt\/wp-json\/wp\/v2\/types\/product"}],"replies":[{"embeddable":true,"href":"https:\/\/thequeenhouse.co.uk\/lt\/wp-json\/wp\/v2\/comments?post=14229"}],"wp:featuredmedia":[{"embeddable":true,"href":"https:\/\/thequeenhouse.co.uk\/lt\/wp-json\/wp\/v2\/media\/14236"}],"wp:attachment":[{"href":"https:\/\/thequeenhouse.co.uk\/lt\/wp-json\/wp\/v2\/media?parent=14229"}],"wp:term":[{"taxonomy":"product_brand","embeddable":true,"href":"https:\/\/thequeenhouse.co.uk\/lt\/wp-json\/wp\/v2\/product_brand?post=14229"},{"taxonomy":"product_cat","embeddable":true,"href":"https:\/\/thequeenhouse.co.uk\/lt\/wp-json\/wp\/v2\/product_cat?post=14229"},{"taxonomy":"product_tag","embeddable":true,"href":"https:\/\/thequeenhouse.co.uk\/lt\/wp-json\/wp\/v2\/product_tag?post=14229"}],"curies":[{"name":"wp","href":"https:\/\/api.w.org\/{rel}","templated":true}]}}