{"id":14238,"date":"2025-06-06T17:52:14","date_gmt":"2025-06-06T16:52:14","guid":{"rendered":"https:\/\/thequeenhouse.co.uk\/?post_type=product&#038;p=14238"},"modified":"2026-04-10T12:49:32","modified_gmt":"2026-04-10T11:49:32","slug":"veido-serumas-reedle-shoot-300-50ml-copy-copy","status":"publish","type":"product","link":"https:\/\/thequeenhouse.co.uk\/lt\/produktas\/veido-serumas-reedle-shoot-300-50ml-copy-copy\/","title":{"rendered":"VT Hydrop Reedle Shot 700 Face Mask"},"content":{"rendered":"<h3 data-start=\"118\" data-end=\"186\">\ud83d\udca7 <strong data-start=\"125\" data-end=\"184\">VT COSMETICS Hydrop Reedle Shot\u00ae 700hL 2 \u017eingsni\u0173 kauk\u0117<\/strong><\/h3>\n<p data-start=\"187\" data-end=\"259\"><strong data-start=\"187\" data-end=\"259\">\u0160velni, bet efektyvi odos prie\u017ei\u016bra \u2013 tekst\u016brai ir dr\u0117gmei pagerinti<\/strong><\/p>\n<p data-start=\"261\" data-end=\"473\">\u0160i inovatyvi <strong data-start=\"274\" data-end=\"306\">2 \u017eingsni\u0173 dr\u0117kinamoji kauk\u0117<\/strong> sujungia <strong data-start=\"316\" data-end=\"345\">Cica Reedle\u2122 technologij\u0105<\/strong> ir <strong data-start=\"349\" data-end=\"369\">hialurono r\u016bg\u0161t\u012f<\/strong>, kad <strong data-start=\"375\" data-end=\"388\">nuramint\u0173<\/strong>, <strong data-start=\"390\" data-end=\"404\">sudr\u0117kint\u0173<\/strong> ir <strong data-start=\"408\" data-end=\"435\">pagerint\u0173 odos tekst\u016br\u0105<\/strong>, ypa\u010d jautriai ar dehidratuotai odai.<\/p>\n<h3 data-start=\"480\" data-end=\"510\"><\/h3>\n<h3 data-start=\"480\" data-end=\"510\">\u2728 <strong data-start=\"486\" data-end=\"510\">Sud\u0117tis ir veikimas:<\/strong><\/h3>\n<h4 data-start=\"512\" data-end=\"568\">\u2705 <strong data-start=\"519\" data-end=\"568\">1 \u017eingsnis \u2013 Hydrop Reedle Shot\u00ae 700hL ampul\u0117<\/strong><\/h4>\n<ul data-start=\"569\" data-end=\"816\">\n<li data-start=\"569\" data-end=\"711\">\n<p data-start=\"571\" data-end=\"711\">Naudoja pa\u017eangi\u0105 <strong data-start=\"588\" data-end=\"617\">Cica Reedle\u2122 technologij\u0105<\/strong>, imituojan\u010di\u0105 <strong data-start=\"632\" data-end=\"657\">mikroadat\u0117li\u0173 poveik\u012f<\/strong>, kad veikliosios med\u017eiagos \u012fsiskverbt\u0173 giliau \u012f od\u0105<\/p>\n<\/li>\n<li data-start=\"712\" data-end=\"816\">\n<p data-start=\"714\" data-end=\"816\">Praturtinta <strong data-start=\"726\" data-end=\"763\">keliais hialurono r\u016bg\u0161ties tipais<\/strong>, u\u017etikrinan\u010diais <strong data-start=\"781\" data-end=\"816\">gili\u0105 dr\u0117gm\u0119 ir odos nuraminim\u0105<\/strong><\/p>\n<\/li>\n<\/ul>\n<h4 data-start=\"818\" data-end=\"866\">\u2705 <strong data-start=\"825\" data-end=\"866\">2 \u017eingsnis \u2013 Vegani\u0161ka lak\u0161tin\u0117 kauk\u0117<\/strong><\/h4>\n<ul data-start=\"867\" data-end=\"993\">\n<li data-start=\"867\" data-end=\"934\">\n<p data-start=\"869\" data-end=\"934\">Padeda <strong data-start=\"876\" data-end=\"902\">u\u017erakinti dr\u0117gm\u0119 odoje<\/strong> ir sustiprina ampul\u0117s poveik\u012f<\/p>\n<\/li>\n<li data-start=\"935\" data-end=\"993\">\n<p data-start=\"937\" data-end=\"993\">Oda tampa <strong data-start=\"947\" data-end=\"993\">atgaivinta, lygesn\u0117, nuraminta ir \u0161vytinti<\/strong><\/p>\n<\/li>\n<\/ul>\n<h3 data-start=\"1000\" data-end=\"1035\"><\/h3>\n<h3 data-start=\"1000\" data-end=\"1035\">\ud83c\udf3f <strong data-start=\"1007\" data-end=\"1035\">Pagrindiniai privalumai:<\/strong><\/h3>\n<ul data-start=\"1036\" data-end=\"1276\">\n<li data-start=\"1036\" data-end=\"1084\">\n<p data-start=\"1038\" data-end=\"1084\"><strong data-start=\"1038\" data-end=\"1056\">Giliai dr\u0117kina<\/strong> ir <strong data-start=\"1060\" data-end=\"1082\">ramina jautri\u0105 od\u0105<\/strong><\/p>\n<\/li>\n<li data-start=\"1085\" data-end=\"1148\">\n<p data-start=\"1087\" data-end=\"1148\"><strong data-start=\"1087\" data-end=\"1114\">Pagerina odos strukt\u016br\u0105<\/strong>, elastingum\u0105 ir bendr\u0105 i\u0161vaizd\u0105<\/p>\n<\/li>\n<li data-start=\"1149\" data-end=\"1207\">\n<p data-start=\"1151\" data-end=\"1207\"><strong data-start=\"1151\" data-end=\"1175\">Tinka vis\u0173 tip\u0173 odai<\/strong>, ypa\u010d jautriai ar pavargusiai<\/p>\n<\/li>\n<li data-start=\"1208\" data-end=\"1276\">\n<p data-start=\"1210\" data-end=\"1276\"><strong data-start=\"1210\" data-end=\"1231\">Vegani\u0161ka sud\u0117tis<\/strong> su auk\u0161tos kokyb\u0117s veikliosiomis med\u017eiagomis<\/p>\n<\/li>\n<\/ul>\n<h3 data-start=\"1283\" data-end=\"1307\"><\/h3>\n<h3 data-start=\"1283\" data-end=\"1307\">\ud83c\udf1f <strong data-start=\"1290\" data-end=\"1305\">Rezultatas:<\/strong><\/h3>\n<p data-start=\"1308\" data-end=\"1408\">Po naudojimo oda atrodo <strong data-start=\"1332\" data-end=\"1370\">rami, sudr\u0117kinta, lygi ir \u0161vytinti<\/strong> \u2013 tarsi po profesionalios proced\u016bros.<\/p>\n","protected":false},"excerpt":{"rendered":"<h3 data-start=\"108\" data-end=\"185\">\ud83d\udca7 <strong data-start=\"115\" data-end=\"183\">VT COSMETICS Hydrop Reedle Shot\u00ae 700hL 2 \u017eingsni\u0173 lak\u0161tin\u0117 kauk\u0117<\/strong><\/h3>\n<p data-start=\"186\" data-end=\"249\"><strong data-start=\"186\" data-end=\"249\">\u0160velni, bet efektyvi prie\u017ei\u016bra jautriai, dehidratuotai odai<\/strong><\/p>\n<p data-start=\"251\" data-end=\"442\">\u0160i dr\u0117kinanti 2 \u017eingsni\u0173 kauk\u0117 sujungia <strong data-start=\"291\" data-end=\"320\">Cica Reedle\u2122 technologij\u0105<\/strong> ir <strong data-start=\"324\" data-end=\"344\">hialurono r\u016bg\u0161t\u012f<\/strong>, kad <strong data-start=\"350\" data-end=\"377\">pagerint\u0173 odos tekst\u016br\u0105<\/strong>, <strong data-start=\"379\" data-end=\"392\">nuramint\u0173<\/strong> bei <strong data-start=\"397\" data-end=\"418\">giliai sudr\u0117kint\u0173<\/strong> net ir jautriausi\u0105 od\u0105.<\/p>\n<h3 data-start=\"449\" data-end=\"475\"><\/h3>\n<h3 data-start=\"449\" data-end=\"475\">\u2728 <strong data-start=\"455\" data-end=\"475\">K\u0105 sudaro kauk\u0117:<\/strong><\/h3>\n<h4 data-start=\"477\" data-end=\"535\">\u2705 <strong data-start=\"484\" data-end=\"533\">1 \u017eingsnis \u2013 Hydrop Reedle Shot\u00ae 700hL ampul\u0117<\/strong><\/h4>\n<ul data-start=\"536\" data-end=\"797\">\n<li data-start=\"536\" data-end=\"672\">\n<p data-start=\"538\" data-end=\"672\">Naudoja <strong data-start=\"546\" data-end=\"575\">Cica Reedle\u2122 technologij\u0105<\/strong>, kuri imituoja <strong data-start=\"591\" data-end=\"616\">mikroadat\u0117li\u0173 poveik\u012f<\/strong>, leid\u017eiant veikliosioms med\u017eiagoms giliau \u012fsiskverbti<\/p>\n<\/li>\n<li data-start=\"673\" data-end=\"797\">\n<p data-start=\"675\" data-end=\"797\">Praturtinta <strong data-start=\"687\" data-end=\"724\">keliais hialurono r\u016bg\u0161ties tipais<\/strong> \u2013 u\u017etikrina gil\u0173 dr\u0117kinim\u0105, nuramina sudirgimus ir stiprina odos barjer\u0105<\/p>\n<\/li>\n<\/ul>\n<h4 data-start=\"799\" data-end=\"849\">\u2705 <strong data-start=\"806\" data-end=\"847\">2 \u017eingsnis \u2013 Vegani\u0161ka lak\u0161tin\u0117 kauk\u0117<\/strong><\/h4>\n<ul data-start=\"850\" data-end=\"980\">\n<li data-start=\"850\" data-end=\"923\">\n<p data-start=\"852\" data-end=\"923\">Padeda \u201e<strong data-start=\"860\" data-end=\"873\">u\u017erakinti<\/strong>\u201c dr\u0117gm\u0119 odoje ir <strong data-start=\"891\" data-end=\"921\">sustiprina ampul\u0117s poveik\u012f<\/strong><\/p>\n<\/li>\n<li data-start=\"924\" data-end=\"980\">\n<p data-start=\"926\" data-end=\"980\">Oda tampa <strong data-start=\"936\" data-end=\"980\">nuraminta, \u0161velni, elastinga ir \u0161vytinti<\/strong><\/p>\n<\/li>\n<\/ul>\n<h3 data-start=\"987\" data-end=\"1022\"><\/h3>\n<h3 data-start=\"987\" data-end=\"1022\">\ud83c\udf3f <strong data-start=\"994\" data-end=\"1022\">Pagrindiniai privalumai:<\/strong><\/h3>\n<ul data-start=\"1023\" data-end=\"1255\">\n<li data-start=\"1023\" data-end=\"1071\">\n<p data-start=\"1025\" data-end=\"1071\">Giliai <strong data-start=\"1032\" data-end=\"1043\">dr\u0117kina<\/strong> ir <strong data-start=\"1047\" data-end=\"1069\">ramina jautri\u0105 od\u0105<\/strong><\/p>\n<\/li>\n<li data-start=\"1072\" data-end=\"1123\">\n<p data-start=\"1074\" data-end=\"1123\"><strong data-start=\"1074\" data-end=\"1100\">Pagerina odos tekst\u016br\u0105<\/strong>, suma\u017eina \u0161iurk\u0161tum\u0105<\/p>\n<\/li>\n<li data-start=\"1124\" data-end=\"1190\">\n<p data-start=\"1126\" data-end=\"1190\">Tinka vis\u0173 tip\u0173 odai, ypa\u010d <strong data-start=\"1153\" data-end=\"1188\">jautriai, sausai ar pavargusiai<\/strong><\/p>\n<\/li>\n<li data-start=\"1191\" data-end=\"1255\">\n<p data-start=\"1193\" data-end=\"1255\"><strong data-start=\"1193\" data-end=\"1214\">Vegani\u0161ka formul\u0117<\/strong> su moderniomis veikliosiomis med\u017eiagomis<\/p>\n<\/li>\n<\/ul>\n<h3 data-start=\"1262\" data-end=\"1286\"><\/h3>\n<h3 data-start=\"1262\" data-end=\"1286\">\ud83c\udf31 <strong data-start=\"1269\" data-end=\"1284\">Rezultatas:<\/strong><\/h3>\n<p data-start=\"1287\" data-end=\"1368\">Oda tampa <strong data-start=\"1297\" data-end=\"1342\">spindinti, sudr\u0117kinta, lygesn\u0117 ir ramesn\u0117<\/strong> jau po pirmojo naudojimo.<\/p>\n","protected":false},"featured_media":14246,"comment_status":"open","ping_status":"closed","template":"","meta":[],"product_brand":[],"product_cat":[43,212],"product_tag":[],"class_list":{"0":"post-14238","1":"product","2":"type-product","3":"status-publish","4":"has-post-thumbnail","6":"product_cat-grozis","7":"product_cat-veido-prieziuros-priemones","9":"first","10":"instock","11":"taxable","12":"shipping-taxable","13":"purchasable","14":"product-type-simple"},"_links":{"self":[{"href":"https:\/\/thequeenhouse.co.uk\/lt\/wp-json\/wp\/v2\/product\/14238","targetHints":{"allow":["GET"]}}],"collection":[{"href":"https:\/\/thequeenhouse.co.uk\/lt\/wp-json\/wp\/v2\/product"}],"about":[{"href":"https:\/\/thequeenhouse.co.uk\/lt\/wp-json\/wp\/v2\/types\/product"}],"replies":[{"embeddable":true,"href":"https:\/\/thequeenhouse.co.uk\/lt\/wp-json\/wp\/v2\/comments?post=14238"}],"wp:featuredmedia":[{"embeddable":true,"href":"https:\/\/thequeenhouse.co.uk\/lt\/wp-json\/wp\/v2\/media\/14246"}],"wp:attachment":[{"href":"https:\/\/thequeenhouse.co.uk\/lt\/wp-json\/wp\/v2\/media?parent=14238"}],"wp:term":[{"taxonomy":"product_brand","embeddable":true,"href":"https:\/\/thequeenhouse.co.uk\/lt\/wp-json\/wp\/v2\/product_brand?post=14238"},{"taxonomy":"product_cat","embeddable":true,"href":"https:\/\/thequeenhouse.co.uk\/lt\/wp-json\/wp\/v2\/product_cat?post=14238"},{"taxonomy":"product_tag","embeddable":true,"href":"https:\/\/thequeenhouse.co.uk\/lt\/wp-json\/wp\/v2\/product_tag?post=14238"}],"curies":[{"name":"wp","href":"https:\/\/api.w.org\/{rel}","templated":true}]}}