{"id":14261,"date":"2025-06-10T19:38:59","date_gmt":"2025-06-10T18:38:59","guid":{"rendered":"https:\/\/thequeenhouse.co.uk\/?post_type=product&#038;p=14261"},"modified":"2025-06-10T20:50:51","modified_gmt":"2025-06-10T19:50:51","slug":"veido-serumas-reedle-shoot-300-50ml-copy-copy-copy","status":"publish","type":"product","link":"https:\/\/thequeenhouse.co.uk\/lt\/produktas\/veido-serumas-reedle-shoot-300-50ml-copy-copy-copy\/","title":{"rendered":""},"content":{"rendered":"<p data-start=\"25\" data-end=\"424\"><strong data-start=\"25\" data-end=\"67\">M\u0117lynojo vario peptid\u0173 kapsuli\u0173 kremas<\/strong> \u2013 tai pa\u017eangus odos prie\u017ei\u016bros produktas, sukurtas intensyviai dr\u0117kinti, stangrinti ir glotninti od\u0105, ma\u017einant smulkias linijas ir rauk\u0161les. Prabangioje kapsuli\u0173 tekst\u016broje esantis kremas apr\u016bpina od\u0105 stipriu veikli\u0173j\u0173 med\u017eiag\u0173 mi\u0161iniu, \u017einomu d\u0117l savo sen\u0117jim\u0105 stabdan\u010di\u0173 ir od\u0105 atkurian\u010di\u0173 savybi\u0173. Rezultatas \u2013 sveikesn\u0117, skaistesn\u0117 ir elastingesn\u0117 oda.<\/p>\n<p data-start=\"431\" data-end=\"490\"><strong data-start=\"431\" data-end=\"490\">Pagrindin\u0117s sudedamosios dalys ir kod\u0117l j\u0173 reikia odai:<\/strong><\/p>\n<ol data-start=\"492\" data-end=\"1483\">\n<li data-start=\"492\" data-end=\"762\">\n<p data-start=\"495\" data-end=\"524\"><strong data-start=\"495\" data-end=\"524\">M\u0117lynasis vario peptidas:<\/strong><\/p>\n<ul data-start=\"528\" data-end=\"762\">\n<li data-start=\"528\" data-end=\"617\">\n<p data-start=\"530\" data-end=\"617\">Skatina nat\u016bral\u0173 odos atsinaujinim\u0105, stiprina kolageno gamyb\u0105 ir gerina odos stangrum\u0105.<\/p>\n<\/li>\n<li data-start=\"621\" data-end=\"700\">\n<p data-start=\"623\" data-end=\"700\">Turi antioksidacini\u0173 savybi\u0173, kurios padeda apsaugoti od\u0105 nuo aplinkos \u017ealos.<\/p>\n<\/li>\n<li data-start=\"704\" data-end=\"762\">\n<p data-start=\"706\" data-end=\"762\">Puikiai tinka elastingumui didinti ir rauk\u0161l\u0117ms ma\u017einti.<\/p>\n<\/li>\n<\/ul>\n<\/li>\n<li data-start=\"764\" data-end=\"983\">\n<p data-start=\"767\" data-end=\"781\"><strong data-start=\"767\" data-end=\"781\">Skvalanas:<\/strong><\/p>\n<ul data-start=\"785\" data-end=\"983\">\n<li data-start=\"785\" data-end=\"867\">\n<p data-start=\"787\" data-end=\"867\">Nat\u016bralus dr\u0117kiklis, gaunamas i\u0161 augal\u0173, atkartojantis odos nat\u016bralius riebalus.<\/p>\n<\/li>\n<li data-start=\"871\" data-end=\"929\">\n<p data-start=\"873\" data-end=\"929\">Dr\u0117kina od\u0105 neu\u017ekem\u0161damas por\u0173, tinkamas vis\u0173 tip\u0173 odai.<\/p>\n<\/li>\n<li data-start=\"933\" data-end=\"983\">\n<p data-start=\"935\" data-end=\"983\">Mink\u0161tina, \u0161velnina ir atkuria odos elastingum\u0105.<\/p>\n<\/li>\n<\/ul>\n<\/li>\n<li data-start=\"985\" data-end=\"1240\">\n<p data-start=\"988\" data-end=\"1006\"><strong data-start=\"988\" data-end=\"1006\">Oligopeptidas:<\/strong><\/p>\n<ul data-start=\"1010\" data-end=\"1240\">\n<li data-start=\"1010\" data-end=\"1090\">\n<p data-start=\"1012\" data-end=\"1090\">Aminor\u016bg\u0161\u010di\u0173 grandin\u0117l\u0117s, skatinan\u010dios kolageno sintez\u0119 ir odos atsinaujinim\u0105.<\/p>\n<\/li>\n<li data-start=\"1094\" data-end=\"1189\">\n<p data-start=\"1096\" data-end=\"1189\">Padeda sustangrinti od\u0105 ir ma\u017eina sen\u0117jimo po\u017eymius, tokius kaip odos suglebimas ir rauk\u0161l\u0117s.<\/p>\n<\/li>\n<li data-start=\"1193\" data-end=\"1240\">\n<p data-start=\"1195\" data-end=\"1240\">Skatina jaunatvi\u0161kos, tvirtos odos i\u0161laikym\u0105.<\/p>\n<\/li>\n<\/ul>\n<\/li>\n<li data-start=\"1242\" data-end=\"1483\">\n<p data-start=\"1245\" data-end=\"1277\"><strong data-start=\"1245\" data-end=\"1277\">Avi\u017eos (avi\u017einiai baltymai):<\/strong><\/p>\n<ul data-start=\"1281\" data-end=\"1483\">\n<li data-start=\"1281\" data-end=\"1343\">\n<p data-start=\"1283\" data-end=\"1343\">Ramina sudirgusi\u0105 ar jautri\u0105 od\u0105, suteikia \u0161veln\u0173 dr\u0117kinim\u0105.<\/p>\n<\/li>\n<li data-start=\"1347\" data-end=\"1416\">\n<p data-start=\"1349\" data-end=\"1416\">Turi prie\u0161u\u017edegimini\u0173 savybi\u0173 \u2013 ma\u017eina paraudim\u0105, nie\u017eul\u012f, sausum\u0105.<\/p>\n<\/li>\n<li data-start=\"1420\" data-end=\"1483\">\n<p data-start=\"1422\" data-end=\"1483\">Stiprina odos barjer\u0105 ir saugo nuo \u017ealingo aplinkos poveikio.<\/p>\n<\/li>\n<\/ul>\n<\/li>\n<\/ol>\n<p data-start=\"1490\" data-end=\"1515\"><strong data-start=\"1490\" data-end=\"1515\">Kam tinka \u0161is kremas:<\/strong><\/p>\n<ul data-start=\"1517\" data-end=\"1931\">\n<li data-start=\"1517\" data-end=\"1641\">\n<p data-start=\"1519\" data-end=\"1641\"><strong data-start=\"1519\" data-end=\"1538\">Brand\u017eiai odai:<\/strong> Puikiai tinka pastebint pirmuosius sen\u0117jimo po\u017eymius \u2013 smulkias linijas, rauk\u0161les, prarast\u0105 stangrum\u0105.<\/p>\n<\/li>\n<li data-start=\"1642\" data-end=\"1723\">\n<p data-start=\"1644\" data-end=\"1723\"><strong data-start=\"1644\" data-end=\"1677\">Sausai ar dehidratuotai odai:<\/strong> Idealiai dr\u0117kina ir atkuria i\u0161saus\u0117jusi\u0105 od\u0105.<\/p>\n<\/li>\n<li data-start=\"1724\" data-end=\"1803\">\n<p data-start=\"1726\" data-end=\"1803\"><strong data-start=\"1726\" data-end=\"1744\">Jautriai odai:<\/strong> D\u0117l avi\u017e\u0173 ir skvalano sud\u0117tyje \u2013 saugus net jautriai odai.<\/p>\n<\/li>\n<li data-start=\"1804\" data-end=\"1931\">\n<p data-start=\"1806\" data-end=\"1931\"><strong data-start=\"1806\" data-end=\"1833\">Prevencinei prie\u017ei\u016brai:<\/strong> Tinka ir jaunesniems \u017emon\u0117ms (nuo ~27 met\u0173), norintiems ilgiau i\u0161laikyti sveik\u0105, jaunatvi\u0161k\u0105 od\u0105.<\/p>\n<\/li>\n<\/ul>\n<p data-start=\"1938\" data-end=\"2171\" data-is-last-node=\"\" data-is-only-node=\"\">Jei ie\u0161kote veiksmingo sprendimo nuo rauk\u0161li\u0173, sausumo ar odos stangrumo praradimo, <strong data-start=\"2034\" data-end=\"2076\">M\u0117lynojo vario peptid\u0173 kapsuli\u0173 kremas<\/strong> \u2013 tai efektyvus pasirinkimas. Naudokite kasdien, kad oda b\u016bt\u0173 lygesn\u0117, stangresn\u0117<\/p>\n","protected":false},"excerpt":{"rendered":"<article class=\"text-token-text-primary w-full\" dir=\"auto\" data-testid=\"conversation-turn-6\" data-scroll-anchor=\"true\">\n<div class=\"text-base my-auto mx-auto py-5 [--thread-content-margin:--spacing(4)] @[37rem]:[--thread-content-margin:--spacing(6)] @[72rem]:[--thread-content-margin:--spacing(16)] px-(--thread-content-margin)\">\n<div class=\"[--thread-content-max-width:32rem] @[34rem]:[--thread-content-max-width:40rem] @[64rem]:[--thread-content-max-width:48rem] mx-auto flex max-w-(--thread-content-max-width) flex-1 text-base gap-4 md:gap-5 lg:gap-6 group\/turn-messages focus-visible:outline-hidden\" tabindex=\"-1\">\n<div class=\"group\/conversation-turn relative flex w-full min-w-0 flex-col agent-turn\">\n<div class=\"relative flex-col gap-1 md:gap-3\">\n<div class=\"flex max-w-full flex-col grow\">\n<div class=\"min-h-8 text-message relative flex w-full flex-col items-end gap-2 text-start break-words whitespace-normal [.text-message+&amp;]:mt-5\" dir=\"auto\" data-message-author-role=\"assistant\" data-message-id=\"b331a973-ad37-4073-96fe-c909b21af30d\" data-message-model-slug=\"gpt-4o\">\n<div class=\"flex w-full flex-col gap-1 empty:hidden first:pt-[3px]\">\n<div class=\"markdown prose dark:prose-invert w-full break-words light\">\n<p data-start=\"0\" data-end=\"335\"><strong data-start=\"0\" data-end=\"23\">Blue copper peptide<\/strong> (liet. <em data-start=\"31\" data-end=\"57\">m\u0117lynasis vario peptidas<\/em>) \u2013 tai junginys, susidedantis i\u0161 <strong data-start=\"91\" data-end=\"105\">vario (Cu)<\/strong> elemento ir ma\u017e\u0173 baltym\u0173 grandin\u0117li\u0173, vadinam\u0173 <strong data-start=\"153\" data-end=\"166\">peptidais<\/strong>. Tiksliau \u2013 tai da\u017eniausiai <strong data-start=\"195\" data-end=\"205\">GHK-Cu<\/strong> (Glicil-L-histidil-L-lizinas su vario jonais) kompleksas, nat\u016braliai aptinkamas \u017emogaus organizme, bet senstant jo kiekis ma\u017e\u0117ja.<\/p>\n<h3 data-start=\"342\" data-end=\"390\"><\/h3>\n<h3 data-start=\"342\" data-end=\"390\"><strong data-start=\"346\" data-end=\"390\">K\u0105 jis daro odai ir kod\u0117l yra naudingas:<\/strong><\/h3>\n<ol data-start=\"392\" data-end=\"1014\">\n<li data-start=\"392\" data-end=\"523\">\n<p data-start=\"395\" data-end=\"437\"><strong data-start=\"395\" data-end=\"435\">Stiprina kolageno ir elastino gamyb\u0105<\/strong><\/p>\n<ul data-start=\"441\" data-end=\"523\">\n<li data-start=\"441\" data-end=\"523\">\n<p data-start=\"443\" data-end=\"523\">Tai padeda atkurti odos stangrum\u0105, suma\u017einti rauk\u0161les, pagerinti odos strukt\u016br\u0105.<\/p>\n<\/li>\n<\/ul>\n<\/li>\n<li data-start=\"525\" data-end=\"651\">\n<p data-start=\"528\" data-end=\"572\"><strong data-start=\"528\" data-end=\"570\">Greitina \u017eaizd\u0173 gijim\u0105 ir regeneracij\u0105<\/strong><\/p>\n<ul data-start=\"576\" data-end=\"651\">\n<li data-start=\"576\" data-end=\"651\">\n<p data-start=\"578\" data-end=\"651\">Vario peptidai aktyvuoja odos atsinaujinim\u0105 ir l\u0105steli\u0173 taisymo procesus.<\/p>\n<\/li>\n<\/ul>\n<\/li>\n<li data-start=\"653\" data-end=\"762\">\n<p data-start=\"656\" data-end=\"691\"><strong data-start=\"656\" data-end=\"689\">Ma\u017eina u\u017edegim\u0105 ir ramina od\u0105<\/strong><\/p>\n<ul data-start=\"695\" data-end=\"762\">\n<li data-start=\"695\" data-end=\"762\">\n<p data-start=\"697\" data-end=\"762\">Tinka jautriai ar pa\u017eeistai odai, ypa\u010d po proced\u016br\u0173 ar dirgikli\u0173.<\/p>\n<\/li>\n<\/ul>\n<\/li>\n<li data-start=\"764\" data-end=\"895\">\n<p data-start=\"767\" data-end=\"799\"><strong data-start=\"767\" data-end=\"797\">Apsaugo nuo aplinkos \u017ealos<\/strong><\/p>\n<ul data-start=\"803\" data-end=\"895\">\n<li data-start=\"803\" data-end=\"895\">\n<p data-start=\"805\" data-end=\"895\">Veikia kaip antioksidantas \u2013 saugo nuo laisv\u0173j\u0173 radikal\u0173, tar\u0161os ir UV spinduli\u0173 poveikio.<\/p>\n<\/li>\n<\/ul>\n<\/li>\n<li data-start=\"897\" data-end=\"1014\">\n<p data-start=\"900\" data-end=\"931\"><strong data-start=\"900\" data-end=\"929\">Reguliuoja riebal\u0173 gamyb\u0105<\/strong><\/p>\n<ul data-start=\"935\" data-end=\"1014\">\n<li data-start=\"935\" data-end=\"1014\">\n<p data-start=\"937\" data-end=\"1014\">Gali pad\u0117ti esant mi\u0161riai ar riebiai odai, nes padeda palaikyti odos balans\u0105.<\/p>\n<\/li>\n<\/ul>\n<\/li>\n<\/ol>\n<h3 data-start=\"1021\" data-end=\"1047\"><\/h3>\n<h3 data-start=\"1021\" data-end=\"1047\"><strong data-start=\"1025\" data-end=\"1047\">Kod\u0117l jis m\u0117lynas?<\/strong><\/h3>\n<p data-start=\"1048\" data-end=\"1190\">Vario jonai (Cu\u00b2\u207a) nat\u016braliai suteikia med\u017eiagai m\u0117lyn\u0105 spalv\u0105 \u2013 tai ne da\u017eiklis, o nat\u016brali savyb\u0117, rodanti, kad varis yra aktyvioje formoje.<\/p>\n<h3 data-start=\"1197\" data-end=\"1235\"><\/h3>\n<h3 data-start=\"1197\" data-end=\"1235\"><strong data-start=\"1201\" data-end=\"1235\">Kam tinka blue copper peptide:<\/strong><\/h3>\n<ul data-start=\"1236\" data-end=\"1464\">\n<li data-start=\"1236\" data-end=\"1283\">\n<p data-start=\"1238\" data-end=\"1283\">\u017dmon\u0117ms su <strong data-start=\"1249\" data-end=\"1283\">pirmaisiais sen\u0117jimo po\u017eymiais<\/strong><\/p>\n<\/li>\n<li data-start=\"1284\" data-end=\"1327\">\n<p data-start=\"1286\" data-end=\"1327\">Turintiems <strong data-start=\"1297\" data-end=\"1327\">smulkias linijas, rauk\u0161les<\/strong><\/p>\n<\/li>\n<li data-start=\"1328\" data-end=\"1368\">\n<p data-start=\"1330\" data-end=\"1368\">Norintiems <strong data-start=\"1341\" data-end=\"1368\">pagerinti odos tekst\u016br\u0105<\/strong><\/p>\n<\/li>\n<li data-start=\"1369\" data-end=\"1411\">\n<p data-start=\"1371\" data-end=\"1411\">Po proced\u016br\u0173, <strong data-start=\"1385\" data-end=\"1411\">siekiant regeneracijos<\/strong><\/p>\n<\/li>\n<li data-start=\"1412\" data-end=\"1464\">\n<p data-start=\"1414\" data-end=\"1464\">Turintiems <strong data-start=\"1425\" data-end=\"1464\">jautri\u0105, sudirgusi\u0105 ar brand\u017ei\u0105 od\u0105<\/strong><\/p>\n<\/li>\n<\/ul>\n<p data-start=\"1471\" data-end=\"1695\" data-is-last-node=\"\" data-is-only-node=\"\"><br data-start=\"1482\" data-end=\"1485\" \/>M\u0117lynasis vario peptidas yra labai veiksminga, moksli\u0161kai pagr\u012fsta veiklioji med\u017eiaga, kuri padeda atkurti, apsaugoti ir atjauninti od\u0105. Tai puikus ingredientas ie\u0161kantiems rimtos, bet \u0161velnios odos prie\u017ei\u016bros.<\/p>\n<\/div>\n<\/div>\n<\/div>\n<\/div>\n<\/div>\n<\/div>\n<\/div>\n<\/div>\n<\/article>\n","protected":false},"featured_media":16946,"comment_status":"open","ping_status":"closed","template":"","meta":[],"product_brand":[],"product_cat":[43,212],"product_tag":[],"class_list":{"0":"post-14261","1":"product","2":"type-product","3":"status-publish","4":"has-post-thumbnail","6":"product_cat-grozis","7":"product_cat-veido-prieziuros-priemones","9":"first","10":"instock","11":"taxable","12":"shipping-taxable","13":"purchasable","14":"product-type-simple"},"_links":{"self":[{"href":"https:\/\/thequeenhouse.co.uk\/lt\/wp-json\/wp\/v2\/product\/14261","targetHints":{"allow":["GET"]}}],"collection":[{"href":"https:\/\/thequeenhouse.co.uk\/lt\/wp-json\/wp\/v2\/product"}],"about":[{"href":"https:\/\/thequeenhouse.co.uk\/lt\/wp-json\/wp\/v2\/types\/product"}],"replies":[{"embeddable":true,"href":"https:\/\/thequeenhouse.co.uk\/lt\/wp-json\/wp\/v2\/comments?post=14261"}],"wp:featuredmedia":[{"embeddable":true,"href":"https:\/\/thequeenhouse.co.uk\/lt\/wp-json\/wp\/v2\/media\/16946"}],"wp:attachment":[{"href":"https:\/\/thequeenhouse.co.uk\/lt\/wp-json\/wp\/v2\/media?parent=14261"}],"wp:term":[{"taxonomy":"product_brand","embeddable":true,"href":"https:\/\/thequeenhouse.co.uk\/lt\/wp-json\/wp\/v2\/product_brand?post=14261"},{"taxonomy":"product_cat","embeddable":true,"href":"https:\/\/thequeenhouse.co.uk\/lt\/wp-json\/wp\/v2\/product_cat?post=14261"},{"taxonomy":"product_tag","embeddable":true,"href":"https:\/\/thequeenhouse.co.uk\/lt\/wp-json\/wp\/v2\/product_tag?post=14261"}],"curies":[{"name":"wp","href":"https:\/\/api.w.org\/{rel}","templated":true}]}}