{"id":14286,"date":"2025-06-16T08:17:36","date_gmt":"2025-06-16T07:17:36","guid":{"rendered":"https:\/\/thequeenhouse.co.uk\/?post_type=product&#038;p=14286"},"modified":"2025-06-16T08:29:36","modified_gmt":"2025-06-16T07:29:36","slug":"copy","status":"publish","type":"product","link":"https:\/\/thequeenhouse.co.uk\/lt\/produktas\/copy\/","title":{"rendered":"Granat\u0173 Niacinamido ir Pantenolio &#8211; Veido Kapsuli\u0173 Kremas 50ml"},"content":{"rendered":"<h3 data-start=\"543\" data-end=\"588\">\u2728 <strong data-start=\"549\" data-end=\"588\">Pagrindiniai ingredientai ir nauda:<\/strong><\/h3>\n<h4 data-start=\"590\" data-end=\"630\">\u2705 <strong data-start=\"597\" data-end=\"628\">Niacinamidas (vitaminas B3)<\/strong><\/h4>\n<ul data-start=\"631\" data-end=\"732\">\n<li data-start=\"631\" data-end=\"672\">\n<p data-start=\"633\" data-end=\"672\">Skaistina od\u0105 ir suvienodina atspalv\u012f<\/p>\n<\/li>\n<li data-start=\"673\" data-end=\"689\">\n<p data-start=\"675\" data-end=\"689\">Ma\u017eina poras<\/p>\n<\/li>\n<li data-start=\"690\" data-end=\"732\">\n<p data-start=\"692\" data-end=\"732\">Ramina od\u0105 ir stiprina apsaugin\u012f barjer\u0105<\/p>\n<\/li>\n<\/ul>\n<h4 data-start=\"734\" data-end=\"765\">\u2705 <strong data-start=\"741\" data-end=\"763\">Granat\u0173 ekstraktas<\/strong><\/h4>\n<ul data-start=\"766\" data-end=\"936\">\n<li data-start=\"766\" data-end=\"852\">\n<p data-start=\"768\" data-end=\"852\">Gausus antioksidant\u0173 \u2013 kovoja su laisvaisiais radikalais ir prie\u0161laikiniu sen\u0117jimu<\/p>\n<\/li>\n<li data-start=\"853\" data-end=\"896\">\n<p data-start=\"855\" data-end=\"896\">Skatina odos atsinaujinim\u0105 ir \u0161vyt\u0117jim\u0105<\/p>\n<\/li>\n<li data-start=\"897\" data-end=\"936\">\n<p data-start=\"899\" data-end=\"936\">Atgaivina pavargusi\u0105 ar stresuot\u0105 od\u0105<\/p>\n<\/li>\n<\/ul>\n<h4 data-start=\"938\" data-end=\"960\">\u2705 <strong data-start=\"945\" data-end=\"958\">Argininas<\/strong><\/h4>\n<ul data-start=\"961\" data-end=\"1081\">\n<li data-start=\"961\" data-end=\"1013\">\n<p data-start=\"963\" data-end=\"1013\">Esmin\u0117 amino r\u016bg\u0161tis, padedanti i\u0161laikyti dr\u0117gm\u0119<\/p>\n<\/li>\n<li data-start=\"1014\" data-end=\"1047\">\n<p data-start=\"1016\" data-end=\"1047\">Skatina odos gijim\u0105 ir lygum\u0105<\/p>\n<\/li>\n<li data-start=\"1048\" data-end=\"1081\">\n<p data-start=\"1050\" data-end=\"1081\">Gerina elastingum\u0105 ir stangrum\u0105<\/p>\n<\/li>\n<\/ul>\n<h4 data-start=\"1083\" data-end=\"1124\">\u2705 <strong data-start=\"1090\" data-end=\"1122\">Pantenolis (provitaminas B5)<\/strong><\/h4>\n<ul data-start=\"1125\" data-end=\"1246\">\n<li data-start=\"1125\" data-end=\"1164\">\n<p data-start=\"1127\" data-end=\"1164\">Giliai dr\u0117kina ir ramina sudirgimus<\/p>\n<\/li>\n<li data-start=\"1165\" data-end=\"1209\">\n<p data-start=\"1167\" data-end=\"1209\">Padeda atkurti ir apsaugoti odos barjer\u0105<\/p>\n<\/li>\n<li data-start=\"1210\" data-end=\"1246\">\n<p data-start=\"1212\" data-end=\"1246\">Ypa\u010d tinka jautriai ar sausai odai<\/p>\n<\/li>\n<\/ul>\n<h3 data-start=\"1253\" data-end=\"1286\"><\/h3>\n<h3 data-start=\"1253\" data-end=\"1286\">\ud83d\udca1 <strong data-start=\"1260\" data-end=\"1286\">Kod\u0117l verta i\u0161bandyti:<\/strong><\/h3>\n<ul data-start=\"1287\" data-end=\"1494\">\n<li data-start=\"1287\" data-end=\"1336\">\n<p data-start=\"1289\" data-end=\"1336\">Lengva gelin\u0117-kremo tekst\u016bra greitai \u012fsigeria<\/p>\n<\/li>\n<li data-start=\"1337\" data-end=\"1379\">\n<p data-start=\"1339\" data-end=\"1379\">Matomai pagerina odos ton\u0105 ir tekst\u016br\u0105<\/p>\n<\/li>\n<li data-start=\"1380\" data-end=\"1426\">\n<p data-start=\"1382\" data-end=\"1426\">Tinka visiems odos tipams, net ir jautriai<\/p>\n<\/li>\n<li data-start=\"1427\" data-end=\"1494\">\n<p data-start=\"1429\" data-end=\"1494\">Puikiai tinka naudoti tiek ryte, tiek vakare, taip pat po makia\u017eu<\/p>\n<\/li>\n<\/ul>\n<h3 data-start=\"1501\" data-end=\"1533\"><\/h3>\n<p data-start=\"1534\" data-end=\"1775\">\u0160is kremas \u2013 tai <strong data-start=\"1551\" data-end=\"1581\">daugiafunkcinis sprendimas<\/strong>: jis dr\u0117kina, ramina, skaistina ir saugo od\u0105 vienoje eleganti\u0161koje formul\u0117je. D\u0117l stipri\u0173 veikli\u0173j\u0173 med\u017eiag\u0173 ir nat\u016brali\u0173 antioksidant\u0173 tai \u2013 i\u0161mintingas pasirinkimas sveikai, spindin\u010diai odai.<\/p>\n<p data-start=\"1777\" data-end=\"1839\">Naudokite kasdien ir atskleiskite tikr\u0105j\u012f savo odos \u0161vyt\u0117jim\u0105.<\/p>\n","protected":false},"excerpt":{"rendered":"<article class=\"text-token-text-primary w-full\" dir=\"auto\" data-testid=\"conversation-turn-6\" data-scroll-anchor=\"true\">\n<div class=\"text-base my-auto mx-auto py-5 [--thread-content-margin:--spacing(4)] @[37rem]:[--thread-content-margin:--spacing(6)] @[72rem]:[--thread-content-margin:--spacing(16)] px-(--thread-content-margin)\">\n<div class=\"[--thread-content-max-width:32rem] @[34rem]:[--thread-content-max-width:40rem] @[64rem]:[--thread-content-max-width:48rem] mx-auto flex max-w-(--thread-content-max-width) flex-1 text-base gap-4 md:gap-5 lg:gap-6 group\/turn-messages focus-visible:outline-hidden\" tabindex=\"-1\">\n<div class=\"group\/conversation-turn relative flex w-full min-w-0 flex-col agent-turn\">\n<div class=\"relative flex-col gap-1 md:gap-3\">\n<div class=\"flex max-w-full flex-col grow\">\n<div class=\"min-h-8 text-message relative flex w-full flex-col items-end gap-2 text-start break-words whitespace-normal [.text-message+&amp;]:mt-5\" dir=\"auto\" data-message-author-role=\"assistant\" data-message-id=\"b331a973-ad37-4073-96fe-c909b21af30d\" data-message-model-slug=\"gpt-4o\">\n<div class=\"flex w-full flex-col gap-1 empty:hidden first:pt-[3px]\">\n<div class=\"markdown prose dark:prose-invert w-full break-words light\">\n<h3 data-start=\"42\" data-end=\"92\">\ud83c\udf38 <strong data-start=\"49\" data-end=\"90\">\u0160vyt\u0117jim\u0105 Atkuriantis Kapsuli\u0173 Kremas<\/strong><\/h3>\n<p data-start=\"93\" data-end=\"130\"><strong data-start=\"93\" data-end=\"130\">\u0160vyt\u0117jimas \u2013 Dr\u0117kinimas \u2013 Apsauga<\/strong><\/p>\n<p data-start=\"132\" data-end=\"400\">\u0160is novatori\u0161kas kapsuli\u0173 kremas sujungia moksli\u0161kai pagr\u012fstus ingredientus su prabangia tekst\u016bra, kad giliai pamaitint\u0173 ir atgaivint\u0173 j\u016bs\u0173 od\u0105. Kapsul\u0117se esan\u010dios veikliosios med\u017eiagos i\u0161tirpsta ant odos, suteikdamos koncentruot\u0105 naud\u0105 ten, kur jos labiausiai reikia.<\/p>\n<p data-start=\"402\" data-end=\"536\">Puikiai tinka kasdieniam naudojimui \u2013 idealiai tinka tiems, kurie siekia dr\u0117kinimo, skaistumo ir tolygesn\u0117s, jaunesn\u0117s i\u0161vaizdos odos.<\/p>\n<\/div>\n<h2 data-start=\"170\" data-end=\"205\">\ud83e\uddf4 <strong data-start=\"176\" data-end=\"205\">Pantenolis (vitaminas B5)<\/strong><\/h2>\n<h3 data-start=\"207\" data-end=\"228\">\u2705 <strong data-start=\"213\" data-end=\"228\">Nauda odai:<\/strong><\/h3>\n<ol data-start=\"230\" data-end=\"715\">\n<li data-start=\"230\" data-end=\"355\">\n<p data-start=\"233\" data-end=\"251\"><strong data-start=\"233\" data-end=\"251\">Giliai dr\u0117kina<\/strong><\/p>\n<ul data-start=\"255\" data-end=\"355\">\n<li data-start=\"255\" data-end=\"355\">\n<p data-start=\"257\" data-end=\"355\">Pantenolis padeda pritraukti ir i\u0161laikyti dr\u0117gm\u0119 odoje \u2013 puikiai tinka sausai, dehidratuotai odai.<\/p>\n<\/li>\n<\/ul>\n<\/li>\n<li data-start=\"357\" data-end=\"477\">\n<p data-start=\"360\" data-end=\"381\"><strong data-start=\"360\" data-end=\"381\">Ramino sudirgimus<\/strong><\/p>\n<ul data-start=\"385\" data-end=\"477\">\n<li data-start=\"385\" data-end=\"477\">\n<p data-start=\"387\" data-end=\"477\">Labai tinka jautriai ar sudirgusiai odai \u2013 ma\u017eina paraudim\u0105, nie\u017eul\u012f, skatina odos gijim\u0105.<\/p>\n<\/li>\n<\/ul>\n<\/li>\n<li data-start=\"479\" data-end=\"620\">\n<p data-start=\"482\" data-end=\"507\"><strong data-start=\"482\" data-end=\"507\">Stiprina odos barjer\u0105<\/strong><\/p>\n<ul data-start=\"511\" data-end=\"620\">\n<li data-start=\"511\" data-end=\"620\">\n<p data-start=\"513\" data-end=\"620\">Padeda atkurti apsaugin\u012f odos sluoksn\u012f, tod\u0117l oda tampa atsparesn\u0117 aplinkos poveikiui ir dr\u0117gm\u0117s netekimui.<\/p>\n<\/li>\n<\/ul>\n<\/li>\n<li data-start=\"622\" data-end=\"715\">\n<p data-start=\"625\" data-end=\"650\"><strong data-start=\"625\" data-end=\"650\">Greitina regeneracij\u0105<\/strong><\/p>\n<ul data-start=\"654\" data-end=\"715\">\n<li data-start=\"654\" data-end=\"715\">\n<p data-start=\"656\" data-end=\"715\">Skatina nauj\u0173 odos l\u0105steli\u0173 atsiradim\u0105 ir \u017eaizdeli\u0173 gijim\u0105.<\/p>\n<\/li>\n<\/ul>\n<\/li>\n<\/ol>\n<h3 data-start=\"717\" data-end=\"738\">\ud83d\udc64 <strong data-start=\"724\" data-end=\"738\">Kam tinka:<\/strong><\/h3>\n<ul data-start=\"739\" data-end=\"856\">\n<li data-start=\"739\" data-end=\"775\">\n<p data-start=\"741\" data-end=\"775\">Sausai, jautriai, sudirgusiai odai<\/p>\n<\/li>\n<li data-start=\"776\" data-end=\"809\">\n<p data-start=\"778\" data-end=\"809\">Po proced\u016br\u0173 ar saul\u0117s nudegim\u0173<\/p>\n<\/li>\n<li data-start=\"810\" data-end=\"856\">\n<p data-start=\"812\" data-end=\"856\">Turintiems \u0161erpetojan\u010di\u0105 ar dehidratuot\u0105 od\u0105<\/p>\n<\/li>\n<\/ul>\n<h2 data-start=\"863\" data-end=\"899\"><\/h2>\n<h2 data-start=\"863\" data-end=\"899\">\u2728 <strong data-start=\"868\" data-end=\"899\">Niacinamidas (vitaminas B3)<\/strong><\/h2>\n<h3 data-start=\"901\" data-end=\"922\">\u2705 <strong data-start=\"907\" data-end=\"922\">Nauda odai:<\/strong><\/h3>\n<ol data-start=\"924\" data-end=\"1445\">\n<li data-start=\"924\" data-end=\"1048\">\n<p data-start=\"927\" data-end=\"979\"><strong data-start=\"927\" data-end=\"979\">Ma\u017eina pigmentines d\u0117mes ir suvienodina atspalv\u012f<\/strong><\/p>\n<ul data-start=\"983\" data-end=\"1048\">\n<li data-start=\"983\" data-end=\"1048\">\n<p data-start=\"985\" data-end=\"1048\">Skaistina od\u0105, padeda kovoti su hiperpigmentacija ir raudonumu.<\/p>\n<\/li>\n<\/ul>\n<\/li>\n<li data-start=\"1050\" data-end=\"1171\">\n<p data-start=\"1053\" data-end=\"1082\"><strong data-start=\"1053\" data-end=\"1082\">Reguliuoja riebal\u0173 gamyb\u0105<\/strong><\/p>\n<ul data-start=\"1086\" data-end=\"1171\">\n<li data-start=\"1086\" data-end=\"1171\">\n<p data-start=\"1088\" data-end=\"1171\">Puikiai tinka mi\u0161riai ar riebiai odai \u2013 ma\u017eina spuog\u0173 rizik\u0105, bet nei\u0161sausina odos.<\/p>\n<\/li>\n<\/ul>\n<\/li>\n<li data-start=\"1173\" data-end=\"1260\">\n<p data-start=\"1176\" data-end=\"1201\"><strong data-start=\"1176\" data-end=\"1201\">Stiprina odos barjer\u0105<\/strong><\/p>\n<ul data-start=\"1205\" data-end=\"1260\">\n<li data-start=\"1205\" data-end=\"1260\">\n<p data-start=\"1207\" data-end=\"1260\">Skatina keramid\u0173 gamyb\u0105, stiprina apsaugin\u012f sluoksn\u012f.<\/p>\n<\/li>\n<\/ul>\n<\/li>\n<li data-start=\"1262\" data-end=\"1343\">\n<p data-start=\"1265\" data-end=\"1284\"><strong data-start=\"1265\" data-end=\"1284\">Ma\u017eina u\u017edegim\u0105<\/strong><\/p>\n<ul data-start=\"1288\" data-end=\"1343\">\n<li data-start=\"1288\" data-end=\"1343\">\n<p data-start=\"1290\" data-end=\"1343\">Ramina paraudusi\u0105, spuoguot\u0105 od\u0105, padeda gydyti akn\u0119.<\/p>\n<\/li>\n<\/ul>\n<\/li>\n<li data-start=\"1345\" data-end=\"1445\">\n<p data-start=\"1348\" data-end=\"1372\"><strong data-start=\"1348\" data-end=\"1372\">Lygina odos tekst\u016br\u0105<\/strong><\/p>\n<ul data-start=\"1376\" data-end=\"1445\">\n<li data-start=\"1376\" data-end=\"1445\">\n<p data-start=\"1378\" data-end=\"1445\">Ma\u017eina smulkias rauk\u0161leles, poras, oda tampa lygesn\u0117 ir stangresn\u0117.<\/p>\n<\/li>\n<\/ul>\n<\/li>\n<\/ol>\n<h3 data-start=\"1447\" data-end=\"1468\">\ud83d\udc64 <strong data-start=\"1454\" data-end=\"1468\">Kam tinka:<\/strong><\/h3>\n<ul data-start=\"1469\" data-end=\"1601\">\n<li data-start=\"1469\" data-end=\"1505\">\n<p data-start=\"1471\" data-end=\"1505\">Visiems odos tipams (net jautriai)<\/p>\n<\/li>\n<li data-start=\"1506\" data-end=\"1546\">\n<p data-start=\"1508\" data-end=\"1546\">Riebiai, mi\u0161riai, akn\u0117s pa\u017eeistai odai<\/p>\n<\/li>\n<li data-start=\"1547\" data-end=\"1601\">\n<p data-start=\"1549\" data-end=\"1601\">Odai su pigmentin\u0117mis d\u0117m\u0117mis ar netolygiu atspalviu<\/p>\n<\/li>\n<\/ul>\n<h2 data-start=\"1608\" data-end=\"1646\"><\/h2>\n<h2 data-start=\"1608\" data-end=\"1646\">\ud83d\udd04 <strong data-start=\"1614\" data-end=\"1646\">Kartu jie dar veiksmingesni!<\/strong><\/h2>\n<ul data-start=\"1647\" data-end=\"1842\">\n<li data-start=\"1647\" data-end=\"1733\">\n<p data-start=\"1649\" data-end=\"1733\">Pantenolis <strong data-start=\"1660\" data-end=\"1670\">ramina<\/strong> ir <strong data-start=\"1674\" data-end=\"1685\">dr\u0117kina<\/strong>, o niacinamidas <strong data-start=\"1702\" data-end=\"1716\">reguliuoja<\/strong> ir <strong data-start=\"1720\" data-end=\"1732\">stiprina<\/strong>.<\/p>\n<\/li>\n<li data-start=\"1734\" data-end=\"1842\">\n<p data-start=\"1736\" data-end=\"1842\">Jie <strong data-start=\"1740\" data-end=\"1756\">puikiai dera<\/strong>, nes niacinamidas kartais gali sukelti lengv\u0105 dirginim\u0105 \u2013 pantenolis tai kompensuoja.<\/p>\n<\/li>\n<\/ul>\n<p><br data-start=\"1860\" data-end=\"1863\" \/>Jei tavo tikslas yra rami, \u0161vytinti, subalansuota oda su stipriu apsauginiu barjeru \u2013 pantenolio ir niacinamido derinys yra vienas geriausi\u0173 sprendim\u0173 veido prie\u017ei\u016broje.<\/div>\n<\/div>\n<\/div>\n<\/div>\n<\/div>\n<\/div>\n<\/div>\n<\/article>\n","protected":false},"featured_media":14288,"comment_status":"open","ping_status":"closed","template":"","meta":[],"product_brand":[],"product_cat":[43,212],"product_tag":[],"class_list":{"0":"post-14286","1":"product","2":"type-product","3":"status-publish","4":"has-post-thumbnail","6":"product_cat-grozis","7":"product_cat-veido-prieziuros-priemones","9":"first","10":"outofstock","11":"taxable","12":"shipping-taxable","13":"purchasable","14":"product-type-simple"},"_links":{"self":[{"href":"https:\/\/thequeenhouse.co.uk\/lt\/wp-json\/wp\/v2\/product\/14286","targetHints":{"allow":["GET"]}}],"collection":[{"href":"https:\/\/thequeenhouse.co.uk\/lt\/wp-json\/wp\/v2\/product"}],"about":[{"href":"https:\/\/thequeenhouse.co.uk\/lt\/wp-json\/wp\/v2\/types\/product"}],"replies":[{"embeddable":true,"href":"https:\/\/thequeenhouse.co.uk\/lt\/wp-json\/wp\/v2\/comments?post=14286"}],"wp:featuredmedia":[{"embeddable":true,"href":"https:\/\/thequeenhouse.co.uk\/lt\/wp-json\/wp\/v2\/media\/14288"}],"wp:attachment":[{"href":"https:\/\/thequeenhouse.co.uk\/lt\/wp-json\/wp\/v2\/media?parent=14286"}],"wp:term":[{"taxonomy":"product_brand","embeddable":true,"href":"https:\/\/thequeenhouse.co.uk\/lt\/wp-json\/wp\/v2\/product_brand?post=14286"},{"taxonomy":"product_cat","embeddable":true,"href":"https:\/\/thequeenhouse.co.uk\/lt\/wp-json\/wp\/v2\/product_cat?post=14286"},{"taxonomy":"product_tag","embeddable":true,"href":"https:\/\/thequeenhouse.co.uk\/lt\/wp-json\/wp\/v2\/product_tag?post=14286"}],"curies":[{"name":"wp","href":"https:\/\/api.w.org\/{rel}","templated":true}]}}