{"id":14301,"date":"2025-06-19T18:29:57","date_gmt":"2025-06-19T17:29:57","guid":{"rendered":"https:\/\/thequeenhouse.co.uk\/?post_type=product&#038;p=14301"},"modified":"2025-11-24T14:13:57","modified_gmt":"2025-11-24T13:13:57","slug":"cocosolis-glow-shimmer-oil-110ml-copy","status":"publish","type":"product","link":"https:\/\/thequeenhouse.co.uk\/lt\/produktas\/cocosolis-glow-shimmer-oil-110ml-copy\/","title":{"rendered":"COCOSOLIS &#8211; WATERMELON Suntan &#038; Body Oil 110ml"},"content":{"rendered":"<h3 data-start=\"57\" data-end=\"99\">\ud83c\udfd6\ufe0f <strong data-start=\"65\" data-end=\"99\">\u012edegis saul\u0117je arba soliariume<\/strong><\/h3>\n<p data-start=\"101\" data-end=\"178\"><strong data-start=\"101\" data-end=\"178\">Naudojant saul\u0117je, rekomenduojama derinti su apsauginiu kremu nuo saul\u0117s:<\/strong><\/p>\n<ol data-start=\"180\" data-end=\"355\">\n<li data-start=\"180\" data-end=\"263\">\n<p data-start=\"183\" data-end=\"263\">U\u017etepkite apsaugin\u012f krem\u0105 nuo saul\u0117s ir palaukite 15 minu\u010di\u0173, kol jis \u012fsigers.<\/p>\n<\/li>\n<li data-start=\"264\" data-end=\"300\">\n<p data-start=\"267\" data-end=\"300\">Tuomet u\u017etepkite \u012fdegio aliej\u0173.<\/p>\n<\/li>\n<li data-start=\"301\" data-end=\"355\">\n<p data-start=\"304\" data-end=\"355\">Pakartotinai tepkite kas 2 valandas ir po maudyni\u0173.<\/p>\n<\/li>\n<\/ol>\n<h3 data-start=\"362\" data-end=\"388\"><\/h3>\n<h3 data-start=\"362\" data-end=\"388\">\u2600\ufe0f <strong data-start=\"369\" data-end=\"388\">NAUDOTI KASDIEN<\/strong><\/h3>\n<p data-start=\"390\" data-end=\"536\">Tepkite <strong data-start=\"398\" data-end=\"416\">i\u0161kart po du\u0161o<\/strong>, ant <strong data-start=\"422\" data-end=\"450\">dr\u0117gnos arba sausos odos<\/strong>, kai poros yra atviros ir pasiruo\u0161usios maksimaliai \u012fsisavinti veikli\u0105sias med\u017eiagas.<\/p>\n<h3 data-start=\"543\" data-end=\"569\"><\/h3>\n<h3 data-start=\"543\" data-end=\"569\">\u2744\ufe0f <strong data-start=\"550\" data-end=\"569\">LAIKYMO S\u0104LYGOS<\/strong><\/h3>\n<ul data-start=\"571\" data-end=\"939\">\n<li data-start=\"571\" data-end=\"646\">\n<p data-start=\"573\" data-end=\"646\">Laikykite <strong data-start=\"583\" data-end=\"613\">v\u0117sioje ir sausoje vietoje<\/strong>, <strong data-start=\"615\" data-end=\"643\">nerekomenduojama \u0161aldyti<\/strong>.<\/p>\n<\/li>\n<li data-start=\"647\" data-end=\"759\">\n<p data-start=\"649\" data-end=\"759\">Produktas <strong data-start=\"659\" data-end=\"673\">sustingsta<\/strong> esant \u017eemai temperat\u016brai \u2013 tokiu atveju <strong data-start=\"714\" data-end=\"756\">aliejaus ne\u012fmanoma i\u0161spausti pro pomp\u0105<\/strong>.<\/p>\n<\/li>\n<li data-start=\"760\" data-end=\"831\">\n<p data-start=\"762\" data-end=\"831\">Norint atskiesti, palikite kambario temperat\u016broje (vir\u0161 <strong data-start=\"818\" data-end=\"827\">25 \u00b0C<\/strong>).<\/p>\n<\/li>\n<li data-start=\"832\" data-end=\"939\">\n<p data-start=\"834\" data-end=\"939\"><strong data-start=\"834\" data-end=\"866\">Nekelkite buteliuko spaudimo<\/strong> ir neatidarykite, kai produktas susting\u0119s \u2013 tai gali <strong data-start=\"920\" data-end=\"938\">pa\u017eeisti pomp\u0105<\/strong>.<\/p>\n<\/li>\n<\/ul>\n<div>\n<p>&nbsp;<\/p>\n<\/div>\n","protected":false},"excerpt":{"rendered":"<h3 data-start=\"64\" data-end=\"140\">\ud83c\udf49 <strong data-start=\"71\" data-end=\"138\">Nat\u016bralus \u012fdegio aliejus greitam, giliam ir ilgalaikiam \u012fdegiui<\/strong><\/h3>\n<p data-start=\"141\" data-end=\"213\"><strong data-start=\"141\" data-end=\"180\">Tinka tiek saul\u0117je, tiek soliariume<\/strong><br data-start=\"180\" data-end=\"183\" \/><strong data-start=\"183\" data-end=\"213\">Su sultingu arb\u016bz\u0173 aromatu<\/strong><\/p>\n<p data-start=\"215\" data-end=\"416\">Nat\u016bralus aliejus, skirtas <strong data-start=\"242\" data-end=\"282\">greitam, tolygiam ir sodriam \u012fdegiui<\/strong> pasiekti saul\u0117je ar soliariume. Taip pat puikiai tinka <strong data-start=\"338\" data-end=\"363\">kasdieniam naudojimui<\/strong>, kad oda b\u016bt\u0173 <strong data-start=\"378\" data-end=\"415\">pamaitinta, \u0161vytinti ir dr\u0117kinama<\/strong>.<\/p>\n<h3 data-start=\"423\" data-end=\"458\"><\/h3>\n<h3 data-start=\"423\" data-end=\"458\">\ud83d\udca5 <strong data-start=\"430\" data-end=\"458\">Pagrindiniai privalumai:<\/strong><\/h3>\n<ul data-start=\"459\" data-end=\"778\">\n<li data-start=\"459\" data-end=\"517\">\n<p data-start=\"461\" data-end=\"517\">Greitesnis ir ry\u0161kesnis \u012fdegis <strong data-start=\"492\" data-end=\"515\">per trumpesn\u012f laik\u0105<\/strong><\/p>\n<\/li>\n<li data-start=\"518\" data-end=\"586\">\n<p data-start=\"520\" data-end=\"586\">Nat\u016brali ir <strong data-start=\"532\" data-end=\"584\">veiksminga formul\u0117 su ekologi\u0161kais ingredientais<\/strong><\/p>\n<\/li>\n<li data-start=\"587\" data-end=\"636\">\n<p data-start=\"589\" data-end=\"636\">Tinka veidui ir k\u016bnui, taip pat jautriai odai<\/p>\n<\/li>\n<li data-start=\"637\" data-end=\"665\">\n<p data-start=\"639\" data-end=\"665\"><strong data-start=\"639\" data-end=\"663\">Vegani\u0161kas produktas<\/strong><\/p>\n<\/li>\n<li data-start=\"666\" data-end=\"708\">\n<p data-start=\"668\" data-end=\"708\">Su <strong data-start=\"671\" data-end=\"706\">gaiviu, vaisiniu arb\u016bz\u0173 aromatu<\/strong><\/p>\n<\/li>\n<li data-start=\"709\" data-end=\"778\">\n<p data-start=\"711\" data-end=\"778\">Galima naudoti <strong data-start=\"726\" data-end=\"737\">kasdien<\/strong> \u2013 ne tik \u012fdegiui, bet ir odos prie\u017ei\u016brai<\/p>\n<\/li>\n<\/ul>\n<h3 data-start=\"785\" data-end=\"848\"><\/h3>\n<h3 data-start=\"785\" data-end=\"848\">\ud83c\udf3f <strong data-start=\"792\" data-end=\"848\">SUD\u0116TIS \u2013 ekologi\u0161ki aliejai + nat\u016bralus vitaminas E<\/strong><\/h3>\n<h4 data-start=\"850\" data-end=\"879\"><strong data-start=\"855\" data-end=\"879\"><img decoding=\"async\" data-src=\"https:\/\/cocosolis.com\/uk\/wp-content\/uploads\/ingredients-v2024-watermelon.png\" alt=\"WATERMELON OIL\" width=\"160\" height=\"160\" src=\"data:image\/svg+xml;base64,PHN2ZyB3aWR0aD0iMSIgaGVpZ2h0PSIxIiB4bWxucz0iaHR0cDovL3d3dy53My5vcmcvMjAwMC9zdmciPjwvc3ZnPg==\" class=\"lazyload\" style=\"--smush-placeholder-width: 160px; --smush-placeholder-aspect-ratio: 160\/160;\" \/>Arb\u016bz\u0173 s\u0117kl\u0173 aliejus<\/strong><\/h4>\n<ul data-start=\"880\" data-end=\"1004\">\n<li data-start=\"880\" data-end=\"957\">\n<p data-start=\"882\" data-end=\"957\">Praturtintas <strong data-start=\"895\" data-end=\"914\">antioksidantais<\/strong>, vitaminais A ir C bei riebal\u0173 r\u016bg\u0161timis<\/p>\n<\/li>\n<li data-start=\"958\" data-end=\"1004\">\n<p data-start=\"960\" data-end=\"1004\">Giliai <strong data-start=\"967\" data-end=\"1000\">dr\u0117kina, atgaivina ir apsaugo<\/strong> od\u0105<\/p>\n<\/li>\n<\/ul>\n<h4 data-start=\"1006\" data-end=\"1029\"><\/h4>\n<h4 data-start=\"1006\" data-end=\"1029\"><strong data-start=\"1011\" data-end=\"1029\"><img decoding=\"async\" data-src=\"https:\/\/cocosolis.com\/uk\/wp-content\/uploads\/ingredients-coconut-oil.png\" alt=\"COCONUT OIL\" width=\"163\" height=\"163\" src=\"data:image\/svg+xml;base64,PHN2ZyB3aWR0aD0iMSIgaGVpZ2h0PSIxIiB4bWxucz0iaHR0cDovL3d3dy53My5vcmcvMjAwMC9zdmciPjwvc3ZnPg==\" class=\"lazyload\" style=\"--smush-placeholder-width: 163px; --smush-placeholder-aspect-ratio: 163\/163;\" \/>Kokos\u0173 aliejus<\/strong><\/h4>\n<ul data-start=\"1030\" data-end=\"1199\">\n<li data-start=\"1030\" data-end=\"1085\">\n<p data-start=\"1032\" data-end=\"1085\">Greitai \u012fsigeria, <strong data-start=\"1050\" data-end=\"1068\">giliai dr\u0117kina<\/strong>, mink\u0161tina od\u0105<\/p>\n<\/li>\n<li data-start=\"1086\" data-end=\"1153\">\n<p data-start=\"1088\" data-end=\"1153\">Suteikia odai <strong data-start=\"1102\" data-end=\"1114\">\u0161velnumo<\/strong> ir padeda pasiekti <strong data-start=\"1134\" data-end=\"1151\">auksin\u012f \u012fdeg\u012f<\/strong><\/p>\n<\/li>\n<li data-start=\"1154\" data-end=\"1199\">\n<p data-start=\"1156\" data-end=\"1199\">Apsaugo nuo <strong data-start=\"1168\" data-end=\"1199\">saul\u0117s ir pigmentini\u0173 d\u0117mi\u0173<\/strong><\/p>\n<\/li>\n<\/ul>\n<h4 data-start=\"1201\" data-end=\"1238\"><\/h4>\n<h4 data-start=\"1201\" data-end=\"1238\"><strong data-start=\"1206\" data-end=\"1238\"><img decoding=\"async\" data-src=\"https:\/\/cocosolis.com\/uk\/wp-content\/uploads\/ingredients-v2024-jojoba.png\" alt=\"JOJOBA OIL\" width=\"168\" height=\"168\" src=\"data:image\/svg+xml;base64,PHN2ZyB3aWR0aD0iMSIgaGVpZ2h0PSIxIiB4bWxucz0iaHR0cDovL3d3dy53My5vcmcvMjAwMC9zdmciPjwvc3ZnPg==\" class=\"lazyload\" style=\"--smush-placeholder-width: 168px; --smush-placeholder-aspect-ratio: 168\/168;\" \/>Simondsij\u0173 (jojobos) aliejus<\/strong><\/h4>\n<ul data-start=\"1239\" data-end=\"1314\">\n<li data-start=\"1239\" data-end=\"1314\">\n<p data-start=\"1241\" data-end=\"1314\">Balansuoja riebal\u0173 gamyb\u0105, <strong data-start=\"1268\" data-end=\"1282\">ramina od\u0105<\/strong>, skatina lygesn\u012f veido atspalv\u012f<\/p>\n<\/li>\n<\/ul>\n<h4 data-start=\"1316\" data-end=\"1350\"><\/h4>\n<h4 data-start=\"1316\" data-end=\"1350\"><strong data-start=\"1321\" data-end=\"1350\"><img decoding=\"async\" data-src=\"https:\/\/cocosolis.com\/uk\/wp-content\/uploads\/ingredients-v2024-almond.png\" alt=\"SWEET ALMOND OIL\" width=\"174\" height=\"174\" src=\"data:image\/svg+xml;base64,PHN2ZyB3aWR0aD0iMSIgaGVpZ2h0PSIxIiB4bWxucz0iaHR0cDovL3d3dy53My5vcmcvMjAwMC9zdmciPjwvc3ZnPg==\" class=\"lazyload\" style=\"--smush-placeholder-width: 174px; --smush-placeholder-aspect-ratio: 174\/174;\" \/>Sald\u017ei\u0173j\u0173 migdol\u0173 aliejus<\/strong><\/h4>\n<ul data-start=\"1351\" data-end=\"1433\">\n<li data-start=\"1351\" data-end=\"1397\">\n<p data-start=\"1353\" data-end=\"1397\"><strong data-start=\"1353\" data-end=\"1363\">Ramina<\/strong>, gerina odos tekst\u016br\u0105 ir spalv\u0105<\/p>\n<\/li>\n<li data-start=\"1398\" data-end=\"1433\">\n<p data-start=\"1400\" data-end=\"1433\">Ma\u017eina <strong data-start=\"1407\" data-end=\"1433\">paraudimus ir u\u017edegim\u0105<\/strong><\/p>\n<\/li>\n<\/ul>\n<h4 data-start=\"1435\" data-end=\"1465\"><\/h4>\n<h4 data-start=\"1435\" data-end=\"1465\"><strong data-start=\"1440\" data-end=\"1465\"><img decoding=\"async\" data-src=\"https:\/\/cocosolis.com\/uk\/wp-content\/uploads\/ingredients-v2024-vitamin-e.png\" alt=\"NATURAL VITAMIN E\" width=\"161\" height=\"161\" src=\"data:image\/svg+xml;base64,PHN2ZyB3aWR0aD0iMSIgaGVpZ2h0PSIxIiB4bWxucz0iaHR0cDovL3d3dy53My5vcmcvMjAwMC9zdmciPjwvc3ZnPg==\" class=\"lazyload\" style=\"--smush-placeholder-width: 161px; --smush-placeholder-aspect-ratio: 161\/161;\" \/>Nat\u016bralus vitaminas E<\/strong><\/h4>\n<ul data-start=\"1466\" data-end=\"1565\">\n<li data-start=\"1466\" data-end=\"1526\">\n<p data-start=\"1468\" data-end=\"1526\">Galingas <strong data-start=\"1477\" data-end=\"1495\">antioksidantas<\/strong> \u2013 saugo nuo sen\u0117jimo po\u017eymi\u0173<\/p>\n<\/li>\n<li data-start=\"1527\" data-end=\"1565\">\n<p data-start=\"1529\" data-end=\"1565\">Padeda odai <strong data-start=\"1541\" data-end=\"1565\">gyti ir atsinaujinti<\/strong><\/p>\n<\/li>\n<\/ul>\n<h3 data-start=\"1572\" data-end=\"1620\"><\/h3>\n<h3 data-start=\"1572\" data-end=\"1620\">\ud83d\udd25 <strong data-start=\"1579\" data-end=\"1618\">GREITAS, GILUS IR ILGALAIKIS \u012eDEGIS<\/strong><\/h3>\n<h3 data-start=\"1621\" data-end=\"1679\">\ud83c\udf1e <strong data-start=\"1628\" data-end=\"1677\">MATOMI REZULTATAI PER TRUMPESN\u012e LAIK\u0104 SAUL\u0116JE<\/strong><\/h3>\n<h3 data-start=\"1680\" data-end=\"1729\">\ud83c\udf3f <strong data-start=\"1687\" data-end=\"1727\">NAT\u016aRAL\u016aS IR EKOLOGI\u0160KI INGREDIENTAI<\/strong><\/h3>\n<h3 data-start=\"1730\" data-end=\"1766\">\ud83c\udf49 <strong data-start=\"1737\" data-end=\"1766\">SULTINGAS ARB\u016aZ\u0172 AROMATAS<\/strong><\/h3>\n<p>&nbsp;<\/p>\n<p data-start=\"1775\" data-end=\"1903\">\u26a0\ufe0f <strong data-start=\"1778\" data-end=\"1790\">Pastaba:<\/strong> \u0160is aliejus <strong data-start=\"1803\" data-end=\"1823\">neturi UV filtro<\/strong> \u2013 prie\u0161 deginantis rekomenduojama naudoti kartu su apsauginiu kremu nuo saul\u0117s.<\/p>\n","protected":false},"featured_media":14307,"comment_status":"open","ping_status":"closed","template":"","meta":[],"product_brand":[],"product_cat":[43,211],"product_tag":[],"class_list":{"0":"post-14301","1":"product","2":"type-product","3":"status-publish","4":"has-post-thumbnail","6":"product_cat-grozis","7":"product_cat-kuno-prieziuros-priemones","9":"first","10":"instock","11":"taxable","12":"shipping-taxable","13":"purchasable","14":"product-type-simple"},"_links":{"self":[{"href":"https:\/\/thequeenhouse.co.uk\/lt\/wp-json\/wp\/v2\/product\/14301","targetHints":{"allow":["GET"]}}],"collection":[{"href":"https:\/\/thequeenhouse.co.uk\/lt\/wp-json\/wp\/v2\/product"}],"about":[{"href":"https:\/\/thequeenhouse.co.uk\/lt\/wp-json\/wp\/v2\/types\/product"}],"replies":[{"embeddable":true,"href":"https:\/\/thequeenhouse.co.uk\/lt\/wp-json\/wp\/v2\/comments?post=14301"}],"wp:featuredmedia":[{"embeddable":true,"href":"https:\/\/thequeenhouse.co.uk\/lt\/wp-json\/wp\/v2\/media\/14307"}],"wp:attachment":[{"href":"https:\/\/thequeenhouse.co.uk\/lt\/wp-json\/wp\/v2\/media?parent=14301"}],"wp:term":[{"taxonomy":"product_brand","embeddable":true,"href":"https:\/\/thequeenhouse.co.uk\/lt\/wp-json\/wp\/v2\/product_brand?post=14301"},{"taxonomy":"product_cat","embeddable":true,"href":"https:\/\/thequeenhouse.co.uk\/lt\/wp-json\/wp\/v2\/product_cat?post=14301"},{"taxonomy":"product_tag","embeddable":true,"href":"https:\/\/thequeenhouse.co.uk\/lt\/wp-json\/wp\/v2\/product_tag?post=14301"}],"curies":[{"name":"wp","href":"https:\/\/api.w.org\/{rel}","templated":true}]}}