{"id":14311,"date":"2025-06-19T18:38:49","date_gmt":"2025-06-19T17:38:49","guid":{"rendered":"https:\/\/thequeenhouse.co.uk\/?post_type=product&#038;p=14311"},"modified":"2025-06-19T18:51:28","modified_gmt":"2025-06-19T17:51:28","slug":"cocosolis-glow-shimmer-oil-110ml-copy-copy","status":"publish","type":"product","link":"https:\/\/thequeenhouse.co.uk\/lt\/produktas\/cocosolis-glow-shimmer-oil-110ml-copy-copy\/","title":{"rendered":"Cocosolis &#8211; COOL After Sun Oil 100ml"},"content":{"rendered":"<div><\/div>\n<div>\n<p>&nbsp;<\/p>\n<p>&nbsp;<\/p>\n<\/div>\n","protected":false},"excerpt":{"rendered":"<h3 data-start=\"91\" data-end=\"132\">\ud83c\udf1e <strong data-start=\"98\" data-end=\"130\">Po saul\u0117s naudojamas aliejus<\/strong><\/h3>\n<p data-start=\"133\" data-end=\"182\"><strong data-start=\"133\" data-end=\"156\">-Atgaivina ir ramina<\/strong><br data-start=\"156\" data-end=\"159\" \/><strong data-start=\"159\" data-end=\"182\">-Su gaivinan\u010dia m\u0117ta<\/strong><\/p>\n<p data-start=\"184\" data-end=\"323\">\u0160is nat\u016bralus aliejus \u0161velniai <strong data-start=\"215\" data-end=\"245\">ramina od\u0105 po saul\u0117s voni\u0173<\/strong> ar soliariumo, <strong data-start=\"261\" data-end=\"288\">atstato dr\u0117gm\u0117s balans\u0105<\/strong>, maitina ir padeda odai atsigauti.<\/p>\n<p data-start=\"325\" data-end=\"400\"><strong data-start=\"325\" data-end=\"350\">Reguliariai naudojant<\/strong> oda tampa <strong data-start=\"361\" data-end=\"399\">\u0161velnesn\u0117, lygesn\u0117 ir elastingesn\u0117<\/strong>.<\/p>\n<ul data-start=\"402\" data-end=\"588\">\n<li data-start=\"402\" data-end=\"462\">\n<p data-start=\"404\" data-end=\"462\">100 % nat\u016brali formul\u0117 su <strong data-start=\"430\" data-end=\"460\">ekologi\u0161kais ingredientais<\/strong><\/p>\n<\/li>\n<li data-start=\"463\" data-end=\"530\">\n<p data-start=\"465\" data-end=\"530\"><strong data-start=\"465\" data-end=\"490\">Tinka veidui ir k\u016bnui<\/strong>, net ir <strong data-start=\"499\" data-end=\"528\">jautriai ar \u0161velniai odai<\/strong><\/p>\n<\/li>\n<li data-start=\"531\" data-end=\"559\">\n<p data-start=\"533\" data-end=\"559\"><strong data-start=\"533\" data-end=\"547\">Vegani\u0161kas<\/strong> produktas<\/p>\n<\/li>\n<li data-start=\"560\" data-end=\"588\">\n<p data-start=\"562\" data-end=\"588\">Su <strong data-start=\"565\" data-end=\"588\">gaiviu m\u0117t\u0173 aromatu<\/strong><\/p>\n<\/li>\n<\/ul>\n<h3 data-start=\"595\" data-end=\"630\"><\/h3>\n<h3 data-start=\"595\" data-end=\"630\">\ud83d\udca7 <strong data-start=\"602\" data-end=\"630\">Pagrindiniai privalumai:<\/strong><\/h3>\n<ul data-start=\"632\" data-end=\"842\">\n<li data-start=\"632\" data-end=\"674\">\n<p data-start=\"634\" data-end=\"674\">Ramina ir atv\u0117sina saul\u0117s paveikt\u0105 od\u0105<\/p>\n<\/li>\n<li data-start=\"675\" data-end=\"720\">\n<p data-start=\"677\" data-end=\"720\">Atkuria dr\u0117gm\u0117s balans\u0105 ir maitina giliai<\/p>\n<\/li>\n<li data-start=\"721\" data-end=\"756\">\n<p data-start=\"723\" data-end=\"756\">Stiprina odos apsaugin\u012f barjer\u0105<\/p>\n<\/li>\n<li data-start=\"757\" data-end=\"806\">\n<p data-start=\"759\" data-end=\"806\">Apsaugo nuo sen\u0117jimo ir odos d\u0117mi\u0173 atsiradimo<\/p>\n<\/li>\n<li data-start=\"807\" data-end=\"842\">\n<p data-start=\"809\" data-end=\"842\">Skatina tolyg\u0173 ir ilgalaik\u012f \u012fdeg\u012f<\/p>\n<\/li>\n<\/ul>\n<h3 data-start=\"849\" data-end=\"933\"><\/h3>\n<h3 data-start=\"849\" data-end=\"933\">\ud83c\udf3f <strong data-start=\"856\" data-end=\"931\">Ingredientai \u2013 nat\u016bral\u016bs, turtingi vitamin\u0173, mineral\u0173 ir antioksidant\u0173:<\/strong><\/h3>\n<p data-start=\"934\" data-end=\"1047\"><strong data-start=\"934\" data-end=\"1047\">9 ekologi\u0161ki aliejai, \u017einomi d\u0117l savo raminan\u010dio ir atgaivinan\u010dio poveikio. Praturtinta nat\u016braliu vitaminu E.<\/strong><\/p>\n<h3 data-start=\"1054\" data-end=\"1096\"><\/h3>\n<h3 data-start=\"1054\" data-end=\"1096\"><strong data-start=\"1058\" data-end=\"1096\">PAGRINDIN\u0116S VEIKLIOSIOS MED\u017dIAGOS:<\/strong><\/h3>\n<h4 data-start=\"1098\" data-end=\"1128\"><strong data-start=\"1103\" data-end=\"1128\"><img decoding=\"async\" data-src=\"https:\/\/cocosolis.com\/uk\/wp-content\/uploads\/ingredients-v2025-mint.png\" alt=\"MINT ESSENTIAL OIL\" width=\"169\" height=\"169\" src=\"data:image\/svg+xml;base64,PHN2ZyB3aWR0aD0iMSIgaGVpZ2h0PSIxIiB4bWxucz0iaHR0cDovL3d3dy53My5vcmcvMjAwMC9zdmciPjwvc3ZnPg==\" class=\"lazyload\" style=\"--smush-placeholder-width: 169px; --smush-placeholder-aspect-ratio: 169\/169;\" \/>M\u0117t\u0173 eterinis aliejus<\/strong><\/h4>\n<ul data-start=\"1129\" data-end=\"1226\">\n<li data-start=\"1129\" data-end=\"1173\">\n<p data-start=\"1131\" data-end=\"1173\">Ramina, <strong data-start=\"1139\" data-end=\"1158\">ma\u017eina u\u017edegim\u0105<\/strong>, gaivina od\u0105<\/p>\n<\/li>\n<li data-start=\"1174\" data-end=\"1226\">\n<p data-start=\"1176\" data-end=\"1226\">Jo gaivus kvapas <strong data-start=\"1193\" data-end=\"1226\">\u017evalina ir atgaivina poj\u016b\u010dius<\/strong><\/p>\n<\/li>\n<\/ul>\n<h4 data-start=\"1228\" data-end=\"1252\"><\/h4>\n<h4 data-start=\"1228\" data-end=\"1252\"><strong data-start=\"1233\" data-end=\"1252\"><img decoding=\"async\" data-src=\"https:\/\/cocosolis.com\/uk\/wp-content\/uploads\/ingredients-v2025-cocoa-butter.png\" alt=\"COCOA BUTTER\" width=\"177\" height=\"177\" src=\"data:image\/svg+xml;base64,PHN2ZyB3aWR0aD0iMSIgaGVpZ2h0PSIxIiB4bWxucz0iaHR0cDovL3d3dy53My5vcmcvMjAwMC9zdmciPjwvc3ZnPg==\" class=\"lazyload\" style=\"--smush-placeholder-width: 177px; --smush-placeholder-aspect-ratio: 177\/177;\" \/>Kakaos sviestas<\/strong><\/h4>\n<ul data-start=\"1253\" data-end=\"1360\">\n<li data-start=\"1253\" data-end=\"1303\">\n<p data-start=\"1255\" data-end=\"1303\">Tikras <strong data-start=\"1262\" data-end=\"1278\">maistas odai<\/strong> \u2013 regeneruoja, maitina<\/p>\n<\/li>\n<li data-start=\"1304\" data-end=\"1360\">\n<p data-start=\"1306\" data-end=\"1360\">Padeda i\u0161vengti <strong data-start=\"1322\" data-end=\"1332\">strij\u0173<\/strong>, skatina tolyg\u0173, gil\u0173 \u012fdeg\u012f<\/p>\n<\/li>\n<\/ul>\n<h4 data-start=\"1362\" data-end=\"1389\"><\/h4>\n<h4 data-start=\"1362\" data-end=\"1389\"><strong data-start=\"1367\" data-end=\"1389\"><img decoding=\"async\" data-src=\"https:\/\/cocosolis.com\/uk\/wp-content\/uploads\/ingredients-v2025-marigold.png\" alt=\"CALENDULA EXTRACT\" width=\"181\" height=\"181\" src=\"data:image\/svg+xml;base64,PHN2ZyB3aWR0aD0iMSIgaGVpZ2h0PSIxIiB4bWxucz0iaHR0cDovL3d3dy53My5vcmcvMjAwMC9zdmciPjwvc3ZnPg==\" class=\"lazyload\" style=\"--smush-placeholder-width: 181px; --smush-placeholder-aspect-ratio: 181\/181;\" \/>Medetk\u0173 ekstraktas<\/strong><\/h4>\n<ul data-start=\"1390\" data-end=\"1474\">\n<li data-start=\"1390\" data-end=\"1474\">\n<p data-start=\"1392\" data-end=\"1474\">Turi <strong data-start=\"1397\" data-end=\"1418\">stipr\u0173 raminam\u0105j\u012f<\/strong> ir <strong data-start=\"1422\" data-end=\"1437\">atkuriam\u0105j\u012f<\/strong> poveik\u012f po ilgalaikio buvimo saul\u0117je<\/p>\n<\/li>\n<\/ul>\n<h4 data-start=\"1476\" data-end=\"1505\"><\/h4>\n<h4 data-start=\"1476\" data-end=\"1505\"><strong data-start=\"1481\" data-end=\"1505\"><img decoding=\"async\" data-src=\"https:\/\/cocosolis.com\/uk\/wp-content\/uploads\/ingredients-v2025-cucumber.png\" alt=\"CUCUMBER SEEDS OIL\" width=\"179\" height=\"179\" src=\"data:image\/svg+xml;base64,PHN2ZyB3aWR0aD0iMSIgaGVpZ2h0PSIxIiB4bWxucz0iaHR0cDovL3d3dy53My5vcmcvMjAwMC9zdmciPjwvc3ZnPg==\" class=\"lazyload\" style=\"--smush-placeholder-width: 179px; --smush-placeholder-aspect-ratio: 179\/179;\" \/>Agurk\u0173 s\u0117kl\u0173 aliejus<\/strong><\/h4>\n<ul data-start=\"1506\" data-end=\"1581\">\n<li data-start=\"1506\" data-end=\"1581\">\n<p data-start=\"1508\" data-end=\"1581\">Greitai \u012fsigeria, <strong data-start=\"1526\" data-end=\"1549\">intensyviai dr\u0117kina<\/strong>, v\u0117sina ir ramina nudegusi\u0105 od\u0105<\/p>\n<\/li>\n<\/ul>\n<h4 data-start=\"1583\" data-end=\"1606\"><\/h4>\n<h4 data-start=\"1583\" data-end=\"1606\"><strong data-start=\"1588\" data-end=\"1606\"><img decoding=\"async\" data-src=\"https:\/\/cocosolis.com\/uk\/wp-content\/uploads\/ingredients-v2025-argan.png\" alt=\"ARGAN OIL\" width=\"157\" height=\"157\" src=\"data:image\/svg+xml;base64,PHN2ZyB3aWR0aD0iMSIgaGVpZ2h0PSIxIiB4bWxucz0iaHR0cDovL3d3dy53My5vcmcvMjAwMC9zdmciPjwvc3ZnPg==\" class=\"lazyload\" style=\"--smush-placeholder-width: 157px; --smush-placeholder-aspect-ratio: 157\/157;\" \/><\/strong><strong data-start=\"1588\" data-end=\"1606\">Argano aliejus<\/strong><\/h4>\n<ul data-start=\"1607\" data-end=\"1690\">\n<li data-start=\"1607\" data-end=\"1690\">\n<p data-start=\"1609\" data-end=\"1690\">Vad. <strong data-start=\"1614\" data-end=\"1637\">Maroko skystu auksu<\/strong> \u2013 \u0161velniai odai, apsaugo nuo saul\u0117s ir v\u0117jo poveikio<\/p>\n<\/li>\n<\/ul>\n<h4 data-start=\"1692\" data-end=\"1741\"><strong data-start=\"1697\" data-end=\"1741\">Veiklioji med\u017eiaga i\u0161 alyvuogi\u0173 aliejaus<\/strong><\/h4>\n<ul data-start=\"1742\" data-end=\"1792\">\n<li data-start=\"1742\" data-end=\"1792\">\n<p data-start=\"1744\" data-end=\"1792\">U\u017etikrina <strong data-start=\"1754\" data-end=\"1792\">greit\u0105 kit\u0173 aliej\u0173 \u012fsig\u0117rim\u0105 \u012f od\u0105<\/strong><\/p>\n<\/li>\n<\/ul>\n<h4 data-start=\"1794\" data-end=\"1817\"><\/h4>\n<h4 data-start=\"1918\" data-end=\"1955\"><strong data-start=\"1923\" data-end=\"1955\"><img decoding=\"async\" data-src=\"https:\/\/cocosolis.com\/uk\/wp-content\/uploads\/ingredients-v2025-coconut-butter.png\" alt=\"COCONUT OIL\" width=\"174\" height=\"174\" src=\"data:image\/svg+xml;base64,PHN2ZyB3aWR0aD0iMSIgaGVpZ2h0PSIxIiB4bWxucz0iaHR0cDovL3d3dy53My5vcmcvMjAwMC9zdmciPjwvc3ZnPg==\" class=\"lazyload\" style=\"--smush-placeholder-width: 174px; --smush-placeholder-aspect-ratio: 174\/174;\" \/><\/strong><strong data-start=\"1799\" data-end=\"1817\">Kokos\u0173 aliejus<\/strong><\/h4>\n<ul data-start=\"1818\" data-end=\"1916\">\n<li data-start=\"1818\" data-end=\"1865\">\n<p data-start=\"1820\" data-end=\"1865\">Giliai dr\u0117kina, <strong data-start=\"1836\" data-end=\"1859\">mink\u0161tina ir lygina<\/strong> od\u0105<\/p>\n<\/li>\n<li data-start=\"1866\" data-end=\"1916\">\n<p data-start=\"1868\" data-end=\"1916\">Saugodamas nuo <strong data-start=\"1883\" data-end=\"1892\">d\u0117mi\u0173<\/strong>, suteikia auksin\u012f \u012fdeg\u012f<\/p>\n<\/li>\n<\/ul>\n<h4 data-start=\"1918\" data-end=\"1955\"><\/h4>\n<h4 data-start=\"1918\" data-end=\"1955\"><strong data-start=\"1923\" data-end=\"1955\"><img decoding=\"async\" data-src=\"https:\/\/cocosolis.com\/uk\/wp-content\/uploads\/ingredients-v2025-jojoba.png\" alt=\"JOJOBA OIL\" width=\"171\" height=\"171\" src=\"data:image\/svg+xml;base64,PHN2ZyB3aWR0aD0iMSIgaGVpZ2h0PSIxIiB4bWxucz0iaHR0cDovL3d3dy53My5vcmcvMjAwMC9zdmciPjwvc3ZnPg==\" class=\"lazyload\" style=\"--smush-placeholder-width: 171px; --smush-placeholder-aspect-ratio: 171\/171;\" \/>Simondsij\u0173 (jojobos) aliejus<\/strong><\/h4>\n<ul data-start=\"1956\" data-end=\"2038\">\n<li data-start=\"1956\" data-end=\"2038\">\n<p data-start=\"1958\" data-end=\"2038\">Balansuoja sebumo gamyb\u0105, <strong data-start=\"1984\" data-end=\"1994\">ramina<\/strong> od\u0105 ir <strong data-start=\"2002\" data-end=\"2038\">skatina skais\u010di\u0105, lygi\u0105 i\u0161vaizd\u0105<\/strong><\/p>\n<\/li>\n<\/ul>\n<h4 data-start=\"2040\" data-end=\"2070\"><\/h4>\n<h4 data-start=\"2040\" data-end=\"2070\"><strong data-start=\"2045\" data-end=\"2070\"><img decoding=\"async\" data-src=\"https:\/\/cocosolis.com\/uk\/wp-content\/uploads\/ingredients-v2025-vitamin-e.png\" alt=\"NATURAL VITAMIN E\" width=\"158\" height=\"158\" src=\"data:image\/svg+xml;base64,PHN2ZyB3aWR0aD0iMSIgaGVpZ2h0PSIxIiB4bWxucz0iaHR0cDovL3d3dy53My5vcmcvMjAwMC9zdmciPjwvc3ZnPg==\" class=\"lazyload\" style=\"--smush-placeholder-width: 158px; --smush-placeholder-aspect-ratio: 158\/158;\" \/>Nat\u016bralus vitaminas E<\/strong><\/h4>\n<ul data-start=\"2071\" data-end=\"2174\">\n<li data-start=\"2071\" data-end=\"2131\">\n<p data-start=\"2073\" data-end=\"2131\"><strong data-start=\"2073\" data-end=\"2099\">Stiprus antioksidantas<\/strong>, kovoja su sen\u0117jimo po\u017eymiais<\/p>\n<\/li>\n<li data-start=\"2132\" data-end=\"2174\">\n<p data-start=\"2134\" data-end=\"2174\">Skatina odos <strong data-start=\"2147\" data-end=\"2174\">gijim\u0105 ir atsinaujinim\u0105<\/strong><\/p>\n<\/li>\n<\/ul>\n<h3 data-start=\"2181\" data-end=\"2214\">\ud83d\udc9a <strong data-start=\"2188\" data-end=\"2214\">KOD\u0116L VERTA I\u0160BANDYTI:<\/strong><\/h3>\n<p data-start=\"2216\" data-end=\"2388\">\u2714\ufe0f Ramina ir atv\u0117sina od\u0105 po saul\u0117s<br data-start=\"2251\" data-end=\"2254\" \/>\u2714\ufe0f Maitina, dr\u0117kina ir atkuria<br data-start=\"2284\" data-end=\"2287\" \/>\u2714\ufe0f Tinka jautriai odai<br data-start=\"2309\" data-end=\"2312\" \/>\u2714\ufe0f Ekologi\u0161ki, nat\u016bral\u016bs ingredientai<br data-start=\"2349\" data-end=\"2352\" \/>\u2714\ufe0f Gaivus ir malonus m\u0117t\u0173 aromatas<\/p>\n","protected":false},"featured_media":14315,"comment_status":"open","ping_status":"closed","template":"","meta":[],"product_brand":[],"product_cat":[43,211],"product_tag":[],"class_list":{"0":"post-14311","1":"product","2":"type-product","3":"status-publish","4":"has-post-thumbnail","6":"product_cat-grozis","7":"product_cat-kuno-prieziuros-priemones","9":"first","10":"instock","11":"taxable","12":"shipping-taxable","13":"purchasable","14":"product-type-simple"},"_links":{"self":[{"href":"https:\/\/thequeenhouse.co.uk\/lt\/wp-json\/wp\/v2\/product\/14311","targetHints":{"allow":["GET"]}}],"collection":[{"href":"https:\/\/thequeenhouse.co.uk\/lt\/wp-json\/wp\/v2\/product"}],"about":[{"href":"https:\/\/thequeenhouse.co.uk\/lt\/wp-json\/wp\/v2\/types\/product"}],"replies":[{"embeddable":true,"href":"https:\/\/thequeenhouse.co.uk\/lt\/wp-json\/wp\/v2\/comments?post=14311"}],"wp:featuredmedia":[{"embeddable":true,"href":"https:\/\/thequeenhouse.co.uk\/lt\/wp-json\/wp\/v2\/media\/14315"}],"wp:attachment":[{"href":"https:\/\/thequeenhouse.co.uk\/lt\/wp-json\/wp\/v2\/media?parent=14311"}],"wp:term":[{"taxonomy":"product_brand","embeddable":true,"href":"https:\/\/thequeenhouse.co.uk\/lt\/wp-json\/wp\/v2\/product_brand?post=14311"},{"taxonomy":"product_cat","embeddable":true,"href":"https:\/\/thequeenhouse.co.uk\/lt\/wp-json\/wp\/v2\/product_cat?post=14311"},{"taxonomy":"product_tag","embeddable":true,"href":"https:\/\/thequeenhouse.co.uk\/lt\/wp-json\/wp\/v2\/product_tag?post=14311"}],"curies":[{"name":"wp","href":"https:\/\/api.w.org\/{rel}","templated":true}]}}