{"id":14483,"date":"2025-06-29T22:01:09","date_gmt":"2025-06-29T21:01:09","guid":{"rendered":"https:\/\/thequeenhouse.co.uk\/?post_type=product&#038;p=14483"},"modified":"2025-06-29T22:07:52","modified_gmt":"2025-06-29T21:07:52","slug":"watermelon-kiwi-summer-game-300ml-copy-copy","status":"publish","type":"product","link":"https:\/\/thequeenhouse.co.uk\/lt\/produktas\/watermelon-kiwi-summer-game-300ml-copy-copy\/","title":{"rendered":"Limituoto Leidimo &#8211; Juicy Peach &#038; Madagascar Vanilla 300ml"},"content":{"rendered":"<p data-start=\"186\" data-end=\"212\"><strong data-start=\"186\" data-end=\"212\">Parfumuoti nam\u0173 kvepalai<\/strong><\/p>\n<p data-start=\"214\" data-end=\"471\">Atraskite nepaprast\u0105 gundymo gali\u0105 su \u201eThe Queen House\u201c kvap\u0173 naujiena \u2013 <strong data-start=\"287\" data-end=\"323\">Juicy Peach &amp; Madagascar Vanilla<\/strong>. \u0160is prabangus parfumuotas kvapas \u012f j\u016bs\u0173 namus \u012fne\u0161 saul\u0117s nubu\u010diuot\u0173 persik\u0173 saldum\u0105, derinam\u0105 su \u0161velniu, aksominiu Madagaskaro vanil\u0117s aromatu.<\/p>\n<p data-start=\"473\" data-end=\"489\"><strong data-start=\"473\" data-end=\"489\">Kvapo natos:<\/strong><\/p>\n<ul data-start=\"490\" data-end=\"664\">\n<li data-start=\"490\" data-end=\"544\">\n<p data-start=\"492\" data-end=\"544\"><strong data-start=\"492\" data-end=\"506\">Vir\u0161utin\u0117s<\/strong>: sultingas, k\u0105 tik nuskintas persikas<\/p>\n<\/li>\n<li data-start=\"545\" data-end=\"600\">\n<p data-start=\"547\" data-end=\"600\"><strong data-start=\"547\" data-end=\"560\">Vidurin\u0117s<\/strong>: prinok\u0119 vaisiai, lengva g\u0117li\u0173 u\u017euomina<\/p>\n<\/li>\n<li data-start=\"601\" data-end=\"664\">\n<p data-start=\"603\" data-end=\"664\"><strong data-start=\"603\" data-end=\"615\">Apatin\u0117s<\/strong>: \u0161ilta Madagaskaro vanil\u0117, \u0161velnus muskuso \u0161ydas<\/p>\n<\/li>\n<\/ul>\n<p data-start=\"666\" data-end=\"886\">\u0160is kvapas sukurtas tiems, kurie nori ne tik gaivos, bet ir jausmingo jaukumo savo aplinkoje. Kiekvienas pur\u0161kimas \u2013 tai kvapni kelion\u0117 \u012f vasari\u0161k\u0105 sod\u0105, kur saldumas ir elegancija susilieja \u012f vien\u0105 nepakartojam\u0105 poj\u016bt\u012f.<\/p>\n<p data-start=\"888\" data-end=\"1046\">\ud83d\udda4 <strong data-start=\"891\" data-end=\"961\">Stilingas buteliukas su satino kaspinu \u2013 tikra interjero puo\u0161mena.<\/strong><br data-start=\"961\" data-end=\"964\" \/>\ud83c\udf3f <strong data-start=\"967\" data-end=\"1046\">Ilgai i\u0161liekantis parfumuotas aromatas \u2013 jaukumas kiekviename kv\u0117ptel\u0117jime.<\/strong><\/p>\n","protected":false},"excerpt":{"rendered":"<p><strong>Atgaivinkite savo erdv\u0119 Sald\u017eiu Persiku bei Vanile, nam\u0173 kvepal\u0173 pur\u0161kikliu<\/strong><\/p>\n<p data-start=\"214\" data-end=\"471\">Atraskite nepaprast\u0105 gundymo gali\u0105 su \u201eThe Queen House\u201c kvap\u0173 naujiena \u2013 <strong data-start=\"287\" data-end=\"323\">Juicy Peach &amp; Madagascar Vanilla<\/strong>. \u0160is prabangus parfumuotas kvapas \u012f j\u016bs\u0173 namus \u012fne\u0161 saul\u0117s nubu\u010diuot\u0173 persik\u0173 saldum\u0105, derinam\u0105 su \u0161velniu, aksominiu Madagaskaro vanil\u0117s aromatu.<\/p>\n<p data-start=\"473\" data-end=\"489\"><strong data-start=\"473\" data-end=\"489\">Kvapo natos:<\/strong><\/p>\n<ul data-start=\"490\" data-end=\"664\">\n<li data-start=\"490\" data-end=\"544\">\n<p data-start=\"492\" data-end=\"544\"><strong data-start=\"492\" data-end=\"506\">Vir\u0161utin\u0117s<\/strong>: sultingas, k\u0105 tik nuskintas persikas<\/p>\n<\/li>\n<li data-start=\"545\" data-end=\"600\">\n<p data-start=\"547\" data-end=\"600\"><strong data-start=\"547\" data-end=\"560\">Vidurin\u0117s<\/strong>: prinok\u0119 vaisiai, lengva g\u0117li\u0173 u\u017euomina<\/p>\n<\/li>\n<li data-start=\"601\" data-end=\"664\">\n<p data-start=\"603\" data-end=\"664\"><strong data-start=\"603\" data-end=\"615\">Apatin\u0117s<\/strong>: \u0161ilta Madagaskaro vanil\u0117, \u0161velnus muskuso \u0161ydas<\/p>\n<\/li>\n<\/ul>\n<p data-start=\"666\" data-end=\"886\">\u0160is kvapas sukurtas tiems, kurie nori ne tik gaivos, bet ir jausmingo jaukumo savo aplinkoje. Kiekvienas pur\u0161kimas \u2013 tai kvapni kelion\u0117 \u012f vasari\u0161k\u0105 sod\u0105, kur saldumas ir elegancija susilieja \u012f vien\u0105 nepakartojam\u0105 poj\u016bt\u012f.<\/p>\n<p data-start=\"888\" data-end=\"1046\">\ud83d\udda4 <strong data-start=\"891\" data-end=\"961\">Stilingas buteliukas su satino kaspinu \u2013 tikra interjero puo\u0161mena.<\/strong><br data-start=\"961\" data-end=\"964\" \/>\ud83c\udf3f <strong data-start=\"967\" data-end=\"1046\">Ilgai i\u0161liekantis parfumuotas aromatas \u2013 jaukumas kiekviename kv\u0117ptel\u0117jime.<\/strong><\/p>\n","protected":false},"featured_media":14487,"comment_status":"open","ping_status":"closed","template":"","meta":[],"product_brand":[],"product_cat":[44,224],"product_tag":[],"class_list":{"0":"post-14483","1":"product","2":"type-product","3":"status-publish","4":"has-post-thumbnail","6":"product_cat-namams","7":"product_cat-namu-kvepalai","9":"first","10":"outofstock","11":"taxable","12":"shipping-taxable","13":"purchasable","14":"product-type-simple"},"_links":{"self":[{"href":"https:\/\/thequeenhouse.co.uk\/lt\/wp-json\/wp\/v2\/product\/14483","targetHints":{"allow":["GET"]}}],"collection":[{"href":"https:\/\/thequeenhouse.co.uk\/lt\/wp-json\/wp\/v2\/product"}],"about":[{"href":"https:\/\/thequeenhouse.co.uk\/lt\/wp-json\/wp\/v2\/types\/product"}],"replies":[{"embeddable":true,"href":"https:\/\/thequeenhouse.co.uk\/lt\/wp-json\/wp\/v2\/comments?post=14483"}],"wp:featuredmedia":[{"embeddable":true,"href":"https:\/\/thequeenhouse.co.uk\/lt\/wp-json\/wp\/v2\/media\/14487"}],"wp:attachment":[{"href":"https:\/\/thequeenhouse.co.uk\/lt\/wp-json\/wp\/v2\/media?parent=14483"}],"wp:term":[{"taxonomy":"product_brand","embeddable":true,"href":"https:\/\/thequeenhouse.co.uk\/lt\/wp-json\/wp\/v2\/product_brand?post=14483"},{"taxonomy":"product_cat","embeddable":true,"href":"https:\/\/thequeenhouse.co.uk\/lt\/wp-json\/wp\/v2\/product_cat?post=14483"},{"taxonomy":"product_tag","embeddable":true,"href":"https:\/\/thequeenhouse.co.uk\/lt\/wp-json\/wp\/v2\/product_tag?post=14483"}],"curies":[{"name":"wp","href":"https:\/\/api.w.org\/{rel}","templated":true}]}}