{"id":14541,"date":"2025-07-06T11:13:21","date_gmt":"2025-07-06T10:13:21","guid":{"rendered":"https:\/\/thequeenhouse.co.uk\/?post_type=product&#038;p=14541"},"modified":"2025-07-06T11:19:07","modified_gmt":"2025-07-06T10:19:07","slug":"granatu-niacinamido-ir-pantenolio-veido-kapsuliu-kremas-50ml-copy","status":"publish","type":"product","link":"https:\/\/thequeenhouse.co.uk\/lt\/produktas\/granatu-niacinamido-ir-pantenolio-veido-kapsuliu-kremas-50ml-copy\/","title":{"rendered":"NEJHA &#8211; PLUMP BOSS (05 Cherry), 8,5ml"},"content":{"rendered":"<p data-start=\"96\" data-end=\"395\"><strong data-start=\"96\" data-end=\"169\">Putlinantis l\u016bp\u0173 blizgesys \u2013 intensyvus spindesys ir apimties efektas<\/strong><br data-start=\"169\" data-end=\"172\" \/>Atraskite <strong data-start=\"182\" data-end=\"191\">NEJHA<\/strong> putlinant\u012f l\u016bp\u0173 blizges\u012f \u2013 tai ypatingo \u017evilgesio priemon\u0117, akimirksniu suteikianti l\u016bpoms apimties ir i\u0161rai\u0161king\u0105 u\u017ebaigim\u0105. \u0160velni tekst\u016bra lengvai slysta per l\u016bpas, jas apgaubdama dr\u0117gme ir spindesiu.<\/p>\n<p data-start=\"397\" data-end=\"689\">Praturtintas <strong data-start=\"410\" data-end=\"432\">hialurono r\u016bg\u0161timi<\/strong> ir <strong data-start=\"436\" data-end=\"466\">sald\u017ei\u0173j\u0173 migdol\u0173 aliejumi<\/strong>, \u0161is blizgesys giliai dr\u0117kina, maitina ir veikia tarsi nat\u016bralus u\u017epildas \u2013 l\u016bpos atrodo putlesn\u0117s, glotnesn\u0117s ir ry\u0161kesn\u0117s nuo pat pirmo patepimo. Efektas i\u0161lieka ilgai, suteikdamas komforto poj\u016bt\u012f ir i\u0161skirtin\u012f \u017evilges\u012f.<\/p>\n<p data-start=\"691\" data-end=\"721\"><strong data-start=\"691\" data-end=\"719\">Pagrindiniai privalumai:<\/strong><\/p>\n<ul data-start=\"722\" data-end=\"919\">\n<li data-start=\"722\" data-end=\"768\">\n<p data-start=\"724\" data-end=\"768\">Akimirksniu matomas l\u016bp\u0173 putlinimo efektas<\/p>\n<\/li>\n<li data-start=\"769\" data-end=\"811\">\n<p data-start=\"771\" data-end=\"811\">Gilus dr\u0117kinimas su hialurono r\u016bg\u0161timi<\/p>\n<\/li>\n<li data-start=\"812\" data-end=\"851\">\n<p data-start=\"814\" data-end=\"851\">Maitinanti migdol\u0173 aliejaus formul\u0117<\/p>\n<\/li>\n<li data-start=\"852\" data-end=\"887\">\n<p data-start=\"854\" data-end=\"887\">Intensyvus spindesys be lipnumo<\/p>\n<\/li>\n<li data-start=\"888\" data-end=\"919\">\n<p data-start=\"890\" data-end=\"919\">Ilgai i\u0161liekantis komfortas<\/p>\n<\/li>\n<\/ul>\n<p data-start=\"921\" data-end=\"1278\"><strong data-start=\"921\" data-end=\"936\">Apie NEJHA:<\/strong><br data-start=\"936\" data-end=\"939\" \/><strong data-start=\"939\" data-end=\"948\">NEJHA<\/strong> \u2013 tai \u0161iuolaikinis gro\u017eio \u017eenklas, puosel\u0117jantis elegancij\u0105, pasitik\u0117jim\u0105 savimi ir s\u0105moning\u0105 odos prie\u017ei\u016br\u0105. Derindama nat\u016bralius ingredientus su inovatyviomis formul\u0117mis, NEJHA kuria auk\u0161tos kokyb\u0117s kosmetik\u0105, kuri ne tik puo\u0161ia, bet ir r\u016bpinasi j\u016bs\u0173 oda. Tikime, kad tikras gro\u017eis prasideda nuo geros savijautos ir meil\u0117s sau.<\/p>\n","protected":false},"excerpt":{"rendered":"<article class=\"text-token-text-primary w-full\" dir=\"auto\" data-testid=\"conversation-turn-6\" data-scroll-anchor=\"true\">\n<div class=\"text-base my-auto mx-auto py-5 [--thread-content-margin:--spacing(4)] @[37rem]:[--thread-content-margin:--spacing(6)] @[72rem]:[--thread-content-margin:--spacing(16)] px-(--thread-content-margin)\">\n<div class=\"[--thread-content-max-width:32rem] @[34rem]:[--thread-content-max-width:40rem] @[64rem]:[--thread-content-max-width:48rem] mx-auto flex max-w-(--thread-content-max-width) flex-1 text-base gap-4 md:gap-5 lg:gap-6 group\/turn-messages focus-visible:outline-hidden\" tabindex=\"-1\">\n<div class=\"group\/conversation-turn relative flex w-full min-w-0 flex-col agent-turn\">\n<div class=\"relative flex-col gap-1 md:gap-3\">\n<div class=\"flex max-w-full flex-col grow\">\n<div class=\"min-h-8 text-message relative flex w-full flex-col items-end gap-2 text-start break-words whitespace-normal [.text-message+&amp;]:mt-5\" dir=\"auto\" data-message-author-role=\"assistant\" data-message-id=\"b331a973-ad37-4073-96fe-c909b21af30d\" data-message-model-slug=\"gpt-4o\">\n<div class=\"flex w-full flex-col gap-1 empty:hidden first:pt-[3px]\">\n<div class=\"markdown prose dark:prose-invert w-full break-words light\">\n<p data-start=\"96\" data-end=\"395\"><strong data-start=\"96\" data-end=\"169\">Putlinantis l\u016bp\u0173 blizgesys \u2013 intensyvus spindesys ir apimties efektas<\/strong><br data-start=\"169\" data-end=\"172\" \/>Atraskite <strong data-start=\"182\" data-end=\"191\">NEJHA<\/strong> putlinant\u012f l\u016bp\u0173 blizges\u012f \u2013 tai ypatingo \u017evilgesio priemon\u0117, akimirksniu suteikianti l\u016bpoms apimties ir i\u0161rai\u0161king\u0105 u\u017ebaigim\u0105. \u0160velni tekst\u016bra lengvai slysta per l\u016bpas, jas apgaubdama dr\u0117gme ir spindesiu.<\/p>\n<p data-start=\"397\" data-end=\"689\">Praturtintas <strong data-start=\"410\" data-end=\"432\">hialurono r\u016bg\u0161timi<\/strong> ir <strong data-start=\"436\" data-end=\"466\">sald\u017ei\u0173j\u0173 migdol\u0173 aliejumi<\/strong>, \u0161is blizgesys giliai dr\u0117kina, maitina ir veikia tarsi nat\u016bralus u\u017epildas \u2013 l\u016bpos atrodo putlesn\u0117s, glotnesn\u0117s ir ry\u0161kesn\u0117s nuo pat pirmo patepimo. Efektas i\u0161lieka ilgai, suteikdamas komforto poj\u016bt\u012f ir i\u0161skirtin\u012f \u017evilges\u012f.<\/p>\n<p data-start=\"691\" data-end=\"721\"><strong data-start=\"691\" data-end=\"719\">Pagrindiniai privalumai:<\/strong><\/p>\n<ul data-start=\"722\" data-end=\"919\">\n<li data-start=\"722\" data-end=\"768\">\n<p data-start=\"724\" data-end=\"768\">Akimirksniu matomas l\u016bp\u0173 putlinimo efektas<\/p>\n<\/li>\n<li data-start=\"769\" data-end=\"811\">\n<p data-start=\"771\" data-end=\"811\">Gilus dr\u0117kinimas su hialurono r\u016bg\u0161timi<\/p>\n<\/li>\n<li data-start=\"812\" data-end=\"851\">\n<p data-start=\"814\" data-end=\"851\">Maitinanti migdol\u0173 aliejaus formul\u0117<\/p>\n<\/li>\n<li data-start=\"852\" data-end=\"887\">\n<p data-start=\"854\" data-end=\"887\">Intensyvus spindesys be lipnumo<\/p>\n<\/li>\n<li data-start=\"888\" data-end=\"919\">\n<p data-start=\"890\" data-end=\"919\">Ilgai i\u0161liekantis komfortas<\/p>\n<\/li>\n<\/ul>\n<p data-start=\"921\" data-end=\"1278\"><strong data-start=\"921\" data-end=\"936\">Apie NEJHA:<\/strong><\/p>\n<p data-start=\"921\" data-end=\"1278\"><br data-start=\"936\" data-end=\"939\" \/><strong data-start=\"939\" data-end=\"948\">NEJHA<\/strong> \u2013 tai \u0161iuolaikinis gro\u017eio \u017eenklas, puosel\u0117jantis elegancij\u0105, pasitik\u0117jim\u0105 savimi ir s\u0105moning\u0105 odos prie\u017ei\u016br\u0105. Derindama nat\u016bralius ingredientus su inovatyviomis formul\u0117mis, NEJHA kuria auk\u0161tos kokyb\u0117s kosmetik\u0105, kuri ne tik puo\u0161ia, bet ir r\u016bpinasi j\u016bs\u0173 oda. Tikime, kad tikras gro\u017eis prasideda nuo geros savijautos ir meil\u0117s sau.<\/p>\n<\/div>\n<\/div>\n<\/div>\n<\/div>\n<\/div>\n<\/div>\n<\/div>\n<\/div>\n<\/article>\n","protected":false},"featured_media":14545,"comment_status":"open","ping_status":"closed","template":"","meta":[],"product_brand":[],"product_cat":[312,43],"product_tag":[],"class_list":{"0":"post-14541","1":"product","2":"type-product","3":"status-publish","4":"has-post-thumbnail","6":"product_cat-dekoratyvine-kosmetika","7":"product_cat-grozis","9":"first","10":"outofstock","11":"taxable","12":"shipping-taxable","13":"purchasable","14":"product-type-simple"},"_links":{"self":[{"href":"https:\/\/thequeenhouse.co.uk\/lt\/wp-json\/wp\/v2\/product\/14541","targetHints":{"allow":["GET"]}}],"collection":[{"href":"https:\/\/thequeenhouse.co.uk\/lt\/wp-json\/wp\/v2\/product"}],"about":[{"href":"https:\/\/thequeenhouse.co.uk\/lt\/wp-json\/wp\/v2\/types\/product"}],"replies":[{"embeddable":true,"href":"https:\/\/thequeenhouse.co.uk\/lt\/wp-json\/wp\/v2\/comments?post=14541"}],"wp:featuredmedia":[{"embeddable":true,"href":"https:\/\/thequeenhouse.co.uk\/lt\/wp-json\/wp\/v2\/media\/14545"}],"wp:attachment":[{"href":"https:\/\/thequeenhouse.co.uk\/lt\/wp-json\/wp\/v2\/media?parent=14541"}],"wp:term":[{"taxonomy":"product_brand","embeddable":true,"href":"https:\/\/thequeenhouse.co.uk\/lt\/wp-json\/wp\/v2\/product_brand?post=14541"},{"taxonomy":"product_cat","embeddable":true,"href":"https:\/\/thequeenhouse.co.uk\/lt\/wp-json\/wp\/v2\/product_cat?post=14541"},{"taxonomy":"product_tag","embeddable":true,"href":"https:\/\/thequeenhouse.co.uk\/lt\/wp-json\/wp\/v2\/product_tag?post=14541"}],"curies":[{"name":"wp","href":"https:\/\/api.w.org\/{rel}","templated":true}]}}