{"id":14553,"date":"2025-07-06T11:36:24","date_gmt":"2025-07-06T10:36:24","guid":{"rendered":"https:\/\/thequeenhouse.co.uk\/?post_type=product&#038;p=14553"},"modified":"2025-07-06T11:42:18","modified_gmt":"2025-07-06T10:42:18","slug":"nejha-plump-boss-04-nude-85ml-copy","status":"publish","type":"product","link":"https:\/\/thequeenhouse.co.uk\/lt\/produktas\/nejha-plump-boss-04-nude-85ml-copy\/","title":{"rendered":"NEJHA &#8211; Ilgalaikis ir Vandeniui Atsparus L\u016bp\u0173 Pie\u0161tukas &#8211; OSSESSION (04 Nude), 1,2g"},"content":{"rendered":"<p data-start=\"113\" data-end=\"200\"><strong data-start=\"113\" data-end=\"200\">NEJHA Vandeniui Atsparus L\u016bp\u0173 Pie\u0161tukas \u2013 Itin Tikslus Kont\u016bras ir Ilgalaik\u0117 Spalva<\/strong><\/p>\n<p data-start=\"202\" data-end=\"441\">Atraskite neprilygstam\u0105 kont\u016bro tikslum\u0105 su \u0161iuo revoliuciniu, itin pigmentuotu ir vandeniui atspariu <strong data-start=\"304\" data-end=\"313\">NEJHA<\/strong> l\u016bp\u0173 pie\u0161tuku. \u0160i prabangi gro\u017eio priemon\u0117 suteikia intensyvi\u0105, ry\u0161ki\u0105 spalv\u0105, kuri i\u0161lieka vis\u0105 dien\u0105, nesvarbu, kur b\u016btum\u0117te.<\/p>\n<p data-start=\"443\" data-end=\"762\">D\u0117l auk\u0161tos kokyb\u0117s formul\u0117s pie\u0161tukas lengvai slysta per l\u016bpas, palikdamas tiksli\u0105, nei\u0161siliejan\u010di\u0105 linij\u0105. Puikus sukibimas u\u017etikrina ilgalaik\u012f efekt\u0105 \u2013 be i\u0161siliejimo, be pataisym\u0173, be r\u016bpes\u010di\u0173. Prabangiai kremin\u0117 tekst\u016bra ir stiprus pigmentas leid\u017eia l\u016bpas padengti tolygiai, suteikiant intensyv\u0173 spalvos rezultat\u0105.<\/p>\n<p data-start=\"764\" data-end=\"885\"><strong data-start=\"764\" data-end=\"800\">Sud\u0117tyje esantis jojobos aliejus<\/strong> maitina ir saugo l\u016bpas, tod\u0117l \u0161is pie\u0161tukas ne tik puo\u0161ia, bet ir r\u016bpinasi j\u016bs\u0173 oda.<\/p>\n<p data-start=\"887\" data-end=\"922\"><strong data-start=\"887\" data-end=\"922\">Tinka visiems odos atspalviams.<\/strong><\/p>\n<p data-start=\"924\" data-end=\"941\"><strong data-start=\"924\" data-end=\"939\">Naudojimas:<\/strong><\/p>\n<ul data-start=\"942\" data-end=\"1126\">\n<li data-start=\"942\" data-end=\"1026\">\n<p data-start=\"944\" data-end=\"1026\">Nor\u0117dami i\u0161gauti precizi\u0161k\u0105 kont\u016br\u0105, naudokite pie\u0161tuk\u0105 l\u016bp\u0173 kra\u0161tams apibr\u0117\u017eti.<\/p>\n<\/li>\n<li data-start=\"1027\" data-end=\"1126\">\n<p data-start=\"1029\" data-end=\"1126\">Nor\u0117dami i\u0161gauti matin\u012f, ilgai i\u0161liekant\u012f l\u016bp\u0173 efekt\u0105 \u2013 naudokite j\u012f kaip pilnavert\u0119 l\u016bp\u0173 spalv\u0105.<\/p>\n<\/li>\n<\/ul>\n<p data-start=\"1128\" data-end=\"1179\"><strong data-start=\"1128\" data-end=\"1179\">NEJHA \u2013 ten, kur gro\u017eis susitinka su prie\u017ei\u016bra.<\/strong><\/p>\n","protected":false},"excerpt":{"rendered":"<article class=\"text-token-text-primary w-full\" dir=\"auto\" data-testid=\"conversation-turn-6\" data-scroll-anchor=\"true\">\n<div class=\"text-base my-auto mx-auto py-5 [--thread-content-margin:--spacing(4)] @[37rem]:[--thread-content-margin:--spacing(6)] @[72rem]:[--thread-content-margin:--spacing(16)] px-(--thread-content-margin)\">\n<div class=\"[--thread-content-max-width:32rem] @[34rem]:[--thread-content-max-width:40rem] @[64rem]:[--thread-content-max-width:48rem] mx-auto flex max-w-(--thread-content-max-width) flex-1 text-base gap-4 md:gap-5 lg:gap-6 group\/turn-messages focus-visible:outline-hidden\" tabindex=\"-1\">\n<div class=\"group\/conversation-turn relative flex w-full min-w-0 flex-col agent-turn\">\n<div class=\"relative flex-col gap-1 md:gap-3\">\n<div class=\"flex max-w-full flex-col grow\">\n<div class=\"min-h-8 text-message relative flex w-full flex-col items-end gap-2 text-start break-words whitespace-normal [.text-message+&amp;]:mt-5\" dir=\"auto\" data-message-author-role=\"assistant\" data-message-id=\"b331a973-ad37-4073-96fe-c909b21af30d\" data-message-model-slug=\"gpt-4o\">\n<div class=\"flex w-full flex-col gap-1 empty:hidden first:pt-[3px]\">\n<div class=\"markdown prose dark:prose-invert w-full break-words light\">\n<p data-start=\"113\" data-end=\"200\"><strong data-start=\"113\" data-end=\"200\">NEJHA Vandeniui Atsparus L\u016bp\u0173 Pie\u0161tukas \u2013 Itin Tikslus Kont\u016bras ir Ilgalaik\u0117 Spalva<\/strong><\/p>\n<p data-start=\"202\" data-end=\"441\">Atraskite neprilygstam\u0105 kont\u016bro tikslum\u0105 su \u0161iuo revoliuciniu, itin pigmentuotu ir vandeniui atspariu <strong data-start=\"304\" data-end=\"313\">NEJHA<\/strong> l\u016bp\u0173 pie\u0161tuku. \u0160i prabangi gro\u017eio priemon\u0117 suteikia intensyvi\u0105, ry\u0161ki\u0105 spalv\u0105, kuri i\u0161lieka vis\u0105 dien\u0105, nesvarbu, kur b\u016btum\u0117te.<\/p>\n<p data-start=\"443\" data-end=\"762\">D\u0117l auk\u0161tos kokyb\u0117s formul\u0117s pie\u0161tukas lengvai slysta per l\u016bpas, palikdamas tiksli\u0105, nei\u0161siliejan\u010di\u0105 linij\u0105. Puikus sukibimas u\u017etikrina ilgalaik\u012f efekt\u0105 \u2013 be i\u0161siliejimo, be pataisym\u0173, be r\u016bpes\u010di\u0173. Prabangiai kremin\u0117 tekst\u016bra ir stiprus pigmentas leid\u017eia l\u016bpas padengti tolygiai, suteikiant intensyv\u0173 spalvos rezultat\u0105.<\/p>\n<p data-start=\"764\" data-end=\"885\"><strong data-start=\"764\" data-end=\"800\">Sud\u0117tyje esantis jojobos aliejus<\/strong> maitina ir saugo l\u016bpas, tod\u0117l \u0161is pie\u0161tukas ne tik puo\u0161ia, bet ir r\u016bpinasi j\u016bs\u0173 oda.<\/p>\n<p data-start=\"887\" data-end=\"922\"><strong data-start=\"887\" data-end=\"922\">Tinka visiems odos atspalviams.<\/strong><\/p>\n<p data-start=\"924\" data-end=\"941\"><strong data-start=\"924\" data-end=\"939\">Naudojimas:<\/strong><\/p>\n<ul data-start=\"942\" data-end=\"1126\">\n<li data-start=\"942\" data-end=\"1026\">\n<p data-start=\"944\" data-end=\"1026\">Nor\u0117dami i\u0161gauti precizi\u0161k\u0105 kont\u016br\u0105, naudokite pie\u0161tuk\u0105 l\u016bp\u0173 kra\u0161tams apibr\u0117\u017eti.<\/p>\n<\/li>\n<li data-start=\"1027\" data-end=\"1126\">\n<p data-start=\"1029\" data-end=\"1126\">Nor\u0117dami i\u0161gauti matin\u012f, ilgai i\u0161liekant\u012f l\u016bp\u0173 efekt\u0105 \u2013 naudokite j\u012f kaip pilnavert\u0119 l\u016bp\u0173 spalv\u0105.<\/p>\n<\/li>\n<\/ul>\n<p data-start=\"1128\" data-end=\"1179\"><strong data-start=\"1128\" data-end=\"1179\">NEJHA \u2013 ten, kur gro\u017eis susitinka su prie\u017ei\u016bra.<\/strong><\/p>\n<\/div>\n<\/div>\n<\/div>\n<\/div>\n<\/div>\n<\/div>\n<\/div>\n<\/div>\n<\/article>\n","protected":false},"featured_media":14557,"comment_status":"open","ping_status":"closed","template":"","meta":[],"product_brand":[],"product_cat":[312,43],"product_tag":[],"class_list":{"0":"post-14553","1":"product","2":"type-product","3":"status-publish","4":"has-post-thumbnail","6":"product_cat-dekoratyvine-kosmetika","7":"product_cat-grozis","9":"first","10":"instock","11":"taxable","12":"shipping-taxable","13":"purchasable","14":"product-type-simple"},"_links":{"self":[{"href":"https:\/\/thequeenhouse.co.uk\/lt\/wp-json\/wp\/v2\/product\/14553","targetHints":{"allow":["GET"]}}],"collection":[{"href":"https:\/\/thequeenhouse.co.uk\/lt\/wp-json\/wp\/v2\/product"}],"about":[{"href":"https:\/\/thequeenhouse.co.uk\/lt\/wp-json\/wp\/v2\/types\/product"}],"replies":[{"embeddable":true,"href":"https:\/\/thequeenhouse.co.uk\/lt\/wp-json\/wp\/v2\/comments?post=14553"}],"wp:featuredmedia":[{"embeddable":true,"href":"https:\/\/thequeenhouse.co.uk\/lt\/wp-json\/wp\/v2\/media\/14557"}],"wp:attachment":[{"href":"https:\/\/thequeenhouse.co.uk\/lt\/wp-json\/wp\/v2\/media?parent=14553"}],"wp:term":[{"taxonomy":"product_brand","embeddable":true,"href":"https:\/\/thequeenhouse.co.uk\/lt\/wp-json\/wp\/v2\/product_brand?post=14553"},{"taxonomy":"product_cat","embeddable":true,"href":"https:\/\/thequeenhouse.co.uk\/lt\/wp-json\/wp\/v2\/product_cat?post=14553"},{"taxonomy":"product_tag","embeddable":true,"href":"https:\/\/thequeenhouse.co.uk\/lt\/wp-json\/wp\/v2\/product_tag?post=14553"}],"curies":[{"name":"wp","href":"https:\/\/api.w.org\/{rel}","templated":true}]}}