{"id":14559,"date":"2025-07-06T11:48:14","date_gmt":"2025-07-06T10:48:14","guid":{"rendered":"https:\/\/thequeenhouse.co.uk\/?post_type=product&#038;p=14559"},"modified":"2025-07-06T11:53:09","modified_gmt":"2025-07-06T10:53:09","slug":"nejha-ilgalaikis-ir-vandeniui-atsparus-lupu-piestukas-ossession-04-nude-12g-copy","status":"publish","type":"product","link":"https:\/\/thequeenhouse.co.uk\/lt\/produktas\/nejha-ilgalaikis-ir-vandeniui-atsparus-lupu-piestukas-ossession-04-nude-12g-copy\/","title":{"rendered":"NEJHA &#8211; Ilgalaikis Vandeniui Atsparus Blakstien\u0173 tu\u0161as &#8211; VOLUME DOCET (01 Black), 11,5ml"},"content":{"rendered":"<p data-start=\"114\" data-end=\"187\"><strong data-start=\"114\" data-end=\"187\">NEJHA \u2013 Itin pigmentuotas vandeniui atsparus tu\u0161as su apimties efektu<\/strong><\/p>\n<p data-start=\"189\" data-end=\"487\">Atraskite nepriekai\u0161ting\u0105 \u017evilgsn\u012f su <strong data-start=\"227\" data-end=\"236\">NEJHA<\/strong> vandeniui atspariu tu\u0161u, kuris suteikia blakstienoms intensyvios spalvos, apimties ir ilgio. D\u0117l kremin\u0117s formul\u0117s ir lankstaus silikoninio \u0161epet\u0117lio, tu\u0161as tolygiai padengia kiekvien\u0105 blakstien\u0105 \u2013 jas atskiria, pailgina ir su\u0161ukuoja, nesulipindamas.<\/p>\n<p data-start=\"489\" data-end=\"506\"><strong data-start=\"489\" data-end=\"504\">Privalumai:<\/strong><\/p>\n<ul data-start=\"507\" data-end=\"696\">\n<li data-start=\"507\" data-end=\"545\">\n<p data-start=\"509\" data-end=\"545\">Itin pigmentuota, intensyvi spalva<\/p>\n<\/li>\n<li data-start=\"546\" data-end=\"589\">\n<p data-start=\"548\" data-end=\"589\">Atsparus vandeniui \u2013 i\u0161lieka vis\u0105 dien\u0105<\/p>\n<\/li>\n<li data-start=\"590\" data-end=\"642\">\n<p data-start=\"592\" data-end=\"642\">Atskirtos, pailgintos ir pastorintos blakstienos<\/p>\n<\/li>\n<li data-start=\"643\" data-end=\"696\">\n<p data-start=\"645\" data-end=\"696\">Oftalmologi\u0161kai patikrintas \u2013 tinka jautrioms akims<\/p>\n<\/li>\n<\/ul>\n<p data-start=\"698\" data-end=\"848\"><strong data-start=\"698\" data-end=\"713\">Naudojimas:<\/strong><br data-start=\"713\" data-end=\"716\" \/>Tepkite tu\u0161\u0105 nuo blakstien\u0173 \u0161akn\u0173 iki galiuk\u0173. Nor\u0117dami intensyvesnio efekto \u2013 leiskite pirmajam sluoksniui i\u0161d\u017ei\u016bti ir pakartokite.<\/p>\n","protected":false},"excerpt":{"rendered":"<article class=\"text-token-text-primary w-full\" dir=\"auto\" data-testid=\"conversation-turn-6\" data-scroll-anchor=\"true\">\n<div class=\"text-base my-auto mx-auto py-5 [--thread-content-margin:--spacing(4)] @[37rem]:[--thread-content-margin:--spacing(6)] @[72rem]:[--thread-content-margin:--spacing(16)] px-(--thread-content-margin)\">\n<div class=\"[--thread-content-max-width:32rem] @[34rem]:[--thread-content-max-width:40rem] @[64rem]:[--thread-content-max-width:48rem] mx-auto flex max-w-(--thread-content-max-width) flex-1 text-base gap-4 md:gap-5 lg:gap-6 group\/turn-messages focus-visible:outline-hidden\" tabindex=\"-1\">\n<div class=\"group\/conversation-turn relative flex w-full min-w-0 flex-col agent-turn\">\n<div class=\"relative flex-col gap-1 md:gap-3\">\n<div class=\"flex max-w-full flex-col grow\">\n<div class=\"min-h-8 text-message relative flex w-full flex-col items-end gap-2 text-start break-words whitespace-normal [.text-message+&amp;]:mt-5\" dir=\"auto\" data-message-author-role=\"assistant\" data-message-id=\"b331a973-ad37-4073-96fe-c909b21af30d\" data-message-model-slug=\"gpt-4o\">\n<div class=\"flex w-full flex-col gap-1 empty:hidden first:pt-[3px]\">\n<div class=\"markdown prose dark:prose-invert w-full break-words light\">\n<p data-start=\"114\" data-end=\"187\"><strong data-start=\"114\" data-end=\"187\">NEJHA \u2013 Itin pigmentuotas vandeniui atsparus tu\u0161as su apimties efektu<\/strong><\/p>\n<p data-start=\"189\" data-end=\"487\">Atraskite nepriekai\u0161ting\u0105 \u017evilgsn\u012f su <strong data-start=\"227\" data-end=\"236\">NEJHA<\/strong> vandeniui atspariu tu\u0161u, kuris suteikia blakstienoms intensyvios spalvos, apimties ir ilgio. D\u0117l kremin\u0117s formul\u0117s ir lankstaus silikoninio \u0161epet\u0117lio, tu\u0161as tolygiai padengia kiekvien\u0105 blakstien\u0105 \u2013 jas atskiria, pailgina ir su\u0161ukuoja, nesulipindamas.<\/p>\n<p data-start=\"489\" data-end=\"506\"><strong data-start=\"489\" data-end=\"504\">Privalumai:<\/strong><\/p>\n<ul data-start=\"507\" data-end=\"696\">\n<li data-start=\"507\" data-end=\"545\">\n<p data-start=\"509\" data-end=\"545\">Itin pigmentuota, intensyvi spalva<\/p>\n<\/li>\n<li data-start=\"546\" data-end=\"589\">\n<p data-start=\"548\" data-end=\"589\">Atsparus vandeniui \u2013 i\u0161lieka vis\u0105 dien\u0105<\/p>\n<\/li>\n<li data-start=\"590\" data-end=\"642\">\n<p data-start=\"592\" data-end=\"642\">Atskirtos, pailgintos ir pastorintos blakstienos<\/p>\n<\/li>\n<li data-start=\"643\" data-end=\"696\">\n<p data-start=\"645\" data-end=\"696\">Oftalmologi\u0161kai patikrintas \u2013 tinka jautrioms akims<\/p>\n<\/li>\n<\/ul>\n<p data-start=\"698\" data-end=\"848\"><strong data-start=\"698\" data-end=\"713\">Naudojimas:<\/strong><br data-start=\"713\" data-end=\"716\" \/>Tepkite tu\u0161\u0105 nuo blakstien\u0173 \u0161akn\u0173 iki galiuk\u0173. Nor\u0117dami intensyvesnio efekto \u2013 leiskite pirmajam sluoksniui i\u0161d\u017ei\u016bti ir pakartokite.<\/p>\n<\/div>\n<\/div>\n<\/div>\n<\/div>\n<\/div>\n<\/div>\n<\/div>\n<\/div>\n<\/article>\n","protected":false},"featured_media":14563,"comment_status":"open","ping_status":"closed","template":"","meta":[],"product_brand":[],"product_cat":[310,312,43],"product_tag":[],"class_list":{"0":"post-14559","1":"product","2":"type-product","3":"status-publish","4":"has-post-thumbnail","6":"product_cat-blakstienos","7":"product_cat-dekoratyvine-kosmetika","8":"product_cat-grozis","10":"first","11":"instock","12":"taxable","13":"shipping-taxable","14":"purchasable","15":"product-type-simple"},"_links":{"self":[{"href":"https:\/\/thequeenhouse.co.uk\/lt\/wp-json\/wp\/v2\/product\/14559","targetHints":{"allow":["GET"]}}],"collection":[{"href":"https:\/\/thequeenhouse.co.uk\/lt\/wp-json\/wp\/v2\/product"}],"about":[{"href":"https:\/\/thequeenhouse.co.uk\/lt\/wp-json\/wp\/v2\/types\/product"}],"replies":[{"embeddable":true,"href":"https:\/\/thequeenhouse.co.uk\/lt\/wp-json\/wp\/v2\/comments?post=14559"}],"wp:featuredmedia":[{"embeddable":true,"href":"https:\/\/thequeenhouse.co.uk\/lt\/wp-json\/wp\/v2\/media\/14563"}],"wp:attachment":[{"href":"https:\/\/thequeenhouse.co.uk\/lt\/wp-json\/wp\/v2\/media?parent=14559"}],"wp:term":[{"taxonomy":"product_brand","embeddable":true,"href":"https:\/\/thequeenhouse.co.uk\/lt\/wp-json\/wp\/v2\/product_brand?post=14559"},{"taxonomy":"product_cat","embeddable":true,"href":"https:\/\/thequeenhouse.co.uk\/lt\/wp-json\/wp\/v2\/product_cat?post=14559"},{"taxonomy":"product_tag","embeddable":true,"href":"https:\/\/thequeenhouse.co.uk\/lt\/wp-json\/wp\/v2\/product_tag?post=14559"}],"curies":[{"name":"wp","href":"https:\/\/api.w.org\/{rel}","templated":true}]}}