{"id":14565,"date":"2025-07-06T12:14:30","date_gmt":"2025-07-06T11:14:30","guid":{"rendered":"https:\/\/thequeenhouse.co.uk\/?post_type=product&#038;p=14565"},"modified":"2025-07-06T12:19:48","modified_gmt":"2025-07-06T11:19:48","slug":"nejha-ilgalaikis-vandeniui-atsparus-blakstienu-tusas-volume-docet-01-black-115ml-copy","status":"publish","type":"product","link":"https:\/\/thequeenhouse.co.uk\/lt\/produktas\/nejha-ilgalaikis-vandeniui-atsparus-blakstienu-tusas-volume-docet-01-black-115ml-copy\/","title":{"rendered":"NEJHA BB Veido Kremas su Atspalviu &#8211; FEEL THE LIGHT SPF30 (02 Caramel), 30ml"},"content":{"rendered":"<p data-start=\"101\" data-end=\"166\"><strong data-start=\"101\" data-end=\"166\">NEJHA \u2013 Daugiafunkcinis BB veido kremas su atspalviu ir SPF30<\/strong><\/p>\n<p data-start=\"168\" data-end=\"433\"><strong data-start=\"168\" data-end=\"177\">NEJHA<\/strong> BB kremas \u2013 tai daugiafunkcin\u0117 gro\u017eio priemon\u0117, kuri ne tik dr\u0117kina ir saugo od\u0105, bet ir suteikia nat\u016braliai tolyg\u0173 veido atspalv\u012f. Praturtintas <strong data-start=\"323\" data-end=\"332\">SPF30<\/strong> apsauginiu filtru, kremas padeda apsaugoti od\u0105 nuo kenksming\u0173 saul\u0117s spinduli\u0173 ir aplinkos poveikio.<\/p>\n<p data-start=\"435\" data-end=\"734\">Lengva, \u0161ilkin\u0117 tekst\u016bra \u0161velniai dengia veid\u0105, suma\u017eina odos netobulumus ir nesukuria kauk\u0117s efekto. Oda atrodo lygesn\u0117, skaistesn\u0117 ir sveikesn\u0117. Sud\u0117tyje esantis <strong data-start=\"599\" data-end=\"628\">sald\u017ei\u0173j\u0173 migdol\u0173 aliejus<\/strong> ramina ir puosel\u0117ja net jautriausi\u0105 od\u0105, tod\u0117l produktas tinka kasdieniam naudojimui visiems odos tipams.<\/p>\n<p data-start=\"736\" data-end=\"753\"><strong data-start=\"736\" data-end=\"751\">Privalumai:<\/strong><\/p>\n<ul data-start=\"754\" data-end=\"905\">\n<li data-start=\"754\" data-end=\"771\">\n<p data-start=\"756\" data-end=\"771\">SPF30 apsauga<\/p>\n<\/li>\n<li data-start=\"772\" data-end=\"817\">\n<p data-start=\"774\" data-end=\"817\">Nat\u016bralus atspalvis ir tolygus padengimas<\/p>\n<\/li>\n<li data-start=\"818\" data-end=\"845\">\n<p data-start=\"820\" data-end=\"845\">Dr\u0117kina ir \u0161velnina od\u0105<\/p>\n<\/li>\n<li data-start=\"846\" data-end=\"877\">\n<p data-start=\"848\" data-end=\"877\">Nekem\u0161a por\u0173 ir neapsunkina<\/p>\n<\/li>\n<li data-start=\"878\" data-end=\"905\">\n<p data-start=\"880\" data-end=\"905\">Tinka net jautriai odai<\/p>\n<\/li>\n<\/ul>\n<p data-start=\"907\" data-end=\"1123\">\n<p data-start=\"907\" data-end=\"1123\"><strong data-start=\"907\" data-end=\"922\">Naudojimas:<\/strong>Nedidel\u012f kiek\u012f kremo paskirstykite ant \u0161varios veido odos pir\u0161t\u0173 galiukais. Taip pat galite naudoti makia\u017eo \u0161epet\u0117l\u012f arba kempin\u0117l\u0119. Visam veidui padengti \u012fprastai pakanka vos <strong data-start=\"1101\" data-end=\"1122\">dviej\u0173 paspaudim\u0173<\/strong>.<\/p>\n","protected":false},"excerpt":{"rendered":"<article class=\"text-token-text-primary w-full\" dir=\"auto\" data-testid=\"conversation-turn-6\" data-scroll-anchor=\"true\">\n<div class=\"text-base my-auto mx-auto py-5 [--thread-content-margin:--spacing(4)] @[37rem]:[--thread-content-margin:--spacing(6)] @[72rem]:[--thread-content-margin:--spacing(16)] px-(--thread-content-margin)\">\n<div class=\"[--thread-content-max-width:32rem] @[34rem]:[--thread-content-max-width:40rem] @[64rem]:[--thread-content-max-width:48rem] mx-auto flex max-w-(--thread-content-max-width) flex-1 text-base gap-4 md:gap-5 lg:gap-6 group\/turn-messages focus-visible:outline-hidden\" tabindex=\"-1\">\n<div class=\"group\/conversation-turn relative flex w-full min-w-0 flex-col agent-turn\">\n<div class=\"relative flex-col gap-1 md:gap-3\">\n<div class=\"flex max-w-full flex-col grow\">\n<div class=\"min-h-8 text-message relative flex w-full flex-col items-end gap-2 text-start break-words whitespace-normal [.text-message+&amp;]:mt-5\" dir=\"auto\" data-message-author-role=\"assistant\" data-message-id=\"b331a973-ad37-4073-96fe-c909b21af30d\" data-message-model-slug=\"gpt-4o\">\n<div class=\"flex w-full flex-col gap-1 empty:hidden first:pt-[3px]\">\n<div class=\"markdown prose dark:prose-invert w-full break-words light\">\n<p data-start=\"101\" data-end=\"166\"><strong data-start=\"101\" data-end=\"166\">NEJHA \u2013 Daugiafunkcinis BB veido kremas su atspalviu ir SPF30<\/strong><\/p>\n<p data-start=\"168\" data-end=\"433\"><strong data-start=\"168\" data-end=\"177\">NEJHA<\/strong> BB kremas \u2013 tai daugiafunkcin\u0117 gro\u017eio priemon\u0117, kuri ne tik dr\u0117kina ir saugo od\u0105, bet ir suteikia nat\u016braliai tolyg\u0173 veido atspalv\u012f. Praturtintas <strong data-start=\"323\" data-end=\"332\">SPF30<\/strong> apsauginiu filtru, kremas padeda apsaugoti od\u0105 nuo kenksming\u0173 saul\u0117s spinduli\u0173 ir aplinkos poveikio.<\/p>\n<p data-start=\"435\" data-end=\"734\">Lengva, \u0161ilkin\u0117 tekst\u016bra \u0161velniai dengia veid\u0105, suma\u017eina odos netobulumus ir nesukuria kauk\u0117s efekto. Oda atrodo lygesn\u0117, skaistesn\u0117 ir sveikesn\u0117. Sud\u0117tyje esantis <strong data-start=\"599\" data-end=\"628\">sald\u017ei\u0173j\u0173 migdol\u0173 aliejus<\/strong> ramina ir puosel\u0117ja net jautriausi\u0105 od\u0105, tod\u0117l produktas tinka kasdieniam naudojimui visiems odos tipams.<\/p>\n<p data-start=\"736\" data-end=\"753\"><strong data-start=\"736\" data-end=\"751\">Privalumai:<\/strong><\/p>\n<ul data-start=\"754\" data-end=\"905\">\n<li data-start=\"754\" data-end=\"771\">\n<p data-start=\"756\" data-end=\"771\">SPF30 apsauga<\/p>\n<\/li>\n<li data-start=\"772\" data-end=\"817\">\n<p data-start=\"774\" data-end=\"817\">Nat\u016bralus atspalvis ir tolygus padengimas<\/p>\n<\/li>\n<li data-start=\"818\" data-end=\"845\">\n<p data-start=\"820\" data-end=\"845\">Dr\u0117kina ir \u0161velnina od\u0105<\/p>\n<\/li>\n<li data-start=\"846\" data-end=\"877\">\n<p data-start=\"848\" data-end=\"877\">Nekem\u0161a por\u0173 ir neapsunkina<\/p>\n<\/li>\n<li data-start=\"878\" data-end=\"905\">\n<p data-start=\"880\" data-end=\"905\">Tinka net jautriai odai<\/p>\n<\/li>\n<\/ul>\n<p data-start=\"907\" data-end=\"1123\"><strong data-start=\"907\" data-end=\"922\">Naudojimas:<\/strong><br data-start=\"922\" data-end=\"925\" \/>Nedidel\u012f kiek\u012f kremo paskirstykite ant \u0161varios veido odos pir\u0161t\u0173 galiukais. Taip pat galite naudoti makia\u017eo \u0161epet\u0117l\u012f arba kempin\u0117l\u0119. Visam veidui padengti \u012fprastai pakanka vos <strong data-start=\"1101\" data-end=\"1122\">dviej\u0173 paspaudim\u0173<\/strong>.<\/p>\n<\/div>\n<\/div>\n<\/div>\n<\/div>\n<\/div>\n<\/div>\n<\/div>\n<\/div>\n<\/article>\n","protected":false},"featured_media":14569,"comment_status":"open","ping_status":"closed","template":"","meta":[],"product_brand":[],"product_cat":[312,43],"product_tag":[],"class_list":{"0":"post-14565","1":"product","2":"type-product","3":"status-publish","4":"has-post-thumbnail","6":"product_cat-dekoratyvine-kosmetika","7":"product_cat-grozis","9":"first","10":"instock","11":"taxable","12":"shipping-taxable","13":"purchasable","14":"product-type-simple"},"_links":{"self":[{"href":"https:\/\/thequeenhouse.co.uk\/lt\/wp-json\/wp\/v2\/product\/14565","targetHints":{"allow":["GET"]}}],"collection":[{"href":"https:\/\/thequeenhouse.co.uk\/lt\/wp-json\/wp\/v2\/product"}],"about":[{"href":"https:\/\/thequeenhouse.co.uk\/lt\/wp-json\/wp\/v2\/types\/product"}],"replies":[{"embeddable":true,"href":"https:\/\/thequeenhouse.co.uk\/lt\/wp-json\/wp\/v2\/comments?post=14565"}],"wp:featuredmedia":[{"embeddable":true,"href":"https:\/\/thequeenhouse.co.uk\/lt\/wp-json\/wp\/v2\/media\/14569"}],"wp:attachment":[{"href":"https:\/\/thequeenhouse.co.uk\/lt\/wp-json\/wp\/v2\/media?parent=14565"}],"wp:term":[{"taxonomy":"product_brand","embeddable":true,"href":"https:\/\/thequeenhouse.co.uk\/lt\/wp-json\/wp\/v2\/product_brand?post=14565"},{"taxonomy":"product_cat","embeddable":true,"href":"https:\/\/thequeenhouse.co.uk\/lt\/wp-json\/wp\/v2\/product_cat?post=14565"},{"taxonomy":"product_tag","embeddable":true,"href":"https:\/\/thequeenhouse.co.uk\/lt\/wp-json\/wp\/v2\/product_tag?post=14565"}],"curies":[{"name":"wp","href":"https:\/\/api.w.org\/{rel}","templated":true}]}}