{"id":14571,"date":"2025-07-06T12:20:57","date_gmt":"2025-07-06T11:20:57","guid":{"rendered":"https:\/\/thequeenhouse.co.uk\/?post_type=product&#038;p=14571"},"modified":"2025-07-06T12:28:10","modified_gmt":"2025-07-06T11:28:10","slug":"nejha-bb-veido-kremas-su-atspalviu-feel-the-light-spf30-02-caramel-30ml-copy","status":"publish","type":"product","link":"https:\/\/thequeenhouse.co.uk\/lt\/produktas\/nejha-bb-veido-kremas-su-atspalviu-feel-the-light-spf30-02-caramel-30ml-copy\/","title":{"rendered":"YUNSEY &#8211; Dvifazis Pur\u0161kiamas Kondicionierius su Ikr\u0173 Ekstraktu &#8211; CAVIAR TWO PHASE CONDITIONER, 500 ml"},"content":{"rendered":"<p data-start=\"181\" data-end=\"249\"><strong data-start=\"181\" data-end=\"249\">YUNSEY Dviej\u0173 fazi\u0173 pur\u0161kiamas kondicionierius su ikr\u0173 ekstraktu<\/strong><\/p>\n<p data-start=\"251\" data-end=\"427\"><strong data-start=\"251\" data-end=\"261\">YUNSEY<\/strong> pur\u0161kiamas kondicionierius su ikr\u0173 ekstraktu \u2013 tai pa\u017eangi dviej\u0173 fazi\u0173 plauk\u0173 prie\u017ei\u016bros priemon\u0117, kuri vienu metu maitina plauk\u0173 vid\u0173 ir gerina j\u0173 i\u0161orin\u0119 b\u016bkl\u0119.<\/p>\n<p data-start=\"429\" data-end=\"635\"><strong data-start=\"429\" data-end=\"447\">Vir\u0161utin\u0117 faz\u0117<\/strong> \u0161velniai padengia plaukus, suteikdama jiems blizgesio, mink\u0161tumo ir palengvindama \u0161ukavim\u0105. <strong data-start=\"540\" data-end=\"556\">Apatin\u0117 faz\u0117<\/strong> intensyviai maitina plauko vid\u0173, atkuria jo strukt\u016br\u0105 ir stiprina i\u0161 vidaus.<\/p>\n<p data-start=\"637\" data-end=\"893\">Sud\u0117tyje esantis <strong data-start=\"654\" data-end=\"675\">ikrai\u0173 ekstraktas<\/strong> \u2013 tai nat\u016bralus aktyvi\u0173j\u0173 med\u017eiag\u0173 kokteilis, turintis mikroelement\u0173, vitamin\u0173, baltym\u0173, lipid\u0173 bei omega-3 ir omega-6 r\u016bg\u0161\u010di\u0173, kuris gerina plauk\u0173 dr\u0117gm\u0117s balans\u0105, aktyvina l\u0105steli\u0173 veikl\u0105 ir saugo nuo skilin\u0117jimo.<\/p>\n<p data-start=\"895\" data-end=\"1099\"><strong data-start=\"895\" data-end=\"914\">Ricinos aliejus<\/strong> stiprina plaukus, skatina j\u0173 augim\u0105, ma\u017eina slinkim\u0105 ir saugo nuo \u017eilimo.<br data-start=\"988\" data-end=\"991\" \/><strong data-start=\"991\" data-end=\"1023\">Simondsij\u0173 (jojobos) aliejus<\/strong> intensyviai dr\u0117kina, papildo plaukus, suteikia jiems glotnumo ir \u017evilgesio.<\/p>\n<p data-start=\"1101\" data-end=\"1118\"><strong data-start=\"1101\" data-end=\"1116\">Privalumai:<\/strong><\/p>\n<ul data-start=\"1119\" data-end=\"1302\">\n<li data-start=\"1119\" data-end=\"1166\">\n<p data-start=\"1121\" data-end=\"1166\">Maitina ir dr\u0117kina plauk\u0173 vid\u0173 bei pavir\u0161i\u0173<\/p>\n<\/li>\n<li data-start=\"1167\" data-end=\"1210\">\n<p data-start=\"1169\" data-end=\"1210\">Apsaugo nuo skilin\u0117jimo ir UV spinduli\u0173<\/p>\n<\/li>\n<li data-start=\"1211\" data-end=\"1255\">\n<p data-start=\"1213\" data-end=\"1255\">Suteikia \u0161velnumo, lengvumo ir blizgesio<\/p>\n<\/li>\n<li data-start=\"1256\" data-end=\"1284\">\n<p data-start=\"1258\" data-end=\"1284\">Tinka vis\u0173 tip\u0173 plaukams<\/p>\n<\/li>\n<li data-start=\"1285\" data-end=\"1302\">\n<p data-start=\"1287\" data-end=\"1302\">Nenuskalaujamas<\/p>\n<\/li>\n<\/ul>\n<p data-start=\"1304\" data-end=\"1463\"><strong data-start=\"1304\" data-end=\"1319\">Naudojimas:<\/strong><br data-start=\"1319\" data-end=\"1322\" \/>Prie\u0161 naudojim\u0105 gerai suplakite, kad abi faz\u0117s susimai\u0161yt\u0173. Purk\u0161kite tolygiai ant dr\u0117gn\u0173 arba saus\u0173 plauk\u0173 ir paskirstykite. Nenuskalaukite.<\/p>\n","protected":false},"excerpt":{"rendered":"<article class=\"text-token-text-primary w-full\" dir=\"auto\" data-testid=\"conversation-turn-6\" data-scroll-anchor=\"true\">\n<div class=\"text-base my-auto mx-auto py-5 [--thread-content-margin:--spacing(4)] @[37rem]:[--thread-content-margin:--spacing(6)] @[72rem]:[--thread-content-margin:--spacing(16)] px-(--thread-content-margin)\">\n<div class=\"[--thread-content-max-width:32rem] @[34rem]:[--thread-content-max-width:40rem] @[64rem]:[--thread-content-max-width:48rem] mx-auto flex max-w-(--thread-content-max-width) flex-1 text-base gap-4 md:gap-5 lg:gap-6 group\/turn-messages focus-visible:outline-hidden\" tabindex=\"-1\">\n<div class=\"group\/conversation-turn relative flex w-full min-w-0 flex-col agent-turn\">\n<div class=\"relative flex-col gap-1 md:gap-3\">\n<div class=\"flex max-w-full flex-col grow\">\n<div class=\"min-h-8 text-message relative flex w-full flex-col items-end gap-2 text-start break-words whitespace-normal [.text-message+&amp;]:mt-5\" dir=\"auto\" data-message-author-role=\"assistant\" data-message-id=\"b331a973-ad37-4073-96fe-c909b21af30d\" data-message-model-slug=\"gpt-4o\">\n<div class=\"flex w-full flex-col gap-1 empty:hidden first:pt-[3px]\">\n<div class=\"markdown prose dark:prose-invert w-full break-words light\">\n<p data-start=\"181\" data-end=\"249\"><strong data-start=\"181\" data-end=\"249\">YUNSEY Dviej\u0173 fazi\u0173 pur\u0161kiamas kondicionierius su ikr\u0173 ekstraktu<\/strong><\/p>\n<p data-start=\"251\" data-end=\"427\"><strong data-start=\"251\" data-end=\"261\">YUNSEY<\/strong> pur\u0161kiamas kondicionierius su ikr\u0173 ekstraktu \u2013 tai pa\u017eangi dviej\u0173 fazi\u0173 plauk\u0173 prie\u017ei\u016bros priemon\u0117, kuri vienu metu maitina plauk\u0173 vid\u0173 ir gerina j\u0173 i\u0161orin\u0119 b\u016bkl\u0119.<\/p>\n<p data-start=\"429\" data-end=\"635\"><strong data-start=\"429\" data-end=\"447\">Vir\u0161utin\u0117 faz\u0117<\/strong> \u0161velniai padengia plaukus, suteikdama jiems blizgesio, mink\u0161tumo ir palengvindama \u0161ukavim\u0105. <strong data-start=\"540\" data-end=\"556\">Apatin\u0117 faz\u0117<\/strong> intensyviai maitina plauko vid\u0173, atkuria jo strukt\u016br\u0105 ir stiprina i\u0161 vidaus.<\/p>\n<p data-start=\"637\" data-end=\"893\">Sud\u0117tyje esantis <strong data-start=\"654\" data-end=\"675\">ikrai\u0173 ekstraktas<\/strong> \u2013 tai nat\u016bralus aktyvi\u0173j\u0173 med\u017eiag\u0173 kokteilis, turintis mikroelement\u0173, vitamin\u0173, baltym\u0173, lipid\u0173 bei omega-3 ir omega-6 r\u016bg\u0161\u010di\u0173, kuris gerina plauk\u0173 dr\u0117gm\u0117s balans\u0105, aktyvina l\u0105steli\u0173 veikl\u0105 ir saugo nuo skilin\u0117jimo.<\/p>\n<p data-start=\"895\" data-end=\"1099\"><strong data-start=\"895\" data-end=\"914\">Ricinos aliejus<\/strong> stiprina plaukus, skatina j\u0173 augim\u0105, ma\u017eina slinkim\u0105 ir saugo nuo \u017eilimo.<br data-start=\"988\" data-end=\"991\" \/><strong data-start=\"991\" data-end=\"1023\">Simondsij\u0173 (jojobos) aliejus<\/strong> intensyviai dr\u0117kina, papildo plaukus, suteikia jiems glotnumo ir \u017evilgesio.<\/p>\n<p data-start=\"1101\" data-end=\"1118\"><strong data-start=\"1101\" data-end=\"1116\">Privalumai:<\/strong><\/p>\n<ul data-start=\"1119\" data-end=\"1302\">\n<li data-start=\"1119\" data-end=\"1166\">\n<p data-start=\"1121\" data-end=\"1166\">Maitina ir dr\u0117kina plauk\u0173 vid\u0173 bei pavir\u0161i\u0173<\/p>\n<\/li>\n<li data-start=\"1167\" data-end=\"1210\">\n<p data-start=\"1169\" data-end=\"1210\">Apsaugo nuo skilin\u0117jimo ir UV spinduli\u0173<\/p>\n<\/li>\n<li data-start=\"1211\" data-end=\"1255\">\n<p data-start=\"1213\" data-end=\"1255\">Suteikia \u0161velnumo, lengvumo ir blizgesio<\/p>\n<\/li>\n<li data-start=\"1256\" data-end=\"1284\">\n<p data-start=\"1258\" data-end=\"1284\">Tinka vis\u0173 tip\u0173 plaukams<\/p>\n<\/li>\n<li data-start=\"1285\" data-end=\"1302\">\n<p data-start=\"1287\" data-end=\"1302\">Nenuskalaujamas<\/p>\n<\/li>\n<\/ul>\n<p data-start=\"1304\" data-end=\"1463\"><strong data-start=\"1304\" data-end=\"1319\">Naudojimas:<\/strong><br data-start=\"1319\" data-end=\"1322\" \/>Prie\u0161 naudojim\u0105 gerai suplakite, kad abi faz\u0117s susimai\u0161yt\u0173. Purk\u0161kite tolygiai ant dr\u0117gn\u0173 arba saus\u0173 plauk\u0173 ir paskirstykite. Nenuskalaukite.<\/p>\n<\/div>\n<\/div>\n<\/div>\n<\/div>\n<\/div>\n<\/div>\n<\/div>\n<\/div>\n<\/article>\n","protected":false},"featured_media":14573,"comment_status":"open","ping_status":"closed","template":"","meta":[],"product_brand":[],"product_cat":[43,222],"product_tag":[],"class_list":{"0":"post-14571","1":"product","2":"type-product","3":"status-publish","4":"has-post-thumbnail","6":"product_cat-grozis","7":"product_cat-plauku-prieziuros-priemones","9":"first","10":"outofstock","11":"taxable","12":"shipping-taxable","13":"purchasable","14":"product-type-simple"},"_links":{"self":[{"href":"https:\/\/thequeenhouse.co.uk\/lt\/wp-json\/wp\/v2\/product\/14571","targetHints":{"allow":["GET"]}}],"collection":[{"href":"https:\/\/thequeenhouse.co.uk\/lt\/wp-json\/wp\/v2\/product"}],"about":[{"href":"https:\/\/thequeenhouse.co.uk\/lt\/wp-json\/wp\/v2\/types\/product"}],"replies":[{"embeddable":true,"href":"https:\/\/thequeenhouse.co.uk\/lt\/wp-json\/wp\/v2\/comments?post=14571"}],"wp:featuredmedia":[{"embeddable":true,"href":"https:\/\/thequeenhouse.co.uk\/lt\/wp-json\/wp\/v2\/media\/14573"}],"wp:attachment":[{"href":"https:\/\/thequeenhouse.co.uk\/lt\/wp-json\/wp\/v2\/media?parent=14571"}],"wp:term":[{"taxonomy":"product_brand","embeddable":true,"href":"https:\/\/thequeenhouse.co.uk\/lt\/wp-json\/wp\/v2\/product_brand?post=14571"},{"taxonomy":"product_cat","embeddable":true,"href":"https:\/\/thequeenhouse.co.uk\/lt\/wp-json\/wp\/v2\/product_cat?post=14571"},{"taxonomy":"product_tag","embeddable":true,"href":"https:\/\/thequeenhouse.co.uk\/lt\/wp-json\/wp\/v2\/product_tag?post=14571"}],"curies":[{"name":"wp","href":"https:\/\/api.w.org\/{rel}","templated":true}]}}