{"id":14575,"date":"2025-07-06T12:29:52","date_gmt":"2025-07-06T11:29:52","guid":{"rendered":"https:\/\/thequeenhouse.co.uk\/?post_type=product&#038;p=14575"},"modified":"2025-07-06T12:35:47","modified_gmt":"2025-07-06T11:35:47","slug":"yunsey-dvifazis-purskiamas-kondicionierius-su-ikru-ekstraktu-caviar-two-phase-conditioner-500-ml-copy","status":"publish","type":"product","link":"https:\/\/thequeenhouse.co.uk\/lt\/produktas\/yunsey-dvifazis-purskiamas-kondicionierius-su-ikru-ekstraktu-caviar-two-phase-conditioner-500-ml-copy\/","title":{"rendered":"YUNSEY &#8211; Dvifazis Pur\u0161kiamas Kondicionierius su Mi\u0161ko Uog\u0173 Aromatu &#8211; 100ml"},"content":{"rendered":"<h4 data-start=\"173\" data-end=\"246\"><strong data-start=\"178\" data-end=\"246\">YUNSEY Dvifazis Pur\u0161kiamas Kondicionierius su Mi\u0161ko Uog\u0173 Aromatu<\/strong><\/h4>\n<p data-start=\"248\" data-end=\"472\"><strong data-start=\"248\" data-end=\"258\">YUNSEY<\/strong> dvifazis kondicionierius su gaiviu mi\u0161ko uog\u0173 aromatu \u2013 tai pa\u017eangi plauk\u0173 prie\u017ei\u016bros priemon\u0117, skirta vis\u0173 tip\u0173 plaukams. \u0160velni ir neapsunkinanti formul\u0117 akimirksniu suteikia spindesio, \u0161velnumo ir gili\u0105 mityb\u0105.<\/p>\n<ul data-start=\"474\" data-end=\"681\">\n<li data-start=\"474\" data-end=\"572\">\n<p data-start=\"476\" data-end=\"572\"><strong data-start=\"476\" data-end=\"494\">Vir\u0161utin\u0117 faz\u0117<\/strong> gerina plauko pavir\u0161i\u0173: suteikia blizgesio, mink\u0161tumo ir palengvina \u0161ukavim\u0105.<\/p>\n<\/li>\n<li data-start=\"573\" data-end=\"681\">\n<p data-start=\"575\" data-end=\"681\"><strong data-start=\"575\" data-end=\"591\">Apatin\u0117 faz\u0117<\/strong> giliai maitina ir atkuria plauko vidin\u0119 strukt\u016br\u0105, apsaugo nuo \u017ealingo aplinkos poveikio.<\/p>\n<\/li>\n<\/ul>\n<p data-start=\"683\" data-end=\"708\"><strong data-start=\"683\" data-end=\"708\">Aktyv\u016bs ingredientai:<\/strong><\/p>\n<ul data-start=\"710\" data-end=\"1072\">\n<li data-start=\"710\" data-end=\"804\">\n<p data-start=\"712\" data-end=\"804\"><strong data-start=\"712\" data-end=\"731\">Ricinos aliejus<\/strong> \u2013 stiprina plaukus, ma\u017eina slinkim\u0105, skatina augim\u0105 ir saugo nuo \u017eilimo.<\/p>\n<\/li>\n<li data-start=\"805\" data-end=\"934\">\n<p data-start=\"807\" data-end=\"934\"><strong data-start=\"807\" data-end=\"839\">Simondsij\u0173 (jojobos) aliejus<\/strong> \u2013 intensyviai dr\u0117kina, mink\u0161tina ir suteikia spindesio, ypa\u010d tinkamas i\u0161saus\u0117jusiems plaukams.<\/p>\n<\/li>\n<li data-start=\"935\" data-end=\"1072\">\n<p data-start=\"937\" data-end=\"1072\"><strong data-start=\"937\" data-end=\"965\">Avokad\u0173 kauliuk\u0173 aliejus<\/strong> \u2013 regeneruoja, maitina ir apsaugo plaukus nuo UV spinduli\u0173, puikiai \u012fsigeria nepalikdamas riebumo poj\u016b\u010dio.<\/p>\n<\/li>\n<\/ul>\n<p data-start=\"1074\" data-end=\"1089\"><strong data-start=\"1074\" data-end=\"1089\">Privalumai:<\/strong><\/p>\n<ul data-start=\"1090\" data-end=\"1241\">\n<li data-start=\"1090\" data-end=\"1118\">\n<p data-start=\"1092\" data-end=\"1118\">Gaivus mi\u0161ko uog\u0173 kvapas<\/p>\n<\/li>\n<li data-start=\"1119\" data-end=\"1161\">\n<p data-start=\"1121\" data-end=\"1161\">Maitina, mink\u0161tina ir glotnina plaukus<\/p>\n<\/li>\n<li data-start=\"1162\" data-end=\"1192\">\n<p data-start=\"1164\" data-end=\"1192\">Suteikia nat\u016bral\u0173 spindes\u012f<\/p>\n<\/li>\n<li data-start=\"1193\" data-end=\"1221\">\n<p data-start=\"1195\" data-end=\"1221\">Tinka vis\u0173 tip\u0173 plaukams<\/p>\n<\/li>\n<li data-start=\"1222\" data-end=\"1241\">\n<p data-start=\"1224\" data-end=\"1241\">Nenuskalaujamas<\/p>\n<\/li>\n<\/ul>\n<p data-start=\"1243\" data-end=\"1406\"><strong data-start=\"1243\" data-end=\"1258\">Naudojimas:<\/strong><br data-start=\"1258\" data-end=\"1261\" \/>Prie\u0161 naudojim\u0105 gerai suplakite, kad susimai\u0161yt\u0173 abi faz\u0117s. Tolygiai purk\u0161kite ant saus\u0173 arba dr\u0117gn\u0173 plauk\u0173 ir paskirstykite. <strong data-start=\"1387\" data-end=\"1406\">Nenuskalaukite.<\/strong><\/p>\n","protected":false},"excerpt":{"rendered":"<article class=\"text-token-text-primary w-full\" dir=\"auto\" data-testid=\"conversation-turn-6\" data-scroll-anchor=\"true\">\n<div class=\"text-base my-auto mx-auto py-5 [--thread-content-margin:--spacing(4)] @[37rem]:[--thread-content-margin:--spacing(6)] @[72rem]:[--thread-content-margin:--spacing(16)] px-(--thread-content-margin)\">\n<div class=\"[--thread-content-max-width:32rem] @[34rem]:[--thread-content-max-width:40rem] @[64rem]:[--thread-content-max-width:48rem] mx-auto flex max-w-(--thread-content-max-width) flex-1 text-base gap-4 md:gap-5 lg:gap-6 group\/turn-messages focus-visible:outline-hidden\" tabindex=\"-1\">\n<div class=\"group\/conversation-turn relative flex w-full min-w-0 flex-col agent-turn\">\n<div class=\"relative flex-col gap-1 md:gap-3\">\n<div class=\"flex max-w-full flex-col grow\">\n<div class=\"min-h-8 text-message relative flex w-full flex-col items-end gap-2 text-start break-words whitespace-normal [.text-message+&amp;]:mt-5\" dir=\"auto\" data-message-author-role=\"assistant\" data-message-id=\"b331a973-ad37-4073-96fe-c909b21af30d\" data-message-model-slug=\"gpt-4o\">\n<div class=\"flex w-full flex-col gap-1 empty:hidden first:pt-[3px]\">\n<div class=\"markdown prose dark:prose-invert w-full break-words light\">\n<h4 data-start=\"173\" data-end=\"246\"><strong data-start=\"178\" data-end=\"246\">YUNSEY Dvifazis Pur\u0161kiamas Kondicionierius su Mi\u0161ko Uog\u0173 Aromatu<\/strong><\/h4>\n<p data-start=\"248\" data-end=\"472\"><strong data-start=\"248\" data-end=\"258\">YUNSEY<\/strong> dvifazis kondicionierius su gaiviu mi\u0161ko uog\u0173 aromatu \u2013 tai pa\u017eangi plauk\u0173 prie\u017ei\u016bros priemon\u0117, skirta vis\u0173 tip\u0173 plaukams. \u0160velni ir neapsunkinanti formul\u0117 akimirksniu suteikia spindesio, \u0161velnumo ir gili\u0105 mityb\u0105.<\/p>\n<ul data-start=\"474\" data-end=\"681\">\n<li data-start=\"474\" data-end=\"572\">\n<p data-start=\"476\" data-end=\"572\"><strong data-start=\"476\" data-end=\"494\">Vir\u0161utin\u0117 faz\u0117<\/strong> gerina plauko pavir\u0161i\u0173: suteikia blizgesio, mink\u0161tumo ir palengvina \u0161ukavim\u0105.<\/p>\n<\/li>\n<li data-start=\"573\" data-end=\"681\">\n<p data-start=\"575\" data-end=\"681\"><strong data-start=\"575\" data-end=\"591\">Apatin\u0117 faz\u0117<\/strong> giliai maitina ir atkuria plauko vidin\u0119 strukt\u016br\u0105, apsaugo nuo \u017ealingo aplinkos poveikio.<\/p>\n<\/li>\n<\/ul>\n<p data-start=\"683\" data-end=\"708\"><strong data-start=\"683\" data-end=\"708\">Aktyv\u016bs ingredientai:<\/strong><\/p>\n<ul data-start=\"710\" data-end=\"1072\">\n<li data-start=\"710\" data-end=\"804\">\n<p data-start=\"712\" data-end=\"804\"><strong data-start=\"712\" data-end=\"731\">Ricinos aliejus<\/strong> \u2013 stiprina plaukus, ma\u017eina slinkim\u0105, skatina augim\u0105 ir saugo nuo \u017eilimo.<\/p>\n<\/li>\n<li data-start=\"805\" data-end=\"934\">\n<p data-start=\"807\" data-end=\"934\"><strong data-start=\"807\" data-end=\"839\">Simondsij\u0173 (jojobos) aliejus<\/strong> \u2013 intensyviai dr\u0117kina, mink\u0161tina ir suteikia spindesio, ypa\u010d tinkamas i\u0161saus\u0117jusiems plaukams.<\/p>\n<\/li>\n<li data-start=\"935\" data-end=\"1072\">\n<p data-start=\"937\" data-end=\"1072\"><strong data-start=\"937\" data-end=\"965\">Avokad\u0173 kauliuk\u0173 aliejus<\/strong> \u2013 regeneruoja, maitina ir apsaugo plaukus nuo UV spinduli\u0173, puikiai \u012fsigeria nepalikdamas riebumo poj\u016b\u010dio.<\/p>\n<\/li>\n<\/ul>\n<p data-start=\"1074\" data-end=\"1089\"><strong data-start=\"1074\" data-end=\"1089\">Privalumai:<\/strong><\/p>\n<ul data-start=\"1090\" data-end=\"1241\">\n<li data-start=\"1090\" data-end=\"1118\">\n<p data-start=\"1092\" data-end=\"1118\">Gaivus mi\u0161ko uog\u0173 kvapas<\/p>\n<\/li>\n<li data-start=\"1119\" data-end=\"1161\">\n<p data-start=\"1121\" data-end=\"1161\">Maitina, mink\u0161tina ir glotnina plaukus<\/p>\n<\/li>\n<li data-start=\"1162\" data-end=\"1192\">\n<p data-start=\"1164\" data-end=\"1192\">Suteikia nat\u016bral\u0173 spindes\u012f<\/p>\n<\/li>\n<li data-start=\"1193\" data-end=\"1221\">\n<p data-start=\"1195\" data-end=\"1221\">Tinka vis\u0173 tip\u0173 plaukams<\/p>\n<\/li>\n<li data-start=\"1222\" data-end=\"1241\">\n<p data-start=\"1224\" data-end=\"1241\">Nenuskalaujamas<\/p>\n<\/li>\n<\/ul>\n<p data-start=\"1243\" data-end=\"1406\"><strong data-start=\"1243\" data-end=\"1258\">Naudojimas:<\/strong><br data-start=\"1258\" data-end=\"1261\" \/>Prie\u0161 naudojim\u0105 gerai suplakite, kad susimai\u0161yt\u0173 abi faz\u0117s. Tolygiai purk\u0161kite ant saus\u0173 arba dr\u0117gn\u0173 plauk\u0173 ir paskirstykite. <strong data-start=\"1387\" data-end=\"1406\">Nenuskalaukite.<\/strong><\/p>\n<\/div>\n<\/div>\n<\/div>\n<\/div>\n<\/div>\n<\/div>\n<\/div>\n<\/div>\n<\/article>\n","protected":false},"featured_media":14577,"comment_status":"open","ping_status":"closed","template":"","meta":[],"product_brand":[],"product_cat":[43,222],"product_tag":[],"class_list":{"0":"post-14575","1":"product","2":"type-product","3":"status-publish","4":"has-post-thumbnail","6":"product_cat-grozis","7":"product_cat-plauku-prieziuros-priemones","9":"first","10":"instock","11":"taxable","12":"shipping-taxable","13":"purchasable","14":"product-type-simple"},"_links":{"self":[{"href":"https:\/\/thequeenhouse.co.uk\/lt\/wp-json\/wp\/v2\/product\/14575","targetHints":{"allow":["GET"]}}],"collection":[{"href":"https:\/\/thequeenhouse.co.uk\/lt\/wp-json\/wp\/v2\/product"}],"about":[{"href":"https:\/\/thequeenhouse.co.uk\/lt\/wp-json\/wp\/v2\/types\/product"}],"replies":[{"embeddable":true,"href":"https:\/\/thequeenhouse.co.uk\/lt\/wp-json\/wp\/v2\/comments?post=14575"}],"wp:featuredmedia":[{"embeddable":true,"href":"https:\/\/thequeenhouse.co.uk\/lt\/wp-json\/wp\/v2\/media\/14577"}],"wp:attachment":[{"href":"https:\/\/thequeenhouse.co.uk\/lt\/wp-json\/wp\/v2\/media?parent=14575"}],"wp:term":[{"taxonomy":"product_brand","embeddable":true,"href":"https:\/\/thequeenhouse.co.uk\/lt\/wp-json\/wp\/v2\/product_brand?post=14575"},{"taxonomy":"product_cat","embeddable":true,"href":"https:\/\/thequeenhouse.co.uk\/lt\/wp-json\/wp\/v2\/product_cat?post=14575"},{"taxonomy":"product_tag","embeddable":true,"href":"https:\/\/thequeenhouse.co.uk\/lt\/wp-json\/wp\/v2\/product_tag?post=14575"}],"curies":[{"name":"wp","href":"https:\/\/api.w.org\/{rel}","templated":true}]}}