{"id":14579,"date":"2025-07-06T12:37:47","date_gmt":"2025-07-06T11:37:47","guid":{"rendered":"https:\/\/thequeenhouse.co.uk\/?post_type=product&#038;p=14579"},"modified":"2026-04-23T08:11:29","modified_gmt":"2026-04-23T07:11:29","slug":"yunsey-dvifazis-purskiamas-kondicionierius-su-misko-uogu-aromatu-100ml-copy","status":"publish","type":"product","link":"https:\/\/thequeenhouse.co.uk\/lt\/produktas\/yunsey-dvifazis-purskiamas-kondicionierius-su-misko-uogu-aromatu-100ml-copy\/","title":{"rendered":"YUNSEY &#8211; \u0160amp\u016bnas Nuo Plauk\u0173 Slinkimo &#8211; 1000ml (Copy)"},"content":{"rendered":"<h4 data-start=\"152\" data-end=\"196\"><strong data-start=\"157\" data-end=\"196\">YUNSEY \u0160amp\u016bnas Nuo Plauk\u0173 Slinkimo<\/strong><\/h4>\n<p data-start=\"198\" data-end=\"536\"><strong data-start=\"198\" data-end=\"208\">YUNSEY<\/strong> \u0161amp\u016bnas nuo plauk\u0173 slinkimo \u2013 tai efektyvi priemon\u0117 plauk\u0173 stiprinimui ir j\u0173 augimo skatinimui. Sud\u0117tyje esantys aktyvieji ingredientai atgaivina plaukus, suaktyvina plauk\u0173 skaidulas ir skatina nauj\u0173 plauk\u0173 augim\u0105. Ilgainiui naudojant, pastebimas plauk\u0173 tankumo padid\u0117jimas \u2013 plaukai tampa ve\u0161lesni, stipresni ir gyvybingesni.<\/p>\n<p data-start=\"538\" data-end=\"721\">Unikali formul\u0117 su <strong data-start=\"557\" data-end=\"576\">amino r\u016bg\u0161timis<\/strong> ir <strong data-start=\"580\" data-end=\"600\">augal\u0173 ekstrakt\u0173<\/strong> kompleksu aktyvina plauk\u0173 folikul\u0173 kamienines l\u0105steles, didina energijos apykait\u0105 l\u0105stel\u0117se ir l\u0117tina sen\u0117jimo procesus.<\/p>\n<p data-start=\"723\" data-end=\"753\"><strong data-start=\"723\" data-end=\"753\">Pagrindiniai ingredientai:<\/strong><\/p>\n<ul data-start=\"755\" data-end=\"1211\">\n<li data-start=\"755\" data-end=\"947\">\n<p data-start=\"757\" data-end=\"947\"><strong data-start=\"757\" data-end=\"786\">Kvie\u010di\u0173 gemal\u0173 ekstraktas<\/strong> \u2013 turtingas vitaminais (E, B, A, D, P, PP), mineralais ir riebal\u0173 r\u016bg\u0161timis. Stiprina plaukus, atkuria j\u0173 strukt\u016br\u0105, dr\u0117kina, suteikia blizgesio ir elastingumo.<\/p>\n<\/li>\n<li data-start=\"948\" data-end=\"1083\">\n<p data-start=\"950\" data-end=\"1083\"><strong data-start=\"950\" data-end=\"977\">Soj\u0173 pupeli\u0173 ekstraktas<\/strong> \u2013 giliai \u012fsiskverbia \u012f plaukus, maitina \u0161aknis, saugo nuo kar\u0161\u010dio ir aplinkos poveikio, skatina \u017evilges\u012f.<\/p>\n<\/li>\n<li data-start=\"1084\" data-end=\"1211\">\n<p data-start=\"1086\" data-end=\"1211\"><strong data-start=\"1086\" data-end=\"1126\">Baikalini\u0173 kalpoki\u0173 \u0161akn\u0173 ekstraktas<\/strong> \u2013 stiprus antioksidantas, saugo nuo UV spinduli\u0173, dr\u0117kina ir apsaugo nuo l\u016b\u017ein\u0117jimo.<\/p>\n<\/li>\n<\/ul>\n<p data-start=\"1213\" data-end=\"1228\"><strong data-start=\"1213\" data-end=\"1228\">Privalumai:<\/strong><\/p>\n<ul data-start=\"1229\" data-end=\"1401\">\n<li data-start=\"1229\" data-end=\"1273\">\n<p data-start=\"1231\" data-end=\"1273\">Skatina plauk\u0173 augim\u0105 ir ma\u017eina slinkim\u0105<\/p>\n<\/li>\n<li data-start=\"1274\" data-end=\"1323\">\n<p data-start=\"1276\" data-end=\"1323\">Atgaivina, stiprina ir saugo plauk\u0173 strukt\u016br\u0105<\/p>\n<\/li>\n<li data-start=\"1324\" data-end=\"1369\">\n<p data-start=\"1326\" data-end=\"1369\">Apsaugo nuo sen\u0117jimo ir i\u0161orini\u0173 veiksni\u0173<\/p>\n<\/li>\n<li data-start=\"1370\" data-end=\"1401\">\n<p data-start=\"1372\" data-end=\"1401\">Tinka kasdieniam naudojimui<\/p>\n<\/li>\n<\/ul>\n<p data-start=\"1403\" data-end=\"1594\"><strong data-start=\"1403\" data-end=\"1418\">Naudojimas:<\/strong><br data-start=\"1418\" data-end=\"1421\" \/>Nedidel\u012f kiek\u012f \u0161amp\u016bno paskirstykite ant dr\u0117gn\u0173 plauk\u0173 ir galvos odos. \u0160velniai \u012fmasa\u017euokite, po to kruop\u0161\u010diai i\u0161skalaukite. Jei reikia \u2013 pakartokite. Tinka naudoti kasdien.<\/p>\n","protected":false},"excerpt":{"rendered":"<article class=\"text-token-text-primary w-full\" dir=\"auto\" data-testid=\"conversation-turn-6\" data-scroll-anchor=\"true\">\n<div class=\"text-base my-auto mx-auto py-5 [--thread-content-margin:--spacing(4)] @[37rem]:[--thread-content-margin:--spacing(6)] @[72rem]:[--thread-content-margin:--spacing(16)] px-(--thread-content-margin)\">\n<div class=\"[--thread-content-max-width:32rem] @[34rem]:[--thread-content-max-width:40rem] @[64rem]:[--thread-content-max-width:48rem] mx-auto flex max-w-(--thread-content-max-width) flex-1 text-base gap-4 md:gap-5 lg:gap-6 group\/turn-messages focus-visible:outline-hidden\" tabindex=\"-1\">\n<div class=\"group\/conversation-turn relative flex w-full min-w-0 flex-col agent-turn\">\n<div class=\"relative flex-col gap-1 md:gap-3\">\n<div class=\"flex max-w-full flex-col grow\">\n<div class=\"min-h-8 text-message relative flex w-full flex-col items-end gap-2 text-start break-words whitespace-normal [.text-message+&amp;]:mt-5\" dir=\"auto\" data-message-author-role=\"assistant\" data-message-id=\"b331a973-ad37-4073-96fe-c909b21af30d\" data-message-model-slug=\"gpt-4o\">\n<div class=\"flex w-full flex-col gap-1 empty:hidden first:pt-[3px]\">\n<div class=\"markdown prose dark:prose-invert w-full break-words light\">\n<h4 data-start=\"152\" data-end=\"196\"><strong data-start=\"157\" data-end=\"196\">YUNSEY \u0160amp\u016bnas Nuo Plauk\u0173 Slinkimo<\/strong><\/h4>\n<p data-start=\"198\" data-end=\"536\"><strong data-start=\"198\" data-end=\"208\">YUNSEY<\/strong> \u0161amp\u016bnas nuo plauk\u0173 slinkimo \u2013 tai efektyvi priemon\u0117 plauk\u0173 stiprinimui ir j\u0173 augimo skatinimui. Sud\u0117tyje esantys aktyvieji ingredientai atgaivina plaukus, suaktyvina plauk\u0173 skaidulas ir skatina nauj\u0173 plauk\u0173 augim\u0105. Ilgainiui naudojant, pastebimas plauk\u0173 tankumo padid\u0117jimas \u2013 plaukai tampa ve\u0161lesni, stipresni ir gyvybingesni.<\/p>\n<p data-start=\"538\" data-end=\"721\">Unikali formul\u0117 su <strong data-start=\"557\" data-end=\"576\">amino r\u016bg\u0161timis<\/strong> ir <strong data-start=\"580\" data-end=\"600\">augal\u0173 ekstrakt\u0173<\/strong> kompleksu aktyvina plauk\u0173 folikul\u0173 kamienines l\u0105steles, didina energijos apykait\u0105 l\u0105stel\u0117se ir l\u0117tina sen\u0117jimo procesus.<\/p>\n<p data-start=\"723\" data-end=\"753\"><strong data-start=\"723\" data-end=\"753\">Pagrindiniai ingredientai:<\/strong><\/p>\n<ul data-start=\"755\" data-end=\"1211\">\n<li data-start=\"755\" data-end=\"947\">\n<p data-start=\"757\" data-end=\"947\"><strong data-start=\"757\" data-end=\"786\">Kvie\u010di\u0173 gemal\u0173 ekstraktas<\/strong> \u2013 turtingas vitaminais (E, B, A, D, P, PP), mineralais ir riebal\u0173 r\u016bg\u0161timis. Stiprina plaukus, atkuria j\u0173 strukt\u016br\u0105, dr\u0117kina, suteikia blizgesio ir elastingumo.<\/p>\n<\/li>\n<li data-start=\"948\" data-end=\"1083\">\n<p data-start=\"950\" data-end=\"1083\"><strong data-start=\"950\" data-end=\"977\">Soj\u0173 pupeli\u0173 ekstraktas<\/strong> \u2013 giliai \u012fsiskverbia \u012f plaukus, maitina \u0161aknis, saugo nuo kar\u0161\u010dio ir aplinkos poveikio, skatina \u017evilges\u012f.<\/p>\n<\/li>\n<li data-start=\"1084\" data-end=\"1211\">\n<p data-start=\"1086\" data-end=\"1211\"><strong data-start=\"1086\" data-end=\"1126\">Baikalini\u0173 kalpoki\u0173 \u0161akn\u0173 ekstraktas<\/strong> \u2013 stiprus antioksidantas, saugo nuo UV spinduli\u0173, dr\u0117kina ir apsaugo nuo l\u016b\u017ein\u0117jimo.<\/p>\n<\/li>\n<\/ul>\n<p data-start=\"1213\" data-end=\"1228\"><strong data-start=\"1213\" data-end=\"1228\">Privalumai:<\/strong><\/p>\n<ul data-start=\"1229\" data-end=\"1401\">\n<li data-start=\"1229\" data-end=\"1273\">\n<p data-start=\"1231\" data-end=\"1273\">Skatina plauk\u0173 augim\u0105 ir ma\u017eina slinkim\u0105<\/p>\n<\/li>\n<li data-start=\"1274\" data-end=\"1323\">\n<p data-start=\"1276\" data-end=\"1323\">Atgaivina, stiprina ir saugo plauk\u0173 strukt\u016br\u0105<\/p>\n<\/li>\n<li data-start=\"1324\" data-end=\"1369\">\n<p data-start=\"1326\" data-end=\"1369\">Apsaugo nuo sen\u0117jimo ir i\u0161orini\u0173 veiksni\u0173<\/p>\n<\/li>\n<li data-start=\"1370\" data-end=\"1401\">\n<p data-start=\"1372\" data-end=\"1401\">Tinka kasdieniam naudojimui<\/p>\n<\/li>\n<\/ul>\n<p data-start=\"1403\" data-end=\"1594\"><strong data-start=\"1403\" data-end=\"1418\">Naudojimas:<\/strong><br data-start=\"1418\" data-end=\"1421\" \/>Nedidel\u012f kiek\u012f \u0161amp\u016bno paskirstykite ant dr\u0117gn\u0173 plauk\u0173 ir galvos odos. \u0160velniai \u012fmasa\u017euokite, po to kruop\u0161\u010diai i\u0161skalaukite. Jei reikia \u2013 pakartokite. Tinka naudoti kasdien.<\/p>\n<\/div>\n<\/div>\n<\/div>\n<\/div>\n<\/div>\n<\/div>\n<\/div>\n<\/div>\n<\/article>\n","protected":false},"featured_media":14581,"comment_status":"open","ping_status":"closed","template":"","meta":[],"product_brand":[],"product_cat":[43,222],"product_tag":[],"class_list":{"0":"post-14579","1":"product","2":"type-product","3":"status-publish","4":"has-post-thumbnail","6":"product_cat-grozis","7":"product_cat-plauku-prieziuros-priemones","9":"first","10":"instock","11":"taxable","12":"shipping-taxable","13":"purchasable","14":"product-type-simple"},"_links":{"self":[{"href":"https:\/\/thequeenhouse.co.uk\/lt\/wp-json\/wp\/v2\/product\/14579","targetHints":{"allow":["GET"]}}],"collection":[{"href":"https:\/\/thequeenhouse.co.uk\/lt\/wp-json\/wp\/v2\/product"}],"about":[{"href":"https:\/\/thequeenhouse.co.uk\/lt\/wp-json\/wp\/v2\/types\/product"}],"replies":[{"embeddable":true,"href":"https:\/\/thequeenhouse.co.uk\/lt\/wp-json\/wp\/v2\/comments?post=14579"}],"wp:featuredmedia":[{"embeddable":true,"href":"https:\/\/thequeenhouse.co.uk\/lt\/wp-json\/wp\/v2\/media\/14581"}],"wp:attachment":[{"href":"https:\/\/thequeenhouse.co.uk\/lt\/wp-json\/wp\/v2\/media?parent=14579"}],"wp:term":[{"taxonomy":"product_brand","embeddable":true,"href":"https:\/\/thequeenhouse.co.uk\/lt\/wp-json\/wp\/v2\/product_brand?post=14579"},{"taxonomy":"product_cat","embeddable":true,"href":"https:\/\/thequeenhouse.co.uk\/lt\/wp-json\/wp\/v2\/product_cat?post=14579"},{"taxonomy":"product_tag","embeddable":true,"href":"https:\/\/thequeenhouse.co.uk\/lt\/wp-json\/wp\/v2\/product_tag?post=14579"}],"curies":[{"name":"wp","href":"https:\/\/api.w.org\/{rel}","templated":true}]}}