{"id":14583,"date":"2025-07-06T12:43:50","date_gmt":"2025-07-06T11:43:50","guid":{"rendered":"https:\/\/thequeenhouse.co.uk\/?post_type=product&#038;p=14583"},"modified":"2025-07-06T12:48:10","modified_gmt":"2025-07-06T11:48:10","slug":"yunsey-sampunas-nuo-plauku-slinkimo-1000ml-copy-copy","status":"publish","type":"product","link":"https:\/\/thequeenhouse.co.uk\/lt\/produktas\/yunsey-sampunas-nuo-plauku-slinkimo-1000ml-copy-copy\/","title":{"rendered":"YUNSEY &#8211; THERMAL CREATIONIST Pur\u0161kiamas Kondicionierius Nuo Kar\u0161\u010dio 200ml"},"content":{"rendered":"<h4 data-start=\"197\" data-end=\"271\"><strong data-start=\"202\" data-end=\"271\">YUNSEY THERMAL CREATIONIST Pur\u0161kiamas Kondicionierius Nuo Kar\u0161\u010dio<\/strong><\/h4>\n<p data-start=\"273\" data-end=\"581\"><strong data-start=\"273\" data-end=\"303\">YUNSEY THERMAL CREATIONIST<\/strong> \u2013 tai profesionalus \u0161ilumin\u0117s apsaugos kondicionierius, sukurtas apsaugoti plaukus nuo \u017ealingo d\u017eiovinimo, tiesinimo ar garbanojimo poveikio. \u0160i lengva priemon\u0117 neapsunkina plauk\u0173, suformuoja apsaugin\u0119 pl\u0117vel\u0119, kuri i\u0161saugo dr\u0117gm\u0119 ir suteikia plaukams elastingumo bei glotnumo.<\/p>\n<p data-start=\"583\" data-end=\"609\"><strong data-start=\"583\" data-end=\"607\">Pagrindin\u0117s savyb\u0117s:<\/strong><\/p>\n<ul data-start=\"610\" data-end=\"787\">\n<li data-start=\"610\" data-end=\"639\">\n<p data-start=\"612\" data-end=\"639\">Apsaugo nuo kar\u0161\u010dio \u017ealos<\/p>\n<\/li>\n<li data-start=\"640\" data-end=\"671\">\n<p data-start=\"642\" data-end=\"671\">Ma\u017eina plauk\u0173 elektrinim\u0105si<\/p>\n<\/li>\n<li data-start=\"672\" data-end=\"713\">\n<p data-start=\"674\" data-end=\"713\">Suteikia \u0161ilkin\u012f \u0161velnum\u0105 ir blizges\u012f<\/p>\n<\/li>\n<li data-start=\"714\" data-end=\"764\">\n<p data-start=\"716\" data-end=\"764\">Padeda i\u0161laikyti nat\u016brali\u0105 dr\u0117gm\u0117s pusiausvyr\u0105<\/p>\n<\/li>\n<li data-start=\"765\" data-end=\"787\">\n<p data-start=\"767\" data-end=\"787\">Nepasunkina plauk\u0173<\/p>\n<\/li>\n<\/ul>\n<p data-start=\"789\" data-end=\"817\"><strong data-start=\"789\" data-end=\"815\">Veikliosios med\u017eiagos:<\/strong><\/p>\n<ul data-start=\"818\" data-end=\"1210\">\n<li data-start=\"818\" data-end=\"900\">\n<p data-start=\"820\" data-end=\"900\"><strong data-start=\"820\" data-end=\"837\">Quaternium-80<\/strong> \u2013 lengvina i\u0161\u0161ukavim\u0105, ma\u017eina \u0161iau\u0161im\u0105si, spartina d\u017ei\u016bvim\u0105.<\/p>\n<\/li>\n<li data-start=\"901\" data-end=\"1010\">\n<p data-start=\"903\" data-end=\"1010\"><strong data-start=\"903\" data-end=\"927\">Hidrolizuotas \u0161ilkas<\/strong> \u2013 maitinantis japoni\u0161kas \u0161ilko proteinas su amino r\u016bg\u0161timis, dr\u0117kina ir atkuria.<\/p>\n<\/li>\n<li data-start=\"1011\" data-end=\"1115\">\n<p data-start=\"1013\" data-end=\"1115\"><strong data-start=\"1013\" data-end=\"1043\">Sodium Lateneth-40 Maleate<\/strong> \u2013 apsaugo nuo temperat\u016bros poky\u010di\u0173, padeda i\u0161laikyti tiesius plaukus.<\/p>\n<\/li>\n<li data-start=\"1116\" data-end=\"1210\">\n<p data-start=\"1118\" data-end=\"1210\"><strong data-start=\"1118\" data-end=\"1134\">Benzofenonas<\/strong> \u2013 veiksmingas UVA\/UVB saul\u0117s filtras, saugantis plauk\u0173 spalv\u0105 ir strukt\u016br\u0105.<\/p>\n<\/li>\n<\/ul>\n<p data-start=\"1212\" data-end=\"1385\"><strong data-start=\"1212\" data-end=\"1227\">Naudojimas:<\/strong><br data-start=\"1227\" data-end=\"1230\" \/>Purk\u0161kite ant dr\u0117gn\u0173 plauk\u0173 prie\u0161 d\u017eiovinim\u0105. Nor\u0117dami apsaugoti plaukus nuo tiesintuvo ar \u017enypli\u0173 \u2013 purk\u0161kite papildomai ant saus\u0173 plauk\u0173 prie\u0161 proced\u016br\u0105.<\/p>\n<p data-start=\"1387\" data-end=\"1592\"><strong data-start=\"1387\" data-end=\"1411\">YUNSEY Professionals<\/strong> \u2013 tai Ispanijoje kuriami profesional\u016bs plauk\u0173 prie\u017ei\u016bros produktai, pasi\u017eymintys auk\u0161ta kokybe ir patrauklia kaina. Pasirinkite YUNSEY \u2013 pajuskite kirpyklos kokyb\u0119 kiekvien\u0105 dien\u0105!<\/p>\n","protected":false},"excerpt":{"rendered":"<article class=\"text-token-text-primary w-full\" dir=\"auto\" data-testid=\"conversation-turn-6\" data-scroll-anchor=\"true\">\n<div class=\"text-base my-auto mx-auto py-5 [--thread-content-margin:--spacing(4)] @[37rem]:[--thread-content-margin:--spacing(6)] @[72rem]:[--thread-content-margin:--spacing(16)] px-(--thread-content-margin)\">\n<div class=\"[--thread-content-max-width:32rem] @[34rem]:[--thread-content-max-width:40rem] @[64rem]:[--thread-content-max-width:48rem] mx-auto flex max-w-(--thread-content-max-width) flex-1 text-base gap-4 md:gap-5 lg:gap-6 group\/turn-messages focus-visible:outline-hidden\" tabindex=\"-1\">\n<div class=\"group\/conversation-turn relative flex w-full min-w-0 flex-col agent-turn\">\n<div class=\"relative flex-col gap-1 md:gap-3\">\n<div class=\"flex max-w-full flex-col grow\">\n<div class=\"min-h-8 text-message relative flex w-full flex-col items-end gap-2 text-start break-words whitespace-normal [.text-message+&amp;]:mt-5\" dir=\"auto\" data-message-author-role=\"assistant\" data-message-id=\"b331a973-ad37-4073-96fe-c909b21af30d\" data-message-model-slug=\"gpt-4o\">\n<div class=\"flex w-full flex-col gap-1 empty:hidden first:pt-[3px]\">\n<div class=\"markdown prose dark:prose-invert w-full break-words light\">\n<h4 data-start=\"197\" data-end=\"271\"><strong data-start=\"202\" data-end=\"271\">YUNSEY THERMAL CREATIONIST Pur\u0161kiamas Kondicionierius Nuo Kar\u0161\u010dio<\/strong><\/h4>\n<p data-start=\"273\" data-end=\"581\"><strong data-start=\"273\" data-end=\"303\">YUNSEY THERMAL CREATIONIST<\/strong> \u2013 tai profesionalus \u0161ilumin\u0117s apsaugos kondicionierius, sukurtas apsaugoti plaukus nuo \u017ealingo d\u017eiovinimo, tiesinimo ar garbanojimo poveikio. \u0160i lengva priemon\u0117 neapsunkina plauk\u0173, suformuoja apsaugin\u0119 pl\u0117vel\u0119, kuri i\u0161saugo dr\u0117gm\u0119 ir suteikia plaukams elastingumo bei glotnumo.<\/p>\n<p data-start=\"583\" data-end=\"609\"><strong data-start=\"583\" data-end=\"607\">Pagrindin\u0117s savyb\u0117s:<\/strong><\/p>\n<ul data-start=\"610\" data-end=\"787\">\n<li data-start=\"610\" data-end=\"639\">\n<p data-start=\"612\" data-end=\"639\">Apsaugo nuo kar\u0161\u010dio \u017ealos<\/p>\n<\/li>\n<li data-start=\"640\" data-end=\"671\">\n<p data-start=\"642\" data-end=\"671\">Ma\u017eina plauk\u0173 elektrinim\u0105si<\/p>\n<\/li>\n<li data-start=\"672\" data-end=\"713\">\n<p data-start=\"674\" data-end=\"713\">Suteikia \u0161ilkin\u012f \u0161velnum\u0105 ir blizges\u012f<\/p>\n<\/li>\n<li data-start=\"714\" data-end=\"764\">\n<p data-start=\"716\" data-end=\"764\">Padeda i\u0161laikyti nat\u016brali\u0105 dr\u0117gm\u0117s pusiausvyr\u0105<\/p>\n<\/li>\n<li data-start=\"765\" data-end=\"787\">\n<p data-start=\"767\" data-end=\"787\">Nepasunkina plauk\u0173<\/p>\n<\/li>\n<\/ul>\n<p data-start=\"789\" data-end=\"817\"><strong data-start=\"789\" data-end=\"815\">Veikliosios med\u017eiagos:<\/strong><\/p>\n<ul data-start=\"818\" data-end=\"1210\">\n<li data-start=\"818\" data-end=\"900\">\n<p data-start=\"820\" data-end=\"900\"><strong data-start=\"820\" data-end=\"837\">Quaternium-80<\/strong> \u2013 lengvina i\u0161\u0161ukavim\u0105, ma\u017eina \u0161iau\u0161im\u0105si, spartina d\u017ei\u016bvim\u0105.<\/p>\n<\/li>\n<li data-start=\"901\" data-end=\"1010\">\n<p data-start=\"903\" data-end=\"1010\"><strong data-start=\"903\" data-end=\"927\">Hidrolizuotas \u0161ilkas<\/strong> \u2013 maitinantis japoni\u0161kas \u0161ilko proteinas su amino r\u016bg\u0161timis, dr\u0117kina ir atkuria.<\/p>\n<\/li>\n<li data-start=\"1011\" data-end=\"1115\">\n<p data-start=\"1013\" data-end=\"1115\"><strong data-start=\"1013\" data-end=\"1043\">Sodium Lateneth-40 Maleate<\/strong> \u2013 apsaugo nuo temperat\u016bros poky\u010di\u0173, padeda i\u0161laikyti tiesius plaukus.<\/p>\n<\/li>\n<li data-start=\"1116\" data-end=\"1210\">\n<p data-start=\"1118\" data-end=\"1210\"><strong data-start=\"1118\" data-end=\"1134\">Benzofenonas<\/strong> \u2013 veiksmingas UVA\/UVB saul\u0117s filtras, saugantis plauk\u0173 spalv\u0105 ir strukt\u016br\u0105.<\/p>\n<\/li>\n<\/ul>\n<p data-start=\"1212\" data-end=\"1385\"><strong data-start=\"1212\" data-end=\"1227\">Naudojimas:<\/strong><br data-start=\"1227\" data-end=\"1230\" \/>Purk\u0161kite ant dr\u0117gn\u0173 plauk\u0173 prie\u0161 d\u017eiovinim\u0105. Nor\u0117dami apsaugoti plaukus nuo tiesintuvo ar \u017enypli\u0173 \u2013 purk\u0161kite papildomai ant saus\u0173 plauk\u0173 prie\u0161 proced\u016br\u0105.<\/p>\n<p data-start=\"1387\" data-end=\"1592\"><strong data-start=\"1387\" data-end=\"1411\">YUNSEY Professionals<\/strong> \u2013 tai Ispanijoje kuriami profesional\u016bs plauk\u0173 prie\u017ei\u016bros produktai, pasi\u017eymintys auk\u0161ta kokybe ir patrauklia kaina. Pasirinkite YUNSEY \u2013 pajuskite kirpyklos kokyb\u0119 kiekvien\u0105 dien\u0105!<\/p>\n<\/div>\n<\/div>\n<\/div>\n<\/div>\n<\/div>\n<\/div>\n<\/div>\n<\/div>\n<\/article>\n","protected":false},"featured_media":14585,"comment_status":"open","ping_status":"closed","template":"","meta":[],"product_brand":[],"product_cat":[43,222],"product_tag":[],"class_list":{"0":"post-14583","1":"product","2":"type-product","3":"status-publish","4":"has-post-thumbnail","6":"product_cat-grozis","7":"product_cat-plauku-prieziuros-priemones","9":"first","10":"instock","11":"taxable","12":"shipping-taxable","13":"purchasable","14":"product-type-simple"},"_links":{"self":[{"href":"https:\/\/thequeenhouse.co.uk\/lt\/wp-json\/wp\/v2\/product\/14583","targetHints":{"allow":["GET"]}}],"collection":[{"href":"https:\/\/thequeenhouse.co.uk\/lt\/wp-json\/wp\/v2\/product"}],"about":[{"href":"https:\/\/thequeenhouse.co.uk\/lt\/wp-json\/wp\/v2\/types\/product"}],"replies":[{"embeddable":true,"href":"https:\/\/thequeenhouse.co.uk\/lt\/wp-json\/wp\/v2\/comments?post=14583"}],"wp:featuredmedia":[{"embeddable":true,"href":"https:\/\/thequeenhouse.co.uk\/lt\/wp-json\/wp\/v2\/media\/14585"}],"wp:attachment":[{"href":"https:\/\/thequeenhouse.co.uk\/lt\/wp-json\/wp\/v2\/media?parent=14583"}],"wp:term":[{"taxonomy":"product_brand","embeddable":true,"href":"https:\/\/thequeenhouse.co.uk\/lt\/wp-json\/wp\/v2\/product_brand?post=14583"},{"taxonomy":"product_cat","embeddable":true,"href":"https:\/\/thequeenhouse.co.uk\/lt\/wp-json\/wp\/v2\/product_cat?post=14583"},{"taxonomy":"product_tag","embeddable":true,"href":"https:\/\/thequeenhouse.co.uk\/lt\/wp-json\/wp\/v2\/product_tag?post=14583"}],"curies":[{"name":"wp","href":"https:\/\/api.w.org\/{rel}","templated":true}]}}