{"id":14587,"date":"2025-07-06T12:51:10","date_gmt":"2025-07-06T11:51:10","guid":{"rendered":"https:\/\/thequeenhouse.co.uk\/?post_type=product&#038;p=14587"},"modified":"2025-11-24T14:13:47","modified_gmt":"2025-11-24T13:13:47","slug":"nici-parfumuotas-skalbiklis-majeste-1000-ml-copy","status":"publish","type":"product","link":"https:\/\/thequeenhouse.co.uk\/lt\/produktas\/nici-parfumuotas-skalbiklis-majeste-1000-ml-copy\/","title":{"rendered":"NICI Parfumuotas Skalbiklis TWILIGHT BLOOM, 1000 ml"},"content":{"rendered":"<h4 data-start=\"159\" data-end=\"230\"><strong data-start=\"164\" data-end=\"230\">NICI 2in1 Parfumuotas Skalbiklis ir Mink\u0161tiklis TWILIGHT BLOOM<\/strong><\/h4>\n<p data-start=\"232\" data-end=\"523\"><strong data-start=\"232\" data-end=\"255\">NICI TWILIGHT BLOOM<\/strong> \u2013 tai dvigubo poveikio skalbimo priemon\u0117, jungianti gili\u0105 \u0161var\u0105 su prabangia parfumerija tekstilei. \u0160is <strong data-start=\"360\" data-end=\"368\">2in1<\/strong> skalbiklis ir mink\u0161tiklis efektyviai pa\u0161alina ne\u0161varumus ir d\u0117mes, kartu suteikdamas audiniams ilgai i\u0161liekant\u012f egzoti\u0161k\u0105 kvap\u0105, primenant\u012f tropik\u0173 nakt\u012f.<\/p>\n<p data-start=\"525\" data-end=\"562\"><strong data-start=\"525\" data-end=\"559\">Fermentais praturtinta formul\u0117<\/strong>:<\/p>\n<ul data-start=\"563\" data-end=\"766\">\n<li data-start=\"563\" data-end=\"612\">\n<p data-start=\"565\" data-end=\"612\">Kruop\u0161\u010diai skalbia ir i\u0161saugo audini\u0173 spalvas<\/p>\n<\/li>\n<li data-start=\"613\" data-end=\"689\">\n<p data-start=\"615\" data-end=\"689\">Mink\u0161tiklio komponentai suteikia purumo, \u0161velnumo ir palengvina lyginim\u0105<\/p>\n<\/li>\n<li data-start=\"690\" data-end=\"766\">\n<p data-start=\"692\" data-end=\"766\">Tinka vis\u0173 tip\u0173 audiniams ir tiek rankiniam, tiek automatiniam skalbimui<\/p>\n<\/li>\n<\/ul>\n<p data-start=\"768\" data-end=\"848\"><strong data-start=\"768\" data-end=\"804\">Unikalus TWILIGHT BLOOM aromatas<\/strong> \u2013 tai kvapni kelion\u0117 per tropinius sodus:<\/p>\n<ul data-start=\"849\" data-end=\"1206\">\n<li data-start=\"849\" data-end=\"1003\">\n<p data-start=\"851\" data-end=\"1003\"><strong data-start=\"851\" data-end=\"871\">Vir\u0161utin\u0117s natos<\/strong>: drakono vaisius, greipfrutas, mangas, \u0161ampanas, granatas, kriau\u0161\u0117, raudonasis apelsinas \u2013 vaisi\u0173 kokteilis su \u0161ampano elegancija<\/p>\n<\/li>\n<li data-start=\"1004\" data-end=\"1102\">\n<p data-start=\"1006\" data-end=\"1102\"><strong data-start=\"1006\" data-end=\"1025\">Vidurin\u0117s natos<\/strong>: frangipan\u0117, pasifloros \u017eiedas, hibiskas \u2013 g\u0117li\u0173 oaz\u0117 su egzoti\u0161ku saldumu<\/p>\n<\/li>\n<li data-start=\"1103\" data-end=\"1206\">\n<p data-start=\"1105\" data-end=\"1206\"><strong data-start=\"1105\" data-end=\"1122\">Bazin\u0117s natos<\/strong>: vanil\u0117, romas, cukranendr\u0117s, santalmedis \u2013 \u0161iluma, jaukumas ir medienos prabanga<\/p>\n<\/li>\n<\/ul>\n<p data-start=\"1208\" data-end=\"1232\"><strong data-start=\"1208\" data-end=\"1232\">Pagaminta Lietuvoje.<\/strong><\/p>\n<p data-start=\"1234\" data-end=\"1407\"><strong data-start=\"1234\" data-end=\"1249\">Naudojimas:<\/strong><br data-start=\"1249\" data-end=\"1252\" \/>Tinka skalbimui rankomis ir skalbimo ma\u0161inoje. Naudokite pagal dozavimo instrukcij\u0105. U\u017etikrina ilgalaik\u012f kvap\u0105, nepriekai\u0161ting\u0105 \u0161var\u0105 ir audini\u0173 mink\u0161tum\u0105.<\/p>\n","protected":false},"excerpt":{"rendered":"<div class=\"ewa-rteLine\">\n<div class=\"flex-1 overflow-hidden @container\/thread\">\n<div class=\"h-full\">\n<div class=\"react-scroll-to-bottom--css-cqnaz-79elbk h-full\">\n<div class=\"react-scroll-to-bottom--css-cqnaz-1n7m0yu\">\n<div class=\"flex flex-col text-sm md:pb-9\">\n<article class=\"w-full scroll-mb-[var(--thread-trailing-height,150px)] text-token-text-primary focus-visible:outline-2 focus-visible:outline-offset-[-4px]\" dir=\"auto\" data-testid=\"conversation-turn-153\" data-scroll-anchor=\"true\">\n<div class=\"m-auto text-base py-[18px] px-3 md:px-4 w-full md:px-5 lg:px-4 xl:px-5\">\n<div class=\"mx-auto flex flex-1 gap-4 text-base md:gap-5 lg:gap-6 md:max-w-3xl lg:max-w-[40rem] xl:max-w-[48rem]\">\n<div class=\"group\/conversation-turn relative flex w-full min-w-0 flex-col agent-turn\">\n<div class=\"flex-col gap-1 md:gap-3\">\n<div class=\"flex max-w-full flex-col flex-grow\">\n<div class=\"min-h-8 text-message flex w-full flex-col items-end gap-2 whitespace-normal break-words text-start [.text-message+&amp;]:mt-5\" dir=\"auto\" data-message-author-role=\"assistant\" data-message-id=\"76f4b7a4-55a9-404c-9681-40cb7cf93789\" data-message-model-slug=\"gpt-4o\">\n<div class=\"flex w-full flex-col gap-1 empty:hidden first:pt-[3px]\">\n<div class=\"markdown prose w-full break-words dark:prose-invert light\">\n<div class=\"ewa-rteLine\">\n<h4 data-start=\"159\" data-end=\"230\"><strong data-start=\"164\" data-end=\"230\">NICI 2in1 Parfumuotas Skalbiklis ir Mink\u0161tiklis TWILIGHT BLOOM<\/strong><\/h4>\n<p data-start=\"232\" data-end=\"523\"><strong data-start=\"232\" data-end=\"255\">NICI TWILIGHT BLOOM<\/strong> \u2013 tai dvigubo poveikio skalbimo priemon\u0117, jungianti gili\u0105 \u0161var\u0105 su prabangia parfumerija tekstilei. \u0160is <strong data-start=\"360\" data-end=\"368\">2in1<\/strong> skalbiklis ir mink\u0161tiklis efektyviai pa\u0161alina ne\u0161varumus ir d\u0117mes, kartu suteikdamas audiniams ilgai i\u0161liekant\u012f egzoti\u0161k\u0105 kvap\u0105, primenant\u012f tropik\u0173 nakt\u012f.<\/p>\n<p data-start=\"525\" data-end=\"562\"><strong data-start=\"525\" data-end=\"559\">Fermentais praturtinta formul\u0117<\/strong>:<\/p>\n<ul data-start=\"563\" data-end=\"766\">\n<li data-start=\"563\" data-end=\"612\">\n<p data-start=\"565\" data-end=\"612\">Kruop\u0161\u010diai skalbia ir i\u0161saugo audini\u0173 spalvas<\/p>\n<\/li>\n<li data-start=\"613\" data-end=\"689\">\n<p data-start=\"615\" data-end=\"689\">Mink\u0161tiklio komponentai suteikia purumo, \u0161velnumo ir palengvina lyginim\u0105<\/p>\n<\/li>\n<li data-start=\"690\" data-end=\"766\">\n<p data-start=\"692\" data-end=\"766\">Tinka vis\u0173 tip\u0173 audiniams ir tiek rankiniam, tiek automatiniam skalbimui<\/p>\n<\/li>\n<\/ul>\n<p data-start=\"768\" data-end=\"848\"><strong data-start=\"768\" data-end=\"804\">Unikalus TWILIGHT BLOOM aromatas<\/strong> \u2013 tai kvapni kelion\u0117 per tropinius sodus:<\/p>\n<ul data-start=\"849\" data-end=\"1206\">\n<li data-start=\"849\" data-end=\"1003\">\n<p data-start=\"851\" data-end=\"1003\"><strong data-start=\"851\" data-end=\"871\">Vir\u0161utin\u0117s natos<\/strong>: drakono vaisius, greipfrutas, mangas, \u0161ampanas, granatas, kriau\u0161\u0117, raudonasis apelsinas \u2013 vaisi\u0173 kokteilis su \u0161ampano elegancija<\/p>\n<\/li>\n<li data-start=\"1004\" data-end=\"1102\">\n<p data-start=\"1006\" data-end=\"1102\"><strong data-start=\"1006\" data-end=\"1025\">Vidurin\u0117s natos<\/strong>: frangipan\u0117, pasifloros \u017eiedas, hibiskas \u2013 g\u0117li\u0173 oaz\u0117 su egzoti\u0161ku saldumu<\/p>\n<\/li>\n<li data-start=\"1103\" data-end=\"1206\">\n<p data-start=\"1105\" data-end=\"1206\"><strong data-start=\"1105\" data-end=\"1122\">Bazin\u0117s natos<\/strong>: vanil\u0117, romas, cukranendr\u0117s, santalmedis \u2013 \u0161iluma, jaukumas ir medienos prabanga<\/p>\n<\/li>\n<\/ul>\n<p data-start=\"1208\" data-end=\"1232\"><strong data-start=\"1208\" data-end=\"1232\">Pagaminta Lietuvoje.<\/strong><\/p>\n<p data-start=\"1234\" data-end=\"1407\"><strong data-start=\"1234\" data-end=\"1249\">Naudojimas:<\/strong><br data-start=\"1249\" data-end=\"1252\" \/>Tinka skalbimui rankomis ir skalbimo ma\u0161inoje. Naudokite pagal dozavimo instrukcij\u0105. U\u017etikrina ilgalaik\u012f kvap\u0105, nepriekai\u0161ting\u0105 \u0161var\u0105 ir audini\u0173 mink\u0161tum\u0105.<\/p>\n<\/div>\n<\/div>\n<\/div>\n<\/div>\n<\/div>\n<\/div>\n<\/div>\n<\/div>\n<\/div>\n<\/article>\n<\/div>\n<\/div>\n<\/div>\n<\/div>\n<\/div>\n<\/div>\n","protected":false},"featured_media":14589,"comment_status":"open","ping_status":"closed","template":"","meta":[],"product_brand":[],"product_cat":[44],"product_tag":[],"class_list":{"0":"post-14587","1":"product","2":"type-product","3":"status-publish","4":"has-post-thumbnail","6":"product_cat-namams","8":"first","9":"instock","10":"sale","11":"taxable","12":"shipping-taxable","13":"purchasable","14":"product-type-simple"},"_links":{"self":[{"href":"https:\/\/thequeenhouse.co.uk\/lt\/wp-json\/wp\/v2\/product\/14587","targetHints":{"allow":["GET"]}}],"collection":[{"href":"https:\/\/thequeenhouse.co.uk\/lt\/wp-json\/wp\/v2\/product"}],"about":[{"href":"https:\/\/thequeenhouse.co.uk\/lt\/wp-json\/wp\/v2\/types\/product"}],"replies":[{"embeddable":true,"href":"https:\/\/thequeenhouse.co.uk\/lt\/wp-json\/wp\/v2\/comments?post=14587"}],"wp:featuredmedia":[{"embeddable":true,"href":"https:\/\/thequeenhouse.co.uk\/lt\/wp-json\/wp\/v2\/media\/14589"}],"wp:attachment":[{"href":"https:\/\/thequeenhouse.co.uk\/lt\/wp-json\/wp\/v2\/media?parent=14587"}],"wp:term":[{"taxonomy":"product_brand","embeddable":true,"href":"https:\/\/thequeenhouse.co.uk\/lt\/wp-json\/wp\/v2\/product_brand?post=14587"},{"taxonomy":"product_cat","embeddable":true,"href":"https:\/\/thequeenhouse.co.uk\/lt\/wp-json\/wp\/v2\/product_cat?post=14587"},{"taxonomy":"product_tag","embeddable":true,"href":"https:\/\/thequeenhouse.co.uk\/lt\/wp-json\/wp\/v2\/product_tag?post=14587"}],"curies":[{"name":"wp","href":"https:\/\/api.w.org\/{rel}","templated":true}]}}