{"id":14591,"date":"2025-07-06T13:05:33","date_gmt":"2025-07-06T12:05:33","guid":{"rendered":"https:\/\/thequeenhouse.co.uk\/?post_type=product&#038;p=14591"},"modified":"2025-07-06T13:13:44","modified_gmt":"2025-07-06T12:13:44","slug":"nici-parfumuotas-skalbiklis-cherry-velvet-elixir-1000-ml-copy-4","status":"publish","type":"product","link":"https:\/\/thequeenhouse.co.uk\/lt\/produktas\/nici-parfumuotas-skalbiklis-cherry-velvet-elixir-1000-ml-copy-4\/","title":{"rendered":"NICI Parfumuotas Skalbiklis CHERRY VELVET ELIXIR, 100ml Kelioninis"},"content":{"rendered":"<div class=\"ewa-rteLine\">\n<div class=\"ewa-rteLine\"><strong>NICI<\/strong>\u00a0parfumuotas drabu\u017ei\u0173 skalbiklis CHERRY VELVET ELIXIR\u00a0 su fermentais pa\u0161alins d\u0117mes, skalbiklio sud\u0117tyje esan\u010dios specialios med\u017eiagos pad\u0117s i\u0161saugoti audinio spalvas. Naudojant skalbikl\u012f, drabu\u017eiai nei\u0161bluks, bus \u0161var\u016bs bei maloniai kvep\u0117s. Saldus ir viliojantis kvapas. Skirtas skalbti rankomis ir automatin\u0117mis skalbimo ma\u0161inomis.<\/div>\n<div class=\"ewa-rteLine\">Be fosfat\u0173.<\/div>\n<p>Leiskite savo drabu\u017eiams atskleisti svaiginant\u012f aromato pasaul\u012f su NICI \u201eCherry Velvet Elixir\u201c. \u0160is i\u0161skirtinis parfumuotas skalbiklis ir mink\u0161tiklis suteiks J\u016bs\u0173 skalbiniams ne tik \u0161varos, bet ir nepakartojam\u0105, ilgai i\u0161liekant\u012f kvap\u0105, kuris jus u\u017eburs kiekvien\u0105 kart\u0105.<\/p>\n<p><b data-stringify-type=\"bold\">Kvapas:<\/b>\u00a0Pajuskite sodr\u0173, prinokusi\u0173 vy\u0161ni\u0173 saldum\u0105, \u0161velniai susiliejant\u012f su aksominiu, subtiliu prabangos poj\u016b\u010diu. Kvapas \u017eadina jausmus, primindamas vasaros dienas, kai oras pripildytas sald\u017ei\u0173 vaisi\u0173 aromato. Tai ne tik kvapas, tai \u2013 nuotaika, elegancija ir nepakartojamas \u0161velnumas, kuriuo nor\u0117sis m\u0117gautis kasdien.<\/p>\n<p><b data-stringify-type=\"bold\">Patirkite nepakartojam\u0105 komfort\u0105:<\/b>\u00a0\u201eCherry Velvet Elixir\u201c ne tik puikiai valo ir mink\u0161tina audinius, bet ir palieka nepakartojam\u0105 aromato \u0161leif\u0105, kuris i\u0161liks ilgai po skalbimo. Kiekvien\u0105 kart\u0105 prisilietus prie J\u016bs\u0173 drabu\u017ei\u0173, jausite, kaip jie kvepia prabanga, tarsi b\u016bt\u0173 i\u0161plauti parfumerijos meistr\u0173 rankomis.<br \/>\nSkalbimas su \u201eCherry Velvet Elixir\u201c \u2013 tai ne tik kasdien\u0117 b\u016btinyb\u0117, bet ir malonumas, kuris apsups Jus i\u0161skirtiniu, kerin\u010diu aromatu, praturtins kasdien\u0119 rutin\u0105, suteiks nauj\u0105 potyr\u012f j\u016bs\u0173 m\u0117gstamiausiems drabu\u017eiams ir patalynei.<\/p>\n<\/div>\n","protected":false},"excerpt":{"rendered":"<div class=\"ewa-rteLine\">\n<div class=\"ewa-rteLine\"><strong>NICI<\/strong>\u00a0parfumuotas drabu\u017ei\u0173 skalbiklis CHERRY VELVET ELIXIR\u00a0 su fermentais pa\u0161alins d\u0117mes, skalbiklio sud\u0117tyje esan\u010dios specialios med\u017eiagos pad\u0117s i\u0161saugoti audinio spalvas. Naudojant skalbikl\u012f, drabu\u017eiai nei\u0161bluks, bus \u0161var\u016bs bei maloniai kvep\u0117s. Saldus ir viliojantis kvapas. Skirtas skalbti rankomis ir automatin\u0117mis skalbimo ma\u0161inomis.<\/div>\n<div class=\"ewa-rteLine\">Be fosfat\u0173.<\/div>\n<p>Leiskite savo drabu\u017eiams atskleisti svaiginant\u012f aromato pasaul\u012f su NICI \u201eCherry Velvet Elixir\u201c. \u0160is i\u0161skirtinis parfumuotas skalbiklis ir mink\u0161tiklis suteiks J\u016bs\u0173 skalbiniams ne tik \u0161varos, bet ir nepakartojam\u0105, ilgai i\u0161liekant\u012f kvap\u0105, kuris jus u\u017eburs kiekvien\u0105 kart\u0105.<\/p>\n<p><b data-stringify-type=\"bold\">Kvapas:<\/b>\u00a0Pajuskite sodr\u0173, prinokusi\u0173 vy\u0161ni\u0173 saldum\u0105, \u0161velniai susiliejant\u012f su aksominiu, subtiliu prabangos poj\u016b\u010diu. Kvapas \u017eadina jausmus, primindamas vasaros dienas, kai oras pripildytas sald\u017ei\u0173 vaisi\u0173 aromato. Tai ne tik kvapas, tai \u2013 nuotaika, elegancija ir nepakartojamas \u0161velnumas, kuriuo nor\u0117sis m\u0117gautis kasdien.<\/p>\n<p><b data-stringify-type=\"bold\">Patirkite nepakartojam\u0105 komfort\u0105:<\/b>\u00a0\u201eCherry Velvet Elixir\u201c ne tik puikiai valo ir mink\u0161tina audinius, bet ir palieka nepakartojam\u0105 aromato \u0161leif\u0105, kuris i\u0161liks ilgai po skalbimo. Kiekvien\u0105 kart\u0105 prisilietus prie J\u016bs\u0173 drabu\u017ei\u0173, jausite, kaip jie kvepia prabanga, tarsi b\u016bt\u0173 i\u0161plauti parfumerijos meistr\u0173 rankomis.<br \/>\nSkalbimas su \u201eCherry Velvet Elixir\u201c \u2013 tai ne tik kasdien\u0117 b\u016btinyb\u0117, bet ir malonumas, kuris apsups Jus i\u0161skirtiniu, kerin\u010diu aromatu, praturtins kasdien\u0119 rutin\u0105, suteiks nauj\u0105 potyr\u012f j\u016bs\u0173 m\u0117gstamiausiems drabu\u017eiams ir patalynei.<\/p>\n<\/div>\n","protected":false},"featured_media":14593,"comment_status":"open","ping_status":"closed","template":"","meta":[],"product_brand":[],"product_cat":[44],"product_tag":[],"class_list":{"0":"post-14591","1":"product","2":"type-product","3":"status-publish","4":"has-post-thumbnail","6":"product_cat-namams","8":"first","9":"instock","10":"taxable","11":"shipping-taxable","12":"purchasable","13":"product-type-simple"},"_links":{"self":[{"href":"https:\/\/thequeenhouse.co.uk\/lt\/wp-json\/wp\/v2\/product\/14591","targetHints":{"allow":["GET"]}}],"collection":[{"href":"https:\/\/thequeenhouse.co.uk\/lt\/wp-json\/wp\/v2\/product"}],"about":[{"href":"https:\/\/thequeenhouse.co.uk\/lt\/wp-json\/wp\/v2\/types\/product"}],"replies":[{"embeddable":true,"href":"https:\/\/thequeenhouse.co.uk\/lt\/wp-json\/wp\/v2\/comments?post=14591"}],"wp:featuredmedia":[{"embeddable":true,"href":"https:\/\/thequeenhouse.co.uk\/lt\/wp-json\/wp\/v2\/media\/14593"}],"wp:attachment":[{"href":"https:\/\/thequeenhouse.co.uk\/lt\/wp-json\/wp\/v2\/media?parent=14591"}],"wp:term":[{"taxonomy":"product_brand","embeddable":true,"href":"https:\/\/thequeenhouse.co.uk\/lt\/wp-json\/wp\/v2\/product_brand?post=14591"},{"taxonomy":"product_cat","embeddable":true,"href":"https:\/\/thequeenhouse.co.uk\/lt\/wp-json\/wp\/v2\/product_cat?post=14591"},{"taxonomy":"product_tag","embeddable":true,"href":"https:\/\/thequeenhouse.co.uk\/lt\/wp-json\/wp\/v2\/product_tag?post=14591"}],"curies":[{"name":"wp","href":"https:\/\/api.w.org\/{rel}","templated":true}]}}