{"id":14605,"date":"2025-07-06T13:38:55","date_gmt":"2025-07-06T12:38:55","guid":{"rendered":"https:\/\/thequeenhouse.co.uk\/?post_type=product&#038;p=14605"},"modified":"2025-07-06T13:46:04","modified_gmt":"2025-07-06T12:46:04","slug":"nici-parfumuotas-skalbiklis-tobacco-100ml-kelioninis-copy","status":"publish","type":"product","link":"https:\/\/thequeenhouse.co.uk\/lt\/produktas\/nici-parfumuotas-skalbiklis-tobacco-100ml-kelioninis-copy\/","title":{"rendered":"NICI Parfumuotas Mink\u0161tiklis TOBACCO, 100ml Kelioninis"},"content":{"rendered":"<div class=\"ewa-rteLine\">\n<p><strong>Leiskite savo drabu\u017eiams skleisti rafinuot\u0105 ir svaiginant\u012f NICI Tabako aromat\u0105.<\/strong><\/p>\n<p>\u0160is i\u0161skirtinis kvepiantis mink\u0161tiklis ne tik suteikia j\u016bs\u0173 skalbiniams mink\u0161tumo ir gaivumo, bet ir pripildo juos dr\u0105siu, ilgai i\u0161liekan\u010diu kvapu, kuris spinduliuoja elegancija ir rafinuotumu kiekvien\u0105 kart\u0105 d\u0117vint.<\/p>\n<p>Pasinerkite \u012f sodrias, \u0161iltas tabako lap\u0173 natas, susipynusias su egzoti\u0161k\u0173 prieskoni\u0173 ir kremin\u0117s kakavos u\u017euominomis. Vidurin\u0117s vanil\u0117s ir tonkos pupeli\u0173 natos kuria jausming\u0105 ir rafinuot\u0105 \u0161ird\u012f, o pagrindin\u0117s d\u017eiovint\u0173 vaisi\u0173, muskuso ir kedro med\u017eio natos papildo kvap\u0105 gilumu bei prabangia \u0161iluma. Tai ne tik kvapas \u2013 tai nesenstan\u010dios elegancijos ir pasitik\u0117jimo savimi parei\u0161kimas, kuriuo nor\u0117site m\u0117gautis kasdien.<\/p>\n<p>Naudoti\u00a0<strong>NICI Tabako mink\u0161tikl\u012f<\/strong>\u00a0\u2013 tai daugiau nei kasdienis skalbimo ritualas. Tai malonumas, kuris prideda j\u016bs\u0173 gyvenimui prabangos, apgaubdamas j\u016bs\u0173 m\u0117gstamus drabu\u017eius ir patalyn\u0119 i\u0161skirtiniu, kerin\u010diu aromatu.<\/p>\n<p>Atraskite NICI Kvepian\u010dio Mink\u0161tiklio \u2013 Tabako Aromato \u017eaves\u012f ir leiskite savo skalbiniams kalb\u0117ti elegancijos kalba.<\/p>\n<\/div>\n","protected":false},"excerpt":{"rendered":"<div class=\"ewa-rteLine\">\n<div class=\"flex-1 overflow-hidden @container\/thread\">\n<div class=\"h-full\">\n<div class=\"react-scroll-to-bottom--css-cqnaz-79elbk h-full\">\n<div class=\"react-scroll-to-bottom--css-cqnaz-1n7m0yu\">\n<div class=\"flex flex-col text-sm md:pb-9\">\n<article class=\"w-full scroll-mb-[var(--thread-trailing-height,150px)] text-token-text-primary focus-visible:outline-2 focus-visible:outline-offset-[-4px]\" dir=\"auto\" data-testid=\"conversation-turn-153\" data-scroll-anchor=\"true\">\n<div class=\"m-auto text-base py-[18px] px-3 md:px-4 w-full md:px-5 lg:px-4 xl:px-5\">\n<div class=\"mx-auto flex flex-1 gap-4 text-base md:gap-5 lg:gap-6 md:max-w-3xl lg:max-w-[40rem] xl:max-w-[48rem]\">\n<div class=\"group\/conversation-turn relative flex w-full min-w-0 flex-col agent-turn\">\n<div class=\"flex-col gap-1 md:gap-3\">\n<div class=\"flex max-w-full flex-col flex-grow\">\n<div class=\"min-h-8 text-message flex w-full flex-col items-end gap-2 whitespace-normal break-words text-start [.text-message+&amp;]:mt-5\" dir=\"auto\" data-message-author-role=\"assistant\" data-message-id=\"76f4b7a4-55a9-404c-9681-40cb7cf93789\" data-message-model-slug=\"gpt-4o\">\n<div class=\"flex w-full flex-col gap-1 empty:hidden first:pt-[3px]\">\n<div class=\"markdown prose w-full break-words dark:prose-invert light\">\n<div class=\"ewa-rteLine\">\n<div class=\"ewa-rteLine\">\n<div class=\"ewa-rteLine\">\n<p><strong>NICI Kvepiantis Drabu\u017ei\u0173 Mink\u0161tiklis \u2013 Tabako Aromatas<\/strong><\/p>\n<p><strong>NICI mink\u0161tiklis<\/strong>\u00a0ne tik mink\u0161tina j\u016bs\u0173 drabu\u017eius, bet ir apgaubia juos prabangiu, dr\u0105siu bei i\u0161skirtiniu aromatu. Sukurtas naudoti paskutiniam skalbimo etapui, \u0161is auk\u0161\u010diausios kokyb\u0117s mink\u0161tiklis suteikia audiniams rafinuot\u0105 kvap\u0105, kuris i\u0161lieka ilgai po skalbimo.<\/p>\n<h3><strong>NICI Tabako Kvapo Natos:<\/strong><\/h3>\n<ul>\n<li><strong>Vir\u0161utin\u0117s natos:<\/strong>\u00a0Tabako lapai, prieskoniai, kakava<\/li>\n<li><strong>Vidurin\u0117s natos:<\/strong>\u00a0Vanil\u0117, tonkos pupel\u0117s, tabako d\u016bmeliai<\/li>\n<li><strong>Pagrindin\u0117s natos:<\/strong>\u00a0Muskusas, d\u017eiovinti vaisiai, kedro medis<\/li>\n<\/ul>\n<p>Leiskite savo drabu\u017eiams skleisti rafinuot\u0105 ir svaiginant\u012f\u00a0<strong>NICI Tabako<\/strong>\u00a0aromat\u0105. \u0160is i\u0161skirtinis kvepiantis mink\u0161tiklis ne tik suteikia drabu\u017eiams mink\u0161tumo ir gaivumo, bet ir pripildo juos dr\u0105siu, ilgai i\u0161liekan\u010diu kvapu, kuris spinduliuoja elegancija ir rafinuotumu kiekvien\u0105 kart\u0105 d\u0117vint.<\/p>\n<h3><strong>Kvapo Potyris:<\/strong><\/h3>\n<p>Pasinerkite \u012f sodrias ir \u0161iltas tabako lap\u0173 natas, praturtintas egzoti\u0161kais prieskoniais bei \u0161velnia kakavos u\u017euomina. Vidurin\u0117s vanil\u0117s ir tonkos pupeli\u0173 natos kuria jausming\u0105 ir rafinuot\u0105 kvapo \u0161ird\u012f, o d\u017eiovinti vaisiai, muskusas ir kedro medis papildo gilumu bei prabangia \u0161iluma. Tai ne tik kvapas \u2013 tai nesenstan\u010dios elegancijos ir pasitik\u0117jimo parei\u0161kimas, kur\u012f nor\u0117site jausti kasdien.<\/p>\n<p><strong>Pagaminta Lietuvoje.<\/strong><\/p>\n<\/div>\n<p>Ingridientai: 5-15 % anijonini\u0173 aktyvi\u0173j\u0173 pavir\u0161iaus med\u017eiag\u0173, 5-15 % nejonini\u0173 aktyvi\u0173j\u0173 pavir\u0161iaus med\u017eiag\u0173, &lt; 5 %<br \/>\nmuilo, tul\u017eis, fermentai, konservantas, fenoksietanolis, butilbenzisotiazolonas, laurilaminas<br \/>\nDipropilendiaminas, kvapioji med\u017eiaga, Cinnamal, Citrus Aurantium Bergamia \u017eieveli\u0173 aliejus, Kumarinas,<br \/>\nEugenolis, eugenilo acetatas.<\/p>\n<\/div>\n<div class=\"ewa-rteLine\">\n<p><strong>NICI tabako kvapo natos:<\/strong><\/p>\n<ul>\n<li><strong>Vir\u0161utin\u0117s natos<\/strong>: Tabako lapai, prieskoniai, kakava<\/li>\n<li><strong>Vidurin\u0117s natos<\/strong>: Vanil\u0117, tonkos pupel\u0117s, tabako d\u016bmeliai<\/li>\n<li><strong>Pagrindin\u0117s natos<\/strong>: D\u017eiovinti vaisiai, medienos natos<\/li>\n<\/ul>\n<\/div>\n<div>\n<p>&nbsp;<\/p>\n<p>Tabako kvapas NICI kvepian\u010diame skalbini\u0173 ploviklyje yra ne tik aromatas \u2013 tai parei\u0161kimas. \u012esivaizduokite, kaip atidarote savo spint\u0105 ir jus pasitinka \u0161iltas, jaukus prieskoni\u0173, kakavos ir medienos aromatas, primenantis jaukias vakarones ir nesenstan\u010di\u0105 elegancij\u0105. Tai daugiau nei tiesiog \u0161var\u016bs skalbiniai \u2013 tai malonumas j\u016bs\u0173 poj\u016b\u010diams.<\/p>\n<p><strong>Pasinerkite \u012f prabangi\u0105 NICI tabako aromato skalbimo patirt\u012f \u0161iandien ir suteikite savo skalbiniams dr\u0105s\u0173, nepamir\u0161tam\u0105 kvap\u0105. Pirkite dabar ir kiekvien\u0105 skalbim\u0105 paverskite prabangos potyriu!<\/strong><\/p>\n<\/div>\n<p><strong>Pagaminta Lietuvoje.<\/strong><\/p>\n<p>Ingridientai: 5-15 % anijonini\u0173 aktyvi\u0173j\u0173 pavir\u0161iaus med\u017eiag\u0173, 5-15 % nejonini\u0173 aktyvi\u0173j\u0173 pavir\u0161iaus med\u017eiag\u0173, &lt; 5 %<br \/>\nmuilo, tul\u017eis, fermentai, konservantas, Phenoxyethanol, Butylbenzisothiazolone, Laurylamine<br \/>\nDipropylenediamine, kvapioji med\u017eiaga, Cinnamal, Citrus Aurantium Bergamia Peel Oil, Coumarin,<br \/>\nEugenol, Eugenyl Acetate.<\/p>\n<p>&nbsp;<\/p>\n<\/div>\n<div><\/div>\n<div class=\"ewa-rteLine\">\n<p><strong>NICI tabako kvapo natos:<\/strong><\/p>\n<ul>\n<li><strong>Vir\u0161utin\u0117s natos<\/strong>: Tabako lapai, prieskoniai, kakava<\/li>\n<li><strong>Vidurin\u0117s natos<\/strong>: Vanil\u0117, tonkos pupel\u0117s, tabako d\u016bmeliai<\/li>\n<li><strong>Pagrindin\u0117s natos<\/strong>: D\u017eiovinti vaisiai, medienos natos<\/li>\n<\/ul>\n<\/div>\n<div>\n<p>&nbsp;<\/p>\n<p>Tabako kvapas NICI kvepian\u010diame skalbini\u0173 ploviklyje yra ne tik aromatas \u2013 tai parei\u0161kimas. \u012esivaizduokite, kaip atidarote savo spint\u0105 ir jus pasitinka \u0161iltas, jaukus prieskoni\u0173, kakavos ir medienos aromatas, primenantis jaukias vakarones ir nesenstan\u010di\u0105 elegancij\u0105. Tai daugiau nei tiesiog \u0161var\u016bs skalbiniai \u2013 tai malonumas j\u016bs\u0173 poj\u016b\u010diams.<\/p>\n<p><strong>Pasinerkite \u012f prabangi\u0105 NICI tabako aromato skalbimo patirt\u012f \u0161iandien ir suteikite savo skalbiniams dr\u0105s\u0173, nepamir\u0161tam\u0105 kvap\u0105. Pirkite dabar ir kiekvien\u0105 skalbim\u0105 paverskite prabangos potyriu!<\/strong><\/p>\n<\/div>\n<p style=\"font-weight: 400;\"><strong>Pagaminta Lietuvoje.<\/strong><\/p>\n<p>Ingridientai: 5-15 % anijonini\u0173 aktyvi\u0173j\u0173 pavir\u0161iaus med\u017eiag\u0173, 5-15 % nejonini\u0173 aktyvi\u0173j\u0173 pavir\u0161iaus med\u017eiag\u0173, &lt; 5 %<br \/>\nmuilo, tul\u017eis, fermentai, konservantas, Phenoxyethanol, Butylbenzisothiazolone, Laurylamine<br \/>\nDipropylenediamine, kvapioji med\u017eiaga, Cinnamal, Citrus Aurantium Bergamia Peel Oil, Coumarin,<br \/>\nEugenol, Eugenyl Acetate.<\/p>\n<p>&nbsp;<\/p>\n<p>&nbsp;<\/p>\n<\/div>\n<\/div>\n<\/div>\n<\/div>\n<\/div>\n<\/div>\n<\/div>\n<\/div>\n<\/article>\n<\/div>\n<\/div>\n<\/div>\n<\/div>\n<\/div>\n<\/div>\n","protected":false},"featured_media":14607,"comment_status":"open","ping_status":"closed","template":"","meta":[],"product_brand":[],"product_cat":[44],"product_tag":[],"class_list":{"0":"post-14605","1":"product","2":"type-product","3":"status-publish","4":"has-post-thumbnail","6":"product_cat-namams","8":"first","9":"instock","10":"taxable","11":"shipping-taxable","12":"purchasable","13":"product-type-simple"},"_links":{"self":[{"href":"https:\/\/thequeenhouse.co.uk\/lt\/wp-json\/wp\/v2\/product\/14605","targetHints":{"allow":["GET"]}}],"collection":[{"href":"https:\/\/thequeenhouse.co.uk\/lt\/wp-json\/wp\/v2\/product"}],"about":[{"href":"https:\/\/thequeenhouse.co.uk\/lt\/wp-json\/wp\/v2\/types\/product"}],"replies":[{"embeddable":true,"href":"https:\/\/thequeenhouse.co.uk\/lt\/wp-json\/wp\/v2\/comments?post=14605"}],"wp:featuredmedia":[{"embeddable":true,"href":"https:\/\/thequeenhouse.co.uk\/lt\/wp-json\/wp\/v2\/media\/14607"}],"wp:attachment":[{"href":"https:\/\/thequeenhouse.co.uk\/lt\/wp-json\/wp\/v2\/media?parent=14605"}],"wp:term":[{"taxonomy":"product_brand","embeddable":true,"href":"https:\/\/thequeenhouse.co.uk\/lt\/wp-json\/wp\/v2\/product_brand?post=14605"},{"taxonomy":"product_cat","embeddable":true,"href":"https:\/\/thequeenhouse.co.uk\/lt\/wp-json\/wp\/v2\/product_cat?post=14605"},{"taxonomy":"product_tag","embeddable":true,"href":"https:\/\/thequeenhouse.co.uk\/lt\/wp-json\/wp\/v2\/product_tag?post=14605"}],"curies":[{"name":"wp","href":"https:\/\/api.w.org\/{rel}","templated":true}]}}