{"id":14667,"date":"2025-08-01T13:30:27","date_gmt":"2025-08-01T12:30:27","guid":{"rendered":"https:\/\/thequeenhouse.co.uk\/?post_type=product&#038;p=14667"},"modified":"2025-11-24T14:13:37","modified_gmt":"2025-11-24T13:13:37","slug":"ismanusis-3-in-1-odos-testeris","status":"publish","type":"product","link":"https:\/\/thequeenhouse.co.uk\/lt\/produktas\/ismanusis-3-in-1-odos-testeris\/","title":{"rendered":"I\u0161manusis 3-in-1 odos testeris"},"content":{"rendered":"<div>Atrask savo odos paslaptis vos per kelias sekundes! \u0160is kompakti\u0161kas ir modernus prietaisas leis tau profesionaliai pri\u017ei\u016br\u0117ti od\u0105 namuose.<\/div>\n<div><\/div>\n<div>\u2714 Matuoja odos dr\u0117gm\u0119 \u2013 su\u017einok, ar tavo oda pakankamai sudr\u0117kinta.<\/div>\n<div>\u2714 Patikrina riebal\u0173 balans\u0105 \u2013 padeda palaikyti sveik\u0105 odos b\u016bkl\u0119.<\/div>\n<div>\u2714 Nustato elastingum\u0105 \u2013 steb\u0117k jaunatvi\u0161k\u0105 odos b\u016bkl\u0119.<\/div>\n<div>\u2714 Fluorescencini\u0173 med\u017eiag\u0173 aptikimas \u2013 patikrink savo kosmetikos saugum\u0105.<\/div>\n<div><\/div>\n<div>\ud83d\udc8e Privalumai:<\/div>\n<div>\u2022Greitas ir tikslus rezultatas vienu paspaudimu<\/div>\n<div>\u2022Patogus LCD ekranas su ai\u0161kiais rodmenimis<\/div>\n<div>\u2022Kompakti\u0161kas, lengvai telpantis \u012f rankin\u0119<\/div>\n<div>\u2022Puikiai tinka tiek profesionaliam naudojimui, tiek asmeninei prie\u017ei\u016brai<\/div>\n<div><\/div>\n<div>\ud83d\udc49 Su\u017einok, ko reikia tavo odai, ir pasir\u016bpink ja tinkamiausiu b\u016bdu!<\/div>\n","protected":false},"excerpt":{"rendered":"<div>Atrask savo odos paslaptis vos per kelias sekundes! \u0160is kompakti\u0161kas ir modernus prietaisas leis tau profesionaliai pri\u017ei\u016br\u0117ti od\u0105 namuose.<\/div>\n<div><\/div>\n<div>\u2714 Matuoja odos dr\u0117gm\u0119 \u2013 su\u017einok, ar tavo oda pakankamai sudr\u0117kinta.<\/div>\n<div>\u2714 Patikrina riebal\u0173 balans\u0105 \u2013 padeda palaikyti sveik\u0105 odos b\u016bkl\u0119.<\/div>\n<div>\u2714 Nustato elastingum\u0105 \u2013 steb\u0117k jaunatvi\u0161k\u0105 odos b\u016bkl\u0119.<\/div>\n<div>\u2714 Fluorescencini\u0173 med\u017eiag\u0173 aptikimas \u2013 patikrink savo kosmetikos saugum\u0105.<\/div>\n<div><\/div>\n<div>\ud83d\udc8e Privalumai:<\/div>\n<div>\u2022Greitas ir tikslus rezultatas vienu paspaudimu<\/div>\n<div>\u2022Patogus LCD ekranas su ai\u0161kiais rodmenimis<\/div>\n<div>\u2022Kompakti\u0161kas, lengvai telpantis \u012f rankin\u0119<\/div>\n<div>\u2022Puikiai tinka tiek profesionaliam naudojimui, tiek asmeninei prie\u017ei\u016brai<\/div>\n<div><\/div>\n<div>\ud83d\udc49 Su\u017einok, ko reikia tavo odai, ir pasir\u016bpink ja tinkamiausiu b\u016bdu!<\/div>\n","protected":false},"featured_media":14666,"comment_status":"open","ping_status":"closed","template":"","meta":[],"product_brand":[],"product_cat":[43,236,212],"product_tag":[],"class_list":{"0":"post-14667","1":"product","2":"type-product","3":"status-publish","4":"has-post-thumbnail","6":"product_cat-grozis","7":"product_cat-populiaru","8":"product_cat-veido-prieziuros-priemones","10":"first","11":"outofstock","12":"taxable","13":"shipping-taxable","14":"purchasable","15":"product-type-simple"},"_links":{"self":[{"href":"https:\/\/thequeenhouse.co.uk\/lt\/wp-json\/wp\/v2\/product\/14667","targetHints":{"allow":["GET"]}}],"collection":[{"href":"https:\/\/thequeenhouse.co.uk\/lt\/wp-json\/wp\/v2\/product"}],"about":[{"href":"https:\/\/thequeenhouse.co.uk\/lt\/wp-json\/wp\/v2\/types\/product"}],"replies":[{"embeddable":true,"href":"https:\/\/thequeenhouse.co.uk\/lt\/wp-json\/wp\/v2\/comments?post=14667"}],"wp:featuredmedia":[{"embeddable":true,"href":"https:\/\/thequeenhouse.co.uk\/lt\/wp-json\/wp\/v2\/media\/14666"}],"wp:attachment":[{"href":"https:\/\/thequeenhouse.co.uk\/lt\/wp-json\/wp\/v2\/media?parent=14667"}],"wp:term":[{"taxonomy":"product_brand","embeddable":true,"href":"https:\/\/thequeenhouse.co.uk\/lt\/wp-json\/wp\/v2\/product_brand?post=14667"},{"taxonomy":"product_cat","embeddable":true,"href":"https:\/\/thequeenhouse.co.uk\/lt\/wp-json\/wp\/v2\/product_cat?post=14667"},{"taxonomy":"product_tag","embeddable":true,"href":"https:\/\/thequeenhouse.co.uk\/lt\/wp-json\/wp\/v2\/product_tag?post=14667"}],"curies":[{"name":"wp","href":"https:\/\/api.w.org\/{rel}","templated":true}]}}