{"id":14738,"date":"2025-09-22T12:30:29","date_gmt":"2025-09-22T11:30:29","guid":{"rendered":"https:\/\/thequeenhouse.co.uk\/?post_type=product&#038;p=14738"},"modified":"2025-09-22T12:39:19","modified_gmt":"2025-09-22T11:39:19","slug":"ismanusis-3-in-1-odos-testeris-copy","status":"publish","type":"product","link":"https:\/\/thequeenhouse.co.uk\/lt\/produktas\/ismanusis-3-in-1-odos-testeris-copy\/","title":{"rendered":"Infraraudon\u0173j\u0173 Spinduli\u0173 Skalpo Masa\u017euoklis &#8211; su serumo \u012fvedimo funkcija"},"content":{"rendered":"<p data-start=\"1840\" data-end=\"1872\">\u2728 <strong data-start=\"1842\" data-end=\"1870\">Pagrindiniai privalumai:<\/strong><\/p>\n<ul data-start=\"1873\" data-end=\"2658\">\n<li data-start=\"1873\" data-end=\"2069\">\n<p data-start=\"1875\" data-end=\"2069\"><strong data-start=\"1875\" data-end=\"1911\">630nm infraraudonieji spinduliai<\/strong> \u2013 pasiekia 3\u20135 mm gyl\u012f, aktyvina plauk\u0173 folikul\u0173 \u0161aknis, gerina mikrocirkuliacij\u0105, balansuoja dr\u0117gm\u0117s ir riebal\u0173 pusiausvyr\u0105, stiprina galvos odos aplink\u0105.<\/p>\n<\/li>\n<li data-start=\"2070\" data-end=\"2258\">\n<p data-start=\"2072\" data-end=\"2258\"><strong data-start=\"2072\" data-end=\"2125\">72 masa\u017euojantys dantukai su \u201eGuide Ball\u201c sistema<\/strong> \u2013 \u0161velniai masa\u017euoja skalp\u0105, tolygiai paskirsto serum\u0105, u\u017etikrina efektyv\u0173 \u012fsisavinim\u0105 be lipnumo, riebumo ar priemon\u0117s \u0161vaistymo.<\/p>\n<\/li>\n<li data-start=\"2259\" data-end=\"2408\">\n<p data-start=\"2261\" data-end=\"2408\"><strong data-start=\"2261\" data-end=\"2288\">Serumo \u012fvedimo funkcija<\/strong> \u2013 leid\u017eia tiesiogiai u\u017ela\u0161inti biotinu, keratinu ar vitaminais praturtint\u0105 serum\u0105 ir \u012fvesti j\u012f gilyn \u012f plauk\u0173 \u0161aknis.<\/p>\n<\/li>\n<li data-start=\"2409\" data-end=\"2549\">\n<p data-start=\"2411\" data-end=\"2549\"><strong data-start=\"2411\" data-end=\"2431\">Gilus maitinimas<\/strong> \u2013 aktyvina ir stiprina plauk\u0173 folikulus, padeda ma\u017einti plauk\u0173 slinkim\u0105 bei skatina ve\u0161li\u0173 ir tanki\u0173 plauk\u0173 augim\u0105.<\/p>\n<\/li>\n<li data-start=\"2550\" data-end=\"2658\">\n<p data-start=\"2552\" data-end=\"2658\"><strong data-start=\"2552\" data-end=\"2580\">Atpalaiduojantis masa\u017eas<\/strong> \u2013 ma\u017eina \u012ftamp\u0105, gerina kraujotak\u0105 ir suteikia maloni\u0105 SPA patirt\u012f namuose.<\/p>\n<\/li>\n<\/ul>\n<p data-start=\"2660\" data-end=\"2785\">\u0160is inovatyvus prietaisas yra idealus pasirinkimas kiekvienam, kuris siekia <strong data-start=\"2736\" data-end=\"2782\">sveikesni\u0173, tankesni\u0173 ir stipresni\u0173 plauk\u0173<\/strong>.<\/p>\n","protected":false},"excerpt":{"rendered":"<p data-start=\"1585\" data-end=\"1838\">Pasiekite profesionalius plauk\u0173 prie\u017ei\u016bros rezultatus namuose su <strong data-start=\"1650\" data-end=\"1697\">infraraudon\u0173j\u0173 spinduli\u0173 skalpo masa\u017euokliu<\/strong> \u2013 daugiafunkciu prietaisu, skirtu <strong data-start=\"1732\" data-end=\"1835\">plauk\u0173 augimui skatinti, galvos odos sveikatai gerinti ir serum\u0173 \u012fsisavinimui maksimaliai padidinti<\/strong>.<\/p>\n<p data-start=\"1840\" data-end=\"1872\">\u2728 <strong data-start=\"1842\" data-end=\"1870\">Pagrindiniai privalumai:<\/strong><\/p>\n<ul data-start=\"1873\" data-end=\"2658\">\n<li data-start=\"1873\" data-end=\"2069\">\n<p data-start=\"1875\" data-end=\"2069\"><strong data-start=\"1875\" data-end=\"1911\">630nm infraraudonieji spinduliai<\/strong> \u2013 pasiekia 3\u20135 mm gyl\u012f, aktyvina plauk\u0173 folikul\u0173 \u0161aknis, gerina mikrocirkuliacij\u0105, balansuoja dr\u0117gm\u0117s ir riebal\u0173 pusiausvyr\u0105, stiprina galvos odos aplink\u0105.<\/p>\n<\/li>\n<li data-start=\"2070\" data-end=\"2258\">\n<p data-start=\"2072\" data-end=\"2258\"><strong data-start=\"2072\" data-end=\"2125\">72 masa\u017euojantys dantukai su \u201eGuide Ball\u201c sistema<\/strong> \u2013 \u0161velniai masa\u017euoja skalp\u0105, tolygiai paskirsto serum\u0105, u\u017etikrina efektyv\u0173 \u012fsisavinim\u0105 be lipnumo, riebumo ar priemon\u0117s \u0161vaistymo.<\/p>\n<\/li>\n<li data-start=\"2259\" data-end=\"2408\">\n<p data-start=\"2261\" data-end=\"2408\"><strong data-start=\"2261\" data-end=\"2288\">Serumo \u012fvedimo funkcija<\/strong> \u2013 leid\u017eia tiesiogiai u\u017ela\u0161inti biotinu, keratinu ar vitaminais praturtint\u0105 serum\u0105 ir \u012fvesti j\u012f gilyn \u012f plauk\u0173 \u0161aknis.<\/p>\n<\/li>\n<li data-start=\"2409\" data-end=\"2549\">\n<p data-start=\"2411\" data-end=\"2549\"><strong data-start=\"2411\" data-end=\"2431\">Gilus maitinimas<\/strong> \u2013 aktyvina ir stiprina plauk\u0173 folikulus, padeda ma\u017einti plauk\u0173 slinkim\u0105 bei skatina ve\u0161li\u0173 ir tanki\u0173 plauk\u0173 augim\u0105.<\/p>\n<\/li>\n<li data-start=\"2550\" data-end=\"2658\">\n<p data-start=\"2552\" data-end=\"2658\"><strong data-start=\"2552\" data-end=\"2580\">Atpalaiduojantis masa\u017eas<\/strong> \u2013 ma\u017eina \u012ftamp\u0105, gerina kraujotak\u0105 ir suteikia maloni\u0105 SPA patirt\u012f namuose.<\/p>\n<\/li>\n<\/ul>\n<p data-start=\"2660\" data-end=\"2785\">\u0160is inovatyvus prietaisas yra idealus pasirinkimas kiekvienam, kuris siekia <strong data-start=\"2736\" data-end=\"2782\">sveikesni\u0173, tankesni\u0173 ir stipresni\u0173 plauk\u0173<\/strong>.<\/p>\n","protected":false},"featured_media":14750,"comment_status":"open","ping_status":"closed","template":"","meta":[],"product_brand":[],"product_cat":[43,222,236],"product_tag":[],"class_list":{"0":"post-14738","1":"product","2":"type-product","3":"status-publish","4":"has-post-thumbnail","6":"product_cat-grozis","7":"product_cat-plauku-prieziuros-priemones","8":"product_cat-populiaru","10":"first","11":"instock","12":"taxable","13":"shipping-taxable","14":"purchasable","15":"product-type-simple"},"_links":{"self":[{"href":"https:\/\/thequeenhouse.co.uk\/lt\/wp-json\/wp\/v2\/product\/14738","targetHints":{"allow":["GET"]}}],"collection":[{"href":"https:\/\/thequeenhouse.co.uk\/lt\/wp-json\/wp\/v2\/product"}],"about":[{"href":"https:\/\/thequeenhouse.co.uk\/lt\/wp-json\/wp\/v2\/types\/product"}],"replies":[{"embeddable":true,"href":"https:\/\/thequeenhouse.co.uk\/lt\/wp-json\/wp\/v2\/comments?post=14738"}],"wp:featuredmedia":[{"embeddable":true,"href":"https:\/\/thequeenhouse.co.uk\/lt\/wp-json\/wp\/v2\/media\/14750"}],"wp:attachment":[{"href":"https:\/\/thequeenhouse.co.uk\/lt\/wp-json\/wp\/v2\/media?parent=14738"}],"wp:term":[{"taxonomy":"product_brand","embeddable":true,"href":"https:\/\/thequeenhouse.co.uk\/lt\/wp-json\/wp\/v2\/product_brand?post=14738"},{"taxonomy":"product_cat","embeddable":true,"href":"https:\/\/thequeenhouse.co.uk\/lt\/wp-json\/wp\/v2\/product_cat?post=14738"},{"taxonomy":"product_tag","embeddable":true,"href":"https:\/\/thequeenhouse.co.uk\/lt\/wp-json\/wp\/v2\/product_tag?post=14738"}],"curies":[{"name":"wp","href":"https:\/\/api.w.org\/{rel}","templated":true}]}}