{"id":14760,"date":"2025-09-23T20:37:18","date_gmt":"2025-09-23T19:37:18","guid":{"rendered":"https:\/\/thequeenhouse.co.uk\/?post_type=product&#038;p=14760"},"modified":"2025-09-23T21:16:28","modified_gmt":"2025-09-23T20:16:28","slug":"infraraudonuju-spinduliu-skalpo-masazuoklis-su-serumo-ivedimo-funkcija-copy","status":"publish","type":"product","link":"https:\/\/thequeenhouse.co.uk\/lt\/produktas\/infraraudonuju-spinduliu-skalpo-masazuoklis-su-serumo-ivedimo-funkcija-copy\/","title":{"rendered":"Veido Prie\u017ei\u016bros rinkinys &#8211; ,,BioCu2 GLOW\u2019\u2019"},"content":{"rendered":"<p>Suteikite savo odai ilgalaik\u0117s dr\u0117gm\u0117s ir apsaugos su <strong data-start=\"383\" data-end=\"410\">Biodance Gel Toner Pads<\/strong> \u2013 inovatyviais geliniais padeliais, sukurtais sausai, jautriai ar sudirgusiai odai. \u0160ie padeliai puikiai tinka kasdieniam naudojimui ir veikia kaip intensyviai dr\u0117kinantis bei raminantis tonikas be joki\u0173 papildom\u0173 \u017eingsni\u0173.<\/p>\n<p><strong data-start=\"0\" data-end=\"23\"><br \/>\nBlue copper peptide<\/strong> (liet. <em data-start=\"31\" data-end=\"57\">m\u0117lynasis vario peptidas<\/em>) \u2013 tai junginys, susidedantis i\u0161 <strong data-start=\"91\" data-end=\"105\">vario (Cu)<\/strong> elemento ir ma\u017e\u0173 baltym\u0173 grandin\u0117li\u0173, vadinam\u0173 <strong data-start=\"153\" data-end=\"166\">peptidais<\/strong>. Tiksliau \u2013 tai da\u017eniausiai <strong data-start=\"195\" data-end=\"205\">GHK-Cu<\/strong> (Glicil-L-histidil-L-lizinas su vario jonais) kompleksas, nat\u016braliai aptinkamas \u017emogaus organizme, bet senstant jo kiekis ma\u017e\u0117ja.<\/p>\n","protected":false},"excerpt":{"rendered":"<p>Ie\u0161kai ypatingos dovanos sau, artimiesiems ar draugams?<\/p>\n<p>\u201eGlow\u201c veido prie\u017ei\u016bros rinkinys \u2013 tai daugiau nei gro\u017eio priemon\u0117s. Tai akimirka pasir\u016bpinti savo oda, pasilepinti ir pasijausti ypatingai.<\/p>\n<p>Rinkinyje:<br \/>\n\u2022 Biodance hialurono dr\u0117kinamieji veido padeliai \u2013 intensyvus dr\u0117kinimas ir gaivus spindesys.<br \/>\n\u2022 Cu2 veido kremas su m\u0117lynaisiais vario peptidais \u2013 elastinga, skaisti ir gyvybinga oda.<\/p>\n<p>\u2728 \u0160ventinis pakavimas visi\u0161kai NEMOKAMAI \u2013 beliks tik padovanoti!<\/p>\n<p>Padovanok savo artimiesiems \u0161vyt\u0117jim\u0105 ir maloni\u0105 sav\u0119s prie\u017ei\u016bros akimirk\u0105.<\/p>\n<p><b>\u0160VENTINIS PAKAVIMAS GALI SKIRTIS NEI PAVAIZDUOTAS NUOTRAUKOJE<\/b><\/p>\n","protected":false},"featured_media":14764,"comment_status":"open","ping_status":"closed","template":"","meta":[],"product_brand":[],"product_cat":[174,178],"product_tag":[],"class_list":{"0":"post-14760","1":"product","2":"type-product","3":"status-publish","4":"has-post-thumbnail","6":"product_cat-christmas-lt","7":"product_cat-sets-lt","9":"first","10":"instock","11":"taxable","12":"shipping-taxable","13":"purchasable","14":"product-type-simple"},"_links":{"self":[{"href":"https:\/\/thequeenhouse.co.uk\/lt\/wp-json\/wp\/v2\/product\/14760","targetHints":{"allow":["GET"]}}],"collection":[{"href":"https:\/\/thequeenhouse.co.uk\/lt\/wp-json\/wp\/v2\/product"}],"about":[{"href":"https:\/\/thequeenhouse.co.uk\/lt\/wp-json\/wp\/v2\/types\/product"}],"replies":[{"embeddable":true,"href":"https:\/\/thequeenhouse.co.uk\/lt\/wp-json\/wp\/v2\/comments?post=14760"}],"wp:featuredmedia":[{"embeddable":true,"href":"https:\/\/thequeenhouse.co.uk\/lt\/wp-json\/wp\/v2\/media\/14764"}],"wp:attachment":[{"href":"https:\/\/thequeenhouse.co.uk\/lt\/wp-json\/wp\/v2\/media?parent=14760"}],"wp:term":[{"taxonomy":"product_brand","embeddable":true,"href":"https:\/\/thequeenhouse.co.uk\/lt\/wp-json\/wp\/v2\/product_brand?post=14760"},{"taxonomy":"product_cat","embeddable":true,"href":"https:\/\/thequeenhouse.co.uk\/lt\/wp-json\/wp\/v2\/product_cat?post=14760"},{"taxonomy":"product_tag","embeddable":true,"href":"https:\/\/thequeenhouse.co.uk\/lt\/wp-json\/wp\/v2\/product_tag?post=14760"}],"curies":[{"name":"wp","href":"https:\/\/api.w.org\/{rel}","templated":true}]}}