{"id":14768,"date":"2025-09-23T21:26:11","date_gmt":"2025-09-23T20:26:11","guid":{"rendered":"https:\/\/thequeenhouse.co.uk\/?post_type=product&#038;p=14768"},"modified":"2025-09-23T21:36:27","modified_gmt":"2025-09-23T20:36:27","slug":"veido-prieziuros-rinkinys-biocu2-glow-copy-2","status":"publish","type":"product","link":"https:\/\/thequeenhouse.co.uk\/lt\/produktas\/veido-prieziuros-rinkinys-biocu2-glow-copy-2\/","title":{"rendered":"Veido Prie\u017ei\u016bros rinkinys &#8211; ,,BioCu2 GLOW\u2019\u2019"},"content":{"rendered":"<p><strong data-start=\"389\" data-end=\"425\">Biodance Collagen Gel Toner Pads<\/strong> \u2013 tai i\u0161manios formul\u0117s toniko padeliai, sukurti kasdieniam naudojimui, kurie vienu metu <strong data-start=\"515\" data-end=\"526\">dr\u0117kina<\/strong>, <strong data-start=\"528\" data-end=\"552\">kovoja su rauk\u0161l\u0117mis<\/strong>, <strong data-start=\"554\" data-end=\"570\">ma\u017eina poras<\/strong>, <strong data-start=\"572\" data-end=\"599\">stiprina odos stangrum\u0105<\/strong> ir <strong data-start=\"603\" data-end=\"621\">ramina raudon\u012f<\/strong>.<\/p>\n<p data-start=\"264\" data-end=\"640\">Atraskite auk\u0161tos kokyb\u0117s odos prie\u017ei\u016br\u0105 su <strong data-start=\"308\" data-end=\"344\">Biodance Collagen Gel Toner Pads<\/strong> \u2013 tai inovatyv\u016bs toniko padeliai, sukurti odos atgaivinimui, dr\u0117kinimui ir atjauninimui. \u0160i pa\u017eangi formul\u0117, praturtinta <strong data-start=\"466\" data-end=\"508\">ultra \u017eemos molekulin\u0117s mas\u0117s j\u016briniu kolagenu<\/strong>, <strong data-start=\"510\" data-end=\"538\">oligo hialurono r\u016bg\u0161timi<\/strong> ir <strong data-start=\"542\" data-end=\"576\">Galactomyces fermento filtratu<\/strong>, veikia giliai \u2013 atkuria odos elastingum\u0105, skaistum\u0105 ir tonus\u0105.<\/p>\n<p><strong data-start=\"0\" data-end=\"23\"><br \/>\nBlue copper peptide<\/strong> (liet. <em data-start=\"31\" data-end=\"57\">m\u0117lynasis vario peptidas<\/em>) \u2013 tai junginys, susidedantis i\u0161 <strong data-start=\"91\" data-end=\"105\">vario (Cu)<\/strong> elemento ir ma\u017e\u0173 baltym\u0173 grandin\u0117li\u0173, vadinam\u0173 <strong data-start=\"153\" data-end=\"166\">peptidais<\/strong>. Tiksliau \u2013 tai da\u017eniausiai <strong data-start=\"195\" data-end=\"205\">GHK-Cu<\/strong> (Glicil-L-histidil-L-lizinas su vario jonais) kompleksas, nat\u016braliai aptinkamas \u017emogaus organizme, bet senstant jo kiekis ma\u017e\u0117ja.<\/p>\n","protected":false},"excerpt":{"rendered":"<p>Ie\u0161kai ypatingos dovanos sau, artimiesiems ar draugams?<\/p>\n<p>\u201eGlow\u201c veido prie\u017ei\u016bros rinkinys \u2013 tai daugiau nei gro\u017eio priemon\u0117s. Tai akimirka pasir\u016bpinti savo oda, pasilepinti ir pasijausti ypatingai.<\/p>\n<p>Rinkinyje:<br \/>\n\u2022 Biodance Kolageno stangrinantys veido padeliai \u2013 Naikina smulkes rauk\u0161leles, stangrina ir suteikia gaivu spindes\u012f.<br \/>\n\u2022 Cu2 veido kremas su m\u0117lynaisiais vario peptidais \u2013 elastinga, skaisti ir gyvybinga oda.<\/p>\n<p>\u2728 \u0160ventinis pakavimas visi\u0161kai NEMOKAMAI \u2013 beliks tik padovanoti!<\/p>\n<p>Padovanok savo artimiesiems \u0161vyt\u0117jim\u0105 ir maloni\u0105 sav\u0119s prie\u017ei\u016bros akimirk\u0105.<\/p>\n<p><b>\u0160VENTINIS PAKAVIMAS GALI SKIRTIS NEI PAVAIZDUOTAS NUOTRAUKOJE<\/b><\/p>\n","protected":false},"featured_media":14770,"comment_status":"open","ping_status":"closed","template":"","meta":[],"product_brand":[],"product_cat":[174,178],"product_tag":[],"class_list":{"0":"post-14768","1":"product","2":"type-product","3":"status-publish","4":"has-post-thumbnail","6":"product_cat-christmas-lt","7":"product_cat-sets-lt","9":"first","10":"instock","11":"taxable","12":"shipping-taxable","13":"purchasable","14":"product-type-simple"},"_links":{"self":[{"href":"https:\/\/thequeenhouse.co.uk\/lt\/wp-json\/wp\/v2\/product\/14768","targetHints":{"allow":["GET"]}}],"collection":[{"href":"https:\/\/thequeenhouse.co.uk\/lt\/wp-json\/wp\/v2\/product"}],"about":[{"href":"https:\/\/thequeenhouse.co.uk\/lt\/wp-json\/wp\/v2\/types\/product"}],"replies":[{"embeddable":true,"href":"https:\/\/thequeenhouse.co.uk\/lt\/wp-json\/wp\/v2\/comments?post=14768"}],"wp:featuredmedia":[{"embeddable":true,"href":"https:\/\/thequeenhouse.co.uk\/lt\/wp-json\/wp\/v2\/media\/14770"}],"wp:attachment":[{"href":"https:\/\/thequeenhouse.co.uk\/lt\/wp-json\/wp\/v2\/media?parent=14768"}],"wp:term":[{"taxonomy":"product_brand","embeddable":true,"href":"https:\/\/thequeenhouse.co.uk\/lt\/wp-json\/wp\/v2\/product_brand?post=14768"},{"taxonomy":"product_cat","embeddable":true,"href":"https:\/\/thequeenhouse.co.uk\/lt\/wp-json\/wp\/v2\/product_cat?post=14768"},{"taxonomy":"product_tag","embeddable":true,"href":"https:\/\/thequeenhouse.co.uk\/lt\/wp-json\/wp\/v2\/product_tag?post=14768"}],"curies":[{"name":"wp","href":"https:\/\/api.w.org\/{rel}","templated":true}]}}