{"id":14772,"date":"2025-09-23T21:47:38","date_gmt":"2025-09-23T20:47:38","guid":{"rendered":"https:\/\/thequeenhouse.co.uk\/?post_type=product&#038;p=14772"},"modified":"2025-09-23T22:06:44","modified_gmt":"2025-09-23T21:06:44","slug":"nejha-bb-veido-kremas-su-atspalviu-feel-the-light-spf30-02-caramel-30ml-kopija","status":"publish","type":"product","link":"https:\/\/thequeenhouse.co.uk\/lt\/produktas\/nejha-bb-veido-kremas-su-atspalviu-feel-the-light-spf30-02-caramel-30ml-kopija\/","title":{"rendered":"Plauk\u0173 Prie\u017eiuros Rinkinys &#8211; ,,Moisture &#038; Shine\u2019\u2019"},"content":{"rendered":"<p>Myhairvitamins yra pasaulio pirmasis inovatyvus ir naudotojui draugi\u0161kas plauk\u0173 serumas. Tai plauk\u0173 serumo kapsul\u0117, kuri jungia b\u016btinas vitaminus, tokius kaip A, C, E ir provitaminas B5, keratino kompleks\u0105 bei brangiuosius aliejus. M\u016bs\u0173 unikali patentuota formul\u0117 yra be silikon\u0173 ir paraben\u0173. Myhairvitamins mes did\u017eiuojam\u0117s savo \u012fsipareigojimu aplinkai, m\u016bs\u0173 etika, kuri draud\u017eia \u017eiaur\u0173 elges\u012f su gyv\u016bnais, ir m\u016bs\u0173 vegan\u0173 vertyb\u0117mis. Kapsul\u0117 yra 100% biologi\u0161kai suyranti, o m\u016bs\u0173 produktai yra sukurti tausojant aplink\u0105. Mes nebandome savo produkt\u0173 ant gyv\u016bn\u0173 ir visi\u0161kai atitinkame vegan\u0173 poreikius.<\/p>\n<p>S.O.S Atstatymas | Intensyvi Prie\u017ei\u016bra | Vegani\u0161ka Formul\u0117<\/p>\n<p>Suteikite gyvyb\u0117s pavargusiems, sausiems ir pa\u017eeistiems plaukams su Urban Care kauke su hialurono r\u016bg\u0161timi ir kolagenu. Tai intensyviai atkurianti plauk\u0173 kauk\u0117, naudojama prie\u0161 plovim\u0105, kuri dr\u0117kina ir stiprina plaukus nuo \u0161akn\u0173 iki galiuk\u0173.<\/p>\n<p>Sud\u0117tyje yra:<\/p>\n<p>Hialurono r\u016bg\u0161tis \u2013 Giliai dr\u0117kina ir sulaiko dr\u0117gm\u0119 plaukuose.<\/p>\n<p>Kolagenas \u2013 Padeda suteikti apimties ir tankumo.<\/p>\n<p>Augaliniai aliejai \u2013 Maitina ir atkuria be apsunkinimo.<\/p>\n","protected":false},"excerpt":{"rendered":"<article class=\"text-token-text-primary w-full\" dir=\"auto\" data-testid=\"conversation-turn-6\" data-scroll-anchor=\"true\">\n<div class=\"text-base my-auto mx-auto py-5 [--thread-content-margin:--spacing(4)] @[37rem]:[--thread-content-margin:--spacing(6)] @[72rem]:[--thread-content-margin:--spacing(16)] px-(--thread-content-margin)\">\n<div class=\"[--thread-content-max-width:32rem] @[34rem]:[--thread-content-max-width:40rem] @[64rem]:[--thread-content-max-width:48rem] mx-auto flex max-w-(--thread-content-max-width) flex-1 text-base gap-4 md:gap-5 lg:gap-6 group\/turn-messages focus-visible:outline-hidden\" tabindex=\"-1\">\n<div class=\"group\/conversation-turn relative flex w-full min-w-0 flex-col agent-turn\">\n<div class=\"relative flex-col gap-1 md:gap-3\">\n<div class=\"flex max-w-full flex-col grow\">\n<div class=\"min-h-8 text-message relative flex w-full flex-col items-end gap-2 text-start break-words whitespace-normal [.text-message+&amp;]:mt-5\" dir=\"auto\" data-message-author-role=\"assistant\" data-message-id=\"b331a973-ad37-4073-96fe-c909b21af30d\" data-message-model-slug=\"gpt-4o\">\n<div class=\"flex w-full flex-col gap-1 empty:hidden first:pt-[3px]\">\n<div class=\"markdown prose dark:prose-invert w-full break-words light\">\n<p>Leisk savo plaukams spind\u0117ti su \u0161iuo ypatingu plauk\u0173 prie\u017ei\u016bros rinkiniu!<br \/>\nRinkinyje rasi:<\/p>\n<p>\u2022 2 SOS hialurono ir kolageno plauk\u0173 kaukes \u2013 intensyviai dr\u0117kina, atkuria ir suteikia plaukams \u0161velnumo bei elastingumo.<br \/>\n\u2022 Myhairvitamins &#8211; Tepamus plauk\u0173 vitaminus \u2013 maitina, saugo nuo saus\u0117jimo ir suteikia plaukams gyvybingumo bei nat\u016bralaus \u017evilgesio.<\/p>\n<p>\u2728 Rinkinys, kuris pasir\u016bpins, kad tavo plaukai b\u016bt\u0173 sveiki, stipr\u016bs ir spindintys!<\/p>\n<\/div>\n<p>\u2728 \u0160ventinis pakavimas visi\u0161kai NEMOKAMAI \u2013 beliks tik padovanoti!<\/p>\n<p>Padovanok savo artimiesiems \u0161vyt\u0117jim\u0105 ir maloni\u0105 sav\u0119s prie\u017ei\u016bros akimirk\u0105.<\/p>\n<p><b>\u0160VENTINIS PAKAVIMAS GALI SKIRTIS NEI PAVAIZDUOTAS NUOTRAUKOJE<\/b><\/p>\n<\/div>\n<\/div>\n<\/div>\n<\/div>\n<\/div>\n<\/div>\n<\/div>\n<\/article>\n","protected":false},"featured_media":14782,"comment_status":"open","ping_status":"closed","template":"","meta":[],"product_brand":[],"product_cat":[174,178],"product_tag":[],"class_list":{"0":"post-14772","1":"product","2":"type-product","3":"status-publish","4":"has-post-thumbnail","6":"product_cat-christmas-lt","7":"product_cat-sets-lt","9":"first","10":"instock","11":"taxable","12":"shipping-taxable","13":"purchasable","14":"product-type-simple"},"_links":{"self":[{"href":"https:\/\/thequeenhouse.co.uk\/lt\/wp-json\/wp\/v2\/product\/14772","targetHints":{"allow":["GET"]}}],"collection":[{"href":"https:\/\/thequeenhouse.co.uk\/lt\/wp-json\/wp\/v2\/product"}],"about":[{"href":"https:\/\/thequeenhouse.co.uk\/lt\/wp-json\/wp\/v2\/types\/product"}],"replies":[{"embeddable":true,"href":"https:\/\/thequeenhouse.co.uk\/lt\/wp-json\/wp\/v2\/comments?post=14772"}],"wp:featuredmedia":[{"embeddable":true,"href":"https:\/\/thequeenhouse.co.uk\/lt\/wp-json\/wp\/v2\/media\/14782"}],"wp:attachment":[{"href":"https:\/\/thequeenhouse.co.uk\/lt\/wp-json\/wp\/v2\/media?parent=14772"}],"wp:term":[{"taxonomy":"product_brand","embeddable":true,"href":"https:\/\/thequeenhouse.co.uk\/lt\/wp-json\/wp\/v2\/product_brand?post=14772"},{"taxonomy":"product_cat","embeddable":true,"href":"https:\/\/thequeenhouse.co.uk\/lt\/wp-json\/wp\/v2\/product_cat?post=14772"},{"taxonomy":"product_tag","embeddable":true,"href":"https:\/\/thequeenhouse.co.uk\/lt\/wp-json\/wp\/v2\/product_tag?post=14772"}],"curies":[{"name":"wp","href":"https:\/\/api.w.org\/{rel}","templated":true}]}}