{"id":14802,"date":"2025-09-24T16:21:53","date_gmt":"2025-09-24T15:21:53","guid":{"rendered":"https:\/\/thequeenhouse.co.uk\/?post_type=product&#038;p=14802"},"modified":"2025-09-24T16:29:15","modified_gmt":"2025-09-24T15:29:15","slug":"nunu-valymo-rinkinys-pure-home-copy","status":"publish","type":"product","link":"https:\/\/thequeenhouse.co.uk\/lt\/produktas\/nunu-valymo-rinkinys-pure-home-copy\/","title":{"rendered":"NUNU Valymo Rinkinys &#8211; ,,Pure Home&#8221;"},"content":{"rendered":"<p data-start=\"76\" data-end=\"362\"><strong data-start=\"76\" data-end=\"112\">Kvap\u0173 \u0161alinimo priemon\u0117 (190 ml)<\/strong> \u2013 efektyviai pa\u0161alina nemalonius kvapus ir suteikia ilgalaik\u0117s gaivos. Tinka naudoti ant drabu\u017ei\u0173, avalyn\u0117s ir nam\u0173 tekstil\u0117s.<br data-start=\"239\" data-end=\"242\" \/>Puikus pasirinkimas tiems, kurie vertina \u0161var\u0105, gaivum\u0105 ir nori i\u0161laikyti drabu\u017eius gaivius ilgiau, be da\u017eno skalbimo.<\/p>\n<p data-start=\"636\" data-end=\"792\">Tinka naudoti ant vis\u0173 tip\u0173 kilim\u0173, apmu\u0161al\u0173, bald\u0173, drabu\u017ei\u0173, patalyn\u0117s bei kiet\u0173 grind\u0173. Priemon\u0117 \u0161velni pavir\u0161iams ir saugi naudoti aplink augintinius.<\/p>\n<p data-start=\"794\" data-end=\"1096\"><strong data-start=\"794\" data-end=\"827\">Stikl\u0173 ir veidrod\u017ei\u0173 valiklis<\/strong> u\u017etikrina nepriekai\u0161ting\u0105 \u0161var\u0105, lengvai nuvalo visus stiklinius pavir\u0161ius, langus ir veidrod\u017eius. Efektyvi formul\u0117 greitai pa\u0161alina purv\u0105, pir\u0161t\u0173 antspaudus ir d\u0117mes nuo stiklo, blizgi\u0173 stalvir\u0161i\u0173 ar poliruot\u0173 bald\u0173 pavir\u0161i\u0173 \u2013 palieka spindint\u012f, be ruo\u017e\u0173 rezultat\u0105.<\/p>\n<p data-start=\"1098\" data-end=\"1281\">Valiklis greitai d\u017ei\u016bsta ir yra praturtintas gaiviu \u017eali\u0173j\u0173 laim\u0173, baziliko ir mandarino aromatu \u2013 tai idealus kasdienis sprendimas, kai norite, kad namai spind\u0117t\u0173 ir kvep\u0117t\u0173 gaiva.<\/p>\n<p data-start=\"1283\" data-end=\"1603\"><strong data-start=\"1283\" data-end=\"1311\">Vonios kambario valiklis<\/strong> \u2013 atsisveikinkite su kalki\u0173 nuos\u0117domis, muilo liku\u010diais ir purvu be varginan\u010dio \u0161veitimo! \u0160is galingas, ta\u010diau \u0161velnus \u201eNUNU\u201c valiklis atkuri\u0105 spindes\u012f ir gaiv\u0105 visam vonios kambariui. D\u0117l i\u0161manios formul\u0117s be ruo\u017e\u0173 jis lengvai i\u0161tirpdo ne\u0161varumus ir palieka pavir\u0161ius \u0161variai spindin\u010dius.<\/p>\n<p data-start=\"1605\" data-end=\"1851\">Tinka visiems vonios pavir\u0161iams: praustuv\u0117ms, du\u0161o kabinoms, mai\u0161ytuvams, vis\u0173 tip\u0173 plytel\u0117ms ir net jautriems pavir\u0161iams. Praturtintas gaiviu \u017eali\u0173j\u0173 laim\u0173, baziliko ir mandarino aromatu, jis suteikia ilgai i\u0161liekant\u012f \u0161varos ir gaivumo poj\u016bt\u012f.<\/p>\n","protected":false},"excerpt":{"rendered":"<h3 data-start=\"98\" data-end=\"153\">\u0160var\u016bs ir jauk\u016bs namai \u2013 papras\u010diau nei bet kada!<\/h3>\n<p data-start=\"155\" data-end=\"309\">\u0160iame rinkinyje rasite kruop\u0161\u010diai atrinktas valymo priemones, kurios efektyviai pa\u0161alina ne\u0161varumus, atgaivina erdv\u0119 ir u\u017etikrina nepriekai\u0161ting\u0105 \u0161var\u0105.<\/p>\n<p data-start=\"311\" data-end=\"402\">Pasir\u016bpinkite nam\u0173 gaiva ir tvarka su NUNU <strong data-start=\"349\" data-end=\"380\">\u201ePure Home\u201c valymo rinkiniu<\/strong>!<br data-start=\"381\" data-end=\"384\" \/>\u012e rinkin\u012f \u012feina:<\/p>\n<ul data-start=\"404\" data-end=\"812\">\n<li data-start=\"404\" data-end=\"512\">\n<p data-start=\"406\" data-end=\"512\">\ud83d\udebf <strong data-start=\"409\" data-end=\"446\">Vonios kambario valiklis (500 ml)<\/strong> \u2013 pa\u0161alina kalkes ir ne\u0161varumus, palieka spindin\u010dius pavir\u0161ius.<\/p>\n<\/li>\n<li data-start=\"513\" data-end=\"602\">\n<p data-start=\"515\" data-end=\"602\">\u2728 <strong data-start=\"517\" data-end=\"545\">Stikl\u0173 valiklis (500 ml)<\/strong> \u2013 kri\u0161tolo skaidrumo langams ir veidrod\u017eiams be ruo\u017e\u0173.<\/p>\n<\/li>\n<li data-start=\"603\" data-end=\"707\">\n<p data-start=\"605\" data-end=\"707\">\ud83c\udf38 <strong data-start=\"608\" data-end=\"644\">Kvap\u0173 \u0161alinimo priemon\u0117 (190 ml)<\/strong> \u2013 neutralizuoja nemalonius kvapus ir suteikia gaiv\u0173 aromat\u0105.<\/p>\n<\/li>\n<\/ul>\n<p data-start=\"814\" data-end=\"913\">\n<p data-start=\"814\" data-end=\"913\">\u2728 Universalus ir prakti\u0161kas rinkinys, sukurtas tam, kad j\u016bs\u0173 namai b\u016bt\u0173 \u0161var\u016bs, gaiv\u016bs ir jauk\u016bs!<\/p>\n<p data-start=\"915\" data-end=\"1042\">\ud83c\udf81 <strong data-start=\"918\" data-end=\"963\">\u0160ventinis pakavimas \u2013 visi\u0161kai NEMOKAMAI!<\/strong> Beliks tik padovanoti.<br data-start=\"986\" data-end=\"989\" \/>Padovanokite artimiesiems \u0161varos ir jaukumo poj\u016bt\u012f.<\/p>\n<p data-start=\"1044\" data-end=\"1122\">\u26a0\ufe0f <strong data-start=\"1047\" data-end=\"1059\">D\u0117mesio:<\/strong> <strong>pakuot\u0117 gali \u0161iek tiek skirtis nuo pavaizduotos nuotraukoje.<\/strong><\/p>\n","protected":false},"featured_media":14800,"comment_status":"open","ping_status":"closed","template":"","meta":[],"product_brand":[],"product_cat":[174,178],"product_tag":[],"class_list":{"0":"post-14802","1":"product","2":"type-product","3":"status-publish","4":"has-post-thumbnail","6":"product_cat-christmas-lt","7":"product_cat-sets-lt","9":"first","10":"outofstock","11":"taxable","12":"shipping-taxable","13":"purchasable","14":"product-type-simple"},"_links":{"self":[{"href":"https:\/\/thequeenhouse.co.uk\/lt\/wp-json\/wp\/v2\/product\/14802","targetHints":{"allow":["GET"]}}],"collection":[{"href":"https:\/\/thequeenhouse.co.uk\/lt\/wp-json\/wp\/v2\/product"}],"about":[{"href":"https:\/\/thequeenhouse.co.uk\/lt\/wp-json\/wp\/v2\/types\/product"}],"replies":[{"embeddable":true,"href":"https:\/\/thequeenhouse.co.uk\/lt\/wp-json\/wp\/v2\/comments?post=14802"}],"wp:featuredmedia":[{"embeddable":true,"href":"https:\/\/thequeenhouse.co.uk\/lt\/wp-json\/wp\/v2\/media\/14800"}],"wp:attachment":[{"href":"https:\/\/thequeenhouse.co.uk\/lt\/wp-json\/wp\/v2\/media?parent=14802"}],"wp:term":[{"taxonomy":"product_brand","embeddable":true,"href":"https:\/\/thequeenhouse.co.uk\/lt\/wp-json\/wp\/v2\/product_brand?post=14802"},{"taxonomy":"product_cat","embeddable":true,"href":"https:\/\/thequeenhouse.co.uk\/lt\/wp-json\/wp\/v2\/product_cat?post=14802"},{"taxonomy":"product_tag","embeddable":true,"href":"https:\/\/thequeenhouse.co.uk\/lt\/wp-json\/wp\/v2\/product_tag?post=14802"}],"curies":[{"name":"wp","href":"https:\/\/api.w.org\/{rel}","templated":true}]}}