{"id":14809,"date":"2025-09-24T16:48:31","date_gmt":"2025-09-24T15:48:31","guid":{"rendered":"https:\/\/thequeenhouse.co.uk\/?post_type=product&#038;p=14809"},"modified":"2025-09-24T16:57:51","modified_gmt":"2025-09-24T15:57:51","slug":"nunu-valymo-rinkinys-pure-home-copy-copy","status":"publish","type":"product","link":"https:\/\/thequeenhouse.co.uk\/lt\/produktas\/nunu-valymo-rinkinys-pure-home-copy-copy\/","title":{"rendered":"Veido Prie\u017ei\u016bros Rinkinys \u201eDaily Beauty Duo\u201c (Light 04)"},"content":{"rendered":"<ul>\n<li data-start=\"84\" data-end=\"128\"><strong data-start=\"88\" data-end=\"126\">MIA MAKEUP MICELINIS VANDUO 3-IN-1<\/strong><\/li>\n<\/ul>\n<p data-start=\"129\" data-end=\"293\">Profesionali micelin\u0117 valomoji priemon\u0117 | Gilus makia\u017eo pa\u0161alinimas + dr\u0117kinimas + raminamoji prie\u017ei\u016bra<br data-start=\"232\" data-end=\"235\" \/>Tinka visiems odos tipams \u2013 ypa\u010d jautriai ir sausai odai<\/p>\n<p data-start=\"295\" data-end=\"682\">Pakyl\u0117kite savo kasdien\u0119 odos prie\u017ei\u016br\u0105 ar profesionalias paslaugas su <strong data-start=\"366\" data-end=\"402\">MIA MAKEUP Micellar Water 3-in-1<\/strong> \u2013 auk\u0161tos veiksmingumo, nenuskalaujamu miceliniu valikliu, suteikian\u010diu <strong data-start=\"475\" data-end=\"500\">SPA kokyb\u0117s rezultat\u0105<\/strong> kiekvien\u0105 kart\u0105. \u0160i pa\u017eangi formul\u0117 vienu \u017eingsniu pa\u0161alina net vandeniui atspar\u0173 makia\u017e\u0105, giliai valo od\u0105 ir praturtina j\u0105 dr\u0117kinan\u010diais bei raminan\u010diais augaliniais ekstraktais.<\/p>\n<p data-start=\"684\" data-end=\"838\">Puikiai tinka kasdieniam naudojimui arba kaip odos paruo\u0161imas prie\u0161 proced\u016bras \u2013 oda lieka \u0161vari, gaivi, subalansuota, be tempimo poj\u016b\u010dio ir be liku\u010di\u0173.<\/p>\n<p data-start=\"684\" data-end=\"838\">\n<ul>\n<li data-start=\"872\" data-end=\"1143\"><strong data-start=\"872\" data-end=\"891\">BB Secret Cream<\/strong> puikiai tinka kaip makia\u017eo pagrindas arba kaip makia\u017eo priemoni\u0173 (pudros) pakaitalas tiems, kurie m\u0117gsta \u201enude\u201c \u012fvaizd\u012f. Tai <strong data-start=\"1017\" data-end=\"1043\">daugiapaskirtis kremas<\/strong>, prisitaikantis prie \u012fvairi\u0173 odos poreiki\u0173 \u2013 idealus greitai ir lengvai kasdienei gro\u017eio rutinai.<\/li>\n<\/ul>\n<p data-start=\"1145\" data-end=\"1426\">BB kremas i\u0161lygina odos spalvos netolygumus, suma\u017eina netobulum\u0173 matomum\u0105 ir dr\u0117kina od\u0105. Speciali <strong data-start=\"1244\" data-end=\"1304\">multifunkcin\u0117 formul\u0117 su mikroinkapsuliuotais pigmentais<\/strong> i\u0161siskleid\u017eia tepant ir idealiai prisitaiko prie j\u016bs\u0173 odos atspalvio, suteikdama nat\u016bral\u0173 ir nepriekai\u0161ting\u0105 rezultat\u0105.<\/p>\n<p data-start=\"1428\" data-end=\"1556\">Patogus dozatorius u\u017etikrina, kad nei\u0161\u0161vaistysite n\u0117 la\u0161elio, o hermeti\u0161kas buteliukas garantuoja tobul\u0105 produkto i\u0161saugojim\u0105.<\/p>\n<p data-start=\"1558\" data-end=\"1657\">\u2728 Tobulas pasirinkimas tiems, kurie nori sudr\u0117kintos, tolygios odos ir itin nat\u016bralaus rezultato.<\/p>\n","protected":false},"excerpt":{"rendered":"<h3 data-start=\"94\" data-end=\"148\">Veido prie\u017ei\u016bros rinkinys <strong data-start=\"124\" data-end=\"146\">\u201eDaily Beauty Duo\u201c<\/strong><\/h3>\n<p data-start=\"150\" data-end=\"230\">Atrask kasdienio gro\u017eio paslapt\u012f su <strong data-start=\"186\" data-end=\"227\">MiaMia BB kremu ir miceliniu vandeniu<\/strong>!<\/p>\n<ul data-start=\"232\" data-end=\"460\">\n<li data-start=\"232\" data-end=\"342\">\n<p data-start=\"234\" data-end=\"342\"><strong data-start=\"234\" data-end=\"247\">BB kremas<\/strong> \u2013 \u0161velniai maskuoja netobulumus, dr\u0117kina ir suteikia odai glotnumo bei nat\u016bralaus \u0161vyt\u0117jimo.<\/p>\n<\/li>\n<li data-start=\"343\" data-end=\"460\">\n<p data-start=\"345\" data-end=\"460\"><strong data-start=\"345\" data-end=\"365\">Micelinis vanduo<\/strong> \u2013 \u0161velniai, bet veiksmingai pa\u0161alina makia\u017e\u0105 ir ne\u0161varumus, palikdamas od\u0105 gaivi\u0105 ir \u0161vari\u0105.<\/p>\n<\/li>\n<\/ul>\n<p data-start=\"462\" data-end=\"575\">\n<p data-start=\"462\" data-end=\"575\">\u2728 Tobulas duetas tavo kasdienai \u2013 kai nori spind\u0117ti, jaustis pasitikin\u010diai savimi ir atrodyti nepriekai\u0161tingai.<\/p>\n<p data-start=\"577\" data-end=\"734\">\n<p data-start=\"577\" data-end=\"734\">\ud83c\udf81 <strong data-start=\"580\" data-end=\"625\">\u0160ventinis pakavimas \u2013 visi\u0161kai NEMOKAMAI!<\/strong> Beliks tik padovanoti.<br data-start=\"648\" data-end=\"651\" \/>Padovanok savo artimiesiems gro\u017eio spindes\u012f ir maloni\u0105 sav\u0119s prie\u017ei\u016bros akimirk\u0105.<\/p>\n<p data-start=\"736\" data-end=\"814\">\u26a0\ufe0f <strong data-start=\"739\" data-end=\"751\">D\u0117mesio: pakuot\u0117 gali \u0161iek tiek skirtis nuo pavaizduotos nuotraukoje.<\/strong><\/p>\n","protected":false},"featured_media":14807,"comment_status":"open","ping_status":"closed","template":"","meta":[],"product_brand":[],"product_cat":[174,178],"product_tag":[],"class_list":{"0":"post-14809","1":"product","2":"type-product","3":"status-publish","4":"has-post-thumbnail","6":"product_cat-christmas-lt","7":"product_cat-sets-lt","9":"first","10":"instock","11":"taxable","12":"shipping-taxable","13":"purchasable","14":"product-type-simple"},"_links":{"self":[{"href":"https:\/\/thequeenhouse.co.uk\/lt\/wp-json\/wp\/v2\/product\/14809","targetHints":{"allow":["GET"]}}],"collection":[{"href":"https:\/\/thequeenhouse.co.uk\/lt\/wp-json\/wp\/v2\/product"}],"about":[{"href":"https:\/\/thequeenhouse.co.uk\/lt\/wp-json\/wp\/v2\/types\/product"}],"replies":[{"embeddable":true,"href":"https:\/\/thequeenhouse.co.uk\/lt\/wp-json\/wp\/v2\/comments?post=14809"}],"wp:featuredmedia":[{"embeddable":true,"href":"https:\/\/thequeenhouse.co.uk\/lt\/wp-json\/wp\/v2\/media\/14807"}],"wp:attachment":[{"href":"https:\/\/thequeenhouse.co.uk\/lt\/wp-json\/wp\/v2\/media?parent=14809"}],"wp:term":[{"taxonomy":"product_brand","embeddable":true,"href":"https:\/\/thequeenhouse.co.uk\/lt\/wp-json\/wp\/v2\/product_brand?post=14809"},{"taxonomy":"product_cat","embeddable":true,"href":"https:\/\/thequeenhouse.co.uk\/lt\/wp-json\/wp\/v2\/product_cat?post=14809"},{"taxonomy":"product_tag","embeddable":true,"href":"https:\/\/thequeenhouse.co.uk\/lt\/wp-json\/wp\/v2\/product_tag?post=14809"}],"curies":[{"name":"wp","href":"https:\/\/api.w.org\/{rel}","templated":true}]}}