{"id":14811,"date":"2025-09-24T16:59:41","date_gmt":"2025-09-24T15:59:41","guid":{"rendered":"https:\/\/thequeenhouse.co.uk\/?post_type=product&#038;p=14811"},"modified":"2025-09-24T17:16:43","modified_gmt":"2025-09-24T16:16:43","slug":"veido-prieziuros-rinkinys-daily-beauty-duo-light-04-copy","status":"publish","type":"product","link":"https:\/\/thequeenhouse.co.uk\/lt\/produktas\/veido-prieziuros-rinkinys-daily-beauty-duo-light-04-copy\/","title":{"rendered":"NEJHA &#8211; Makia\u017eo Rinkinys \u201eKasdienio gro\u017eio paslaptis\u201c"},"content":{"rendered":"<ul>\n<li data-start=\"86\" data-end=\"341\"><strong data-start=\"86\" data-end=\"105\">NEJHA BB kremas<\/strong> \u2013 tai daugiafunkcin\u0117 odos prie\u017ei\u016bros ir makia\u017eo priemon\u0117 viename, sukurta dr\u0117kinti, apsaugoti ir tobulinti od\u0105. Praturtintas <strong data-start=\"231\" data-end=\"240\">SPF30<\/strong>, jis saugo veid\u0105 nuo kenksming\u0173 UV spinduli\u0173, o odos atspalv\u012f sulygina nat\u016braliai atrodan\u010diu tonu.<\/li>\n<\/ul>\n<p data-start=\"343\" data-end=\"643\">Lengvos, \u0161ilkin\u0117s tekst\u016bros kremas tolygiai pasiskirsto ant odos, suma\u017eina netobulum\u0173 matomum\u0105, neu\u017ekem\u0161a por\u0173 ir nesuteikia sunkumo poj\u016b\u010dio. Oda atrodo \u0161velni, \u0161vytinti ir akivaizd\u017eiai sveikesn\u0117. Formul\u0117, papildyta <strong data-start=\"559\" data-end=\"589\">sald\u017ei\u0173j\u0173 migdol\u0173 aliejumi<\/strong>, yra tokia \u0161velni, kad tinka net jautriausiai odai.<\/p>\n<ul>\n<li data-start=\"650\" data-end=\"945\"><strong data-start=\"650\" data-end=\"695\">NEJHA vandeniui atsparus blakstien\u0173 tu\u0161as<\/strong> suteiks tavo \u017evilgsniui ry\u0161kumo. Jo kremin\u0117 formul\u0117 ir lankstus silikoninis \u0161epet\u0117lis padengia kiekvien\u0105 blakstien\u0105 atskirai \u2013 pakelia, pailgina ir pary\u0161kina, nesulipindamas. Rezultatas \u2013 intensyvi spalva, dramati\u0161ka apimtis ir eleganti\u0161kas ilgis.<\/li>\n<li data-start=\"952\" data-end=\"1182\"><strong data-start=\"952\" data-end=\"976\">NEJHA l\u016bp\u0173 pie\u0161tukas<\/strong> \u2013 tai revoliucin\u0117, labai pigmentuota ir vandeniui atspari priemon\u0117, u\u017etikrinanti nepriekai\u0161ting\u0105 l\u016bp\u0173 kont\u016br\u0105. Ji suteikia sodri\u0105, ry\u0161ki\u0105 spalv\u0105, kuri i\u0161lieka vis\u0105 dien\u0105 \u2013 be i\u0161siliejimo, be nusitrynimo.<\/li>\n<\/ul>\n<p data-start=\"1184\" data-end=\"1485\">D\u0117l itin veiksmingos formul\u0117s pie\u0161tukas tolygiai slysta per l\u016bpas, sukurdamas \u0161vari\u0105 ir tiksli\u0105 linij\u0105. Puikiai priglunda, tod\u0117l spalva i\u0161lieka intensyvi ir ilgalaik\u0117, o l\u016bp\u0173 makia\u017eas \u2013 nepriekai\u0161tingas. Kremin\u0117 tekst\u016bra su gausiu pigmentu leid\u017eia naudoti tiek kont\u016brui, tiek visoms l\u016bpoms padengti.<\/p>\n<p data-start=\"1487\" data-end=\"1620\">Praturtintas <strong data-start=\"1500\" data-end=\"1520\">jojobos aliejumi<\/strong>, jis maitina ir apsaugo l\u016bpas \u2013 gro\u017eis susijungia su prie\u017ei\u016bra.<br data-start=\"1584\" data-end=\"1587\" \/>Tinka visiems odos atspalviams.<\/p>\n<ul>\n<li data-start=\"1627\" data-end=\"1923\"><strong data-start=\"1627\" data-end=\"1708\">NEJHA putlinantis l\u016bp\u0173 blizgesys \u2013 intensyvus \u017evilgesys ir putlinimo efektas.<\/strong><br data-start=\"1708\" data-end=\"1711\" \/>Atrask NEJHA l\u016bp\u0173 blizges\u012f, kuris akimirksniu suteikia l\u016bpoms daugiau apimties ir nepaprast\u0105 blizges\u012f. Jo \u0161ilkin\u0117 tekst\u016bra tolygiai padengia l\u016bpas, apgaubdama jas dr\u0117kinan\u010diu ir spindes\u012f suteikian\u010diu sluoksniu.<\/li>\n<\/ul>\n<p data-start=\"1925\" data-end=\"2208\">Praturtintas <strong data-start=\"1938\" data-end=\"1990\">hialurono r\u016bg\u0161timi ir sald\u017ei\u0173j\u0173 migdol\u0173 aliejumi<\/strong>, blizgesys giliai dr\u0117kina, veikia kaip nat\u016bralus u\u017epildas ir jau po pirmo naudojimo suteikia l\u016bpoms putlesn\u0119, pilnesn\u0119 i\u0161vaizd\u0105. Rezultatas? Ilgalaikis \u017evilgesys, sultingas efektas ir akivaizd\u017eiai pagra\u017eintos l\u016bpos.<\/p>\n","protected":false},"excerpt":{"rendered":"<h3 data-start=\"94\" data-end=\"149\">NEJHA &#8211; Makia\u017eo Rinkinys \u201eKasdienio gro\u017eio paslaptis\u201c<\/h3>\n<p data-start=\"151\" data-end=\"274\">Atrodyk nepriekai\u0161tingai kiekvien\u0105 dien\u0105 su i\u0161skirtiniu <strong data-start=\"207\" data-end=\"233\">Nejha makia\u017eo rinkiniu<\/strong>, sukurtu pabr\u0117\u017eti tavo nat\u016bral\u0173 gro\u017e\u012f.<\/p>\n<p data-start=\"276\" data-end=\"294\">\u012e rinkin\u012f \u012feina:<\/p>\n<ul data-start=\"295\" data-end=\"807\">\n<li data-start=\"295\" data-end=\"494\">\n<p data-start=\"297\" data-end=\"494\"><strong data-start=\"297\" data-end=\"310\">BB kremas<\/strong> \u2013 prisitaiko prie tavo odos atspalvio, idealiai tinka \u0161viesiai\u2013vidutinei odai (nerekomenduojama labai \u0161viesiai). Subalansuoja maskavim\u0105, dr\u0117kina ir suteikia odai nat\u016bral\u0173 \u0161vyt\u0117jim\u0105.<\/p>\n<\/li>\n<li data-start=\"495\" data-end=\"589\">\n<p data-start=\"497\" data-end=\"589\"><strong data-start=\"497\" data-end=\"524\">Juodas blakstien\u0173 tu\u0161as<\/strong> \u2013 intensyviam \u017evilgsniui ir tobulai pary\u0161kintoms blakstienoms.<\/p>\n<\/li>\n<li data-start=\"590\" data-end=\"688\">\n<p data-start=\"592\" data-end=\"688\"><strong data-start=\"592\" data-end=\"627\">Nude l\u016bp\u0173 putlinantis blizgesys<\/strong> \u2013 suteikia subtil\u0173 spindes\u012f ir nat\u016braliai putlesnes l\u016bpas.<\/p>\n<\/li>\n<li data-start=\"689\" data-end=\"807\">\n<p data-start=\"691\" data-end=\"807\"><strong data-start=\"691\" data-end=\"714\">Nude l\u016bp\u0173 pie\u0161tukas<\/strong> \u2013 idealiai priderintas prie blizgesio, i\u0161ry\u0161kina l\u016bp\u0173 form\u0105 ir suteikia tvarking\u0105 \u012fvaizd\u012f.<\/p>\n<\/li>\n<\/ul>\n<p data-start=\"809\" data-end=\"917\">\u2728 Rinkinys, kuris kiekvien\u0105 dien\u0105 dovanos tau pasitik\u0117jim\u0105 savimi, nat\u016bral\u0173 gro\u017e\u012f ir spindes\u012f be pastang\u0173.<\/p>\n<p data-start=\"919\" data-end=\"1089\">\ud83c\udf81 <strong data-start=\"922\" data-end=\"980\">\u0160ventinis pakavimas \u012fskai\u010diuotas \u2013 visi\u0161kai NEMOKAMAI!<\/strong> Beliks tik padovanoti.<br data-start=\"1003\" data-end=\"1006\" \/>Padovanok savo artimiesiems gro\u017eio spindes\u012f ir maloni\u0105 sav\u0119s prie\u017ei\u016bros akimirk\u0105.<\/p>\n<p data-start=\"1091\" data-end=\"1169\">\u26a0\ufe0f <strong data-start=\"1094\" data-end=\"1106\">D\u0117mesio:<\/strong> <strong>pakuot\u0117 gali \u0161iek tiek skirtis nuo pavaizduotos nuotraukoje.<\/strong><\/p>\n","protected":false},"featured_media":14839,"comment_status":"open","ping_status":"closed","template":"","meta":[],"product_brand":[],"product_cat":[174,178],"product_tag":[],"class_list":{"0":"post-14811","1":"product","2":"type-product","3":"status-publish","4":"has-post-thumbnail","6":"product_cat-christmas-lt","7":"product_cat-sets-lt","9":"first","10":"instock","11":"taxable","12":"shipping-taxable","13":"purchasable","14":"product-type-simple"},"_links":{"self":[{"href":"https:\/\/thequeenhouse.co.uk\/lt\/wp-json\/wp\/v2\/product\/14811","targetHints":{"allow":["GET"]}}],"collection":[{"href":"https:\/\/thequeenhouse.co.uk\/lt\/wp-json\/wp\/v2\/product"}],"about":[{"href":"https:\/\/thequeenhouse.co.uk\/lt\/wp-json\/wp\/v2\/types\/product"}],"replies":[{"embeddable":true,"href":"https:\/\/thequeenhouse.co.uk\/lt\/wp-json\/wp\/v2\/comments?post=14811"}],"wp:featuredmedia":[{"embeddable":true,"href":"https:\/\/thequeenhouse.co.uk\/lt\/wp-json\/wp\/v2\/media\/14839"}],"wp:attachment":[{"href":"https:\/\/thequeenhouse.co.uk\/lt\/wp-json\/wp\/v2\/media?parent=14811"}],"wp:term":[{"taxonomy":"product_brand","embeddable":true,"href":"https:\/\/thequeenhouse.co.uk\/lt\/wp-json\/wp\/v2\/product_brand?post=14811"},{"taxonomy":"product_cat","embeddable":true,"href":"https:\/\/thequeenhouse.co.uk\/lt\/wp-json\/wp\/v2\/product_cat?post=14811"},{"taxonomy":"product_tag","embeddable":true,"href":"https:\/\/thequeenhouse.co.uk\/lt\/wp-json\/wp\/v2\/product_tag?post=14811"}],"curies":[{"name":"wp","href":"https:\/\/api.w.org\/{rel}","templated":true}]}}