{"id":14817,"date":"2025-09-24T17:20:02","date_gmt":"2025-09-24T16:20:02","guid":{"rendered":"https:\/\/thequeenhouse.co.uk\/?post_type=product&#038;p=14817"},"modified":"2025-09-24T17:55:17","modified_gmt":"2025-09-24T16:55:17","slug":"nejha-makiazo-rinkinys-kasdienio-grozio-paslaptis-copy","status":"publish","type":"product","link":"https:\/\/thequeenhouse.co.uk\/lt\/produktas\/nejha-makiazo-rinkinys-kasdienio-grozio-paslaptis-copy\/","title":{"rendered":"SLA Paris &#8211; Makeup Set \u201cSecret of Radiance\u201d"},"content":{"rendered":"<ul>\n<li data-start=\"86\" data-end=\"341\">\n<h3 data-start=\"84\" data-end=\"124\">SLA Paris modeliavimo pudr\u0173 palet\u0117<\/h3>\n<p data-start=\"126\" data-end=\"443\">Sukurk nepriekai\u0161tingas veido proporcijas ir pabr\u0117\u017ek savo bruo\u017eus su <strong data-start=\"195\" data-end=\"233\">SLA Paris Sculpting Powder Palette<\/strong>. \u0160i profesionalaus lygio palet\u0117 apima dvi pudras \u2013 tamsesn\u0119 atspalv\u012f veido kont\u016bravimui ir formavimui bei \u0161viesesn\u0119 atspalv\u012f skaistinimui ir pary\u0161kinimui. Pasiek tobul\u0105 veido modeliavim\u0105 tiksliai ir lengvai.<\/p>\n<h3 data-start=\"450\" data-end=\"500\"><\/h3>\n<\/li>\n<li data-start=\"86\" data-end=\"341\">\n<h3 data-start=\"450\" data-end=\"500\">SLA Paris <strong data-start=\"464\" data-end=\"475\">GLOW UP<\/strong> veido formavimo palet\u0117<\/h3>\n<p data-start=\"502\" data-end=\"682\">Pakyl\u0117k savo spindes\u012f su <strong data-start=\"527\" data-end=\"569\">SLA Paris GLOW UP Face Shaping Palette<\/strong> \u2013 auk\u0161\u010diausios kokyb\u0117s produktu, sukurtu pagal <strong data-start=\"617\" data-end=\"679\">pranc\u016bzi\u0161kos profesionalios makia\u017eo meistryst\u0117s standartus<\/strong>.<\/p>\n<p data-start=\"684\" data-end=\"729\">\u0160ioje kruop\u0161\u010diai suderintoje palet\u0117je rasi:<\/p>\n<ul data-start=\"730\" data-end=\"1008\">\n<li data-start=\"730\" data-end=\"853\">\n<p data-start=\"732\" data-end=\"853\"><strong data-start=\"732\" data-end=\"758\">2 skaistal\u0173 atspalvius<\/strong> \u2013 \u0161velniai ro\u017ein\u012f ir \u0161ilt\u0105 persikin\u012f, kurie suteiks nat\u016bral\u0173, jaunatvi\u0161k\u0105 skruost\u0173 atspalv\u012f.<\/p>\n<\/li>\n<li data-start=\"854\" data-end=\"1008\">\n<p data-start=\"856\" data-end=\"1008\"><strong data-start=\"856\" data-end=\"887\">2 \u0161vytin\u010dius higlighter\u2019ius<\/strong> \u2013 spindin\u010dius sidabrinius ir ro\u017einio aukso atspalvius, kurie tobulai pagauna \u0161vies\u0105 ir suteikia eleganti\u0161ko \u0161vyt\u0117jimo.<\/p>\n<\/li>\n<\/ul>\n<p data-start=\"1010\" data-end=\"1174\">\ud83d\udc8e Kruop\u0161\u010diai atrinkti atspalviai tinka visiems odos tonams. Mink\u0161tos, lengvai sklaidomos pudros idealiai tinka tiek kasdieniam makia\u017eui, tiek ypatingoms progoms.<\/p>\n<p data-start=\"1176\" data-end=\"1329\">\u2728 <strong data-start=\"1178\" data-end=\"1205\">Daugiafunkcin\u0117 formul\u0117:<\/strong> \u201eGLOW UP\u201c palet\u0117 gali b\u016bti naudojama ir kaip aki\u0173 \u0161e\u0161\u0117li\u0173 palet\u0117 \u2013 nepakei\u010diama priemon\u0117 kiekvienoje makia\u017eo kolekcijoje.<\/p>\n<p data-start=\"1331\" data-end=\"1453\">Ar formuosi, skaistinsi ar \u0161viesinsi \u2013 su <strong data-start=\"1373\" data-end=\"1397\">GLOW UP by SLA Paris<\/strong> tavo \u012fvaizdis bus gaivus, spindintis ir i\u0161rai\u0161kingas.<\/p>\n<\/li>\n<li data-start=\"86\" data-end=\"341\">\n<p data-start=\"1331\" data-end=\"1453\">SLA Paris kremin\u0117 makia\u017eo pagrindo priemon\u0117<\/p>\n<p data-start=\"1511\" data-end=\"1690\">\u0160is didel\u0117s maskavimo galios kreminis makia\u017eo pagrindas tobulai u\u017edengia visus odos netobulumus, nesukeldamas \u201ekauk\u0117s\u201c efekto. Oda atrodo matin\u0117, bet i\u0161saugo nat\u016bral\u0173 \u0161vyt\u0117jim\u0105.<\/p>\n<p data-start=\"1692\" data-end=\"1730\"><strong data-start=\"1692\" data-end=\"1728\">Kod\u0117l verta rinktis \u0161\u012f pagrind\u0105?<\/strong><\/p>\n<ul data-start=\"1731\" data-end=\"2204\">\n<li data-start=\"1731\" data-end=\"1804\">\n<p data-start=\"1733\" data-end=\"1804\"><strong data-start=\"1733\" data-end=\"1759\">Didel\u0117 maskavimo galia<\/strong> \u2013 vienu tepimu paslepia visus netobulumus.<\/p>\n<\/li>\n<li data-start=\"1805\" data-end=\"1889\">\n<p data-start=\"1807\" data-end=\"1889\"><strong data-start=\"1807\" data-end=\"1831\">Nat\u016bralus u\u017ebaigimas<\/strong> \u2013 suteikia tobul\u0105 \u012fvaizd\u012f be sunkumo ir \u201ecakey\u201c efekto.<\/p>\n<\/li>\n<li data-start=\"1890\" data-end=\"1986\">\n<p data-start=\"1892\" data-end=\"1986\"><strong data-start=\"1892\" data-end=\"1928\">Ilgalaikis ir atsparus vandeniui<\/strong> \u2013 i\u0161silaiko iki 24 val., atsparus dr\u0117gmei ir prakaitui.<\/p>\n<\/li>\n<li data-start=\"1987\" data-end=\"2108\">\n<p data-start=\"1989\" data-end=\"2108\"><strong data-start=\"1989\" data-end=\"2018\">Lengva ir patogi tekst\u016bra<\/strong> \u2013 praturtinta nat\u016braliais aliejais, tod\u0117l oda i\u0161lieka \u0161velni ir komforti\u0161ka vis\u0105 dien\u0105.<\/p>\n<\/li>\n<li data-start=\"2109\" data-end=\"2204\">\n<p data-start=\"2111\" data-end=\"2204\"><strong data-start=\"2111\" data-end=\"2149\">Tobula fotosesijoms ir filmavimams<\/strong> \u2013 sukuria \u201ePhotoshop\u201c efekt\u0105 be papildom\u0173 pataisym\u0173.<\/p>\n<\/li>\n<\/ul>\n<\/li>\n<\/ul>\n","protected":false},"excerpt":{"rendered":"<h3 data-start=\"1145\" data-end=\"1186\">Makeup Set <strong data-start=\"1160\" data-end=\"1184\">\u201cSecret of Radiance\u201d<\/strong><\/h3>\n<p data-start=\"1188\" data-end=\"1344\">Unveil the secret to flawless makeup with the exclusive <strong data-start=\"1244\" data-end=\"1261\">SLA Paris Set<\/strong>, designed to keep your complexion fresh, glowing, and professional all day long.<\/p>\n<p data-start=\"1346\" data-end=\"1366\">This set includes:<\/p>\n<ul data-start=\"1367\" data-end=\"1651\">\n<li data-start=\"1367\" data-end=\"1469\">\n<p data-start=\"1369\" data-end=\"1469\"><strong data-start=\"1369\" data-end=\"1404\">Banana Shade Contouring Palette<\/strong> \u2013 brightens, highlights, and enhances natural facial contours.<\/p>\n<\/li>\n<li data-start=\"1470\" data-end=\"1553\">\n<p data-start=\"1472\" data-end=\"1553\"><strong data-start=\"1472\" data-end=\"1499\">\u201cGlow Up\u201d Blush Palette<\/strong> \u2013 adds subtle radiance and a healthy, vibrant look.<\/p>\n<\/li>\n<li data-start=\"1554\" data-end=\"1651\">\n<p data-start=\"1556\" data-end=\"1651\"><strong data-start=\"1556\" data-end=\"1586\">\u201cNatural Beige\u201d Foundation<\/strong> \u2013 delivers even coverage, natural tone, and a flawless finish.<\/p>\n<\/li>\n<\/ul>\n<p data-start=\"1653\" data-end=\"1751\">\u2728 A professional set made for the woman who wants to shine \u2013 every day and on special occasions.<\/p>\n<p data-start=\"919\" data-end=\"1089\">\ud83c\udf81 <strong data-start=\"922\" data-end=\"980\">\u0160ventinis pakavimas \u012fskai\u010diuotas \u2013 visi\u0161kai NEMOKAMAI!<\/strong> Beliks tik padovanoti.<br data-start=\"1003\" data-end=\"1006\" \/>Padovanok savo artimiesiems gro\u017eio spindes\u012f ir maloni\u0105 sav\u0119s prie\u017ei\u016bros akimirk\u0105.<\/p>\n<p data-start=\"1091\" data-end=\"1169\">\u26a0\ufe0f <strong data-start=\"1094\" data-end=\"1106\">D\u0117mesio:<\/strong> <strong>pakuot\u0117 gali \u0161iek tiek skirtis nuo pavaizduotos nuotraukoje.<\/strong><\/p>\n","protected":false},"featured_media":14835,"comment_status":"open","ping_status":"closed","template":"","meta":[],"product_brand":[],"product_cat":[174,178],"product_tag":[],"class_list":{"0":"post-14817","1":"product","2":"type-product","3":"status-publish","4":"has-post-thumbnail","6":"product_cat-christmas-lt","7":"product_cat-sets-lt","9":"first","10":"instock","11":"taxable","12":"shipping-taxable","13":"purchasable","14":"product-type-simple"},"_links":{"self":[{"href":"https:\/\/thequeenhouse.co.uk\/lt\/wp-json\/wp\/v2\/product\/14817","targetHints":{"allow":["GET"]}}],"collection":[{"href":"https:\/\/thequeenhouse.co.uk\/lt\/wp-json\/wp\/v2\/product"}],"about":[{"href":"https:\/\/thequeenhouse.co.uk\/lt\/wp-json\/wp\/v2\/types\/product"}],"replies":[{"embeddable":true,"href":"https:\/\/thequeenhouse.co.uk\/lt\/wp-json\/wp\/v2\/comments?post=14817"}],"wp:featuredmedia":[{"embeddable":true,"href":"https:\/\/thequeenhouse.co.uk\/lt\/wp-json\/wp\/v2\/media\/14835"}],"wp:attachment":[{"href":"https:\/\/thequeenhouse.co.uk\/lt\/wp-json\/wp\/v2\/media?parent=14817"}],"wp:term":[{"taxonomy":"product_brand","embeddable":true,"href":"https:\/\/thequeenhouse.co.uk\/lt\/wp-json\/wp\/v2\/product_brand?post=14817"},{"taxonomy":"product_cat","embeddable":true,"href":"https:\/\/thequeenhouse.co.uk\/lt\/wp-json\/wp\/v2\/product_cat?post=14817"},{"taxonomy":"product_tag","embeddable":true,"href":"https:\/\/thequeenhouse.co.uk\/lt\/wp-json\/wp\/v2\/product_tag?post=14817"}],"curies":[{"name":"wp","href":"https:\/\/api.w.org\/{rel}","templated":true}]}}