{"id":14842,"date":"2025-09-24T18:00:24","date_gmt":"2025-09-24T17:00:24","guid":{"rendered":"https:\/\/thequeenhouse.co.uk\/?post_type=product&#038;p=14842"},"modified":"2025-09-24T18:17:09","modified_gmt":"2025-09-24T17:17:09","slug":"sla-paris-makeup-set-secret-of-radiance-copy","status":"publish","type":"product","link":"https:\/\/thequeenhouse.co.uk\/lt\/produktas\/sla-paris-makeup-set-secret-of-radiance-copy\/","title":{"rendered":"Luxury Set by Me &#8211; ,,Love Myself&#8221;"},"content":{"rendered":"<ul>\n<li>\n<h3 data-start=\"83\" data-end=\"113\"><strong data-start=\"87\" data-end=\"111\">CARRA C3 dant\u0173 pasta<\/strong><\/h3>\n<p data-start=\"114\" data-end=\"472\"><strong data-start=\"114\" data-end=\"126\">CARRA C3<\/strong> \u2013 tai i\u0161skirtinai gaivi ir remineralizuojanti dant\u0173 pasta su harmoningai suderintais aktyviaisiais ingredientais. Sud\u0117tyje yra <strong data-start=\"254\" data-end=\"273\">25 % ksilitolio<\/strong>, <strong data-start=\"275\" data-end=\"303\">1450 ppm natrio fluorido<\/strong> bei emal\u012f atkuriantis mineralas <strong data-start=\"336\" data-end=\"356\">hidroksiapatitas<\/strong>. \u0160i kombinacija padeda apsaugoti nuo \u0117duonies, ma\u017eina apna\u0161\u0173 susidarym\u0105 ir suteikia ilgai i\u0161liekant\u012f gaiv\u0173 kvap\u0105.<\/p>\n<p data-start=\"474\" data-end=\"691\">Pasta <strong data-start=\"480\" data-end=\"508\">neturi kenksming\u0173 pried\u0173<\/strong> \u2013 SLS, alkoholio, paraben\u0173 ar titano dioksido. Ji yra <strong data-start=\"563\" data-end=\"577\">be glitimo<\/strong>, tinkama <strong data-start=\"587\" data-end=\"599\">veganams<\/strong>. D\u0117l \u017eemos abrazyvumo reik\u0161m\u0117s (RDA 60) ji yra saugi \u017emon\u0117ms su estetiniais plombavimais.<\/p>\n<\/li>\n<li>\n<h3 data-start=\"698\" data-end=\"742\"><strong data-start=\"702\" data-end=\"740\">Auksin\u0117 ir bi\u010di\u0173 nuod\u0173 veido kauk\u0117<\/strong><\/h3>\n<p data-start=\"743\" data-end=\"1061\">Pasinerkite \u012f ypating\u0105 odos prie\u017ei\u016br\u0105 su <strong data-start=\"784\" data-end=\"822\">auksin\u0117mis ir bi\u010di\u0173 nuod\u0173 kauk\u0117mis<\/strong>, atkeliavusiomis tiesiai i\u0161 Japonijos. \u0160ios prabangios kauk\u0117s suteikia odai spindesio, stangrumo ir jaunatvi\u0161k\u0105 i\u0161vaizd\u0105. Jos jungia senovines japon\u0173 gro\u017eio tradicijas su pa\u017eangia technologija \u2013 maitina, atgaivina ir giliai dr\u0117kina od\u0105.<\/p>\n<h3 data-start=\"1068\" data-end=\"1110\"><\/h3>\n<\/li>\n<li>\n<h3 data-start=\"1068\" data-end=\"1110\"><strong data-start=\"1072\" data-end=\"1108\">Placenta ir platinos veido kauk\u0117<\/strong><\/h3>\n<p data-start=\"1111\" data-end=\"1399\">Atraskite <strong data-start=\"1121\" data-end=\"1159\">placentos ir platinos veido kaukes<\/strong>, \u012fkv\u0117ptas japon\u0173 gro\u017eio paslap\u010di\u0173. \u0160ios i\u0161skirtin\u0117s kauk\u0117s sukurtos maitinti, dr\u0117kinti ir atgaivinti od\u0105, derinant tradicin\u0119 japon\u0173 i\u0161mint\u012f su modernia odos prie\u017ei\u016bros mokslu. Rezultatas? Glotnesn\u0117, stangresn\u0117 ir nat\u016braliai \u0161vytinti oda.<\/p>\n<p data-start=\"1401\" data-end=\"1660\">Japonija gars\u0117ja d\u0117mesiu sveikam gyvenimo b\u016bdui ir pagarba nat\u016braliems, tradiciniams sprendimams tiek mityboje, tiek kosmetikoje. Japon\u0117s jau seniai \u017eavi pasaul\u012f savo jaunatvi\u0161ka, spindin\u010dia oda \u2013 tai sen\u0173j\u0173 gro\u017eio ritual\u0173 ir \u0161iuolaikini\u0173 inovacij\u0173 derinys.<\/p>\n<h3 data-start=\"1667\" data-end=\"1702\"><\/h3>\n<\/li>\n<li>\n<h3 data-start=\"1667\" data-end=\"1702\"><strong data-start=\"1671\" data-end=\"1700\">Syn-Ake + EGF veido kauk\u0117<\/strong><\/h3>\n<p data-start=\"1703\" data-end=\"1935\">Patirkite pa\u017eangiausi\u0105 odos prie\u017ei\u016br\u0105 su <strong data-start=\"1744\" data-end=\"1773\">Syn-Ake + EGF veido kauke<\/strong> \u2013 prabangia lak\u0161tin\u0117 kauke, sukurta su naujausiais <strong data-start=\"1825\" data-end=\"1867\">jauninamosios prie\u017ei\u016bros ingredientais<\/strong>. Ji padeda akivaizd\u017eiai i\u0161lyginti, sutvirtinti ir atgaivinti od\u0105.<\/p>\n<h3 data-start=\"1942\" data-end=\"2007\"><\/h3>\n<\/li>\n<li>\n<h3 data-start=\"1942\" data-end=\"2007\"><strong data-start=\"1946\" data-end=\"2005\">VT COSMETICS Mild Reedle Shot 100 dviej\u0173 \u017eingsni\u0173 kauk\u0117<\/strong><\/h3>\n<p data-start=\"2008\" data-end=\"2114\">Paverskite savo odos prie\u017ei\u016br\u0105 i\u0161skirtiniu ritualu su <strong data-start=\"2062\" data-end=\"2111\">VT COSMETICS Mild Reedle Shot 100 2-Step Mask<\/strong>.<\/p>\n<p data-start=\"2116\" data-end=\"2250\">\u0160i inovatyvi kauk\u0117 sujungia <strong data-start=\"2144\" data-end=\"2172\">VT\u2019s CICA REEDLE\u2122 ampul\u0119<\/strong> su giliai dr\u0117kinan\u010dia kauke, kad oda b\u016bt\u0173 glotni, sudr\u0117kinta ir atjauninta.<\/p>\n<p data-start=\"2252\" data-end=\"2505\">Sukurta vis\u0173 tip\u0173 odai, ji pagerina pagrindini\u0173 maistini\u0173 med\u017eiag\u0173 \u012fsisavinim\u0105 ir suteikia \u0161vytint\u012f, tobul\u0105 atspalv\u012f.<br data-start=\"2369\" data-end=\"2372\" \/><strong data-start=\"2372\" data-end=\"2386\">1 \u017eingsnis<\/strong> \u2013 \u0161velniai eksfolijuoja,<br data-start=\"2411\" data-end=\"2414\" \/><strong data-start=\"2414\" data-end=\"2428\">2 \u017eingsnis<\/strong> \u2013 intensyviai dr\u0117kina, palikdamas od\u0105 atsinaujinusi\u0105 ir \u0161ilkinio \u0161velnumo.<\/p>\n<\/li>\n<\/ul>\n","protected":false},"excerpt":{"rendered":"<h3 data-start=\"94\" data-end=\"142\"><strong data-start=\"98\" data-end=\"140\">Prabangus rinkinys \u201eLove Myself\u201c by Me<\/strong><\/h3>\n<p data-start=\"144\" data-end=\"284\">Pasinerkite \u012f prabang\u0173 gro\u017eio ritual\u0105 su rinkiniu, kuris apjungia kasdien\u0119 burnos higien\u0105 ir auk\u0161\u010diausios kokyb\u0117s veido prie\u017ei\u016bros kaukes.<\/p>\n<p data-start=\"286\" data-end=\"305\">Rinkinyje rasite:<\/p>\n<ul data-start=\"306\" data-end=\"761\">\n<li data-start=\"306\" data-end=\"383\">\n<p data-start=\"308\" data-end=\"383\"><strong data-start=\"308\" data-end=\"329\">Carra dant\u0173 past\u0105<\/strong> \u2013 kasdieniam gaivumui ir sveikai, \u0161variai \u0161ypsenai.<\/p>\n<\/li>\n<li data-start=\"384\" data-end=\"761\">\n<p data-start=\"386\" data-end=\"425\"><strong data-start=\"386\" data-end=\"423\">4 mano mylimiausias veido kaukes:<\/strong><\/p>\n<ul data-start=\"428\" data-end=\"761\">\n<li data-start=\"428\" data-end=\"516\">\n<p data-start=\"430\" data-end=\"516\"><strong data-start=\"430\" data-end=\"449\">Reedle Shot 100<\/strong> \u2013 2 in 1 kauk\u0117 su serumu, giliai dr\u0117kinanti ir atgaivinanti od\u0105.<\/p>\n<\/li>\n<li data-start=\"519\" data-end=\"594\">\n<p data-start=\"521\" data-end=\"594\"><strong data-start=\"521\" data-end=\"542\">Bi\u010di\u0173 nuod\u0173 kauk\u0117<\/strong> \u2013 stangrina od\u0105 ir suteikia jaunatvi\u0161k\u0105 i\u0161vaizd\u0105.<\/p>\n<\/li>\n<li data-start=\"597\" data-end=\"686\">\n<p data-start=\"599\" data-end=\"686\"><strong data-start=\"599\" data-end=\"617\">Placenta kauk\u0117<\/strong> \u2013 intensyviai regeneruoja ir gr\u0105\u017eina pavargusiai odai gyvybingum\u0105.<\/p>\n<\/li>\n<li data-start=\"689\" data-end=\"761\">\n<p data-start=\"691\" data-end=\"761\"><strong data-start=\"691\" data-end=\"714\">Gyva\u010di\u0173 nuod\u0173 kauk\u0117<\/strong> \u2013 padeda suma\u017einti rauk\u0161les ir i\u0161lygina od\u0105.<\/p>\n<\/li>\n<\/ul>\n<\/li>\n<\/ul>\n<p data-start=\"763\" data-end=\"906\">\n<p data-start=\"763\" data-end=\"906\">\u2728 Tobulas rinkinys tiems, kurie nori m\u0117gautis i\u0161skirtine, profesionalia odos prie\u017ei\u016bra namuose ir atskleisti nepriekai\u0161tingo gro\u017eio paslapt\u012f.<\/p>\n<p data-start=\"908\" data-end=\"1056\">\n<p data-start=\"908\" data-end=\"1056\">\ud83c\udf81 <strong data-start=\"911\" data-end=\"956\">\u0160ventinis pakavimas \u2013 visi\u0161kai NEMOKAMAI!<\/strong> Beliks tik padovanoti.<br data-start=\"979\" data-end=\"982\" \/>Padovanokite artimiesiems spindes\u012f ir maloni\u0105 sav\u0119s prie\u017ei\u016bros akimirk\u0105.<\/p>\n<p data-start=\"1058\" data-end=\"1136\">\u26a0\ufe0f <strong data-start=\"1061\" data-end=\"1073\">D\u0117mesio:<\/strong> pakuot\u0117 gali \u0161iek tiek skirtis nuo pavaizduotos nuotraukoje.<\/p>\n","protected":false},"featured_media":14850,"comment_status":"open","ping_status":"closed","template":"","meta":[],"product_brand":[],"product_cat":[174,178],"product_tag":[],"class_list":{"0":"post-14842","1":"product","2":"type-product","3":"status-publish","4":"has-post-thumbnail","6":"product_cat-christmas-lt","7":"product_cat-sets-lt","9":"first","10":"outofstock","11":"taxable","12":"shipping-taxable","13":"purchasable","14":"product-type-simple"},"_links":{"self":[{"href":"https:\/\/thequeenhouse.co.uk\/lt\/wp-json\/wp\/v2\/product\/14842","targetHints":{"allow":["GET"]}}],"collection":[{"href":"https:\/\/thequeenhouse.co.uk\/lt\/wp-json\/wp\/v2\/product"}],"about":[{"href":"https:\/\/thequeenhouse.co.uk\/lt\/wp-json\/wp\/v2\/types\/product"}],"replies":[{"embeddable":true,"href":"https:\/\/thequeenhouse.co.uk\/lt\/wp-json\/wp\/v2\/comments?post=14842"}],"wp:featuredmedia":[{"embeddable":true,"href":"https:\/\/thequeenhouse.co.uk\/lt\/wp-json\/wp\/v2\/media\/14850"}],"wp:attachment":[{"href":"https:\/\/thequeenhouse.co.uk\/lt\/wp-json\/wp\/v2\/media?parent=14842"}],"wp:term":[{"taxonomy":"product_brand","embeddable":true,"href":"https:\/\/thequeenhouse.co.uk\/lt\/wp-json\/wp\/v2\/product_brand?post=14842"},{"taxonomy":"product_cat","embeddable":true,"href":"https:\/\/thequeenhouse.co.uk\/lt\/wp-json\/wp\/v2\/product_cat?post=14842"},{"taxonomy":"product_tag","embeddable":true,"href":"https:\/\/thequeenhouse.co.uk\/lt\/wp-json\/wp\/v2\/product_tag?post=14842"}],"curies":[{"name":"wp","href":"https:\/\/api.w.org\/{rel}","templated":true}]}}