{"id":14856,"date":"2025-09-25T14:56:15","date_gmt":"2025-09-25T13:56:15","guid":{"rendered":"https:\/\/thequeenhouse.co.uk\/?post_type=product&#038;p=14856"},"modified":"2025-09-25T15:09:08","modified_gmt":"2025-09-25T14:09:08","slug":"luxury-set-by-me-love-myself-copy","status":"publish","type":"product","link":"https:\/\/thequeenhouse.co.uk\/lt\/produktas\/luxury-set-by-me-love-myself-copy\/","title":{"rendered":",,Marmurinis&#8221; Namu Interjero Padeklas 30cm \ud83d\udda4"},"content":{"rendered":"","protected":false},"excerpt":{"rendered":"<h3 data-start=\"94\" data-end=\"142\">,,Marmurinis&#8221; Namu Interjero Padeklas 30cm \ud83d\udda4<\/h3>\n<p>Marmurinio efekto 30 cm keraminis pad\u0117klas, kuriame dera elegancija ir prakti\u0161kumas. Pilkas pavir\u0161ius su baltomis gyslomis puikiai tiks tiek serviravimui, tiek kaip stilingas dekoro akcentas bet kurioje erdv\u0117je.<\/p>\n<p>Pakelkite savo nam\u0173 interjer\u0105 \u012f nauj\u0105 lyg\u012f su \u0161iuo i\u0161skirtiniu 30 cm skersmens keraminiu pad\u0117klu. Subtilus pilkas pavir\u0161ius su baltomis gyslomis primena nat\u016bral\u0173 akmen\u012f, ta\u010diau suteikia keramikos lengvum\u0105 ir prakti\u0161kum\u0105. Tai universalus akcentas \u2013 idealiai tinka g\u0117rimams patiekti, \u017evak\u0117ms ar dekorui eksponuoti. Modernus, laikui nepavaldus ir eleganti\u0161kas \u2013 puikus akcentas, suteikiantis prabangos poj\u016bt\u012f bet kuriai erdvei.<\/p>\n","protected":false},"featured_media":14860,"comment_status":"open","ping_status":"closed","template":"","meta":[],"product_brand":[],"product_cat":[44,315,48],"product_tag":[],"class_list":{"0":"post-14856","1":"product","2":"type-product","3":"status-publish","4":"has-post-thumbnail","6":"product_cat-namams","7":"product_cat-namu-dekoracijos","8":"product_cat-padeklai","10":"first","11":"outofstock","12":"taxable","13":"shipping-taxable","14":"purchasable","15":"product-type-simple"},"_links":{"self":[{"href":"https:\/\/thequeenhouse.co.uk\/lt\/wp-json\/wp\/v2\/product\/14856","targetHints":{"allow":["GET"]}}],"collection":[{"href":"https:\/\/thequeenhouse.co.uk\/lt\/wp-json\/wp\/v2\/product"}],"about":[{"href":"https:\/\/thequeenhouse.co.uk\/lt\/wp-json\/wp\/v2\/types\/product"}],"replies":[{"embeddable":true,"href":"https:\/\/thequeenhouse.co.uk\/lt\/wp-json\/wp\/v2\/comments?post=14856"}],"wp:featuredmedia":[{"embeddable":true,"href":"https:\/\/thequeenhouse.co.uk\/lt\/wp-json\/wp\/v2\/media\/14860"}],"wp:attachment":[{"href":"https:\/\/thequeenhouse.co.uk\/lt\/wp-json\/wp\/v2\/media?parent=14856"}],"wp:term":[{"taxonomy":"product_brand","embeddable":true,"href":"https:\/\/thequeenhouse.co.uk\/lt\/wp-json\/wp\/v2\/product_brand?post=14856"},{"taxonomy":"product_cat","embeddable":true,"href":"https:\/\/thequeenhouse.co.uk\/lt\/wp-json\/wp\/v2\/product_cat?post=14856"},{"taxonomy":"product_tag","embeddable":true,"href":"https:\/\/thequeenhouse.co.uk\/lt\/wp-json\/wp\/v2\/product_tag?post=14856"}],"curies":[{"name":"wp","href":"https:\/\/api.w.org\/{rel}","templated":true}]}}